{"id":81,"date":"2017-04-03T14:59:56","date_gmt":"2017-04-03T17:59:56","guid":{"rendered":"http:\/\/www.labsg.net\/?page_id=81"},"modified":"2022-02-10T11:12:36","modified_gmt":"2022-02-10T14:12:36","slug":"o-labsg","status":"publish","type":"page","link":"https:\/\/blogfca.pucminas.br\/labsg\/o-labsg\/","title":{"rendered":"O LabSG"},"content":{"rendered":"<p>Seja bem-vindo ao LabSG \u2013 os laborat\u00f3rios de \u00c1udio, Fotografia e V\u00eddeo \u2013 da <a href=\"https:\/\/fca.pucminas.br\/\">Faculdade de Comunica\u00e7\u00e3o e Artes<\/a> da PUC Minas no S\u00e3o Gabriel.<\/p>\n<p>O LabSG \u00e9 composto pelos laborat\u00f3rios de \u00e1udio, fotografia e v\u00eddeo. Os laborat\u00f3rios s\u00e3o espa\u00e7os de experimenta\u00e7\u00e3o e produ\u00e7\u00e3o audiovisual que atendem os alunos dos cursos da Faculdade de Comunica\u00e7\u00e3o e Artes da PUC Minas na unidade S\u00e3o Gabriel e tamb\u00e9m demandas de outros cursos e institutos da unidade e da Universidade.<\/p>\n<p>O LabSG fica no primeiro andar do Bloco I da unidade. Se quiser conversar com a gente, <a href=\"http:\/\/www.labsg.net\/contatos\/\">o caminho \u00e9 este<\/a>.<\/p>\n<p><strong><u>Hor\u00e1rio<\/u><\/strong> <strong><u>de<\/u><\/strong> <strong><u>Funcionamento:<\/u><\/strong><\/p>\n<p>Nossos laborat\u00f3rios funcionam de segunda a sexta, de 14h30 as 22h30.<\/p>\n\n\n<div style=\"height:100px\" aria-hidden=\"true\" class=\"wp-block-spacer\"><\/div>\n\n\n\n<hr class=\"wp-block-separator\"\/>\n\n\n\n<h1 class=\"wp-block-heading\" id=\"acompanhe-as-ultimas-publicacoes\">Acompanhe as \u00faltimas publica\u00e7\u00f5es<\/h1>\n\n\n<ul class=\"wp-block-latest-posts__list is-grid columns-2 has-dates wp-block-latest-posts\"><li><a class=\"wp-block-latest-posts__post-title\" href=\"https:\/\/blogfca.pucminas.br\/labsg\/2020\/03\/30\/como-gravar-podcast-usando-o-smartphone-android\/\">Como gravar podcast usando o smartphone (Android)<\/a><time datetime=\"2020-03-30T14:55:02-03:00\" class=\"wp-block-latest-posts__post-date\">30 de mar\u00e7o de 2020<\/time><div class=\"wp-block-latest-posts__post-excerpt\">Prepara\u00e7\u00e3o Fa\u00e7a um roteiro, mesmo que b\u00e1sico, para servir de guia para a apresenta\u00e7\u00e3o do &hellip; <p class=\"link-more\"><a href=\"https:\/\/blogfca.pucminas.br\/labsg\/2020\/03\/30\/como-gravar-podcast-usando-o-smartphone-android\/\" class=\"more-link\">Continue lendo<span class=\"screen-reader-text\"> &#8220;Como gravar podcast usando o smartphone (Android)&#8221;<\/span><\/a><\/p><\/div><\/li>\n<li><a class=\"wp-block-latest-posts__post-title\" href=\"https:\/\/blogfca.pucminas.br\/labsg\/2020\/03\/11\/destaque-academico-1o-semestre-2020\/\">Destaque Acad\u00eamico 1\u00ba semestre 2020<\/a><time datetime=\"2020-03-11T22:22:23-03:00\" class=\"wp-block-latest-posts__post-date\">11 de mar\u00e7o de 2020<\/time><div class=\"wp-block-latest-posts__post-excerpt\">Aqui voc\u00ea confere os destaques acad\u00eamicos dos cursos de Jornalismo e Publicidade e Propaganda da &hellip; <p class=\"link-more\"><a href=\"https:\/\/blogfca.pucminas.br\/labsg\/2020\/03\/11\/destaque-academico-1o-semestre-2020\/\" class=\"more-link\">Continue lendo<span class=\"screen-reader-text\"> &#8220;Destaque Acad\u00eamico 1\u00ba semestre 2020&#8221;<\/span><\/a><\/p><\/div><\/li>\n<li><a class=\"wp-block-latest-posts__post-title\" href=\"https:\/\/blogfca.pucminas.br\/labsg\/2020\/03\/04\/no-lab-t06-ep01\/\">No Lab &#8211; T06 EP01<\/a><time datetime=\"2020-03-04T15:32:01-03:00\" class=\"wp-block-latest-posts__post-date\">4 de mar\u00e7o de 2020<\/time><div class=\"wp-block-latest-posts__post-excerpt\">Venha conhecer os novos monitores do Lab SG!<\/div><\/li>\n<li><a class=\"wp-block-latest-posts__post-title\" href=\"https:\/\/blogfca.pucminas.br\/labsg\/2020\/02\/29\/a-guerra-semiotica-de-bolsonaro-quando-o-meio-nao-e-a-mensagem-com-felipe-pena\/\">A guerra semi\u00f3tica de Bolsonaro: \u201cquando o meio n\u00e3o \u00e9 a mensagem\u201d | com Felipe Pena<\/a><time datetime=\"2020-02-29T11:03:18-03:00\" class=\"wp-block-latest-posts__post-date\">29 de fevereiro de 2020<\/time><div class=\"wp-block-latest-posts__post-excerpt\">Vinheta da aula inaugural com Felipe Pena para os cursos de Jornalismo e Publicidade e &hellip; <p class=\"link-more\"><a href=\"https:\/\/blogfca.pucminas.br\/labsg\/2020\/02\/29\/a-guerra-semiotica-de-bolsonaro-quando-o-meio-nao-e-a-mensagem-com-felipe-pena\/\" class=\"more-link\">Continue lendo<span class=\"screen-reader-text\"> &#8220;A guerra semi\u00f3tica de Bolsonaro: \u201cquando o meio n\u00e3o \u00e9 a mensagem\u201d | com Felipe Pena&#8221;<\/span><\/a><\/p><\/div><\/li>\n<li><a class=\"wp-block-latest-posts__post-title\" href=\"https:\/\/blogfca.pucminas.br\/labsg\/2020\/02\/27\/jornalismo-de-resistencia-a-ultima-fronteira-da-democracia-com-felipe-pena\/\">JORNALISMO DE RESIST\u00caNCIA: A \u00daLTIMA FRONTEIRA DA DEMOCRACIA | com Felipe Pena<\/a><time datetime=\"2020-02-27T19:34:16-03:00\" class=\"wp-block-latest-posts__post-date\">27 de fevereiro de 2020<\/time><div class=\"wp-block-latest-posts__post-excerpt\">Vinheta da aula inaugural com Felipe Pena para os cursos de Jornalismo e Publicidade e &hellip; <p class=\"link-more\"><a href=\"https:\/\/blogfca.pucminas.br\/labsg\/2020\/02\/27\/jornalismo-de-resistencia-a-ultima-fronteira-da-democracia-com-felipe-pena\/\" class=\"more-link\">Continue lendo<span class=\"screen-reader-text\"> &#8220;JORNALISMO DE RESIST\u00caNCIA: A \u00daLTIMA FRONTEIRA DA DEMOCRACIA | com Felipe Pena&#8221;<\/span><\/a><\/p><\/div><\/li>\n<\/ul>","protected":false},"excerpt":{"rendered":"<p>Seja bem-vindo ao LabSG \u2013 os laborat\u00f3rios de \u00c1udio, Fotografia e V\u00eddeo \u2013 da Faculdade de Comunica\u00e7\u00e3o e Artes da PUC Minas no S\u00e3o Gabriel. O LabSG \u00e9 composto pelos laborat\u00f3rios de \u00e1udio, fotografia e v\u00eddeo. Os laborat\u00f3rios s\u00e3o espa\u00e7os de experimenta\u00e7\u00e3o e produ\u00e7\u00e3o audiovisual que atendem os alunos dos cursos da Faculdade de Comunica\u00e7\u00e3o &hellip; <\/p>\n<p class=\"link-more\"><a href=\"https:\/\/blogfca.pucminas.br\/labsg\/o-labsg\/\" class=\"more-link\">Continue lendo<span class=\"screen-reader-text\"> &#8220;O LabSG&#8221;<\/span><\/a><\/p>\n","protected":false},"author":6,"featured_media":0,"parent":0,"menu_order":0,"comment_status":"closed","ping_status":"closed","template":"","meta":{"footnotes":""},"class_list":["post-81","page","type-page","status-publish","hentry"],"_links":{"self":[{"href":"https:\/\/blogfca.pucminas.br\/labsg\/wp-json\/wp\/v2\/pages\/81","targetHints":{"allow":["GET"]}}],"collection":[{"href":"https:\/\/blogfca.pucminas.br\/labsg\/wp-json\/wp\/v2\/pages"}],"about":[{"href":"https:\/\/blogfca.pucminas.br\/labsg\/wp-json\/wp\/v2\/types\/page"}],"author":[{"embeddable":true,"href":"https:\/\/blogfca.pucminas.br\/labsg\/wp-json\/wp\/v2\/users\/6"}],"replies":[{"embeddable":true,"href":"https:\/\/blogfca.pucminas.br\/labsg\/wp-json\/wp\/v2\/comments?post=81"}],"version-history":[{"count":5,"href":"https:\/\/blogfca.pucminas.br\/labsg\/wp-json\/wp\/v2\/pages\/81\/revisions"}],"predecessor-version":[{"id":23731,"href":"https:\/\/blogfca.pucminas.br\/labsg\/wp-json\/wp\/v2\/pages\/81\/revisions\/23731"}],"wp:attachment":[{"href":"https:\/\/blogfca.pucminas.br\/labsg\/wp-json\/wp\/v2\/media?parent=81"}],"curies":[{"name":"wp","href":"https:\/\/api.w.org\/{rel}","templated":true}]}}