{"id":77,"date":"2017-04-03T14:58:03","date_gmt":"2017-04-03T17:58:03","guid":{"rendered":"http:\/\/www.labsg.net\/?page_id=77"},"modified":"2025-03-17T14:37:22","modified_gmt":"2025-03-17T17:37:22","slug":"quem-faz-o-labsg","status":"publish","type":"page","link":"https:\/\/blogfca.pucminas.br\/labsg\/quem-faz-o-labsg\/","title":{"rendered":"Quem faz o LabSG"},"content":{"rendered":"<p style=\"text-align: center;\"><iframe loading=\"lazy\" src=\"https:\/\/www.youtube.com\/embed\/STqAzXVg63s\" width=\"560\" height=\"315\" frameborder=\"0\" allowfullscreen=\"allowfullscreen\"><\/iframe><\/p>\n<p><strong>Coordena\u00e7\u00e3o do LabSG (2025)<\/strong><br \/>\nProfa. Luciana Fagundes (Lufa)<\/p>\n<p><strong>Laborat\u00f3rio de \u00c1udio<\/strong><\/p>\n<ul>\n<li>T\u00e9cnico\n<ul>\n<li>Alexandre Morato<\/li>\n<\/ul>\n<\/li>\n<li>Monitores\n<ul>\n<li>Cau\u00e3 Lucas dos Santos Ferreira<\/li>\n<li>Gabriel Basilio<\/li>\n<li>Hadriann Cristian Costa Oliveira<\/li>\n<\/ul>\n<\/li>\n<\/ul>\n<p><strong>Laborat\u00f3rio de Fotografia<\/strong><\/p>\n<ul>\n<li>T\u00e9cnico\n<ul>\n<li><a href=\"https:\/\/www.facebook.com\/luis.caixote?fref=grp_mmbr_list\">Luis Siqueira<\/a><\/li>\n<\/ul>\n<\/li>\n<li>Monitores\n<ul>\n<li>Fl\u00e1via Rodrigues de Oliveira<\/li>\n<li>Flora Leone Santos<\/li>\n<li>Geice Kelly Gon\u00e7alves de Oliveira<\/li>\n<\/ul>\n<\/li>\n<\/ul>\n<p><strong>Laborat\u00f3rio de V\u00eddeo<\/strong><\/p>\n<ul>\n<li>T\u00e9cnica\n<ul>\n<li><a href=\"https:\/\/www.facebook.com\/cristina.lacerda.982?fref=grp_mmbr_list\">Cristina Lacerda<\/a><\/li>\n<\/ul>\n<\/li>\n<li>Monitores\n<ul>\n<li>Arthur Caetano<\/li>\n<li>Gabriel Faria<\/li>\n<li>Guilherme Pires<\/li>\n<li>J\u00falia Pina Resende<\/li>\n<li>Lucas oliveira<\/li>\n<li>Lucas Rodrigues<\/li>\n<li>Samuel Victor Ferraz Lopes<\/li>\n<\/ul>\n<\/li>\n<\/ul>\n","protected":false},"excerpt":{"rendered":"<p>Coordena\u00e7\u00e3o do LabSG (2025) Profa. Luciana Fagundes (Lufa) Laborat\u00f3rio de \u00c1udio T\u00e9cnico Alexandre Morato Monitores Cau\u00e3 Lucas dos Santos Ferreira Gabriel Basilio Hadriann Cristian Costa Oliveira Laborat\u00f3rio de Fotografia T\u00e9cnico Luis Siqueira Monitores Fl\u00e1via Rodrigues de Oliveira Flora Leone Santos Geice Kelly Gon\u00e7alves de Oliveira Laborat\u00f3rio de V\u00eddeo T\u00e9cnica Cristina Lacerda Monitores Arthur Caetano Gabriel &hellip; <\/p>\n<p class=\"link-more\"><a href=\"https:\/\/blogfca.pucminas.br\/labsg\/quem-faz-o-labsg\/\" class=\"more-link\">Continue lendo<span class=\"screen-reader-text\"> &#8220;Quem faz o LabSG&#8221;<\/span><\/a><\/p>\n","protected":false},"author":6,"featured_media":21677,"parent":0,"menu_order":0,"comment_status":"closed","ping_status":"closed","template":"","meta":{"footnotes":""},"class_list":["post-77","page","type-page","status-publish","has-post-thumbnail","hentry"],"_links":{"self":[{"href":"https:\/\/blogfca.pucminas.br\/labsg\/wp-json\/wp\/v2\/pages\/77","targetHints":{"allow":["GET"]}}],"collection":[{"href":"https:\/\/blogfca.pucminas.br\/labsg\/wp-json\/wp\/v2\/pages"}],"about":[{"href":"https:\/\/blogfca.pucminas.br\/labsg\/wp-json\/wp\/v2\/types\/page"}],"author":[{"embeddable":true,"href":"https:\/\/blogfca.pucminas.br\/labsg\/wp-json\/wp\/v2\/users\/6"}],"replies":[{"embeddable":true,"href":"https:\/\/blogfca.pucminas.br\/labsg\/wp-json\/wp\/v2\/comments?post=77"}],"version-history":[{"count":1,"href":"https:\/\/blogfca.pucminas.br\/labsg\/wp-json\/wp\/v2\/pages\/77\/revisions"}],"predecessor-version":[{"id":23738,"href":"https:\/\/blogfca.pucminas.br\/labsg\/wp-json\/wp\/v2\/pages\/77\/revisions\/23738"}],"wp:featuredmedia":[{"embeddable":true,"href":"https:\/\/blogfca.pucminas.br\/labsg\/wp-json\/"}],"wp:attachment":[{"href":"https:\/\/blogfca.pucminas.br\/labsg\/wp-json\/wp\/v2\/media?parent=77"}],"curies":[{"name":"wp","href":"https:\/\/api.w.org\/{rel}","templated":true}]}}