{"id":74,"date":"2017-04-03T14:54:55","date_gmt":"2017-04-03T17:54:55","guid":{"rendered":"http:\/\/www.labsg.net\/?page_id=74"},"modified":"2021-12-07T16:21:59","modified_gmt":"2021-12-07T19:21:59","slug":"laboratorio-de-video","status":"publish","type":"page","link":"https:\/\/blogfca.pucminas.br\/labsg\/o-labsg\/laboratorio-de-video\/","title":{"rendered":"Laborat\u00f3rio de V\u00eddeo"},"content":{"rendered":"<p>O Laborat\u00f3rio de V\u00eddeo do LabSG possui um est\u00fadio equipado com isolamento ac\u00fastico, ilumina\u00e7\u00e3o e croma key , c\u00e2meras profissionais Full HD e quatro centrais de p\u00f3s-produ\u00e7\u00e3o preparadas para atender as demandas de produ\u00e7\u00e3o audiovisual dos cursos de Jornalismo, Publicidade e Produ\u00e7\u00e3o Multim\u00eddia da PUC Minas na unidade S\u00e3o Gabriel, bem como dos cursos de Comunica\u00e7\u00e3o Social das demais unidades. A prioridade do Lab \u00e9 o atendimento de disciplinas, entretanto podem ser realizados agendamentos de hor\u00e1rios para uso pessoal e experimental dos alunos, desde que sem fins lucrativos.<\/p>\n<p>O aluno, em qualquer per\u00edodo, pode produzir sua obra audiovisual. A filosofia do Lab \u00e9 abra\u00e7ar as mais variadas ideias transitando entre comunica\u00e7\u00e3o e arte. Juntos, produzimos os mais diversos trabalhos autorais: Videoclipes, curta-metragens, document\u00e1rios, v\u00eddeos publicit\u00e1rios e jornal\u00edsticos. Tamb\u00e9m existe a possibilidade de veicula\u00e7\u00e3o dos v\u00eddeos em nossas redes sociais, canal do YouTube e na Puc Tv.<\/p>\n<p>Todo atendimento no Lab V\u00eddeo, incluindo manipula\u00e7\u00e3o dos softwares e equipamentos, \u00e9 feito por t\u00e9cnicos ou monitores capacitados, cabendo ao aluno agendar um hor\u00e1rio, trazer o roteiro do trabalho ou atividade e participar do processo de grava\u00e7\u00e3o e edi\u00e7\u00e3o, trocando informa\u00e7\u00f5es com a equipe t\u00e9cnica para que o v\u00eddeo final saia o mais pr\u00f3ximo poss\u00edvel do imaginado. Tamb\u00e9m trabalhamos em parceria com o Laborat\u00f3rio de \u00c1udio, onde s\u00e3o produzidas trilhas sonoras, locu\u00e7\u00f5es e tratamentos de \u00e1udio. No Laborat\u00f3rio de Fotografia, podemos fazer parceria na realiza\u00e7\u00e3o de stop motion e making of\u2019s.<\/p>\n<p>O Laborat\u00f3rio de V\u00eddeo do LabSG n\u00e3o fornece aos alunos empr\u00e9stimo de equipamentos. Para as grava\u00e7\u00f5es externas, em est\u00fadio e na p\u00f3s-produ\u00e7\u00e3o, o aluno \u00e9 acompanhado por nossos monitores. Estes s\u00e3o alunos que desenvolvem em monitoria conosco o aprendizado de t\u00e9cnicas de filmagem e edi\u00e7\u00e3o. O monitor, assim como toda a equipe do Lab, ser\u00e1 o parceiro na execu\u00e7\u00e3o das id\u00e9ias at\u00e9 o produto final.<\/p>\n<p>No v\u00eddeo Demo Reel \u00a0abaixo voc\u00ea confere alguns exemplos de produ\u00e7\u00f5es realizadas aqui. E caso tenha alguma d\u00favida, basta entrar em contato (31-3439-5284) ou passar no Lab e perguntar!<\/p>\n<p><iframe loading=\"lazy\" src=\"https:\/\/www.youtube.com\/embed\/u9aLx87Rw-o\" width=\"560\" height=\"315\" frameborder=\"0\" allowfullscreen=\"allowfullscreen\"><\/iframe><\/p>\n","protected":false},"excerpt":{"rendered":"<p>O Laborat\u00f3rio de V\u00eddeo do LabSG possui um est\u00fadio equipado com isolamento ac\u00fastico, ilumina\u00e7\u00e3o e croma key , c\u00e2meras profissionais Full HD e quatro centrais de p\u00f3s-produ\u00e7\u00e3o preparadas para atender as demandas de produ\u00e7\u00e3o audiovisual dos cursos de Jornalismo, Publicidade e Produ\u00e7\u00e3o Multim\u00eddia da PUC Minas na unidade S\u00e3o Gabriel, bem como dos cursos de &hellip; <\/p>\n<p class=\"link-more\"><a href=\"https:\/\/blogfca.pucminas.br\/labsg\/o-labsg\/laboratorio-de-video\/\" class=\"more-link\">Continue lendo<span class=\"screen-reader-text\"> &#8220;Laborat\u00f3rio de V\u00eddeo&#8221;<\/span><\/a><\/p>\n","protected":false},"author":6,"featured_media":21675,"parent":81,"menu_order":0,"comment_status":"closed","ping_status":"closed","template":"","meta":{"footnotes":""},"class_list":["post-74","page","type-page","status-publish","has-post-thumbnail","hentry"],"_links":{"self":[{"href":"https:\/\/blogfca.pucminas.br\/labsg\/wp-json\/wp\/v2\/pages\/74","targetHints":{"allow":["GET"]}}],"collection":[{"href":"https:\/\/blogfca.pucminas.br\/labsg\/wp-json\/wp\/v2\/pages"}],"about":[{"href":"https:\/\/blogfca.pucminas.br\/labsg\/wp-json\/wp\/v2\/types\/page"}],"author":[{"embeddable":true,"href":"https:\/\/blogfca.pucminas.br\/labsg\/wp-json\/wp\/v2\/users\/6"}],"replies":[{"embeddable":true,"href":"https:\/\/blogfca.pucminas.br\/labsg\/wp-json\/wp\/v2\/comments?post=74"}],"version-history":[{"count":1,"href":"https:\/\/blogfca.pucminas.br\/labsg\/wp-json\/wp\/v2\/pages\/74\/revisions"}],"predecessor-version":[{"id":23676,"href":"https:\/\/blogfca.pucminas.br\/labsg\/wp-json\/wp\/v2\/pages\/74\/revisions\/23676"}],"up":[{"embeddable":true,"href":"https:\/\/blogfca.pucminas.br\/labsg\/wp-json\/wp\/v2\/pages\/81"}],"wp:featuredmedia":[{"embeddable":true,"href":"https:\/\/blogfca.pucminas.br\/labsg\/wp-json\/"}],"wp:attachment":[{"href":"https:\/\/blogfca.pucminas.br\/labsg\/wp-json\/wp\/v2\/media?parent=74"}],"curies":[{"name":"wp","href":"https:\/\/api.w.org\/{rel}","templated":true}]}}