{"id":70,"date":"2017-04-03T14:53:55","date_gmt":"2017-04-03T17:53:55","guid":{"rendered":"http:\/\/www.labsg.net\/?page_id=70"},"modified":"2022-01-20T20:28:19","modified_gmt":"2022-01-20T23:28:19","slug":"laboratorio-de-audio","status":"publish","type":"page","link":"https:\/\/blogfca.pucminas.br\/labsg\/o-labsg\/laboratorio-de-audio\/","title":{"rendered":"Laborat\u00f3rio de \u00c1udio"},"content":{"rendered":"\n<figure class=\"wp-block-image size-large\"><img loading=\"lazy\" decoding=\"async\" width=\"1024\" height=\"614\" src=\"https:\/\/blogfca.pucminas.br\/labsg\/wp-content\/uploads\/2022\/01\/labsg_AUDIO_201705_fotosLuisSiqueira_2675-1-1024x614.jpg\" alt=\"\" class=\"wp-image-23707\" srcset=\"https:\/\/blogfca.pucminas.br\/labsg\/wp-content\/uploads\/2022\/01\/labsg_AUDIO_201705_fotosLuisSiqueira_2675-1-1024x614.jpg 1024w, https:\/\/blogfca.pucminas.br\/labsg\/wp-content\/uploads\/2022\/01\/labsg_AUDIO_201705_fotosLuisSiqueira_2675-1-300x180.jpg 300w, https:\/\/blogfca.pucminas.br\/labsg\/wp-content\/uploads\/2022\/01\/labsg_AUDIO_201705_fotosLuisSiqueira_2675-1-768x461.jpg 768w, https:\/\/blogfca.pucminas.br\/labsg\/wp-content\/uploads\/2022\/01\/labsg_AUDIO_201705_fotosLuisSiqueira_2675-1-1536x922.jpg 1536w, https:\/\/blogfca.pucminas.br\/labsg\/wp-content\/uploads\/2022\/01\/labsg_AUDIO_201705_fotosLuisSiqueira_2675-1.jpg 2000w\" sizes=\"auto, (max-width: 767px) 89vw, (max-width: 1000px) 54vw, (max-width: 1071px) 543px, 580px\" \/><\/figure>\n\n\n\n<p>O Laborat\u00f3rio de \u00c1udio do LabSG possui dois&nbsp;est\u00fadios preparados para atender as demandas de produ\u00e7\u00e3o de \u00e1udio dos cursos de <a href=\"http:\/\/www.fca.pucminas.br\/category\/jornalismo\/jornalismo-sao-gabriel\/\" target=\"_blank\" rel=\"noopener noreferrer\">Jornalismo&nbsp;<\/a>e&nbsp;<a href=\"http:\/\/www.fca.pucminas.br\/category\/publicidade-e-propaganda\/publicidade-e-propaganda-sao-gabriel\/\" target=\"_blank\" rel=\"noopener noreferrer\">Publicidade e Propaganda<\/a> da&nbsp;<a href=\"http:\/\/www.pucminas.br\/unidade\/sao-gabriel\/\" target=\"_blank\" rel=\"noopener noreferrer\">PUC Minas na unidade S\u00e3o Gabriel<\/a>, bem como dos cursos de Comunica\u00e7\u00e3o Social das demais unidades da PUC Minas.&nbsp;A prioridade do Lab \u00e9 o atendimento de&nbsp;disciplinas, entretanto&nbsp;podem ser realizados agendamentos de hor\u00e1rios para uso pessoal e experimental dos alunos, desde que sem fins lucrativos.<\/p>\n\n\n\n<p>Al\u00e9m disso, o aluno, em qualquer per\u00edodo,&nbsp;pode produzir seu pr\u00f3prio podcast para a <a href=\"http:\/\/www.fca.pucminas.br\/radio\/\" target=\"_blank\" rel=\"noopener noreferrer\">R\u00e1dio Online PUC Minas<\/a>. Ela \u00e9 uma das primeiras r\u00e1dios universit\u00e1rias e um dos maiores portais de podcasts&nbsp;do pa\u00eds, possui&nbsp;produ\u00e7\u00f5es&nbsp;de programas dos mais diversos temas e est\u00e1 aberta a todos os alunos que queiram expressar suas id\u00e9ias, gosto musical, paix\u00e3o futebol\u00edstica ou qualquer outro assunto atrav\u00e9s do \u00e1udio. Tamb\u00e9m existe a possibilidade de veicula\u00e7\u00e3o dos programas ao vivo, aumentando ainda mais intera\u00e7\u00e3o com os ouvintes.<\/p>\n\n\n\n<p>Todo atendimento no Lab \u00c1udio, incluindo manipula\u00e7\u00e3o dos softwares e equipamentos, \u00e9 feito por t\u00e9cnicos ou monitores capacitados, cabendo ao aluno agendar um hor\u00e1rio, trazer o roteiro do trabalho ou atividade (veja exemplos de roteiros de \u00e1udio <a href=\"https:\/\/drive.google.com\/open?id=0B2ds_LshkPfOTG0wZU14Q2E0LWc\" target=\"_blank\" rel=\"noopener noreferrer\">aqui<\/a>) e participar do processo de grava\u00e7\u00e3o e edi\u00e7\u00e3o, trocando informa\u00e7\u00f5es com a equipe t\u00e9cnica para que o \u00e1udio final saia o mais pr\u00f3ximo poss\u00edvel do imaginado. Tamb\u00e9m trabalhamos em parceria com o <a href=\"http:\/\/www.labsg.net\/o-labsg\/laboratorio-de-video\/\">Laborat\u00f3rio de V\u00eddeo<\/a>, produzindo trilhas sonoras, tratando \u00e1udio de videos, realizando dublagens etc.<\/p>\n\n\n\n<p>O Laborat\u00f3rio de \u00c1udio do LabSG tamb\u00e9m fornece aos alunos de Comunica\u00e7\u00e3o, atrav\u00e9s de empr\u00e9stimo, o&nbsp;gravador digital port\u00e1til Tascam, modelo Dr-05, para uso em grava\u00e7\u00f5es externas. <a href=\"http:\/\/labsg.fca.pucminas.br\/wp-content\/uploads\/2017\/04\/manualdr07mkii.pdf\" target=\"_blank\" rel=\"noopener noreferrer\">Um manual resumido do funcionamento do gravador pode ser acessado aqui<\/a>.<\/p>\n\n\n\n<p>No \u00e1udio abaixo voc\u00ea ouve alguns&nbsp;exemplos de produ\u00e7\u00f5es realizadas aqui e mais detalhes do nosso funcionamento. E caso tenha&nbsp;alguma d\u00favida, basta entrar em contato (31-3439-5302) ou passar&nbsp;no Lab e perguntar!<\/p>\n\n\n\n<figure class=\"wp-block-audio\"><audio controls src=\"http:\/\/labsg.fca.pucminas.br\/wp-content\/uploads\/2019\/02\/apresentacaoaudiolabsg.mp3\"><\/audio><\/figure>\n\n\n\n<div style=\"height:100px\" aria-hidden=\"true\" class=\"wp-block-spacer\"><\/div>\n\n\n\n<p><\/p>\n","protected":false},"excerpt":{"rendered":"<p>O Laborat\u00f3rio de \u00c1udio do LabSG possui dois&nbsp;est\u00fadios preparados para atender as demandas de produ\u00e7\u00e3o de \u00e1udio dos cursos de Jornalismo&nbsp;e&nbsp;Publicidade e Propaganda da&nbsp;PUC Minas na unidade S\u00e3o Gabriel, bem como dos cursos de Comunica\u00e7\u00e3o Social das demais unidades da PUC Minas.&nbsp;A prioridade do Lab \u00e9 o atendimento de&nbsp;disciplinas, entretanto&nbsp;podem ser realizados agendamentos de hor\u00e1rios &hellip; <\/p>\n<p class=\"link-more\"><a href=\"https:\/\/blogfca.pucminas.br\/labsg\/o-labsg\/laboratorio-de-audio\/\" class=\"more-link\">Continue lendo<span class=\"screen-reader-text\"> &#8220;Laborat\u00f3rio de \u00c1udio&#8221;<\/span><\/a><\/p>\n","protected":false},"author":5,"featured_media":0,"parent":81,"menu_order":0,"comment_status":"closed","ping_status":"closed","template":"","meta":{"footnotes":""},"class_list":["post-70","page","type-page","status-publish","hentry"],"_links":{"self":[{"href":"https:\/\/blogfca.pucminas.br\/labsg\/wp-json\/wp\/v2\/pages\/70","targetHints":{"allow":["GET"]}}],"collection":[{"href":"https:\/\/blogfca.pucminas.br\/labsg\/wp-json\/wp\/v2\/pages"}],"about":[{"href":"https:\/\/blogfca.pucminas.br\/labsg\/wp-json\/wp\/v2\/types\/page"}],"author":[{"embeddable":true,"href":"https:\/\/blogfca.pucminas.br\/labsg\/wp-json\/wp\/v2\/users\/5"}],"replies":[{"embeddable":true,"href":"https:\/\/blogfca.pucminas.br\/labsg\/wp-json\/wp\/v2\/comments?post=70"}],"version-history":[{"count":6,"href":"https:\/\/blogfca.pucminas.br\/labsg\/wp-json\/wp\/v2\/pages\/70\/revisions"}],"predecessor-version":[{"id":23719,"href":"https:\/\/blogfca.pucminas.br\/labsg\/wp-json\/wp\/v2\/pages\/70\/revisions\/23719"}],"up":[{"embeddable":true,"href":"https:\/\/blogfca.pucminas.br\/labsg\/wp-json\/wp\/v2\/pages\/81"}],"wp:attachment":[{"href":"https:\/\/blogfca.pucminas.br\/labsg\/wp-json\/wp\/v2\/media?parent=70"}],"curies":[{"name":"wp","href":"https:\/\/api.w.org\/{rel}","templated":true}]}}