{"id":6391,"date":"2021-05-10T15:03:35","date_gmt":"2021-05-10T18:03:35","guid":{"rendered":"https:\/\/blogfca.pucminas.br\/colab\/?page_id=6391"},"modified":"2022-03-22T13:54:02","modified_gmt":"2022-03-22T16:54:02","slug":"divulgue-seu-tcc-no-colab","status":"publish","type":"page","link":"https:\/\/blogfca.pucminas.br\/colab\/divulgue-seu-tcc-no-colab\/","title":{"rendered":"Divulgue seu TCC no Colab"},"content":{"rendered":"\n<p><strong>Se voc\u00ea quer ver seu TCC no Colab, este \u00e9 o primeiro passo:<\/strong> <a href=\"https:\/\/forms.office.com\/r\/1nfmVahUpZ\">preencha cuidadosamente este formul\u00e1rio<\/a> e envie o m\u00e1ximo de informa\u00e7\u00f5es sobre seu trabalho, como fotografias e o link para acesso ao trabalho completo no site da biblioteca.<\/p>\n\n\n\n<p>Queremos dar <strong>visibilidade \u00e0 produ\u00e7\u00e3o acad\u00eamica e pr\u00e1tica de alunos e alunas<\/strong> e, para isso, publicamos na se\u00e7\u00e3o <strong><a href=\"https:\/\/blogfca.pucminas.br\/colab\/category\/projetos-especiais\/talentos-puc\/\" target=\"_blank\" rel=\"noreferrer noopener\">Talentos PUC<\/a><\/strong> not\u00edcias sobre projetos de inicia\u00e7\u00e3o cient\u00edfica, extens\u00e3o, produ\u00e7\u00f5es de sala de aula, pr\u00eamios e trabalhos de conclus\u00e3o de curso desenvolvidos no \u00e2mbito da FCA.<\/p>\n\n\n\n<p>Caso seja necess\u00e1rio, entraremos em contato para confirmar e\/ou solicitar mais informa\u00e7\u00f5es. O <strong>Colab <\/strong>se reserva o direito de definir a ordem e a data de publica\u00e7\u00e3o dos trabalhos, considerando nosso calend\u00e1rio interno de publica\u00e7\u00f5es e nossos crit\u00e9rios editoriais.<\/p>\n\n\n\n<p>Todas as informa\u00e7\u00f5es disponibilizadas no formul\u00e1rio ser\u00e3o consideradas autorizadas para publica\u00e7\u00e3o.<\/p>\n\n\n\n<p>Tem d\u00favidas? Escreva para <a href=\"mailto:colab@pucminas.br\">colab[@]pucminas.br<\/a>!<\/p>\n\n\n\n<h2 class=\"wp-block-heading\">Preencha o formul\u00e1rio e divulgue seu TCC no Colab:<\/h2>\n\n\n\n<iframe loading=\"lazy\" width=\"640px\" height=\"480px\" src=\"https:\/\/forms.office.com\/Pages\/ResponsePage.aspx?id=p9XLFJTsukazFMwPyXKhYalFQkI1kTpNk9SbqHfplDxUMlc0VEFEQ0RKVlZYRzZYT05NTkVYRzlMRy4u&amp;embed=true\" frameborder=\"0\" marginwidth=\"0\" marginheight=\"0\" style=\"border: none; max-width:100%; max-height:100vh\" allowfullscreen=\"\" webkitallowfullscreen=\"\" mozallowfullscreen=\"\" msallowfullscreen=\"\"> <\/iframe>\n","protected":false},"excerpt":{"rendered":"<p>Se voc\u00ea quer ver seu TCC no Colab, este \u00e9 o primeiro passo: preencha cuidadosamente este formul\u00e1rio e envie o m\u00e1ximo de informa\u00e7\u00f5es sobre seu trabalho, como fotografias e o link para acesso ao trabalho completo no site da biblioteca. Queremos dar visibilidade \u00e0 produ\u00e7\u00e3o acad\u00eamica e pr\u00e1tica de alunos e alunas e, para isso, [&hellip;]<\/p>\n","protected":false},"author":3,"featured_media":0,"parent":0,"menu_order":0,"comment_status":"closed","ping_status":"closed","template":"","meta":{"_eb_attr":"","ngg_post_thumbnail":0,"footnotes":""},"class_list":["post-6391","page","type-page","status-publish","hentry"],"yoast_head":"<!-- This site is optimized with the Yoast SEO plugin v27.4 - https:\/\/yoast.com\/product\/yoast-seo-wordpress\/ -->\n<title>Divulgue seu TCC no Colab - Lab. de Comunica\u00e7\u00e3o Digital da PUC Minas<\/title>\n<meta name=\"description\" content=\"Divulgue seu TCC no Colab! Queremos dar visibilidade \u00e0 produ\u00e7\u00e3o acad\u00eamica e pr\u00e1tica de alunos e alunas da FCA PUC Minas.\" \/>\n<meta name=\"robots\" content=\"index, follow, max-snippet:-1, max-image-preview:large, max-video-preview:-1\" \/>\n<link rel=\"canonical\" href=\"https:\/\/blogfca.pucminas.br\/colab\/divulgue-seu-tcc-no-colab\/\" \/>\n<meta property=\"og:locale\" content=\"pt_BR\" \/>\n<meta property=\"og:type\" content=\"article\" \/>\n<meta property=\"og:title\" content=\"Divulgue seu TCC no Colab - Lab. de Comunica\u00e7\u00e3o Digital da PUC Minas\" \/>\n<meta property=\"og:description\" content=\"Divulgue seu TCC no Colab! Queremos dar visibilidade \u00e0 produ\u00e7\u00e3o acad\u00eamica e pr\u00e1tica de alunos e alunas da FCA PUC Minas.\" \/>\n<meta property=\"og:url\" content=\"https:\/\/blogfca.pucminas.br\/colab\/divulgue-seu-tcc-no-colab\/\" \/>\n<meta property=\"og:site_name\" content=\"Colab\" \/>\n<meta property=\"article:publisher\" content=\"https:\/\/www.facebook.com\/colabpucminas\" \/>\n<meta property=\"article:modified_time\" content=\"2022-03-22T16:54:02+00:00\" \/>\n<meta name=\"twitter:card\" content=\"summary_large_image\" \/>\n<meta name=\"twitter:site\" content=\"@colabpucminas\" \/>\n<meta name=\"twitter:label1\" content=\"Est. tempo de leitura\" \/>\n\t<meta name=\"twitter:data1\" content=\"1 minuto\" \/>\n<script type=\"application\/ld+json\" class=\"yoast-schema-graph\">{\"@context\":\"https:\\\/\\\/schema.org\",\"@graph\":[{\"@type\":\"WebPage\",\"@id\":\"https:\\\/\\\/blogfca.pucminas.br\\\/colab\\\/divulgue-seu-tcc-no-colab\\\/\",\"url\":\"https:\\\/\\\/blogfca.pucminas.br\\\/colab\\\/divulgue-seu-tcc-no-colab\\\/\",\"name\":\"Divulgue seu TCC no Colab - Lab. de Comunica\u00e7\u00e3o Digital da PUC Minas\",\"isPartOf\":{\"@id\":\"https:\\\/\\\/blogfca.pucminas.br\\\/colab\\\/#website\"},\"datePublished\":\"2021-05-10T18:03:35+00:00\",\"dateModified\":\"2022-03-22T16:54:02+00:00\",\"description\":\"Divulgue seu TCC no Colab! Queremos dar visibilidade \u00e0 produ\u00e7\u00e3o acad\u00eamica e pr\u00e1tica de alunos e alunas da FCA PUC Minas.\",\"breadcrumb\":{\"@id\":\"https:\\\/\\\/blogfca.pucminas.br\\\/colab\\\/divulgue-seu-tcc-no-colab\\\/#breadcrumb\"},\"inLanguage\":\"pt-BR\",\"potentialAction\":[{\"@type\":\"ReadAction\",\"target\":[\"https:\\\/\\\/blogfca.pucminas.br\\\/colab\\\/divulgue-seu-tcc-no-colab\\\/\"]}]},{\"@type\":\"BreadcrumbList\",\"@id\":\"https:\\\/\\\/blogfca.pucminas.br\\\/colab\\\/divulgue-seu-tcc-no-colab\\\/#breadcrumb\",\"itemListElement\":[{\"@type\":\"ListItem\",\"position\":1,\"name\":\"In\u00edcio\",\"item\":\"https:\\\/\\\/blogfca.pucminas.br\\\/colab\\\/\"},{\"@type\":\"ListItem\",\"position\":2,\"name\":\"Divulgue seu TCC no Colab\"}]},{\"@type\":\"WebSite\",\"@id\":\"https:\\\/\\\/blogfca.pucminas.br\\\/colab\\\/#website\",\"url\":\"https:\\\/\\\/blogfca.pucminas.br\\\/colab\\\/\",\"name\":\"Colab\",\"description\":\"Experimenta\u00e7\u00e3o, conte\u00fado e colabora\u00e7\u00e3o em Jornalismo Digital\",\"publisher\":{\"@id\":\"https:\\\/\\\/blogfca.pucminas.br\\\/colab\\\/#organization\"},\"potentialAction\":[{\"@type\":\"SearchAction\",\"target\":{\"@type\":\"EntryPoint\",\"urlTemplate\":\"https:\\\/\\\/blogfca.pucminas.br\\\/colab\\\/?s={search_term_string}\"},\"query-input\":{\"@type\":\"PropertyValueSpecification\",\"valueRequired\":true,\"valueName\":\"search_term_string\"}}],\"inLanguage\":\"pt-BR\"},{\"@type\":\"Organization\",\"@id\":\"https:\\\/\\\/blogfca.pucminas.br\\\/colab\\\/#organization\",\"name\":\"Colab :: Laborat\u00f3rio de Comunica\u00e7\u00e3o Digital da FCA \\\/ PUC Minas\",\"url\":\"https:\\\/\\\/blogfca.pucminas.br\\\/colab\\\/\",\"logo\":{\"@type\":\"ImageObject\",\"inLanguage\":\"pt-BR\",\"@id\":\"https:\\\/\\\/blogfca.pucminas.br\\\/colab\\\/#\\\/schema\\\/logo\\\/image\\\/\",\"url\":\"https:\\\/\\\/blogfca.pucminas.br\\\/colab\\\/wp-content\\\/uploads\\\/2020\\\/03\\\/Avatar-Colab.jpg\",\"contentUrl\":\"https:\\\/\\\/blogfca.pucminas.br\\\/colab\\\/wp-content\\\/uploads\\\/2020\\\/03\\\/Avatar-Colab.jpg\",\"width\":1682,\"height\":1682,\"caption\":\"Colab :: Laborat\u00f3rio de Comunica\u00e7\u00e3o Digital da FCA \\\/ PUC Minas\"},\"image\":{\"@id\":\"https:\\\/\\\/blogfca.pucminas.br\\\/colab\\\/#\\\/schema\\\/logo\\\/image\\\/\"},\"sameAs\":[\"https:\\\/\\\/www.facebook.com\\\/colabpucminas\",\"https:\\\/\\\/x.com\\\/colabpucminas\",\"https:\\\/\\\/www.instagram.com\\\/colabpucminas\\\/\",\"https:\\\/\\\/www.linkedin.com\\\/company\\\/colab-puc-minas\",\"https:\\\/\\\/www.youtube.com\\\/channel\\\/UC14mKIqnnGCOgVr4DG6FPkA\"]}]}<\/script>\n<!-- \/ Yoast SEO plugin. -->","yoast_head_json":{"title":"Divulgue seu TCC no Colab - Lab. de Comunica\u00e7\u00e3o Digital da PUC Minas","description":"Divulgue seu TCC no Colab! Queremos dar visibilidade \u00e0 produ\u00e7\u00e3o acad\u00eamica e pr\u00e1tica de alunos e alunas da FCA PUC Minas.","robots":{"index":"index","follow":"follow","max-snippet":"max-snippet:-1","max-image-preview":"max-image-preview:large","max-video-preview":"max-video-preview:-1"},"canonical":"https:\/\/blogfca.pucminas.br\/colab\/divulgue-seu-tcc-no-colab\/","og_locale":"pt_BR","og_type":"article","og_title":"Divulgue seu TCC no Colab - Lab. de Comunica\u00e7\u00e3o Digital da PUC Minas","og_description":"Divulgue seu TCC no Colab! Queremos dar visibilidade \u00e0 produ\u00e7\u00e3o acad\u00eamica e pr\u00e1tica de alunos e alunas da FCA PUC Minas.","og_url":"https:\/\/blogfca.pucminas.br\/colab\/divulgue-seu-tcc-no-colab\/","og_site_name":"Colab","article_publisher":"https:\/\/www.facebook.com\/colabpucminas","article_modified_time":"2022-03-22T16:54:02+00:00","twitter_card":"summary_large_image","twitter_site":"@colabpucminas","twitter_misc":{"Est. tempo de leitura":"1 minuto"},"schema":{"@context":"https:\/\/schema.org","@graph":[{"@type":"WebPage","@id":"https:\/\/blogfca.pucminas.br\/colab\/divulgue-seu-tcc-no-colab\/","url":"https:\/\/blogfca.pucminas.br\/colab\/divulgue-seu-tcc-no-colab\/","name":"Divulgue seu TCC no Colab - Lab. de Comunica\u00e7\u00e3o Digital da PUC Minas","isPartOf":{"@id":"https:\/\/blogfca.pucminas.br\/colab\/#website"},"datePublished":"2021-05-10T18:03:35+00:00","dateModified":"2022-03-22T16:54:02+00:00","description":"Divulgue seu TCC no Colab! Queremos dar visibilidade \u00e0 produ\u00e7\u00e3o acad\u00eamica e pr\u00e1tica de alunos e alunas da FCA PUC Minas.","breadcrumb":{"@id":"https:\/\/blogfca.pucminas.br\/colab\/divulgue-seu-tcc-no-colab\/#breadcrumb"},"inLanguage":"pt-BR","potentialAction":[{"@type":"ReadAction","target":["https:\/\/blogfca.pucminas.br\/colab\/divulgue-seu-tcc-no-colab\/"]}]},{"@type":"BreadcrumbList","@id":"https:\/\/blogfca.pucminas.br\/colab\/divulgue-seu-tcc-no-colab\/#breadcrumb","itemListElement":[{"@type":"ListItem","position":1,"name":"In\u00edcio","item":"https:\/\/blogfca.pucminas.br\/colab\/"},{"@type":"ListItem","position":2,"name":"Divulgue seu TCC no Colab"}]},{"@type":"WebSite","@id":"https:\/\/blogfca.pucminas.br\/colab\/#website","url":"https:\/\/blogfca.pucminas.br\/colab\/","name":"Colab","description":"Experimenta\u00e7\u00e3o, conte\u00fado e colabora\u00e7\u00e3o em Jornalismo Digital","publisher":{"@id":"https:\/\/blogfca.pucminas.br\/colab\/#organization"},"potentialAction":[{"@type":"SearchAction","target":{"@type":"EntryPoint","urlTemplate":"https:\/\/blogfca.pucminas.br\/colab\/?s={search_term_string}"},"query-input":{"@type":"PropertyValueSpecification","valueRequired":true,"valueName":"search_term_string"}}],"inLanguage":"pt-BR"},{"@type":"Organization","@id":"https:\/\/blogfca.pucminas.br\/colab\/#organization","name":"Colab :: Laborat\u00f3rio de Comunica\u00e7\u00e3o Digital da FCA \/ PUC Minas","url":"https:\/\/blogfca.pucminas.br\/colab\/","logo":{"@type":"ImageObject","inLanguage":"pt-BR","@id":"https:\/\/blogfca.pucminas.br\/colab\/#\/schema\/logo\/image\/","url":"https:\/\/blogfca.pucminas.br\/colab\/wp-content\/uploads\/2020\/03\/Avatar-Colab.jpg","contentUrl":"https:\/\/blogfca.pucminas.br\/colab\/wp-content\/uploads\/2020\/03\/Avatar-Colab.jpg","width":1682,"height":1682,"caption":"Colab :: Laborat\u00f3rio de Comunica\u00e7\u00e3o Digital da FCA \/ PUC Minas"},"image":{"@id":"https:\/\/blogfca.pucminas.br\/colab\/#\/schema\/logo\/image\/"},"sameAs":["https:\/\/www.facebook.com\/colabpucminas","https:\/\/x.com\/colabpucminas","https:\/\/www.instagram.com\/colabpucminas\/","https:\/\/www.linkedin.com\/company\/colab-puc-minas","https:\/\/www.youtube.com\/channel\/UC14mKIqnnGCOgVr4DG6FPkA"]}]}},"amp_enabled":true,"_links":{"self":[{"href":"https:\/\/blogfca.pucminas.br\/colab\/wp-json\/wp\/v2\/pages\/6391","targetHints":{"allow":["GET"]}}],"collection":[{"href":"https:\/\/blogfca.pucminas.br\/colab\/wp-json\/wp\/v2\/pages"}],"about":[{"href":"https:\/\/blogfca.pucminas.br\/colab\/wp-json\/wp\/v2\/types\/page"}],"author":[{"embeddable":true,"href":"https:\/\/blogfca.pucminas.br\/colab\/wp-json\/wp\/v2\/users\/3"}],"replies":[{"embeddable":true,"href":"https:\/\/blogfca.pucminas.br\/colab\/wp-json\/wp\/v2\/comments?post=6391"}],"version-history":[{"count":2,"href":"https:\/\/blogfca.pucminas.br\/colab\/wp-json\/wp\/v2\/pages\/6391\/revisions"}],"predecessor-version":[{"id":8587,"href":"https:\/\/blogfca.pucminas.br\/colab\/wp-json\/wp\/v2\/pages\/6391\/revisions\/8587"}],"wp:attachment":[{"href":"https:\/\/blogfca.pucminas.br\/colab\/wp-json\/wp\/v2\/media?parent=6391"}],"curies":[{"name":"wp","href":"https:\/\/api.w.org\/{rel}","templated":true}]}}