{"id":4531,"date":"2020-06-19T13:54:40","date_gmt":"2020-06-19T16:54:40","guid":{"rendered":"https:\/\/blogfca.pucminas.br\/colab\/?page_id=4531"},"modified":"2026-03-10T15:35:59","modified_gmt":"2026-03-10T18:35:59","slug":"home","status":"publish","type":"page","link":"https:\/\/blogfca.pucminas.br\/colab\/","title":{"rendered":"Colab :: Lab. Comunica\u00e7\u00e3o Digital PUC Minas"},"content":{"rendered":"[vc_row][vc_column][vc_separator][\/vc_column][\/vc_row]\n","protected":false},"excerpt":{"rendered":"<p>[vc_row][vc_column][vc_separator][\/vc_column][\/vc_row]<\/p>\n","protected":false},"author":7,"featured_media":0,"parent":0,"menu_order":0,"comment_status":"closed","ping_status":"closed","template":"template-modules.php","meta":{"_eb_attr":"","ngg_post_thumbnail":0,"footnotes":""},"class_list":["post-4531","page","type-page","status-publish","hentry"],"yoast_head":"<!-- This site is optimized with the Yoast SEO plugin v27.3 - https:\/\/yoast.com\/product\/yoast-seo-wordpress\/ -->\n<title>Colab :: Lab. Comunica\u00e7\u00e3o Digital PUC Minas - Colab<\/title>\n<meta name=\"robots\" content=\"index, follow, max-snippet:-1, max-image-preview:large, max-video-preview:-1\" \/>\n<link rel=\"canonical\" href=\"https:\/\/blogfca.pucminas.br\/colab\/\" \/>\n<meta property=\"og:locale\" content=\"pt_BR\" \/>\n<meta property=\"og:type\" content=\"article\" \/>\n<meta property=\"og:title\" content=\"Colab :: Lab. Comunica\u00e7\u00e3o Digital PUC Minas - Colab\" \/>\n<meta property=\"og:description\" content=\"[vc_row][vc_column][vc_separator][\/vc_column][\/vc_row]\" \/>\n<meta property=\"og:url\" content=\"https:\/\/blogfca.pucminas.br\/colab\/\" \/>\n<meta property=\"og:site_name\" content=\"Colab\" \/>\n<meta property=\"article:publisher\" content=\"https:\/\/www.facebook.com\/colabpucminas\" \/>\n<meta property=\"article:modified_time\" content=\"2026-03-10T18:35:59+00:00\" \/>\n<meta name=\"twitter:card\" content=\"summary_large_image\" \/>\n<meta name=\"twitter:site\" content=\"@colabpucminas\" \/>\n<meta name=\"twitter:label1\" content=\"Est. tempo de leitura\" \/>\n\t<meta name=\"twitter:data1\" content=\"1 minuto\" \/>\n<script type=\"application\/ld+json\" class=\"yoast-schema-graph\">{\"@context\":\"https:\\\/\\\/schema.org\",\"@graph\":[{\"@type\":\"WebPage\",\"@id\":\"https:\\\/\\\/blogfca.pucminas.br\\\/colab\\\/\",\"url\":\"https:\\\/\\\/blogfca.pucminas.br\\\/colab\\\/\",\"name\":\"Colab :: Lab. Comunica\u00e7\u00e3o Digital PUC Minas - Colab\",\"isPartOf\":{\"@id\":\"https:\\\/\\\/blogfca.pucminas.br\\\/colab\\\/#website\"},\"datePublished\":\"2020-06-19T16:54:40+00:00\",\"dateModified\":\"2026-03-10T18:35:59+00:00\",\"breadcrumb\":{\"@id\":\"https:\\\/\\\/blogfca.pucminas.br\\\/colab\\\/#breadcrumb\"},\"inLanguage\":\"pt-BR\",\"potentialAction\":[{\"@type\":\"ReadAction\",\"target\":[\"https:\\\/\\\/blogfca.pucminas.br\\\/colab\\\/\"]}]},{\"@type\":\"BreadcrumbList\",\"@id\":\"https:\\\/\\\/blogfca.pucminas.br\\\/colab\\\/#breadcrumb\",\"itemListElement\":[{\"@type\":\"ListItem\",\"position\":1,\"name\":\"In\u00edcio\",\"item\":\"https:\\\/\\\/blogfca.pucminas.br\\\/colab\\\/\"},{\"@type\":\"ListItem\",\"position\":2,\"name\":\"Colab :: Lab. Comunica\u00e7\u00e3o Digital PUC Minas\"}]},{\"@type\":\"WebSite\",\"@id\":\"https:\\\/\\\/blogfca.pucminas.br\\\/colab\\\/#website\",\"url\":\"https:\\\/\\\/blogfca.pucminas.br\\\/colab\\\/\",\"name\":\"Colab\",\"description\":\"Experimenta\u00e7\u00e3o, conte\u00fado e colabora\u00e7\u00e3o em Jornalismo Digital\",\"publisher\":{\"@id\":\"https:\\\/\\\/blogfca.pucminas.br\\\/colab\\\/#organization\"},\"potentialAction\":[{\"@type\":\"SearchAction\",\"target\":{\"@type\":\"EntryPoint\",\"urlTemplate\":\"https:\\\/\\\/blogfca.pucminas.br\\\/colab\\\/?s={search_term_string}\"},\"query-input\":{\"@type\":\"PropertyValueSpecification\",\"valueRequired\":true,\"valueName\":\"search_term_string\"}}],\"inLanguage\":\"pt-BR\"},{\"@type\":\"Organization\",\"@id\":\"https:\\\/\\\/blogfca.pucminas.br\\\/colab\\\/#organization\",\"name\":\"Colab :: Laborat\u00f3rio de Comunica\u00e7\u00e3o Digital da FCA \\\/ PUC Minas\",\"url\":\"https:\\\/\\\/blogfca.pucminas.br\\\/colab\\\/\",\"logo\":{\"@type\":\"ImageObject\",\"inLanguage\":\"pt-BR\",\"@id\":\"https:\\\/\\\/blogfca.pucminas.br\\\/colab\\\/#\\\/schema\\\/logo\\\/image\\\/\",\"url\":\"https:\\\/\\\/blogfca.pucminas.br\\\/colab\\\/wp-content\\\/uploads\\\/2020\\\/03\\\/Avatar-Colab.jpg\",\"contentUrl\":\"https:\\\/\\\/blogfca.pucminas.br\\\/colab\\\/wp-content\\\/uploads\\\/2020\\\/03\\\/Avatar-Colab.jpg\",\"width\":1682,\"height\":1682,\"caption\":\"Colab :: Laborat\u00f3rio de Comunica\u00e7\u00e3o Digital da FCA \\\/ PUC Minas\"},\"image\":{\"@id\":\"https:\\\/\\\/blogfca.pucminas.br\\\/colab\\\/#\\\/schema\\\/logo\\\/image\\\/\"},\"sameAs\":[\"https:\\\/\\\/www.facebook.com\\\/colabpucminas\",\"https:\\\/\\\/x.com\\\/colabpucminas\",\"https:\\\/\\\/www.instagram.com\\\/colabpucminas\\\/\",\"https:\\\/\\\/www.linkedin.com\\\/company\\\/colab-puc-minas\",\"https:\\\/\\\/www.youtube.com\\\/channel\\\/UC14mKIqnnGCOgVr4DG6FPkA\"]}]}<\/script>\n<!-- \/ Yoast SEO plugin. -->","yoast_head_json":{"title":"Colab :: Lab. Comunica\u00e7\u00e3o Digital PUC Minas - Colab","robots":{"index":"index","follow":"follow","max-snippet":"max-snippet:-1","max-image-preview":"max-image-preview:large","max-video-preview":"max-video-preview:-1"},"canonical":"https:\/\/blogfca.pucminas.br\/colab\/","og_locale":"pt_BR","og_type":"article","og_title":"Colab :: Lab. Comunica\u00e7\u00e3o Digital PUC Minas - Colab","og_description":"[vc_row][vc_column][vc_separator][\/vc_column][\/vc_row]","og_url":"https:\/\/blogfca.pucminas.br\/colab\/","og_site_name":"Colab","article_publisher":"https:\/\/www.facebook.com\/colabpucminas","article_modified_time":"2026-03-10T18:35:59+00:00","twitter_card":"summary_large_image","twitter_site":"@colabpucminas","twitter_misc":{"Est. tempo de leitura":"1 minuto"},"schema":{"@context":"https:\/\/schema.org","@graph":[{"@type":"WebPage","@id":"https:\/\/blogfca.pucminas.br\/colab\/","url":"https:\/\/blogfca.pucminas.br\/colab\/","name":"Colab :: Lab. Comunica\u00e7\u00e3o Digital PUC Minas - Colab","isPartOf":{"@id":"https:\/\/blogfca.pucminas.br\/colab\/#website"},"datePublished":"2020-06-19T16:54:40+00:00","dateModified":"2026-03-10T18:35:59+00:00","breadcrumb":{"@id":"https:\/\/blogfca.pucminas.br\/colab\/#breadcrumb"},"inLanguage":"pt-BR","potentialAction":[{"@type":"ReadAction","target":["https:\/\/blogfca.pucminas.br\/colab\/"]}]},{"@type":"BreadcrumbList","@id":"https:\/\/blogfca.pucminas.br\/colab\/#breadcrumb","itemListElement":[{"@type":"ListItem","position":1,"name":"In\u00edcio","item":"https:\/\/blogfca.pucminas.br\/colab\/"},{"@type":"ListItem","position":2,"name":"Colab :: Lab. Comunica\u00e7\u00e3o Digital PUC Minas"}]},{"@type":"WebSite","@id":"https:\/\/blogfca.pucminas.br\/colab\/#website","url":"https:\/\/blogfca.pucminas.br\/colab\/","name":"Colab","description":"Experimenta\u00e7\u00e3o, conte\u00fado e colabora\u00e7\u00e3o em Jornalismo Digital","publisher":{"@id":"https:\/\/blogfca.pucminas.br\/colab\/#organization"},"potentialAction":[{"@type":"SearchAction","target":{"@type":"EntryPoint","urlTemplate":"https:\/\/blogfca.pucminas.br\/colab\/?s={search_term_string}"},"query-input":{"@type":"PropertyValueSpecification","valueRequired":true,"valueName":"search_term_string"}}],"inLanguage":"pt-BR"},{"@type":"Organization","@id":"https:\/\/blogfca.pucminas.br\/colab\/#organization","name":"Colab :: Laborat\u00f3rio de Comunica\u00e7\u00e3o Digital da FCA \/ PUC Minas","url":"https:\/\/blogfca.pucminas.br\/colab\/","logo":{"@type":"ImageObject","inLanguage":"pt-BR","@id":"https:\/\/blogfca.pucminas.br\/colab\/#\/schema\/logo\/image\/","url":"https:\/\/blogfca.pucminas.br\/colab\/wp-content\/uploads\/2020\/03\/Avatar-Colab.jpg","contentUrl":"https:\/\/blogfca.pucminas.br\/colab\/wp-content\/uploads\/2020\/03\/Avatar-Colab.jpg","width":1682,"height":1682,"caption":"Colab :: Laborat\u00f3rio de Comunica\u00e7\u00e3o Digital da FCA \/ PUC Minas"},"image":{"@id":"https:\/\/blogfca.pucminas.br\/colab\/#\/schema\/logo\/image\/"},"sameAs":["https:\/\/www.facebook.com\/colabpucminas","https:\/\/x.com\/colabpucminas","https:\/\/www.instagram.com\/colabpucminas\/","https:\/\/www.linkedin.com\/company\/colab-puc-minas","https:\/\/www.youtube.com\/channel\/UC14mKIqnnGCOgVr4DG6FPkA"]}]}},"amp_enabled":false,"_links":{"self":[{"href":"https:\/\/blogfca.pucminas.br\/colab\/wp-json\/wp\/v2\/pages\/4531","targetHints":{"allow":["GET"]}}],"collection":[{"href":"https:\/\/blogfca.pucminas.br\/colab\/wp-json\/wp\/v2\/pages"}],"about":[{"href":"https:\/\/blogfca.pucminas.br\/colab\/wp-json\/wp\/v2\/types\/page"}],"author":[{"embeddable":true,"href":"https:\/\/blogfca.pucminas.br\/colab\/wp-json\/wp\/v2\/users\/7"}],"replies":[{"embeddable":true,"href":"https:\/\/blogfca.pucminas.br\/colab\/wp-json\/wp\/v2\/comments?post=4531"}],"version-history":[{"count":7,"href":"https:\/\/blogfca.pucminas.br\/colab\/wp-json\/wp\/v2\/pages\/4531\/revisions"}],"predecessor-version":[{"id":8512,"href":"https:\/\/blogfca.pucminas.br\/colab\/wp-json\/wp\/v2\/pages\/4531\/revisions\/8512"}],"wp:attachment":[{"href":"https:\/\/blogfca.pucminas.br\/colab\/wp-json\/wp\/v2\/media?parent=4531"}],"curies":[{"name":"wp","href":"https:\/\/api.w.org\/{rel}","templated":true}]}}