{"id":25443,"date":"2025-11-06T15:32:55","date_gmt":"2025-11-06T18:32:55","guid":{"rendered":"https:\/\/blogfca.pucminas.br\/colab\/?page_id=25443"},"modified":"2025-12-15T11:19:41","modified_gmt":"2025-12-15T14:19:41","slug":"premiacoes","status":"publish","type":"page","link":"https:\/\/blogfca.pucminas.br\/colab\/premiacoes\/","title":{"rendered":"Premia\u00e7\u00f5es"},"content":{"rendered":"\n<p>Desde sua cria\u00e7\u00e3o, o <strong>Colab PUC Minas<\/strong> j\u00e1 participou de in\u00fameros pr\u00eamios acad\u00eamicos e de Jornalismo. Confira a lista de monitores e estudantes agraciados:<\/p>\n\n\n\n<h2 class=\"wp-block-heading\"><strong>2023<\/strong><\/h2>\n\n\n\n<h3 class=\"wp-block-heading\"><strong>11\u00b0 PR\u00caMIO CDL DE JORNALISMO<\/strong><\/h3>\n\n\n\n<h4 class=\"wp-block-heading\"><strong>1\u00b0 lugar: \u201cMinas aprova isen\u00e7\u00e3o de ICMS para in natura\u201d<\/strong><\/h4>\n\n\n\n<figure class=\"wp-block-embed is-type-wp-embed is-provider-colab wp-block-embed-colab\"><div class=\"wp-block-embed__wrapper\">\n<blockquote class=\"wp-embedded-content\" data-secret=\"XzAxLsIfIa\"><a href=\"https:\/\/blogfca.pucminas.br\/colab\/minas-aprova-isencao-de-icms-para-alimentos-minimamente-processados\/\">Minas aprova isen\u00e7\u00e3o de ICMS para alimentos minimamente processados<\/a><\/blockquote><iframe loading=\"lazy\" class=\"wp-embedded-content\" sandbox=\"allow-scripts\" security=\"restricted\" style=\"position: absolute; visibility: hidden;\" title=\"&#8220;Minas aprova isen\u00e7\u00e3o de ICMS para alimentos minimamente processados&#8221; &#8212; Colab\" src=\"https:\/\/blogfca.pucminas.br\/colab\/minas-aprova-isencao-de-icms-para-alimentos-minimamente-processados\/embed\/#?secret=ZwgmlQHeDc#?secret=XzAxLsIfIa\" data-secret=\"XzAxLsIfIa\" width=\"600\" height=\"338\" frameborder=\"0\" marginwidth=\"0\" marginheight=\"0\" scrolling=\"no\"><\/iframe>\n<\/div><\/figure>\n\n\n\n<p><strong>Estudantes:<\/strong> Nara Ferreira Souza Santos, Alexandre Temponi, Maria Eduarda Mariano e Rafael Consolmagno, sob orienta\u00e7\u00e3o da professora Fernanda Sanglard na disciplina de Apura\u00e7\u00e3o, Reda\u00e7\u00e3o e Entrevista, do curso de Jornalismo da PUC Minas Cora\u00e7\u00e3o Eucar\u00edstico.<\/p>\n\n\n\n<hr class=\"wp-block-separator has-alpha-channel-opacity\"\/>\n\n\n\n<h2 class=\"wp-block-heading\"><strong>2024<\/strong><\/h2>\n\n\n\n<h3 class=\"wp-block-heading\"><strong>11\u00b0 PR\u00caMIO SEBRAE DE JORNALISMO<\/strong><\/h3>\n\n\n\n<h4 class=\"wp-block-heading\"><strong>1\u00b0 lugar: \u201cDona de Mim: fundo apoia empreendedorismo feminino em MG\u201d<\/strong><\/h4>\n\n\n\n<figure class=\"wp-block-embed is-type-wp-embed is-provider-colab wp-block-embed-colab\"><div class=\"wp-block-embed__wrapper\">\n<blockquote class=\"wp-embedded-content\" data-secret=\"f9MIP6KODp\"><a href=\"https:\/\/blogfca.pucminas.br\/colab\/dona-de-mim-mulheres-empreendedoras-mg\/\">Dona de Mim: fundo apoia empreendedorismo feminino em MG<\/a><\/blockquote><iframe loading=\"lazy\" class=\"wp-embedded-content\" sandbox=\"allow-scripts\" security=\"restricted\" style=\"position: absolute; visibility: hidden;\" title=\"&#8220;Dona de Mim: fundo apoia empreendedorismo feminino em MG&#8221; &#8212; Colab\" src=\"https:\/\/blogfca.pucminas.br\/colab\/dona-de-mim-mulheres-empreendedoras-mg\/embed\/#?secret=FAQ9ebRsJN#?secret=f9MIP6KODp\" data-secret=\"f9MIP6KODp\" width=\"600\" height=\"338\" frameborder=\"0\" marginwidth=\"0\" marginheight=\"0\" scrolling=\"no\"><\/iframe>\n<\/div><\/figure>\n\n\n\n<p><strong>Estudante:<\/strong> Jana\u00edna da Silva Veloso<\/p>\n\n\n\n<hr class=\"wp-block-separator has-alpha-channel-opacity\"\/>\n\n\n\n<h3 class=\"wp-block-heading\"><strong>12\u00b0 PR\u00caMIO CDL DE JORNALISMO<\/strong><\/h3>\n\n\n\n<h4 class=\"wp-block-heading\"><strong>1\u00b0 lugar \u2013 \u00d4 tr\u00eam b\u00e3o e arretado: o Nordeste cria vida em BH<\/strong><\/h4>\n\n\n\n<figure class=\"wp-block-embed is-type-wp-embed is-provider-colab wp-block-embed-colab\"><div class=\"wp-block-embed__wrapper\">\n<blockquote class=\"wp-embedded-content\" data-secret=\"fJC28292GI\"><a href=\"https:\/\/blogfca.pucminas.br\/colab\/o-trem-bao-e-arretado-o-nordeste-cria-vida-em-bh\/\">\u00d4 trem b\u00e3o e arretado: o\u00a0 Nordeste cria vida em BH<\/a><\/blockquote><iframe loading=\"lazy\" class=\"wp-embedded-content\" sandbox=\"allow-scripts\" security=\"restricted\" style=\"position: absolute; visibility: hidden;\" title=\"&#8220;\u00d4 trem b\u00e3o e arretado: o\u00a0 Nordeste cria vida em BH&#8221; &#8212; Colab\" src=\"https:\/\/blogfca.pucminas.br\/colab\/o-trem-bao-e-arretado-o-nordeste-cria-vida-em-bh\/embed\/#?secret=BfQ9C7eAju#?secret=fJC28292GI\" data-secret=\"fJC28292GI\" width=\"600\" height=\"338\" frameborder=\"0\" marginwidth=\"0\" marginheight=\"0\" scrolling=\"no\"><\/iframe>\n<\/div><\/figure>\n\n\n\n<p><strong>Estudantes: <\/strong>Davison Henrique, Fl\u00e1via Madureira, Giovanna Minarrini, Isabella Gouveia e Virg\u00ednia Muniz, sob supervis\u00e3o da professora Nara Lya Cabral Scabin, para a disciplina Laborat\u00f3rio de Jornalismo Digital do curso de Jornalismo do campus S\u00e3o Gabriel<\/p>\n\n\n\n<h3 class=\"wp-block-heading\"><strong>2\u00b0 lugar \u2013 Dona de mim: fundo apoia empreendedorismo feminino em MG<\/strong><\/h3>\n\n\n\n<figure class=\"wp-block-embed is-type-wp-embed is-provider-colab wp-block-embed-colab\"><div class=\"wp-block-embed__wrapper\">\n<blockquote class=\"wp-embedded-content\" data-secret=\"f9MIP6KODp\"><a href=\"https:\/\/blogfca.pucminas.br\/colab\/dona-de-mim-mulheres-empreendedoras-mg\/\">Dona de Mim: fundo apoia empreendedorismo feminino em MG<\/a><\/blockquote><iframe loading=\"lazy\" class=\"wp-embedded-content\" sandbox=\"allow-scripts\" security=\"restricted\" style=\"position: absolute; visibility: hidden;\" title=\"&#8220;Dona de Mim: fundo apoia empreendedorismo feminino em MG&#8221; &#8212; Colab\" src=\"https:\/\/blogfca.pucminas.br\/colab\/dona-de-mim-mulheres-empreendedoras-mg\/embed\/#?secret=FAQ9ebRsJN#?secret=f9MIP6KODp\" data-secret=\"f9MIP6KODp\" width=\"600\" height=\"338\" frameborder=\"0\" marginwidth=\"0\" marginheight=\"0\" scrolling=\"no\"><\/iframe>\n<\/div><\/figure>\n\n\n\n<p><strong>Estudante:<\/strong> Jana\u00edna da Silva Veloso<\/p>\n\n\n\n<h3 class=\"wp-block-heading\"><strong>3\u00b0 lugar \u2013 Centro de Belo Horizonte: mudan\u00e7as geram controv\u00e9rsias sobre o futuro da regi\u00e3o<\/strong><\/h3>\n\n\n\n<figure class=\"wp-block-embed is-type-wp-embed is-provider-colab wp-block-embed-colab\"><div class=\"wp-block-embed__wrapper\">\n<blockquote class=\"wp-embedded-content\" data-secret=\"LdctM8ScSf\"><a href=\"https:\/\/blogfca.pucminas.br\/colab\/centro-de-belo-horizonte-mudancas-geram-controversias-sobre-o-futuro-da-regiao\/\">Centro de Belo Horizonte: mudan\u00e7as geram controv\u00e9rsias sobre o futuro da regi\u00e3o<\/a><\/blockquote><iframe loading=\"lazy\" class=\"wp-embedded-content\" sandbox=\"allow-scripts\" security=\"restricted\" style=\"position: absolute; visibility: hidden;\" title=\"&#8220;Centro de Belo Horizonte: mudan\u00e7as geram controv\u00e9rsias sobre o futuro da regi\u00e3o&#8221; &#8212; Colab\" src=\"https:\/\/blogfca.pucminas.br\/colab\/centro-de-belo-horizonte-mudancas-geram-controversias-sobre-o-futuro-da-regiao\/embed\/#?secret=2X7ssUcLPN#?secret=LdctM8ScSf\" data-secret=\"LdctM8ScSf\" width=\"600\" height=\"338\" frameborder=\"0\" marginwidth=\"0\" marginheight=\"0\" scrolling=\"no\"><\/iframe>\n<\/div><\/figure>\n\n\n\n<p><strong>Estudantes: <\/strong>Lorena Ara\u00fajo Marcelino e \u00cdsis Grazielle<\/p>\n\n\n\n<hr class=\"wp-block-separator has-alpha-channel-opacity\"\/>\n\n\n\n<h2 class=\"wp-block-heading\"><strong>2025<\/strong><\/h2>\n\n\n\n<h3 class=\"wp-block-heading\"><strong>12\u00b0 PR\u00caMIO SEBRAE DE JORNALISMO<\/strong><\/h3>\n\n\n\n<h4 class=\"wp-block-heading\">1\u00b0 lugar: \u201cEmpreendedores nas favelas: do Aglomerado ao Cabana\u201d<\/h4>\n\n\n\n<figure class=\"wp-block-embed is-type-wp-embed is-provider-colab wp-block-embed-colab\"><div class=\"wp-block-embed__wrapper\">\n<blockquote class=\"wp-embedded-content\" data-secret=\"0HM8Swn87h\"><a href=\"https:\/\/blogfca.pucminas.br\/colab\/empreendedores-nas-favelas-do-aglomerado-ao-cabana\/\">Empreendedores nas favelas: do Aglomerado ao Cabana<\/a><\/blockquote><iframe loading=\"lazy\" class=\"wp-embedded-content\" sandbox=\"allow-scripts\" security=\"restricted\" style=\"position: absolute; visibility: hidden;\" title=\"&#8220;Empreendedores nas favelas: do Aglomerado ao Cabana&#8221; &#8212; Colab\" src=\"https:\/\/blogfca.pucminas.br\/colab\/empreendedores-nas-favelas-do-aglomerado-ao-cabana\/embed\/#?secret=Boirhwlc67#?secret=0HM8Swn87h\" data-secret=\"0HM8Swn87h\" width=\"600\" height=\"338\" frameborder=\"0\" marginwidth=\"0\" marginheight=\"0\" scrolling=\"no\"><\/iframe>\n<\/div><\/figure>\n\n\n\n<p><strong>Estudantes:<\/strong> Danielly Camargos e Mariana Brand\u00e3o, sob supervis\u00e3o da professora e jornalista Fernanda Sanglard, pelo Colab PUC Minas campus S\u00e3o Gabriel<\/p>\n\n\n\n<hr class=\"wp-block-separator has-alpha-channel-opacity\"\/>\n\n\n\n<h3 class=\"wp-block-heading\">1\u00b0 PR\u00caMIO SINDIFISCO DE COMUNICA\u00c7\u00c3O<\/h3>\n\n\n\n<h4 class=\"wp-block-heading\">2\u00b0 lugar: &#8220;Minas leva o debate sobre educa\u00e7\u00e3o fiscal \u00e0 rede p\u00fablica de ensino\u201d<\/h4>\n\n\n\n<figure class=\"wp-block-embed is-type-wp-embed is-provider-colab wp-block-embed-colab\"><div class=\"wp-block-embed__wrapper\">\n<blockquote class=\"wp-embedded-content\" data-secret=\"9KfylGnokO\"><a href=\"https:\/\/blogfca.pucminas.br\/colab\/educacao-fiscal-ganha-espaco-nas-escolas-publicas-de-minas-e-transforma-tributos-em-aprendizado\/\">Minas Gerais leva o debate sobre Educa\u00e7\u00e3o Fiscal \u00e0 rede p\u00fablica de ensino<\/a><\/blockquote><iframe loading=\"lazy\" class=\"wp-embedded-content\" sandbox=\"allow-scripts\" security=\"restricted\" style=\"position: absolute; visibility: hidden;\" title=\"&#8220;Minas Gerais leva o debate sobre Educa\u00e7\u00e3o Fiscal \u00e0 rede p\u00fablica de ensino&#8221; &#8212; Colab\" src=\"https:\/\/blogfca.pucminas.br\/colab\/educacao-fiscal-ganha-espaco-nas-escolas-publicas-de-minas-e-transforma-tributos-em-aprendizado\/embed\/#?secret=j40hMfCZdU#?secret=9KfylGnokO\" data-secret=\"9KfylGnokO\" width=\"600\" height=\"338\" frameborder=\"0\" marginwidth=\"0\" marginheight=\"0\" scrolling=\"no\"><\/iframe>\n<\/div><\/figure>\n\n\n\n<p><strong>Estudantes:<\/strong> Alice Oliveira, Ilana Penido, Maria Eduarda Abranches e Mariele Ferreira.<\/p>\n\n\n\n<h4 class=\"wp-block-heading\">3\u00b0 lugar: \u201cO custo invis\u00edvel da sonega\u00e7\u00e3o: quem paga essa conta?\u201d<\/h4>\n\n\n\n<figure class=\"wp-block-embed is-type-wp-embed is-provider-colab wp-block-embed-colab\"><div class=\"wp-block-embed__wrapper\">\n<blockquote class=\"wp-embedded-content\" data-secret=\"bOTiTSDeQM\"><a href=\"https:\/\/blogfca.pucminas.br\/colab\/o-custo-invisivel-da-sonegacao-fiscal\/\">O custo invis\u00edvel da sonega\u00e7\u00e3o fiscal: Quem paga essa conta?<\/a><\/blockquote><iframe loading=\"lazy\" class=\"wp-embedded-content\" sandbox=\"allow-scripts\" security=\"restricted\" style=\"position: absolute; visibility: hidden;\" title=\"&#8220;O custo invis\u00edvel da sonega\u00e7\u00e3o fiscal: Quem paga essa conta?&#8221; &#8212; Colab\" src=\"https:\/\/blogfca.pucminas.br\/colab\/o-custo-invisivel-da-sonegacao-fiscal\/embed\/#?secret=PalSfxnOzw#?secret=bOTiTSDeQM\" data-secret=\"bOTiTSDeQM\" width=\"600\" height=\"338\" frameborder=\"0\" marginwidth=\"0\" marginheight=\"0\" scrolling=\"no\"><\/iframe>\n<\/div><\/figure>\n\n\n\n<p><strong>Estudantes:<\/strong> Luisa Cambraia e Matheus Fran\u00e7a<\/p>\n","protected":false},"excerpt":{"rendered":"<p>Desde sua cria\u00e7\u00e3o, o Colab PUC Minas j\u00e1 participou de in\u00fameros pr\u00eamios acad\u00eamicos e de Jornalismo. Confira a lista de monitores e estudantes agraciados: 2023 11\u00b0 PR\u00caMIO CDL DE JORNALISMO 1\u00b0 lugar: \u201cMinas aprova isen\u00e7\u00e3o de ICMS para in natura\u201d Estudantes: Nara Ferreira Souza Santos, Alexandre Temponi, Maria Eduarda Mariano e Rafael Consolmagno, sob orienta\u00e7\u00e3o [&hellip;]<\/p>\n","protected":false},"author":3,"featured_media":0,"parent":0,"menu_order":0,"comment_status":"closed","ping_status":"closed","template":"","meta":{"_eb_attr":"","ngg_post_thumbnail":0,"footnotes":""},"class_list":["post-25443","page","type-page","status-publish","hentry"],"yoast_head":"<!-- This site is optimized with the Yoast SEO plugin v27.4 - https:\/\/yoast.com\/product\/yoast-seo-wordpress\/ -->\n<title>Premia\u00e7\u00f5es - Colab<\/title>\n<meta name=\"robots\" content=\"index, follow, max-snippet:-1, max-image-preview:large, max-video-preview:-1\" \/>\n<link rel=\"canonical\" href=\"https:\/\/blogfca.pucminas.br\/colab\/premiacoes\/\" \/>\n<meta property=\"og:locale\" content=\"pt_BR\" \/>\n<meta property=\"og:type\" content=\"article\" \/>\n<meta property=\"og:title\" content=\"Premia\u00e7\u00f5es - Colab\" \/>\n<meta property=\"og:description\" content=\"Desde sua cria\u00e7\u00e3o, o Colab PUC Minas j\u00e1 participou de in\u00fameros pr\u00eamios acad\u00eamicos e de Jornalismo. Confira a lista de monitores e estudantes agraciados: 2023 11\u00b0 PR\u00caMIO CDL DE JORNALISMO 1\u00b0 lugar: \u201cMinas aprova isen\u00e7\u00e3o de ICMS para in natura\u201d Estudantes: Nara Ferreira Souza Santos, Alexandre Temponi, Maria Eduarda Mariano e Rafael Consolmagno, sob orienta\u00e7\u00e3o [&hellip;]\" \/>\n<meta property=\"og:url\" content=\"https:\/\/blogfca.pucminas.br\/colab\/premiacoes\/\" \/>\n<meta property=\"og:site_name\" content=\"Colab\" \/>\n<meta property=\"article:publisher\" content=\"https:\/\/www.facebook.com\/colabpucminas\" \/>\n<meta property=\"article:modified_time\" content=\"2025-12-15T14:19:41+00:00\" \/>\n<meta name=\"twitter:card\" content=\"summary_large_image\" \/>\n<meta name=\"twitter:site\" content=\"@colabpucminas\" \/>\n<meta name=\"twitter:label1\" content=\"Est. tempo de leitura\" \/>\n\t<meta name=\"twitter:data1\" content=\"2 minutos\" \/>\n<script type=\"application\/ld+json\" class=\"yoast-schema-graph\">{\"@context\":\"https:\\\/\\\/schema.org\",\"@graph\":[{\"@type\":\"WebPage\",\"@id\":\"https:\\\/\\\/blogfca.pucminas.br\\\/colab\\\/premiacoes\\\/\",\"url\":\"https:\\\/\\\/blogfca.pucminas.br\\\/colab\\\/premiacoes\\\/\",\"name\":\"Premia\u00e7\u00f5es - Colab\",\"isPartOf\":{\"@id\":\"https:\\\/\\\/blogfca.pucminas.br\\\/colab\\\/#website\"},\"datePublished\":\"2025-11-06T18:32:55+00:00\",\"dateModified\":\"2025-12-15T14:19:41+00:00\",\"breadcrumb\":{\"@id\":\"https:\\\/\\\/blogfca.pucminas.br\\\/colab\\\/premiacoes\\\/#breadcrumb\"},\"inLanguage\":\"pt-BR\",\"potentialAction\":[{\"@type\":\"ReadAction\",\"target\":[\"https:\\\/\\\/blogfca.pucminas.br\\\/colab\\\/premiacoes\\\/\"]}]},{\"@type\":\"BreadcrumbList\",\"@id\":\"https:\\\/\\\/blogfca.pucminas.br\\\/colab\\\/premiacoes\\\/#breadcrumb\",\"itemListElement\":[{\"@type\":\"ListItem\",\"position\":1,\"name\":\"In\u00edcio\",\"item\":\"https:\\\/\\\/blogfca.pucminas.br\\\/colab\\\/\"},{\"@type\":\"ListItem\",\"position\":2,\"name\":\"Premia\u00e7\u00f5es\"}]},{\"@type\":\"WebSite\",\"@id\":\"https:\\\/\\\/blogfca.pucminas.br\\\/colab\\\/#website\",\"url\":\"https:\\\/\\\/blogfca.pucminas.br\\\/colab\\\/\",\"name\":\"Colab\",\"description\":\"Experimenta\u00e7\u00e3o, conte\u00fado e colabora\u00e7\u00e3o em Jornalismo Digital\",\"publisher\":{\"@id\":\"https:\\\/\\\/blogfca.pucminas.br\\\/colab\\\/#organization\"},\"potentialAction\":[{\"@type\":\"SearchAction\",\"target\":{\"@type\":\"EntryPoint\",\"urlTemplate\":\"https:\\\/\\\/blogfca.pucminas.br\\\/colab\\\/?s={search_term_string}\"},\"query-input\":{\"@type\":\"PropertyValueSpecification\",\"valueRequired\":true,\"valueName\":\"search_term_string\"}}],\"inLanguage\":\"pt-BR\"},{\"@type\":\"Organization\",\"@id\":\"https:\\\/\\\/blogfca.pucminas.br\\\/colab\\\/#organization\",\"name\":\"Colab :: Laborat\u00f3rio de Comunica\u00e7\u00e3o Digital da FCA \\\/ PUC Minas\",\"url\":\"https:\\\/\\\/blogfca.pucminas.br\\\/colab\\\/\",\"logo\":{\"@type\":\"ImageObject\",\"inLanguage\":\"pt-BR\",\"@id\":\"https:\\\/\\\/blogfca.pucminas.br\\\/colab\\\/#\\\/schema\\\/logo\\\/image\\\/\",\"url\":\"https:\\\/\\\/blogfca.pucminas.br\\\/colab\\\/wp-content\\\/uploads\\\/2020\\\/03\\\/Avatar-Colab.jpg\",\"contentUrl\":\"https:\\\/\\\/blogfca.pucminas.br\\\/colab\\\/wp-content\\\/uploads\\\/2020\\\/03\\\/Avatar-Colab.jpg\",\"width\":1682,\"height\":1682,\"caption\":\"Colab :: Laborat\u00f3rio de Comunica\u00e7\u00e3o Digital da FCA \\\/ PUC Minas\"},\"image\":{\"@id\":\"https:\\\/\\\/blogfca.pucminas.br\\\/colab\\\/#\\\/schema\\\/logo\\\/image\\\/\"},\"sameAs\":[\"https:\\\/\\\/www.facebook.com\\\/colabpucminas\",\"https:\\\/\\\/x.com\\\/colabpucminas\",\"https:\\\/\\\/www.instagram.com\\\/colabpucminas\\\/\",\"https:\\\/\\\/www.linkedin.com\\\/company\\\/colab-puc-minas\",\"https:\\\/\\\/www.youtube.com\\\/channel\\\/UC14mKIqnnGCOgVr4DG6FPkA\"]}]}<\/script>\n<!-- \/ Yoast SEO plugin. -->","yoast_head_json":{"title":"Premia\u00e7\u00f5es - Colab","robots":{"index":"index","follow":"follow","max-snippet":"max-snippet:-1","max-image-preview":"max-image-preview:large","max-video-preview":"max-video-preview:-1"},"canonical":"https:\/\/blogfca.pucminas.br\/colab\/premiacoes\/","og_locale":"pt_BR","og_type":"article","og_title":"Premia\u00e7\u00f5es - Colab","og_description":"Desde sua cria\u00e7\u00e3o, o Colab PUC Minas j\u00e1 participou de in\u00fameros pr\u00eamios acad\u00eamicos e de Jornalismo. Confira a lista de monitores e estudantes agraciados: 2023 11\u00b0 PR\u00caMIO CDL DE JORNALISMO 1\u00b0 lugar: \u201cMinas aprova isen\u00e7\u00e3o de ICMS para in natura\u201d Estudantes: Nara Ferreira Souza Santos, Alexandre Temponi, Maria Eduarda Mariano e Rafael Consolmagno, sob orienta\u00e7\u00e3o [&hellip;]","og_url":"https:\/\/blogfca.pucminas.br\/colab\/premiacoes\/","og_site_name":"Colab","article_publisher":"https:\/\/www.facebook.com\/colabpucminas","article_modified_time":"2025-12-15T14:19:41+00:00","twitter_card":"summary_large_image","twitter_site":"@colabpucminas","twitter_misc":{"Est. tempo de leitura":"2 minutos"},"schema":{"@context":"https:\/\/schema.org","@graph":[{"@type":"WebPage","@id":"https:\/\/blogfca.pucminas.br\/colab\/premiacoes\/","url":"https:\/\/blogfca.pucminas.br\/colab\/premiacoes\/","name":"Premia\u00e7\u00f5es - Colab","isPartOf":{"@id":"https:\/\/blogfca.pucminas.br\/colab\/#website"},"datePublished":"2025-11-06T18:32:55+00:00","dateModified":"2025-12-15T14:19:41+00:00","breadcrumb":{"@id":"https:\/\/blogfca.pucminas.br\/colab\/premiacoes\/#breadcrumb"},"inLanguage":"pt-BR","potentialAction":[{"@type":"ReadAction","target":["https:\/\/blogfca.pucminas.br\/colab\/premiacoes\/"]}]},{"@type":"BreadcrumbList","@id":"https:\/\/blogfca.pucminas.br\/colab\/premiacoes\/#breadcrumb","itemListElement":[{"@type":"ListItem","position":1,"name":"In\u00edcio","item":"https:\/\/blogfca.pucminas.br\/colab\/"},{"@type":"ListItem","position":2,"name":"Premia\u00e7\u00f5es"}]},{"@type":"WebSite","@id":"https:\/\/blogfca.pucminas.br\/colab\/#website","url":"https:\/\/blogfca.pucminas.br\/colab\/","name":"Colab","description":"Experimenta\u00e7\u00e3o, conte\u00fado e colabora\u00e7\u00e3o em Jornalismo Digital","publisher":{"@id":"https:\/\/blogfca.pucminas.br\/colab\/#organization"},"potentialAction":[{"@type":"SearchAction","target":{"@type":"EntryPoint","urlTemplate":"https:\/\/blogfca.pucminas.br\/colab\/?s={search_term_string}"},"query-input":{"@type":"PropertyValueSpecification","valueRequired":true,"valueName":"search_term_string"}}],"inLanguage":"pt-BR"},{"@type":"Organization","@id":"https:\/\/blogfca.pucminas.br\/colab\/#organization","name":"Colab :: Laborat\u00f3rio de Comunica\u00e7\u00e3o Digital da FCA \/ PUC Minas","url":"https:\/\/blogfca.pucminas.br\/colab\/","logo":{"@type":"ImageObject","inLanguage":"pt-BR","@id":"https:\/\/blogfca.pucminas.br\/colab\/#\/schema\/logo\/image\/","url":"https:\/\/blogfca.pucminas.br\/colab\/wp-content\/uploads\/2020\/03\/Avatar-Colab.jpg","contentUrl":"https:\/\/blogfca.pucminas.br\/colab\/wp-content\/uploads\/2020\/03\/Avatar-Colab.jpg","width":1682,"height":1682,"caption":"Colab :: Laborat\u00f3rio de Comunica\u00e7\u00e3o Digital da FCA \/ PUC Minas"},"image":{"@id":"https:\/\/blogfca.pucminas.br\/colab\/#\/schema\/logo\/image\/"},"sameAs":["https:\/\/www.facebook.com\/colabpucminas","https:\/\/x.com\/colabpucminas","https:\/\/www.instagram.com\/colabpucminas\/","https:\/\/www.linkedin.com\/company\/colab-puc-minas","https:\/\/www.youtube.com\/channel\/UC14mKIqnnGCOgVr4DG6FPkA"]}]}},"amp_enabled":true,"_links":{"self":[{"href":"https:\/\/blogfca.pucminas.br\/colab\/wp-json\/wp\/v2\/pages\/25443","targetHints":{"allow":["GET"]}}],"collection":[{"href":"https:\/\/blogfca.pucminas.br\/colab\/wp-json\/wp\/v2\/pages"}],"about":[{"href":"https:\/\/blogfca.pucminas.br\/colab\/wp-json\/wp\/v2\/types\/page"}],"author":[{"embeddable":true,"href":"https:\/\/blogfca.pucminas.br\/colab\/wp-json\/wp\/v2\/users\/3"}],"replies":[{"embeddable":true,"href":"https:\/\/blogfca.pucminas.br\/colab\/wp-json\/wp\/v2\/comments?post=25443"}],"version-history":[{"count":4,"href":"https:\/\/blogfca.pucminas.br\/colab\/wp-json\/wp\/v2\/pages\/25443\/revisions"}],"predecessor-version":[{"id":27293,"href":"https:\/\/blogfca.pucminas.br\/colab\/wp-json\/wp\/v2\/pages\/25443\/revisions\/27293"}],"wp:attachment":[{"href":"https:\/\/blogfca.pucminas.br\/colab\/wp-json\/wp\/v2\/media?parent=25443"}],"curies":[{"name":"wp","href":"https:\/\/api.w.org\/{rel}","templated":true}]}}