{"id":21383,"date":"2025-03-19T15:39:46","date_gmt":"2025-03-19T18:39:46","guid":{"rendered":"https:\/\/blogfca.pucminas.br\/colab\/?page_id=21383"},"modified":"2026-03-03T14:40:10","modified_gmt":"2026-03-03T17:40:10","slug":"trabalhe-conosco","status":"publish","type":"page","link":"https:\/\/blogfca.pucminas.br\/colab\/trabalhe-conosco\/","title":{"rendered":"Trabalhe conosco"},"content":{"rendered":"\n<h2 class=\"wp-block-heading\"><mark style=\"background-color:#ed6e00\" class=\"has-inline-color has-gridlove-bg-color\">Processo seletivo unificado Marco &amp; Colab 2026\/1 (<em>campus<\/em> Cora\u00e7\u00e3o Eucar\u00edstico)<\/mark><\/h2>\n\n\n\n<h3 class=\"wp-block-heading\">Lista de aprovados na etapa final do processo seletivo:<\/h3>\n\n\n\n<ol class=\"wp-block-list\">\n<li>Davi Tufic Barreto Ferreira Matny (monitoria 20h remunerada)<\/li>\n\n\n\n<li>Rafaela de Oliveira Tom\u00e1z (monitoria 20h remunerada)<\/li>\n\n\n\n<li>Gabriela Oliveira Silva (monitoria 20h remunerada)<\/li>\n\n\n\n<li>Mateus Bruno Alc\u00e2ntara (monitoria 20h remunerada)<\/li>\n\n\n\n<li>Camilly Morena Pereira dos Santos (monitoria 10h remunerada)<\/li>\n\n\n\n<li>Gabriel Germano Parreiras e Ramos (monitoria 10h volunt\u00e1ria)<\/li>\n\n\n\n<li>Victor Hugo Alves de Almeida (monitoria 10h volunt\u00e1ria)<\/li>\n<\/ol>\n\n\n\n<hr class=\"wp-block-separator has-alpha-channel-opacity\"\/>\n\n\n\n<h3 class=\"wp-block-heading\">Lista de convocados para etapa pr\u00e1tica:<\/h3>\n\n\n\n<ul class=\"wp-block-list\">\n<li>Camilly Morena Pereira dos Santos<\/li>\n\n\n\n<li>Davi Tufic Barreto Ferreira Matny<\/li>\n\n\n\n<li>Gabriela Oliveira Silva<\/li>\n\n\n\n<li>Gabriel Germano Parreiras e Ramos<\/li>\n\n\n\n<li>Mateus Bruno Alc\u00e2ntara<\/li>\n\n\n\n<li>Rafaela de Oliveira Tom\u00e1z<\/li>\n\n\n\n<li>Victor Hugo Alves de Almeida<\/li>\n<\/ul>\n\n\n\n<h4 class=\"wp-block-heading\"><strong>Orienta\u00e7\u00f5es para a etapa pr\u00e1tica:<\/strong><\/h4>\n\n\n\n<ul class=\"wp-block-list\">\n<li>Os candidatos devem desenvolver a mat\u00e9ria derivada da pauta que submeteram ao processo seletivo. O texto final deve ter entre <strong>3.500 e 7.000 caracteres (com espa\u00e7o)<\/strong>.<\/li>\n\n\n\n<li>A mat\u00e9ria final deve ser enviada em formato de Word para o e-mail <strong>colab.pucminas@gmail.com<\/strong> com c\u00f3pia para <strong>jornalmarcodrive@gmail.com<\/strong>. <\/li>\n\n\n\n<li>Os textos devem ser enviados <strong>at\u00e9 13h da segunda-feira, 2 de mar\u00e7o<\/strong>.<\/li>\n\n\n\n<li>Ser\u00e1 permitido fazer adapta\u00e7\u00f5es da pauta para que ela se torne vi\u00e1vel, desde que o tema geral seja respeitado.<\/li>\n\n\n\n<li><strong>N\u00e3o ser\u00e1 preciso apresentar<\/strong> imagens, fotografias ou infografias, apenas o texto. <\/li>\n\n\n\n<li>Recomendamos que cada mat\u00e9ria tenha <strong>pelo menos uma entrevista original<\/strong>. <\/li>\n\n\n\n<li>Mat\u00e9rias escritas com softwares de intelig\u00eancia artificial para gera\u00e7\u00e3o de texto ser\u00e3o <strong>eliminadas<\/strong>.<\/li>\n<\/ul>\n\n\n\n<pre class=\"wp-block-verse\">Candidatos que n\u00e3o foram chamados para esta etapa ficar\u00e3o no cadastro reserva e poder\u00e3o, eventualmente, ser convocados para ocupar vagas remanescentes<\/pre>\n\n\n\n<h3 class=\"wp-block-heading\">Lista de convocados para a etapa de entrevista, em ordem alfab\u00e9tica:<\/h3>\n\n\n\n<ul class=\"wp-block-list\">\n<li>13h Camilly Morena Pereira dos Santos<\/li>\n\n\n\n<li>13h10 Davi Tufic Barreto Ferreira Matny<\/li>\n\n\n\n<li>13h20 Gabriela Oliveira Silva<\/li>\n\n\n\n<li>13h30 Gabriel Basilio Matos de Alcante<\/li>\n\n\n\n<li>13h40 Gabriel Germano Parreiras e Ramos<\/li>\n\n\n\n<li>13h50 Luiza Freitas Salom\u00e3o<\/li>\n\n\n\n<li>14h Luiz Oct\u00e1vio dos Reis Rocha<\/li>\n\n\n\n<li>14h10 Mateus Assis Lanna da Silva<\/li>\n\n\n\n<li>14h20 Mateus Bruno Alc\u00e2ntara<\/li>\n\n\n\n<li>14h30 Ot\u00e1vio Augusto Abreu do Carmo<\/li>\n\n\n\n<li>14h40 Rafaela de Oliveira Tom\u00e1z<\/li>\n\n\n\n<li>14h50 Victor Hugo Alves de Almeida<\/li>\n<\/ul>\n\n\n\n<p><strong>Orienta\u00e7\u00f5es: <\/strong>as entrevistas ser\u00e3o realizadas <strong>presencialmente<\/strong> no dia <strong>25 de fevereiro de 2026<\/strong>, na <strong>sala 206b do Pr\u00e9dio 42 do&nbsp;<em>campus&nbsp;<\/em>Cora\u00e7\u00e3o Eucar\u00edstico<\/strong>. Pedimos que cheguem com 5 minutos de anteced\u00eancia e aguardem na sala junto aos monitores dos Laborat\u00f3rios. Em caso de aus\u00eancia de candidatos, ser\u00e3o chamados para a entrevista os pr\u00f3ximos da lista.<\/p>\n\n\n\n<hr class=\"wp-block-separator has-alpha-channel-opacity\"\/>\n\n\n\n<p>Participe do <strong>edital de sele\u00e7\u00e3o unificada de monitores dos Laborat\u00f3rios de Jornalismo do <em>campus <\/em>Cora\u00e7\u00e3o Eucar\u00edstico<\/strong>. Aproveite a oportunidade de <strong>aprender na pr\u00e1tica a produ\u00e7\u00e3o de textos para o jornal impresso e tamb\u00e9m o desenvolvimento de reportagens multim\u00eddia, podcasts, videocasts, webdocs e conte\u00fados de m\u00eddias sociais<\/strong>.<\/p>\n\n\n\n<pre class=\"wp-block-verse\">Com mais de 50 anos, o&nbsp;<strong>Marco&nbsp;<\/strong>\u00e9 o jornal impresso dos cursos de Jornalismo da FCA PUC Minas e vem h\u00e1 d\u00e9cadas treinando profissionais nas coberturas mais relevantes sobre a cidade, entrevistas e textos de opini\u00e3o.&nbsp;<\/pre>\n\n\n\n<pre class=\"wp-block-verse\">Fundado em 2020, o&nbsp;<strong>Colab&nbsp;<\/strong>\u00e9 o Laborat\u00f3rio de Comunica\u00e7\u00e3o Digital que visa ao desenvolvimento de habilidades de produ\u00e7\u00e3o de conte\u00fado para o ambiente digital em perspectiva colaborativa. A linha editorial privilegia pautas atemporais que visam reportar e debater grandes temas da nossa sociedade.<\/pre>\n\n\n\n<pre class=\"wp-block-verse\">Os laborat\u00f3rios se organizam em uma&nbsp;<strong>reda\u00e7\u00e3o compartilhada e com equipe integrada.&nbsp;<\/strong>Monitores podem atuar em parceria com estudantes de diferentes per\u00edodos, aprendendo nas trocas do dia a dia a serem jornalistas comprometidos com a \u00e9tica, com os direitos humanos e com os valores humanistas da PUC Minas.<\/pre>\n\n\n\n<hr class=\"wp-block-separator has-alpha-channel-opacity\"\/>\n\n\n\n<p><strong>PERFIL DESEJADO:<\/strong><\/p>\n\n\n\n<ul class=\"wp-block-list\">\n<li>Ter iniciativa e atitude proativa para desenvolver tarefas com autonomia;<\/li>\n\n\n\n<li>Ter responsabilidade e organiza\u00e7\u00e3o com os pr\u00f3prios hor\u00e1rios;<\/li>\n\n\n\n<li>Saber gerir demandas e realizar trabalhos em colabora\u00e7\u00e3o com colegas;<\/li>\n\n\n\n<li>Saber receber cr\u00edticas sobre o pr\u00f3prio trabalho, incorporando corre\u00e7\u00f5es como aprendizado;<\/li>\n\n\n\n<li>Estar aberto a experimentar e testar novas linguagens para o ambiente digital;<\/li>\n\n\n\n<li>Ter afinidade com internet, gostar de consumir e produzir conte\u00fados online;<\/li>\n\n\n\n<li>Conhecer softwares e sites gratuitos para edi\u00e7\u00e3o de imagens, v\u00eddeo, \u00e1udio;<\/li>\n\n\n\n<li>Acompanhar o notici\u00e1rio e estar atento aos acontecimentos da cidade, do Brasil e do mundo.<\/li>\n<\/ul>\n\n\n\n<p><strong>VAGAS:<\/strong><\/p>\n\n\n\n<ul class=\"wp-block-list\">\n<li><strong>Tr\u00eas (3) vagas remuneradas para reportagem e&nbsp;produ\u00e7\u00e3o de conte\u00fado multim\u00eddia<\/strong>, com bolsa no valor de <strong>R$600 para 20 horas semanais<\/strong>.<\/li>\n\n\n\n<li><strong>Uma (1) vaga remunerada para reportagem<\/strong>, com bolsa no valor de <strong>R$300 para 10h semanais.<\/strong><\/li>\n\n\n\n<li><strong>Tr\u00eas (3) vagas volunt\u00e1rias para reportagem, 10h semanais.<\/strong><\/li>\n<\/ul>\n\n\n\n<p><strong>CRONOGRAMA:<\/strong><\/p>\n\n\n\n<ul class=\"wp-block-list\">\n<li><strong>De 9 a 22 de fevereiro de 2026:&nbsp;<\/strong>per\u00edodo de inscri\u00e7\u00f5es, mediante&nbsp;<a href=\"https:\/\/forms.gle\/YdCgtGqzdyj6maGi9\" target=\"_blank\" rel=\"noreferrer noopener\">preenchimento de dados pessoais e question\u00e1rio em&nbsp;formul\u00e1rio online dispon\u00edvel aqui<\/a>;<\/li>\n\n\n\n<li><strong>24 de fevereiro de 2026: <\/strong>Publica\u00e7\u00e3o da lista de convocados para etapa de entrevista;<\/li>\n\n\n\n<li><strong>25 de fevereiro de 2026, de 13h \u00e0s 14h30:<\/strong>&nbsp;Realiza\u00e7\u00e3o de entrevistas, presencialmente, na sala 206b do Pr\u00e9dio 42 do&nbsp;<em>campus&nbsp;<\/em>Cora\u00e7\u00e3o Eucar\u00edstico, em ordem a ser informada nesta p\u00e1gina. Candidatos devem apresentar e defender a pauta a ser desenvolvida no jornal Marco, com sugest\u00e3o de expans\u00e3o de conte\u00fado para o site do Colab;<\/li>\n\n\n\n<li><strong>2 de mar\u00e7o de 2026, at\u00e9 13h:<\/strong>&nbsp;Prazo para envio de atividade da etapa pr\u00e1tica do processo seletivo, que ser\u00e1 explicada na entrevista;<\/li>\n\n\n\n<li><strong>4 de mar\u00e7o de 2026:<\/strong>&nbsp;Publica\u00e7\u00e3o do resultado final;<\/li>\n\n\n\n<li><strong>At\u00e9 5 de mar\u00e7o de 2026:&nbsp;<\/strong>Contrata\u00e7\u00e3o;<\/li>\n\n\n\n<li><strong>16 de mar\u00e7o de 2026:<\/strong>&nbsp;In\u00edcio das atividades.<\/li>\n<\/ul>\n\n\n\n<p>Para se candidatar \u00e0 vaga, <a href=\"https:\/\/forms.gle\/YdCgtGqzdyj6maGi9\" target=\"_blank\" rel=\"noreferrer noopener\">preencha o formul\u00e1rio<\/a> e acompanhe as informa\u00e7\u00f5es&nbsp;sobre o processo seletivo dispon\u00edveis nesta p\u00e1gina!<\/p>\n\n\n\n<h2 class=\"wp-block-heading has-text-align-center\"><a href=\"https:\/\/forms.gle\/YdCgtGqzdyj6maGi9\" target=\"_blank\" rel=\"noreferrer noopener\">Clique aqui e inscreva-se<\/a>! <\/h2>\n","protected":false},"excerpt":{"rendered":"<p>Processo seletivo unificado Marco &amp; Colab 2026\/1 (campus Cora\u00e7\u00e3o Eucar\u00edstico) Lista de aprovados na etapa final do processo seletivo: Lista de convocados para etapa pr\u00e1tica: Orienta\u00e7\u00f5es para a etapa pr\u00e1tica: Candidatos que n\u00e3o foram chamados para esta etapa ficar\u00e3o no cadastro reserva e poder\u00e3o, eventualmente, ser convocados para ocupar vagas remanescentes Lista de convocados para [&hellip;]<\/p>\n","protected":false},"author":3,"featured_media":0,"parent":0,"menu_order":0,"comment_status":"closed","ping_status":"closed","template":"","meta":{"_eb_attr":"","ngg_post_thumbnail":0,"footnotes":""},"class_list":["post-21383","page","type-page","status-publish","hentry"],"yoast_head":"<!-- This site is optimized with the Yoast SEO plugin v27.4 - https:\/\/yoast.com\/product\/yoast-seo-wordpress\/ -->\n<title>Trabalhe conosco - Colab<\/title>\n<meta name=\"robots\" content=\"index, follow, max-snippet:-1, max-image-preview:large, max-video-preview:-1\" \/>\n<link rel=\"canonical\" href=\"https:\/\/blogfca.pucminas.br\/colab\/trabalhe-conosco\/\" \/>\n<meta property=\"og:locale\" content=\"pt_BR\" \/>\n<meta property=\"og:type\" content=\"article\" \/>\n<meta property=\"og:title\" content=\"Trabalhe conosco - Colab\" \/>\n<meta property=\"og:description\" content=\"Processo seletivo unificado Marco &amp; Colab 2026\/1 (campus Cora\u00e7\u00e3o Eucar\u00edstico) Lista de aprovados na etapa final do processo seletivo: Lista de convocados para etapa pr\u00e1tica: Orienta\u00e7\u00f5es para a etapa pr\u00e1tica: Candidatos que n\u00e3o foram chamados para esta etapa ficar\u00e3o no cadastro reserva e poder\u00e3o, eventualmente, ser convocados para ocupar vagas remanescentes Lista de convocados para [&hellip;]\" \/>\n<meta property=\"og:url\" content=\"https:\/\/blogfca.pucminas.br\/colab\/trabalhe-conosco\/\" \/>\n<meta property=\"og:site_name\" content=\"Colab\" \/>\n<meta property=\"article:publisher\" content=\"https:\/\/www.facebook.com\/colabpucminas\" \/>\n<meta property=\"article:modified_time\" content=\"2026-03-03T17:40:10+00:00\" \/>\n<meta name=\"twitter:card\" content=\"summary_large_image\" \/>\n<meta name=\"twitter:site\" content=\"@colabpucminas\" \/>\n<meta name=\"twitter:label1\" content=\"Est. tempo de leitura\" \/>\n\t<meta name=\"twitter:data1\" content=\"4 minutos\" \/>\n<script type=\"application\/ld+json\" class=\"yoast-schema-graph\">{\"@context\":\"https:\\\/\\\/schema.org\",\"@graph\":[{\"@type\":\"WebPage\",\"@id\":\"https:\\\/\\\/blogfca.pucminas.br\\\/colab\\\/trabalhe-conosco\\\/\",\"url\":\"https:\\\/\\\/blogfca.pucminas.br\\\/colab\\\/trabalhe-conosco\\\/\",\"name\":\"Trabalhe conosco - Colab\",\"isPartOf\":{\"@id\":\"https:\\\/\\\/blogfca.pucminas.br\\\/colab\\\/#website\"},\"datePublished\":\"2025-03-19T18:39:46+00:00\",\"dateModified\":\"2026-03-03T17:40:10+00:00\",\"breadcrumb\":{\"@id\":\"https:\\\/\\\/blogfca.pucminas.br\\\/colab\\\/trabalhe-conosco\\\/#breadcrumb\"},\"inLanguage\":\"pt-BR\",\"potentialAction\":[{\"@type\":\"ReadAction\",\"target\":[\"https:\\\/\\\/blogfca.pucminas.br\\\/colab\\\/trabalhe-conosco\\\/\"]}]},{\"@type\":\"BreadcrumbList\",\"@id\":\"https:\\\/\\\/blogfca.pucminas.br\\\/colab\\\/trabalhe-conosco\\\/#breadcrumb\",\"itemListElement\":[{\"@type\":\"ListItem\",\"position\":1,\"name\":\"In\u00edcio\",\"item\":\"https:\\\/\\\/blogfca.pucminas.br\\\/colab\\\/\"},{\"@type\":\"ListItem\",\"position\":2,\"name\":\"Trabalhe conosco\"}]},{\"@type\":\"WebSite\",\"@id\":\"https:\\\/\\\/blogfca.pucminas.br\\\/colab\\\/#website\",\"url\":\"https:\\\/\\\/blogfca.pucminas.br\\\/colab\\\/\",\"name\":\"Colab\",\"description\":\"Experimenta\u00e7\u00e3o, conte\u00fado e colabora\u00e7\u00e3o em Jornalismo Digital\",\"publisher\":{\"@id\":\"https:\\\/\\\/blogfca.pucminas.br\\\/colab\\\/#organization\"},\"potentialAction\":[{\"@type\":\"SearchAction\",\"target\":{\"@type\":\"EntryPoint\",\"urlTemplate\":\"https:\\\/\\\/blogfca.pucminas.br\\\/colab\\\/?s={search_term_string}\"},\"query-input\":{\"@type\":\"PropertyValueSpecification\",\"valueRequired\":true,\"valueName\":\"search_term_string\"}}],\"inLanguage\":\"pt-BR\"},{\"@type\":\"Organization\",\"@id\":\"https:\\\/\\\/blogfca.pucminas.br\\\/colab\\\/#organization\",\"name\":\"Colab :: Laborat\u00f3rio de Comunica\u00e7\u00e3o Digital da FCA \\\/ PUC Minas\",\"url\":\"https:\\\/\\\/blogfca.pucminas.br\\\/colab\\\/\",\"logo\":{\"@type\":\"ImageObject\",\"inLanguage\":\"pt-BR\",\"@id\":\"https:\\\/\\\/blogfca.pucminas.br\\\/colab\\\/#\\\/schema\\\/logo\\\/image\\\/\",\"url\":\"https:\\\/\\\/blogfca.pucminas.br\\\/colab\\\/wp-content\\\/uploads\\\/2020\\\/03\\\/Avatar-Colab.jpg\",\"contentUrl\":\"https:\\\/\\\/blogfca.pucminas.br\\\/colab\\\/wp-content\\\/uploads\\\/2020\\\/03\\\/Avatar-Colab.jpg\",\"width\":1682,\"height\":1682,\"caption\":\"Colab :: Laborat\u00f3rio de Comunica\u00e7\u00e3o Digital da FCA \\\/ PUC Minas\"},\"image\":{\"@id\":\"https:\\\/\\\/blogfca.pucminas.br\\\/colab\\\/#\\\/schema\\\/logo\\\/image\\\/\"},\"sameAs\":[\"https:\\\/\\\/www.facebook.com\\\/colabpucminas\",\"https:\\\/\\\/x.com\\\/colabpucminas\",\"https:\\\/\\\/www.instagram.com\\\/colabpucminas\\\/\",\"https:\\\/\\\/www.linkedin.com\\\/company\\\/colab-puc-minas\",\"https:\\\/\\\/www.youtube.com\\\/channel\\\/UC14mKIqnnGCOgVr4DG6FPkA\"]}]}<\/script>\n<!-- \/ Yoast SEO plugin. -->","yoast_head_json":{"title":"Trabalhe conosco - Colab","robots":{"index":"index","follow":"follow","max-snippet":"max-snippet:-1","max-image-preview":"max-image-preview:large","max-video-preview":"max-video-preview:-1"},"canonical":"https:\/\/blogfca.pucminas.br\/colab\/trabalhe-conosco\/","og_locale":"pt_BR","og_type":"article","og_title":"Trabalhe conosco - Colab","og_description":"Processo seletivo unificado Marco &amp; Colab 2026\/1 (campus Cora\u00e7\u00e3o Eucar\u00edstico) Lista de aprovados na etapa final do processo seletivo: Lista de convocados para etapa pr\u00e1tica: Orienta\u00e7\u00f5es para a etapa pr\u00e1tica: Candidatos que n\u00e3o foram chamados para esta etapa ficar\u00e3o no cadastro reserva e poder\u00e3o, eventualmente, ser convocados para ocupar vagas remanescentes Lista de convocados para [&hellip;]","og_url":"https:\/\/blogfca.pucminas.br\/colab\/trabalhe-conosco\/","og_site_name":"Colab","article_publisher":"https:\/\/www.facebook.com\/colabpucminas","article_modified_time":"2026-03-03T17:40:10+00:00","twitter_card":"summary_large_image","twitter_site":"@colabpucminas","twitter_misc":{"Est. tempo de leitura":"4 minutos"},"schema":{"@context":"https:\/\/schema.org","@graph":[{"@type":"WebPage","@id":"https:\/\/blogfca.pucminas.br\/colab\/trabalhe-conosco\/","url":"https:\/\/blogfca.pucminas.br\/colab\/trabalhe-conosco\/","name":"Trabalhe conosco - Colab","isPartOf":{"@id":"https:\/\/blogfca.pucminas.br\/colab\/#website"},"datePublished":"2025-03-19T18:39:46+00:00","dateModified":"2026-03-03T17:40:10+00:00","breadcrumb":{"@id":"https:\/\/blogfca.pucminas.br\/colab\/trabalhe-conosco\/#breadcrumb"},"inLanguage":"pt-BR","potentialAction":[{"@type":"ReadAction","target":["https:\/\/blogfca.pucminas.br\/colab\/trabalhe-conosco\/"]}]},{"@type":"BreadcrumbList","@id":"https:\/\/blogfca.pucminas.br\/colab\/trabalhe-conosco\/#breadcrumb","itemListElement":[{"@type":"ListItem","position":1,"name":"In\u00edcio","item":"https:\/\/blogfca.pucminas.br\/colab\/"},{"@type":"ListItem","position":2,"name":"Trabalhe conosco"}]},{"@type":"WebSite","@id":"https:\/\/blogfca.pucminas.br\/colab\/#website","url":"https:\/\/blogfca.pucminas.br\/colab\/","name":"Colab","description":"Experimenta\u00e7\u00e3o, conte\u00fado e colabora\u00e7\u00e3o em Jornalismo Digital","publisher":{"@id":"https:\/\/blogfca.pucminas.br\/colab\/#organization"},"potentialAction":[{"@type":"SearchAction","target":{"@type":"EntryPoint","urlTemplate":"https:\/\/blogfca.pucminas.br\/colab\/?s={search_term_string}"},"query-input":{"@type":"PropertyValueSpecification","valueRequired":true,"valueName":"search_term_string"}}],"inLanguage":"pt-BR"},{"@type":"Organization","@id":"https:\/\/blogfca.pucminas.br\/colab\/#organization","name":"Colab :: Laborat\u00f3rio de Comunica\u00e7\u00e3o Digital da FCA \/ PUC Minas","url":"https:\/\/blogfca.pucminas.br\/colab\/","logo":{"@type":"ImageObject","inLanguage":"pt-BR","@id":"https:\/\/blogfca.pucminas.br\/colab\/#\/schema\/logo\/image\/","url":"https:\/\/blogfca.pucminas.br\/colab\/wp-content\/uploads\/2020\/03\/Avatar-Colab.jpg","contentUrl":"https:\/\/blogfca.pucminas.br\/colab\/wp-content\/uploads\/2020\/03\/Avatar-Colab.jpg","width":1682,"height":1682,"caption":"Colab :: Laborat\u00f3rio de Comunica\u00e7\u00e3o Digital da FCA \/ PUC Minas"},"image":{"@id":"https:\/\/blogfca.pucminas.br\/colab\/#\/schema\/logo\/image\/"},"sameAs":["https:\/\/www.facebook.com\/colabpucminas","https:\/\/x.com\/colabpucminas","https:\/\/www.instagram.com\/colabpucminas\/","https:\/\/www.linkedin.com\/company\/colab-puc-minas","https:\/\/www.youtube.com\/channel\/UC14mKIqnnGCOgVr4DG6FPkA"]}]}},"amp_enabled":true,"_links":{"self":[{"href":"https:\/\/blogfca.pucminas.br\/colab\/wp-json\/wp\/v2\/pages\/21383","targetHints":{"allow":["GET"]}}],"collection":[{"href":"https:\/\/blogfca.pucminas.br\/colab\/wp-json\/wp\/v2\/pages"}],"about":[{"href":"https:\/\/blogfca.pucminas.br\/colab\/wp-json\/wp\/v2\/types\/page"}],"author":[{"embeddable":true,"href":"https:\/\/blogfca.pucminas.br\/colab\/wp-json\/wp\/v2\/users\/3"}],"replies":[{"embeddable":true,"href":"https:\/\/blogfca.pucminas.br\/colab\/wp-json\/wp\/v2\/comments?post=21383"}],"version-history":[{"count":19,"href":"https:\/\/blogfca.pucminas.br\/colab\/wp-json\/wp\/v2\/pages\/21383\/revisions"}],"predecessor-version":[{"id":28370,"href":"https:\/\/blogfca.pucminas.br\/colab\/wp-json\/wp\/v2\/pages\/21383\/revisions\/28370"}],"wp:attachment":[{"href":"https:\/\/blogfca.pucminas.br\/colab\/wp-json\/wp\/v2\/media?parent=21383"}],"curies":[{"name":"wp","href":"https:\/\/api.w.org\/{rel}","templated":true}]}}