{"id":14,"date":"2020-02-07T16:37:00","date_gmt":"2020-02-07T19:37:00","guid":{"rendered":"http:\/\/www1.fca.pucminas.br\/colab\/?page_id=14"},"modified":"2025-08-05T17:51:08","modified_gmt":"2025-08-05T20:51:08","slug":"quem-somos","status":"publish","type":"page","link":"https:\/\/blogfca.pucminas.br\/colab\/quem-somos\/","title":{"rendered":"Quem somos"},"content":{"rendered":"\n<p>O Colab \u00e9 o portal de conte\u00fados do <strong>Laborat\u00f3rio de Comunica\u00e7\u00e3o Digital<\/strong> da Faculdade de Comunica\u00e7\u00e3o e Artes da Pontif\u00edcia Universidade Cat\u00f3lica de Minas Gerais (FCA \/ PUC Minas).<\/p>\n\n\n\n<p>Nosso objetivo \u00e9 reunir a produ\u00e7\u00e3o discente dos cursos de Cinema, Jornalismo, Publicidade &amp; Propaganda e Rela\u00e7\u00f5es P\u00fablicas, tendo o jornalismo como \u00e2ncora de produ\u00e7\u00e3o original.<\/p>\n\n\n\n<p>Queremos integrar a\u00e7\u00f5es e produtos da Faculdade, seus cursos e atividades, al\u00e9m de abrir espa\u00e7os de experimenta\u00e7\u00e3o em um ambiente colaborativo e digital.<\/p>\n\n\n\n<h2 class=\"wp-block-heading\">Equipe<\/h2>\n\n\n\n<h3 class=\"wp-block-heading\">Professoras respons\u00e1veis:<\/h3>\n\n\n\n<ul class=\"wp-block-list\">\n<li>Dulce Albarez (Design Gr\u00e1fico)<\/li>\n\n\n\n<li>Fernanda Nalon Sanglard (<em>campus<\/em> S\u00e3o Gabriel)<\/li>\n\n\n\n<li>Ver\u00f4nica Soares da Costa (<em>campus<\/em> Cora\u00e7\u00e3o Eucar\u00edstico)<\/li>\n\n\n\n<li>Get\u00falio Neuremberg de Faria T\u00e1vora (<em>campi<\/em> S\u00e3o Gabriel e Cora\u00e7\u00e3o Eucar\u00edstico) <\/li>\n<\/ul>\n\n\n\n<h3 class=\"wp-block-heading\">Monitoria Cora\u00e7\u00e3o Eucar\u00edstico:<\/h3>\n\n\n\n<ul class=\"wp-block-list\">\n<li>Bruna Luiza Lelis Sarnaglia (4\u00b0 per\u00edodo)<\/li>\n\n\n\n<li>Jo\u00e3o Pedro Guido de Freitas (4\u00b0 per\u00edodo)<\/li>\n\n\n\n<li>Cairo William Machado (4\u00b0 per\u00edodo)<\/li>\n\n\n\n<li>Ian Lu\u00edz Almeida de Oliveira Lima (4\u00b0 per\u00edodo)<\/li>\n\n\n\n<li>Arthur de Pinho Tavares (4\u00b0 per\u00edodo)<\/li>\n\n\n\n<li>Jo\u00e3o Paulo Profeta Lopes Passos (4\u00b0 per\u00edodo)<\/li>\n\n\n\n<li>Luana Caddar de Paula Martins (4\u00b0 per\u00edodo)<\/li>\n\n\n\n<li>Isabella Caroline da Silva (3\u00b0 per\u00edodo)<\/li>\n\n\n\n<li>Yago Rabello Marques (4\u00b0 per\u00edodo)<\/li>\n<\/ul>\n\n\n\n<h3 class=\"wp-block-heading\">Monitoria S\u00e3o Gabriel:<\/h3>\n\n\n\n<ul class=\"wp-block-list\">\n<li>Mariana Brand\u00e3o, 4\u00b0 per\u00edodo de Jornalismo<\/li>\n\n\n\n<li>Karenn Rodrigues, 4\u00b0 per\u00edodo de Jornalismo<\/li>\n\n\n\n<li>Jo\u00e3o Augusto, 4\u00b0 per\u00edodo de Jornalismo<\/li>\n<\/ul>\n\n\n\n<h4 class=\"wp-block-heading\">Eu tamb\u00e9m j\u00e1 fui Colab!<\/h4>\n\n\n\n<ul class=\"wp-block-list\">\n<li>J\u00falia Dara Lopes Vieira (fev 2020 a dez 2020)<\/li>\n\n\n\n<li>Maria Cec\u00edlia de Carvalho Bas\u00edlio (fev 2020 a dez 2020)<\/li>\n\n\n\n<li>Pedro Alves (fev 2021 a mar 2021)<\/li>\n\n\n\n<li>Laura Peixoto (fev 2021 a jun 2021)<\/li>\n\n\n\n<li>M\u00e1rcio V\u00edtor Silva Pereira (fev 2021 a jun 2021)<\/li>\n\n\n\n<li>Sarah Rabelo (fev 2021 a jun 2021)<\/li>\n\n\n\n<li>Stela Cambraia (fev 2021 a jun 2021)<\/li>\n\n\n\n<li>Anna Lu\u00edsa Peixoto Bracarence de Magalh\u00e3es (fev 2021 a jun 2021)<\/li>\n\n\n\n<li>B\u00e1rbara de Paula dos Santos Bento (fev 2021 a jun 2021)<\/li>\n\n\n\n<li>Isabela Cristina de Souza Lana (fev 2021 a jun 2021)<\/li>\n\n\n\n<li>Arthur Bacelar (fev 2021 a dez 2021)<\/li>\n\n\n\n<li>Dara Carolina Ferreira Russo (ago 2021 a dez 2021)<\/li>\n\n\n\n<li>Julia Marques dos Santos (ago 2021 a dez 2021)<\/li>\n\n\n\n<li>Luiz Carlos Rodrigues Fernandes (ago 2021 a dez 2021)<\/li>\n\n\n\n<li>Pedro Paulo Rocha Moreira (out 2021 a jun 2022<\/li>\n\n\n\n<li>B\u00e1rbara da Cunha de Faria (ago 2021 a jun 2022)<\/li>\n\n\n\n<li>Helena Fernandes Tomaz (ago 2021 a dez 2022)<\/li>\n\n\n\n<li>Isadora Pimenta (fev 2022 a dez 2022)<\/li>\n\n\n\n<li>Wilson Saraiva (fev 2022 a dez 2022)<\/li>\n\n\n\n<li>Fernanda Bertollini (jan 2021 &#8211; dez 2022)<\/li>\n\n\n\n<li>Giovanna Minarrini (ago 2021 jun 2023)<\/li>\n\n\n\n<li>Isabella Alvim de Amorim (fev 2020 &#8211; dez 2022)<\/li>\n\n\n\n<li>Maria Luisa Rabello (ago 2020 a dez 2022)<\/li>\n\n\n\n<li>Marianna Ferry (ago 2021 a dez 2022)<\/li>\n\n\n\n<li>Tainara Diule Cordeiro Martins (ago 2019 a fev 2022)<\/li>\n\n\n\n<li>Anna Luiza Paim (fev 2022 a jun 2023)<\/li>\n\n\n\n<li>Giovanna de Souza Almeida Silva (Ago 2021 a Jul 2023)<\/li>\n\n\n\n<li>Carolina Chaves Molck (ago 2022 a jun 2023)<\/li>\n\n\n\n<li>Isis Grazielle Ant\u00f4nio da Silva (fev 2023 a jun 2023)<\/li>\n\n\n\n<li>Danilo Valadares Campos Mota (fev 2023 a jun 2023)<\/li>\n\n\n\n<li>Davison Henrique Silva <\/li>\n\n\n\n<li>Felipe de Paula<\/li>\n\n\n\n<li>Gabrielly Ribeiro<\/li>\n\n\n\n<li>Jo\u00e3o Augusto Souto e Silva<\/li>\n\n\n\n<li>La\u00eds Kristine Marques Santos<\/li>\n\n\n\n<li>Marcela Calixto da Silva<\/li>\n\n\n\n<li>Arthur Corr\u00eaa Camarano (Fev 2023 a Mai 2024)<\/li>\n\n\n\n<li>Filipe de Souza Soares (Ago 2022 a Dez 2023)<\/li>\n\n\n\n<li>Gabriela Alves dos Reis Nascimento (Ago 2023 a Jun 2024)<\/li>\n\n\n\n<li>Izabelly Carolina Silva Rigueira (Ago 2022 a Ago 2023)<\/li>\n\n\n\n<li>Lorena Ara\u00fajo Marcelino (Fev 2023 a Dez 2023)<\/li>\n\n\n\n<li>Ana Clara Torres Ribeiro Carmona (Fev 2024 a Dez 2024)<\/li>\n\n\n\n<li>Gabriel Arlindo Costa Soares (Fev 2024 a Set 204)<\/li>\n\n\n\n<li>Jo\u00e3o Vitor Rangel (Mai 2024 a Dez 2024)<\/li>\n\n\n\n<li>Mariele Vit\u00f3ria Furtado Ferreira (Fev 2024 a Nov 2024)<\/li>\n\n\n\n<li>Bernardo Batista Alves (Fev 2024 a Mar 2025)<\/li>\n\n\n\n<li>Marina Vianna da Costa Saddi Bezerra (Set 2024 a Mai 2025)<\/li>\n\n\n\n<li>Rayssa Moura Diniz (Fev 2024 a Jul 2025)<\/li>\n<\/ul>\n","protected":false},"excerpt":{"rendered":"<p>O Colab \u00e9 o portal de conte\u00fados do Laborat\u00f3rio de Comunica\u00e7\u00e3o Digital da Faculdade de Comunica\u00e7\u00e3o e Artes da Pontif\u00edcia Universidade Cat\u00f3lica de Minas Gerais (FCA \/ PUC Minas). Nosso objetivo \u00e9 reunir a produ\u00e7\u00e3o discente dos cursos de Cinema, Jornalismo, Publicidade &amp; Propaganda e Rela\u00e7\u00f5es P\u00fablicas, tendo o jornalismo como \u00e2ncora de produ\u00e7\u00e3o original. [&hellip;]<\/p>\n","protected":false},"author":7,"featured_media":0,"parent":0,"menu_order":0,"comment_status":"closed","ping_status":"closed","template":"","meta":{"_eb_attr":"","ngg_post_thumbnail":0,"footnotes":""},"class_list":["post-14","page","type-page","status-publish","hentry"],"yoast_head":"<!-- This site is optimized with the Yoast SEO plugin v27.4 - https:\/\/yoast.com\/product\/yoast-seo-wordpress\/ -->\n<title>Quem somos - Colab<\/title>\n<meta name=\"robots\" content=\"index, follow, max-snippet:-1, max-image-preview:large, max-video-preview:-1\" \/>\n<link rel=\"canonical\" href=\"https:\/\/blogfca.pucminas.br\/colab\/quem-somos\/\" \/>\n<meta property=\"og:locale\" content=\"pt_BR\" \/>\n<meta property=\"og:type\" content=\"article\" \/>\n<meta property=\"og:title\" content=\"Quem somos - Colab\" \/>\n<meta property=\"og:description\" content=\"O Colab \u00e9 o portal de conte\u00fados do Laborat\u00f3rio de Comunica\u00e7\u00e3o Digital da Faculdade de Comunica\u00e7\u00e3o e Artes da Pontif\u00edcia Universidade Cat\u00f3lica de Minas Gerais (FCA \/ PUC Minas). Nosso objetivo \u00e9 reunir a produ\u00e7\u00e3o discente dos cursos de Cinema, Jornalismo, Publicidade &amp; Propaganda e Rela\u00e7\u00f5es P\u00fablicas, tendo o jornalismo como \u00e2ncora de produ\u00e7\u00e3o original. [&hellip;]\" \/>\n<meta property=\"og:url\" content=\"https:\/\/blogfca.pucminas.br\/colab\/quem-somos\/\" \/>\n<meta property=\"og:site_name\" content=\"Colab\" \/>\n<meta property=\"article:publisher\" content=\"https:\/\/www.facebook.com\/colabpucminas\" \/>\n<meta property=\"article:modified_time\" content=\"2025-08-05T20:51:08+00:00\" \/>\n<meta name=\"twitter:card\" content=\"summary_large_image\" \/>\n<meta name=\"twitter:site\" content=\"@colabpucminas\" \/>\n<meta name=\"twitter:label1\" content=\"Est. tempo de leitura\" \/>\n\t<meta name=\"twitter:data1\" content=\"4 minutos\" \/>\n<script type=\"application\/ld+json\" class=\"yoast-schema-graph\">{\"@context\":\"https:\\\/\\\/schema.org\",\"@graph\":[{\"@type\":\"WebPage\",\"@id\":\"https:\\\/\\\/blogfca.pucminas.br\\\/colab\\\/quem-somos\\\/\",\"url\":\"https:\\\/\\\/blogfca.pucminas.br\\\/colab\\\/quem-somos\\\/\",\"name\":\"Quem somos - Colab\",\"isPartOf\":{\"@id\":\"https:\\\/\\\/blogfca.pucminas.br\\\/colab\\\/#website\"},\"datePublished\":\"2020-02-07T19:37:00+00:00\",\"dateModified\":\"2025-08-05T20:51:08+00:00\",\"breadcrumb\":{\"@id\":\"https:\\\/\\\/blogfca.pucminas.br\\\/colab\\\/quem-somos\\\/#breadcrumb\"},\"inLanguage\":\"pt-BR\",\"potentialAction\":[{\"@type\":\"ReadAction\",\"target\":[\"https:\\\/\\\/blogfca.pucminas.br\\\/colab\\\/quem-somos\\\/\"]}]},{\"@type\":\"BreadcrumbList\",\"@id\":\"https:\\\/\\\/blogfca.pucminas.br\\\/colab\\\/quem-somos\\\/#breadcrumb\",\"itemListElement\":[{\"@type\":\"ListItem\",\"position\":1,\"name\":\"In\u00edcio\",\"item\":\"https:\\\/\\\/blogfca.pucminas.br\\\/colab\\\/\"},{\"@type\":\"ListItem\",\"position\":2,\"name\":\"Quem somos\"}]},{\"@type\":\"WebSite\",\"@id\":\"https:\\\/\\\/blogfca.pucminas.br\\\/colab\\\/#website\",\"url\":\"https:\\\/\\\/blogfca.pucminas.br\\\/colab\\\/\",\"name\":\"Colab\",\"description\":\"Experimenta\u00e7\u00e3o, conte\u00fado e colabora\u00e7\u00e3o em Jornalismo Digital\",\"publisher\":{\"@id\":\"https:\\\/\\\/blogfca.pucminas.br\\\/colab\\\/#organization\"},\"potentialAction\":[{\"@type\":\"SearchAction\",\"target\":{\"@type\":\"EntryPoint\",\"urlTemplate\":\"https:\\\/\\\/blogfca.pucminas.br\\\/colab\\\/?s={search_term_string}\"},\"query-input\":{\"@type\":\"PropertyValueSpecification\",\"valueRequired\":true,\"valueName\":\"search_term_string\"}}],\"inLanguage\":\"pt-BR\"},{\"@type\":\"Organization\",\"@id\":\"https:\\\/\\\/blogfca.pucminas.br\\\/colab\\\/#organization\",\"name\":\"Colab :: Laborat\u00f3rio de Comunica\u00e7\u00e3o Digital da FCA \\\/ PUC Minas\",\"url\":\"https:\\\/\\\/blogfca.pucminas.br\\\/colab\\\/\",\"logo\":{\"@type\":\"ImageObject\",\"inLanguage\":\"pt-BR\",\"@id\":\"https:\\\/\\\/blogfca.pucminas.br\\\/colab\\\/#\\\/schema\\\/logo\\\/image\\\/\",\"url\":\"https:\\\/\\\/blogfca.pucminas.br\\\/colab\\\/wp-content\\\/uploads\\\/2020\\\/03\\\/Avatar-Colab.jpg\",\"contentUrl\":\"https:\\\/\\\/blogfca.pucminas.br\\\/colab\\\/wp-content\\\/uploads\\\/2020\\\/03\\\/Avatar-Colab.jpg\",\"width\":1682,\"height\":1682,\"caption\":\"Colab :: Laborat\u00f3rio de Comunica\u00e7\u00e3o Digital da FCA \\\/ PUC Minas\"},\"image\":{\"@id\":\"https:\\\/\\\/blogfca.pucminas.br\\\/colab\\\/#\\\/schema\\\/logo\\\/image\\\/\"},\"sameAs\":[\"https:\\\/\\\/www.facebook.com\\\/colabpucminas\",\"https:\\\/\\\/x.com\\\/colabpucminas\",\"https:\\\/\\\/www.instagram.com\\\/colabpucminas\\\/\",\"https:\\\/\\\/www.linkedin.com\\\/company\\\/colab-puc-minas\",\"https:\\\/\\\/www.youtube.com\\\/channel\\\/UC14mKIqnnGCOgVr4DG6FPkA\"]}]}<\/script>\n<!-- \/ Yoast SEO plugin. -->","yoast_head_json":{"title":"Quem somos - Colab","robots":{"index":"index","follow":"follow","max-snippet":"max-snippet:-1","max-image-preview":"max-image-preview:large","max-video-preview":"max-video-preview:-1"},"canonical":"https:\/\/blogfca.pucminas.br\/colab\/quem-somos\/","og_locale":"pt_BR","og_type":"article","og_title":"Quem somos - Colab","og_description":"O Colab \u00e9 o portal de conte\u00fados do Laborat\u00f3rio de Comunica\u00e7\u00e3o Digital da Faculdade de Comunica\u00e7\u00e3o e Artes da Pontif\u00edcia Universidade Cat\u00f3lica de Minas Gerais (FCA \/ PUC Minas). Nosso objetivo \u00e9 reunir a produ\u00e7\u00e3o discente dos cursos de Cinema, Jornalismo, Publicidade &amp; Propaganda e Rela\u00e7\u00f5es P\u00fablicas, tendo o jornalismo como \u00e2ncora de produ\u00e7\u00e3o original. [&hellip;]","og_url":"https:\/\/blogfca.pucminas.br\/colab\/quem-somos\/","og_site_name":"Colab","article_publisher":"https:\/\/www.facebook.com\/colabpucminas","article_modified_time":"2025-08-05T20:51:08+00:00","twitter_card":"summary_large_image","twitter_site":"@colabpucminas","twitter_misc":{"Est. tempo de leitura":"4 minutos"},"schema":{"@context":"https:\/\/schema.org","@graph":[{"@type":"WebPage","@id":"https:\/\/blogfca.pucminas.br\/colab\/quem-somos\/","url":"https:\/\/blogfca.pucminas.br\/colab\/quem-somos\/","name":"Quem somos - Colab","isPartOf":{"@id":"https:\/\/blogfca.pucminas.br\/colab\/#website"},"datePublished":"2020-02-07T19:37:00+00:00","dateModified":"2025-08-05T20:51:08+00:00","breadcrumb":{"@id":"https:\/\/blogfca.pucminas.br\/colab\/quem-somos\/#breadcrumb"},"inLanguage":"pt-BR","potentialAction":[{"@type":"ReadAction","target":["https:\/\/blogfca.pucminas.br\/colab\/quem-somos\/"]}]},{"@type":"BreadcrumbList","@id":"https:\/\/blogfca.pucminas.br\/colab\/quem-somos\/#breadcrumb","itemListElement":[{"@type":"ListItem","position":1,"name":"In\u00edcio","item":"https:\/\/blogfca.pucminas.br\/colab\/"},{"@type":"ListItem","position":2,"name":"Quem somos"}]},{"@type":"WebSite","@id":"https:\/\/blogfca.pucminas.br\/colab\/#website","url":"https:\/\/blogfca.pucminas.br\/colab\/","name":"Colab","description":"Experimenta\u00e7\u00e3o, conte\u00fado e colabora\u00e7\u00e3o em Jornalismo Digital","publisher":{"@id":"https:\/\/blogfca.pucminas.br\/colab\/#organization"},"potentialAction":[{"@type":"SearchAction","target":{"@type":"EntryPoint","urlTemplate":"https:\/\/blogfca.pucminas.br\/colab\/?s={search_term_string}"},"query-input":{"@type":"PropertyValueSpecification","valueRequired":true,"valueName":"search_term_string"}}],"inLanguage":"pt-BR"},{"@type":"Organization","@id":"https:\/\/blogfca.pucminas.br\/colab\/#organization","name":"Colab :: Laborat\u00f3rio de Comunica\u00e7\u00e3o Digital da FCA \/ PUC Minas","url":"https:\/\/blogfca.pucminas.br\/colab\/","logo":{"@type":"ImageObject","inLanguage":"pt-BR","@id":"https:\/\/blogfca.pucminas.br\/colab\/#\/schema\/logo\/image\/","url":"https:\/\/blogfca.pucminas.br\/colab\/wp-content\/uploads\/2020\/03\/Avatar-Colab.jpg","contentUrl":"https:\/\/blogfca.pucminas.br\/colab\/wp-content\/uploads\/2020\/03\/Avatar-Colab.jpg","width":1682,"height":1682,"caption":"Colab :: Laborat\u00f3rio de Comunica\u00e7\u00e3o Digital da FCA \/ PUC Minas"},"image":{"@id":"https:\/\/blogfca.pucminas.br\/colab\/#\/schema\/logo\/image\/"},"sameAs":["https:\/\/www.facebook.com\/colabpucminas","https:\/\/x.com\/colabpucminas","https:\/\/www.instagram.com\/colabpucminas\/","https:\/\/www.linkedin.com\/company\/colab-puc-minas","https:\/\/www.youtube.com\/channel\/UC14mKIqnnGCOgVr4DG6FPkA"]}]}},"amp_enabled":true,"_links":{"self":[{"href":"https:\/\/blogfca.pucminas.br\/colab\/wp-json\/wp\/v2\/pages\/14","targetHints":{"allow":["GET"]}}],"collection":[{"href":"https:\/\/blogfca.pucminas.br\/colab\/wp-json\/wp\/v2\/pages"}],"about":[{"href":"https:\/\/blogfca.pucminas.br\/colab\/wp-json\/wp\/v2\/types\/page"}],"author":[{"embeddable":true,"href":"https:\/\/blogfca.pucminas.br\/colab\/wp-json\/wp\/v2\/users\/7"}],"replies":[{"embeddable":true,"href":"https:\/\/blogfca.pucminas.br\/colab\/wp-json\/wp\/v2\/comments?post=14"}],"version-history":[{"count":19,"href":"https:\/\/blogfca.pucminas.br\/colab\/wp-json\/wp\/v2\/pages\/14\/revisions"}],"predecessor-version":[{"id":23760,"href":"https:\/\/blogfca.pucminas.br\/colab\/wp-json\/wp\/v2\/pages\/14\/revisions\/23760"}],"wp:attachment":[{"href":"https:\/\/blogfca.pucminas.br\/colab\/wp-json\/wp\/v2\/media?parent=14"}],"curies":[{"name":"wp","href":"https:\/\/api.w.org\/{rel}","templated":true}]}}