{"id":800,"date":"2016-11-03T15:07:22","date_gmt":"2016-11-03T15:07:22","guid":{"rendered":"http:\/\/ccmpucminas.com\/?page_id=800"},"modified":"2016-11-03T15:07:22","modified_gmt":"2016-11-03T15:07:22","slug":"quem-matou-eloa-feminicidio-e-violencia-midiatica","status":"publish","type":"page","link":"https:\/\/blogfca.pucminas.br\/ccm\/quem-matou-eloa-feminicidio-e-violencia-midiatica\/","title":{"rendered":"\u201cQuem matou Elo\u00e1?\u201d: feminic\u00eddio e viol\u00eancia midi\u00e1tica"},"content":{"rendered":"<p style=\"text-align:justify;\">Referenciado como \u201c<a href=\"http:\/\/www.cartacapital.com.br\/revista\/909\/entre-o-amor-e-a-morte\">crime de amor<\/a>\u201d pelos principais ve\u00edculos de comunica\u00e7\u00e3o do pa\u00eds, o assassinato de Elo\u00e1 Cristina Pimentel e a cobertura midi\u00e1tica dele s\u00e3o recuperados, agora, criticamente, no document\u00e1rio de L\u00edvia Perez. O objetivo do filme &#8220;<em>Quem matou Elo\u00e1?&#8221;<\/em>\u00a0\u00e9 discutir a naturaliza\u00e7\u00e3o social da viol\u00eancia contra a mulher.<\/p>\n<p style=\"text-align:justify;\">Elo\u00e1 foi mantida presa durante 100 horas por seu ex-namorado, Lindemberg Alves, de 22 anos. Tudo foi transmitido ininterruptamente por diversas emissoras de TV. No dia 17 de outubro, o epis\u00f3dio culminou com a morte da garota, de apenas 15 anos de idade.<\/p>\n<p style=\"text-align:justify;\">Oito anos depois, os entrevistados Ana Paula Lewin,\u00a0Analba Teixeira,\u00a0Augusto Rossini, Elisa Gargiulo e\u00a0Esther Hamburger ficam diante, novamente, das cenas que mobilizaram o pa\u00eds durante 5 dias. Eles apresentam reflex\u00f5es que problematizam a viol\u00eancia contra a mulher e o machismo impregnado nas narrativas engendradas pela m\u00eddia.<\/p>\n<p style=\"text-align:justify;\">Em entrevista \u00e0 revista Carta Capital, a diretora do filme afirma que \u201ca imprensa n\u00e3o s\u00f3 noticiou como explorou intensamente o sequestro na \u00e2nsia de conseguir um furo. Praticamente todas as tev\u00eas abertas e os principais jornais do estado entrevistaram o sequestrador durante o crime. Alguns deles o fizeram ao vivo com jornalistas e rep\u00f3rteres se posicionando como negociadores\u201d. Segundo Perez, ainda em declara\u00e7\u00e3o \u00e0 Carta Capital, a cobertura foi abusiva, \u201cpois o feminic\u00eddio \u00e9 um problema muito s\u00e9rio no Brasil que \u00e9 o quinto pa\u00eds que mais mata mulheres no mundo e, apesar de a imprensa explorar intensamente o crime, n\u00e3o o discutiu de forma s\u00e9ria\u201d.<\/p>\n<p style=\"text-align:justify;\">Leia a entrevista na \u00edntegra em:\u00a0<a href=\"http:\/\/www.cartacapital.com.br\/sociedade\/quem-matou-eloa-a-midia-e-a-violencia-contra-a-mulhe\">http:\/\/www.cartacapital.com.br\/sociedade\/quem-matou-eloa-a-midia-e-a-violencia-contra-a-mulhe\u00a0<\/a><\/p>\n<p style=\"text-align:left;\"><strong>O filme completo pode ser assistido em<\/strong>:\u00a0http:\/\/portacurtas.org.br\/filme\/?name=quem_matou_eloa<\/p>\n<p style=\"text-align:justify;\">PARA SABER MAIS<\/p>\n<p><iframe loading=\"lazy\" width=\"700\" height=\"394\" src=\"https:\/\/www.youtube.com\/embed\/uY35iu1rX_Q?feature=oembed\" frameborder=\"0\" allowfullscreen><\/iframe><\/p>\n<p>&nbsp;<\/p>\n<p><strong>Juliana Gusman\u00a0<\/strong>\u00e9 graduanda do curso de jornalismo da PUC Minas. \u00c9 membro do grupo de pesquisa M\u00eddia e Narrativa e monitora do Centro de Cr\u00edtica da M\u00eddia.<\/p>\n<p>&nbsp;<\/p>\n","protected":false},"excerpt":{"rendered":"<p>Referenciado como \u201ccrime de amor\u201d pelos principais ve\u00edculos de comunica\u00e7\u00e3o do pa\u00eds, o assassinato de Elo\u00e1 Cristina Pimentel e a cobertura midi\u00e1tica dele s\u00e3o recuperados, agora, criticamente, no document\u00e1rio de L\u00edvia Perez. O objetivo do filme &#8220;Quem matou Elo\u00e1?&#8221;\u00a0\u00e9 discutir a naturaliza\u00e7\u00e3o social da viol\u00eancia contra a mulher. Elo\u00e1 foi mantida presa durante 100 horas&hellip;<\/p>\n","protected":false},"author":16,"featured_media":0,"parent":0,"menu_order":0,"comment_status":"closed","ping_status":"closed","template":"","meta":{"footnotes":""},"class_list":["post-800","page","type-page","status-publish","hentry"],"yoast_head":"<!-- This site is optimized with the Yoast SEO plugin v27.2 - https:\/\/yoast.com\/product\/yoast-seo-wordpress\/ -->\n<title>\u201cQuem matou Elo\u00e1?\u201d: feminic\u00eddio e viol\u00eancia midi\u00e1tica - Centro de Cr\u00edtica Da M\u00eddia<\/title>\n<meta name=\"robots\" content=\"index, follow, max-snippet:-1, max-image-preview:large, max-video-preview:-1\" \/>\n<link rel=\"canonical\" href=\"https:\/\/blogfca.pucminas.br\/ccm\/quem-matou-eloa-feminicidio-e-violencia-midiatica\/\" \/>\n<meta property=\"og:locale\" content=\"pt_BR\" \/>\n<meta property=\"og:type\" content=\"article\" \/>\n<meta property=\"og:title\" content=\"\u201cQuem matou Elo\u00e1?\u201d: feminic\u00eddio e viol\u00eancia midi\u00e1tica - Centro de Cr\u00edtica Da M\u00eddia\" \/>\n<meta property=\"og:description\" content=\"Referenciado como \u201ccrime de amor\u201d pelos principais ve\u00edculos de comunica\u00e7\u00e3o do pa\u00eds, o assassinato de Elo\u00e1 Cristina Pimentel e a cobertura midi\u00e1tica dele s\u00e3o recuperados, agora, criticamente, no document\u00e1rio de L\u00edvia Perez. O objetivo do filme &#8220;Quem matou Elo\u00e1?&#8221;\u00a0\u00e9 discutir a naturaliza\u00e7\u00e3o social da viol\u00eancia contra a mulher. Elo\u00e1 foi mantida presa durante 100 horas&hellip;\" \/>\n<meta property=\"og:url\" content=\"https:\/\/blogfca.pucminas.br\/ccm\/quem-matou-eloa-feminicidio-e-violencia-midiatica\/\" \/>\n<meta property=\"og:site_name\" content=\"Centro de Cr\u00edtica Da M\u00eddia\" \/>\n<meta property=\"article:publisher\" content=\"https:\/\/www.facebook.com\/ccmpucminas\/?ref=settings\" \/>\n<meta name=\"twitter:card\" content=\"summary_large_image\" \/>\n<meta name=\"twitter:site\" content=\"@ccmpucminas\" \/>\n<meta name=\"twitter:label1\" content=\"Est. tempo de leitura\" \/>\n\t<meta name=\"twitter:data1\" content=\"2 minutos\" \/>\n<script type=\"application\/ld+json\" class=\"yoast-schema-graph\">{\"@context\":\"https:\/\/schema.org\",\"@graph\":[{\"@type\":\"WebPage\",\"@id\":\"https:\/\/blogfca.pucminas.br\/ccm\/quem-matou-eloa-feminicidio-e-violencia-midiatica\/\",\"url\":\"https:\/\/blogfca.pucminas.br\/ccm\/quem-matou-eloa-feminicidio-e-violencia-midiatica\/\",\"name\":\"\u201cQuem matou Elo\u00e1?\u201d: feminic\u00eddio e viol\u00eancia midi\u00e1tica - Centro de Cr\u00edtica Da M\u00eddia\",\"isPartOf\":{\"@id\":\"https:\/\/blogfca.pucminas.br\/ccm\/#website\"},\"datePublished\":\"2016-11-03T15:07:22+00:00\",\"breadcrumb\":{\"@id\":\"https:\/\/blogfca.pucminas.br\/ccm\/quem-matou-eloa-feminicidio-e-violencia-midiatica\/#breadcrumb\"},\"inLanguage\":\"pt-BR\",\"potentialAction\":[{\"@type\":\"ReadAction\",\"target\":[\"https:\/\/blogfca.pucminas.br\/ccm\/quem-matou-eloa-feminicidio-e-violencia-midiatica\/\"]}]},{\"@type\":\"BreadcrumbList\",\"@id\":\"https:\/\/blogfca.pucminas.br\/ccm\/quem-matou-eloa-feminicidio-e-violencia-midiatica\/#breadcrumb\",\"itemListElement\":[{\"@type\":\"ListItem\",\"position\":1,\"name\":\"Home\",\"item\":\"https:\/\/blogfca.pucminas.br\/ccm\/\"},{\"@type\":\"ListItem\",\"position\":2,\"name\":\"\u201cQuem matou Elo\u00e1?\u201d: feminic\u00eddio e viol\u00eancia midi\u00e1tica\"}]},{\"@type\":\"WebSite\",\"@id\":\"https:\/\/blogfca.pucminas.br\/ccm\/#website\",\"url\":\"https:\/\/blogfca.pucminas.br\/ccm\/\",\"name\":\"Centro de Cr\u00edtica da M\u00eddia\",\"description\":\"\",\"publisher\":{\"@id\":\"https:\/\/blogfca.pucminas.br\/ccm\/#organization\"},\"potentialAction\":[{\"@type\":\"SearchAction\",\"target\":{\"@type\":\"EntryPoint\",\"urlTemplate\":\"https:\/\/blogfca.pucminas.br\/ccm\/?s={search_term_string}\"},\"query-input\":{\"@type\":\"PropertyValueSpecification\",\"valueRequired\":true,\"valueName\":\"search_term_string\"}}],\"inLanguage\":\"pt-BR\"},{\"@type\":\"Organization\",\"@id\":\"https:\/\/blogfca.pucminas.br\/ccm\/#organization\",\"name\":\"Centro de Cirtica da M\u00eddia\",\"url\":\"https:\/\/blogfca.pucminas.br\/ccm\/\",\"logo\":{\"@type\":\"ImageObject\",\"inLanguage\":\"pt-BR\",\"@id\":\"https:\/\/blogfca.pucminas.br\/ccm\/#\/schema\/logo\/image\/\",\"url\":\"https:\/\/blogfca.pucminas.br\/ccm\/wp-content\/uploads\/2016\/11\/logo-ccm-preto.png\",\"contentUrl\":\"https:\/\/blogfca.pucminas.br\/ccm\/wp-content\/uploads\/2016\/11\/logo-ccm-preto.png\",\"width\":1191,\"height\":842,\"caption\":\"Centro de Cirtica da M\u00eddia\"},\"image\":{\"@id\":\"https:\/\/blogfca.pucminas.br\/ccm\/#\/schema\/logo\/image\/\"},\"sameAs\":[\"https:\/\/www.facebook.com\/ccmpucminas\/?ref=settings\",\"https:\/\/x.com\/ccmpucminas\",\"https:\/\/www.instagram.com\/ccmpucminas\/?hl=pt-br\",\"https:\/\/www.youtube.com\/channel\/UCpKbhzfoQXgXVhkWlxSuW2w\"]}]}<\/script>\n<!-- \/ Yoast SEO plugin. -->","yoast_head_json":{"title":"\u201cQuem matou Elo\u00e1?\u201d: feminic\u00eddio e viol\u00eancia midi\u00e1tica - Centro de Cr\u00edtica Da M\u00eddia","robots":{"index":"index","follow":"follow","max-snippet":"max-snippet:-1","max-image-preview":"max-image-preview:large","max-video-preview":"max-video-preview:-1"},"canonical":"https:\/\/blogfca.pucminas.br\/ccm\/quem-matou-eloa-feminicidio-e-violencia-midiatica\/","og_locale":"pt_BR","og_type":"article","og_title":"\u201cQuem matou Elo\u00e1?\u201d: feminic\u00eddio e viol\u00eancia midi\u00e1tica - Centro de Cr\u00edtica Da M\u00eddia","og_description":"Referenciado como \u201ccrime de amor\u201d pelos principais ve\u00edculos de comunica\u00e7\u00e3o do pa\u00eds, o assassinato de Elo\u00e1 Cristina Pimentel e a cobertura midi\u00e1tica dele s\u00e3o recuperados, agora, criticamente, no document\u00e1rio de L\u00edvia Perez. O objetivo do filme &#8220;Quem matou Elo\u00e1?&#8221;\u00a0\u00e9 discutir a naturaliza\u00e7\u00e3o social da viol\u00eancia contra a mulher. Elo\u00e1 foi mantida presa durante 100 horas&hellip;","og_url":"https:\/\/blogfca.pucminas.br\/ccm\/quem-matou-eloa-feminicidio-e-violencia-midiatica\/","og_site_name":"Centro de Cr\u00edtica Da M\u00eddia","article_publisher":"https:\/\/www.facebook.com\/ccmpucminas\/?ref=settings","twitter_card":"summary_large_image","twitter_site":"@ccmpucminas","twitter_misc":{"Est. tempo de leitura":"2 minutos"},"schema":{"@context":"https:\/\/schema.org","@graph":[{"@type":"WebPage","@id":"https:\/\/blogfca.pucminas.br\/ccm\/quem-matou-eloa-feminicidio-e-violencia-midiatica\/","url":"https:\/\/blogfca.pucminas.br\/ccm\/quem-matou-eloa-feminicidio-e-violencia-midiatica\/","name":"\u201cQuem matou Elo\u00e1?\u201d: feminic\u00eddio e viol\u00eancia midi\u00e1tica - Centro de Cr\u00edtica Da M\u00eddia","isPartOf":{"@id":"https:\/\/blogfca.pucminas.br\/ccm\/#website"},"datePublished":"2016-11-03T15:07:22+00:00","breadcrumb":{"@id":"https:\/\/blogfca.pucminas.br\/ccm\/quem-matou-eloa-feminicidio-e-violencia-midiatica\/#breadcrumb"},"inLanguage":"pt-BR","potentialAction":[{"@type":"ReadAction","target":["https:\/\/blogfca.pucminas.br\/ccm\/quem-matou-eloa-feminicidio-e-violencia-midiatica\/"]}]},{"@type":"BreadcrumbList","@id":"https:\/\/blogfca.pucminas.br\/ccm\/quem-matou-eloa-feminicidio-e-violencia-midiatica\/#breadcrumb","itemListElement":[{"@type":"ListItem","position":1,"name":"Home","item":"https:\/\/blogfca.pucminas.br\/ccm\/"},{"@type":"ListItem","position":2,"name":"\u201cQuem matou Elo\u00e1?\u201d: feminic\u00eddio e viol\u00eancia midi\u00e1tica"}]},{"@type":"WebSite","@id":"https:\/\/blogfca.pucminas.br\/ccm\/#website","url":"https:\/\/blogfca.pucminas.br\/ccm\/","name":"Centro de Cr\u00edtica da M\u00eddia","description":"","publisher":{"@id":"https:\/\/blogfca.pucminas.br\/ccm\/#organization"},"potentialAction":[{"@type":"SearchAction","target":{"@type":"EntryPoint","urlTemplate":"https:\/\/blogfca.pucminas.br\/ccm\/?s={search_term_string}"},"query-input":{"@type":"PropertyValueSpecification","valueRequired":true,"valueName":"search_term_string"}}],"inLanguage":"pt-BR"},{"@type":"Organization","@id":"https:\/\/blogfca.pucminas.br\/ccm\/#organization","name":"Centro de Cirtica da M\u00eddia","url":"https:\/\/blogfca.pucminas.br\/ccm\/","logo":{"@type":"ImageObject","inLanguage":"pt-BR","@id":"https:\/\/blogfca.pucminas.br\/ccm\/#\/schema\/logo\/image\/","url":"https:\/\/blogfca.pucminas.br\/ccm\/wp-content\/uploads\/2016\/11\/logo-ccm-preto.png","contentUrl":"https:\/\/blogfca.pucminas.br\/ccm\/wp-content\/uploads\/2016\/11\/logo-ccm-preto.png","width":1191,"height":842,"caption":"Centro de Cirtica da M\u00eddia"},"image":{"@id":"https:\/\/blogfca.pucminas.br\/ccm\/#\/schema\/logo\/image\/"},"sameAs":["https:\/\/www.facebook.com\/ccmpucminas\/?ref=settings","https:\/\/x.com\/ccmpucminas","https:\/\/www.instagram.com\/ccmpucminas\/?hl=pt-br","https:\/\/www.youtube.com\/channel\/UCpKbhzfoQXgXVhkWlxSuW2w"]}]}},"_links":{"self":[{"href":"https:\/\/blogfca.pucminas.br\/ccm\/wp-json\/wp\/v2\/pages\/800","targetHints":{"allow":["GET"]}}],"collection":[{"href":"https:\/\/blogfca.pucminas.br\/ccm\/wp-json\/wp\/v2\/pages"}],"about":[{"href":"https:\/\/blogfca.pucminas.br\/ccm\/wp-json\/wp\/v2\/types\/page"}],"author":[{"embeddable":true,"href":"https:\/\/blogfca.pucminas.br\/ccm\/wp-json\/wp\/v2\/users\/16"}],"replies":[{"embeddable":true,"href":"https:\/\/blogfca.pucminas.br\/ccm\/wp-json\/wp\/v2\/comments?post=800"}],"version-history":[{"count":0,"href":"https:\/\/blogfca.pucminas.br\/ccm\/wp-json\/wp\/v2\/pages\/800\/revisions"}],"wp:attachment":[{"href":"https:\/\/blogfca.pucminas.br\/ccm\/wp-json\/wp\/v2\/media?parent=800"}],"curies":[{"name":"wp","href":"https:\/\/api.w.org\/{rel}","templated":true}]}}