{"id":655,"date":"2016-09-16T17:22:36","date_gmt":"2016-09-16T17:22:36","guid":{"rendered":"http:\/\/ccmpucminas.com\/?page_id=655"},"modified":"2016-09-16T17:22:36","modified_gmt":"2016-09-16T17:22:36","slug":"seminario-mediacoes-criticas","status":"publish","type":"page","link":"https:\/\/blogfca.pucminas.br\/ccm\/seminario-mediacoes-criticas\/","title":{"rendered":"Semin\u00e1rio Media\u00e7\u00f5es Cr\u00edticas"},"content":{"rendered":"<p><img loading=\"lazy\" decoding=\"async\" class=\"alignnone size-full wp-image-648\" src=\"http:\/\/www1.fca.pucminas.br\/ccm\/wp-content\/uploads\/2016\/09\/seminario-12.png\" alt=\"seminario-12\" width=\"865\" height=\"587\" srcset=\"https:\/\/blogfca.pucminas.br\/ccm\/wp-content\/uploads\/2016\/09\/seminario-12.png 865w, https:\/\/blogfca.pucminas.br\/ccm\/wp-content\/uploads\/2016\/09\/seminario-12-300x204.png 300w, https:\/\/blogfca.pucminas.br\/ccm\/wp-content\/uploads\/2016\/09\/seminario-12-768x521.png 768w\" sizes=\"auto, (max-width: 865px) 100vw, 865px\" \/><\/p>\n<p>O grupo de pesquisa M\u00eddia e Narrativa realiza nos dias 27, 28 e 29 de setembro o seu V Semin\u00e1rio,\u00a0em parceira com o grupo MidiAto (USP). As inscri\u00e7\u00f5es\u00a0podem ser feitas no \u00a0site:<\/p>\n<p>www.midiaenarrativa.wordpress.com<\/p>\n<p>O semin\u00e1rio acontecer\u00e1 na PUC Minas Cora\u00e7\u00e3o Eucar\u00edstico, na sala multimeios do pr\u00e9dio 13.<\/p>\n<h2><strong>PROGRAMA\u00c7\u00c3O<\/strong><\/h2>\n<h3><\/h3>\n<h3><strong>27\/09 \u2013 TER\u00c7A-FEIRA<\/strong><\/h3>\n<p><strong>\u00a0<\/strong><\/p>\n<p><strong>ABERTURA: 18h30<\/strong><\/p>\n<p><strong>MESA 1: 19h<\/strong><\/p>\n<p><u>O lugar cr\u00edtico das fic\u00e7\u00f5es<\/u><\/p>\n<p><strong>Um <em>red team <\/em>para o telejornalismo: a metacr\u00edtica do seriado <em>Newsroom<\/em><\/strong><\/p>\n<p><em>Rosana de Lima Soares (USP)<\/em><\/p>\n<p><em>Ivan Paganotti (USP)<\/em><strong>\u00a0<\/strong><\/p>\n<p><strong>O encontro com o outro no cinema nacional: narrativas e problematiza\u00e7\u00f5es sobre a alteridade na fic\u00e7\u00e3o<\/strong><\/p>\n<p><em>C\u00edntia Liesenberg (USP)<\/em><\/p>\n<p><em>Eduardo Paschoal (USP)<\/em><\/p>\n<p><strong><em>Mr. Robot<\/em><\/strong><strong>, a ilus\u00e3o cibern\u00e9tica da figura do Outro<\/strong><\/p>\n<p><em>Gl\u00f3ria Gomide <\/em>(PUC Minas)<\/p>\n<p><em>Bruna Lapa<\/em> (PUC Minas)<\/p>\n<h3><strong>28\/09 \u2013 QUARTA-FEIRA<\/strong><\/h3>\n<p><strong>\u00a0<\/strong><\/p>\n<p><strong>MESA 2: 9h<\/strong><\/p>\n<p><u>A quest\u00e3o do Outro em narrativas jornal\u00edsticas<\/u><\/p>\n<p><strong>Cr\u00edtica da media\u00e7\u00e3o jornal\u00edstica em programa televisivo sobre sa\u00fade<\/strong><\/p>\n<p><em>Amanda Souza de Miranda (UFSC)<\/em><\/p>\n<p><em>Gislene Silva (UFSC)<\/em><strong>\u00a0<\/strong><\/p>\n<p><strong>O outro que (nos) fala: uma cr\u00edtica da media\u00e7\u00e3o da periferia pela imprensa estrangeira na crise pol\u00edtica de 2016<\/strong><\/p>\n<p><em>Felipe Polydoro (USP)<\/em><\/p>\n<p><em>Jos\u00e9 Augusto Lobato (USP)<\/em><\/p>\n<p><strong>Autofic\u00e7\u00e3o de Eliane Brum: do biogr\u00e1fico \u00e0 cr\u00edtica e \u00e0 reportagem<\/strong><\/p>\n<p><em>Marcio Serelle (PUC Minas)<\/em><\/p>\n<p><strong>MESA 3: 11h<\/strong><\/p>\n<p><u>Cidades mediadas<\/u><strong>\u00a0<\/strong><\/p>\n<p><strong>Cr\u00edtica de um retorno do real fant\u00e1stico<\/strong><\/p>\n<p><em>Andrea Limberto (USP)<\/em><\/p>\n<p><em>Fernanda Budag (USP)<\/em><\/p>\n<p><strong>Cr\u00edtica das media\u00e7\u00f5es na cobertura jornal\u00edstica sobre ocupa\u00e7\u00f5es do espa\u00e7o urbano e natural em Florian\u00f3polis<\/strong><\/p>\n<p><em>M\u00edriam Santini de Abreu (UFSC)<\/em><\/p>\n<p><strong>Uma outra media\u00e7\u00e3o: an\u00e1lise de \u201cMem\u00f3rias da vila\u201d, de Guilherme Cunha e Joana Tavares<\/strong><\/p>\n<p><em>J\u00fania Campos (PUC Minas)<\/em><\/p>\n<p><strong>MESA 4: 15h<\/strong><\/p>\n<p><u>Som, m\u00fasica e dan\u00e7a: media\u00e7\u00f5es est\u00e9ticas<\/u><strong>\u00a0<\/strong><\/p>\n<p><strong>Cinema, intermidialidade e valor de audi\u00e7\u00e3o no melodrama<\/strong><\/p>\n<p><em>Samuel Paiva (UFSCar)<\/em><\/p>\n<p><strong>O desarranjo do pop em Vira lata na via l\u00e1ctea, de Tom Z\u00e9: entre a resist\u00eancia e a reflex\u00e3o<\/strong><\/p>\n<p><em>Cl\u00e1udio Rodrigues Cora\u00e7\u00e3o (UFOP)<\/em><\/p>\n<p><em>Thiago Venanzoni (USP)<\/em><\/p>\n<p><strong>Dan\u00e7a e comunica\u00e7\u00e3o no confronto cultural<\/strong><\/p>\n<p><em>Juliana Gusman <\/em>(PUC Minas)<\/p>\n<p><strong>MESA 5: 17h<\/strong><\/p>\n<p><u>G\u00eanero e alteridade<\/u><\/p>\n<p><strong>Do jornalismo \u00e0s redes sociais: di\u00e1logo, media\u00e7\u00e3o e cr\u00edtica no caso #belarecatadaedolar<\/strong><\/p>\n<p><em>Nara Lya Cabral Scabin (USP)<\/em><\/p>\n<p><em>Sofia Franco Guilherme (USP)<\/em><em>\u00a0<\/em><\/p>\n<p><strong>E precisa de revista para menina? A \u201cgirl\u201d da <em>Recreio<\/em><\/strong><\/p>\n<p><em>Juliana Doretto (USP)<\/em><\/p>\n<p><em>Renata Carvalho da Costa (USP)<\/em><\/p>\n<p><strong>A natureza da alteridade: notas para a reflex\u00e3o do outro em narrativas midi\u00e1ticas<\/strong><\/p>\n<p><em>Carlos Henrique Pinheiro (PUC Minas)<\/em><\/p>\n<p><em>Rafael Angrisano (PUC Minas)<\/em><\/p>\n<p><strong>\u00a0<\/strong><\/p>\n<p><strong>29\/09 \u2013 QUINTA-FEIRA<\/strong><\/p>\n<p><strong>MESA 6: 9h<\/strong><strong>\u00a0 \u00a0 \u00a0 \u00a0 \u00a0 \u00a0 \u00a0 \u00a0 \u00a0 \u00a0 \u00a0 \u00a0 \u00a0 \u00a0 \u00a0 \u00a0 \u00a0 \u00a0 \u00a0 \u00a0 \u00a0 \u00a0 \u00a0 \u00a0 \u00a0 \u00a0 \u00a0\u00a0<\/strong><\/p>\n<p><u>Representa\u00e7\u00f5es do popular, imagin\u00e1rios da viol\u00eancia<\/u><\/p>\n<p><strong>Representa\u00e7\u00f5es e media\u00e7\u00f5es no \u00e2mbito do telejornalismo popular<\/strong><\/p>\n<p><em>Vera Veiga Fran\u00e7a (UFMG)<\/em><\/p>\n<p><em>Fab\u00edola Souza (UFMG)<\/em><\/p>\n<p><strong>Entre o bandido e o \u201ccidad\u00e3o de bem\u201d: alteridade, \u00e9tica e media\u00e7\u00e3o em <em>Brasil Urgente<\/em><\/strong><\/p>\n<p>J\u00falia Lery <em>(PUC Minas)<\/em><\/p>\n<p><strong>Os territ\u00f3rios ocupados, os estudos de narco e as vozes inauditas<\/strong><\/p>\n<p><em>Maur\u00edcio de Bragan\u00e7a (UFF)<\/em><\/p>\n<p><strong>\u00a0<\/strong><\/p>\n<p><strong>MESA 7: 11h<\/strong><\/p>\n<p><u>\u201cMedia\u00e7\u00f5es cr\u00edticas\u201d em debate<\/u><\/p>\n<p><em>Ercio Sena (PUC Minas)<\/em><\/p>\n<p><em>Teresinha Pires (PUC Minas)<\/em><\/p>\n<p><em>L\u00edgia Lana (PUC Rio)<\/em><\/p>\n","protected":false},"excerpt":{"rendered":"<p>O grupo de pesquisa M\u00eddia e Narrativa realiza nos dias 27, 28 e 29 de setembro o seu V Semin\u00e1rio,\u00a0em parceira com o grupo MidiAto (USP). As inscri\u00e7\u00f5es\u00a0podem ser feitas no \u00a0site: www.midiaenarrativa.wordpress.com O semin\u00e1rio acontecer\u00e1 na PUC Minas Cora\u00e7\u00e3o Eucar\u00edstico, na sala multimeios do pr\u00e9dio 13. PROGRAMA\u00c7\u00c3O 27\/09 \u2013 TER\u00c7A-FEIRA \u00a0 ABERTURA: 18h30 MESA&hellip;<\/p>\n","protected":false},"author":16,"featured_media":0,"parent":0,"menu_order":0,"comment_status":"closed","ping_status":"closed","template":"","meta":{"footnotes":""},"class_list":["post-655","page","type-page","status-publish","hentry"],"yoast_head":"<!-- This site is optimized with the Yoast SEO plugin v27.2 - https:\/\/yoast.com\/product\/yoast-seo-wordpress\/ -->\n<title>Semin\u00e1rio Media\u00e7\u00f5es Cr\u00edticas - Centro de Cr\u00edtica Da M\u00eddia<\/title>\n<meta name=\"robots\" content=\"index, follow, max-snippet:-1, max-image-preview:large, max-video-preview:-1\" \/>\n<link rel=\"canonical\" href=\"https:\/\/blogfca.pucminas.br\/ccm\/seminario-mediacoes-criticas\/\" \/>\n<meta property=\"og:locale\" content=\"pt_BR\" \/>\n<meta property=\"og:type\" content=\"article\" \/>\n<meta property=\"og:title\" content=\"Semin\u00e1rio Media\u00e7\u00f5es Cr\u00edticas - Centro de Cr\u00edtica Da M\u00eddia\" \/>\n<meta property=\"og:description\" content=\"O grupo de pesquisa M\u00eddia e Narrativa realiza nos dias 27, 28 e 29 de setembro o seu V Semin\u00e1rio,\u00a0em parceira com o grupo MidiAto (USP). As inscri\u00e7\u00f5es\u00a0podem ser feitas no \u00a0site: www.midiaenarrativa.wordpress.com O semin\u00e1rio acontecer\u00e1 na PUC Minas Cora\u00e7\u00e3o Eucar\u00edstico, na sala multimeios do pr\u00e9dio 13. PROGRAMA\u00c7\u00c3O 27\/09 \u2013 TER\u00c7A-FEIRA \u00a0 ABERTURA: 18h30 MESA&hellip;\" \/>\n<meta property=\"og:url\" content=\"https:\/\/blogfca.pucminas.br\/ccm\/seminario-mediacoes-criticas\/\" \/>\n<meta property=\"og:site_name\" content=\"Centro de Cr\u00edtica Da M\u00eddia\" \/>\n<meta property=\"article:publisher\" content=\"https:\/\/www.facebook.com\/ccmpucminas\/?ref=settings\" \/>\n<meta property=\"og:image\" content=\"http:\/\/www1.fca.pucminas.br\/ccm\/wp-content\/uploads\/2016\/09\/seminario-12.png\" \/>\n<meta name=\"twitter:card\" content=\"summary_large_image\" \/>\n<meta name=\"twitter:site\" content=\"@ccmpucminas\" \/>\n<meta name=\"twitter:label1\" content=\"Est. tempo de leitura\" \/>\n\t<meta name=\"twitter:data1\" content=\"3 minutos\" \/>\n<script type=\"application\/ld+json\" class=\"yoast-schema-graph\">{\"@context\":\"https:\/\/schema.org\",\"@graph\":[{\"@type\":\"WebPage\",\"@id\":\"https:\/\/blogfca.pucminas.br\/ccm\/seminario-mediacoes-criticas\/\",\"url\":\"https:\/\/blogfca.pucminas.br\/ccm\/seminario-mediacoes-criticas\/\",\"name\":\"Semin\u00e1rio Media\u00e7\u00f5es Cr\u00edticas - Centro de Cr\u00edtica Da M\u00eddia\",\"isPartOf\":{\"@id\":\"https:\/\/blogfca.pucminas.br\/ccm\/#website\"},\"primaryImageOfPage\":{\"@id\":\"https:\/\/blogfca.pucminas.br\/ccm\/seminario-mediacoes-criticas\/#primaryimage\"},\"image\":{\"@id\":\"https:\/\/blogfca.pucminas.br\/ccm\/seminario-mediacoes-criticas\/#primaryimage\"},\"thumbnailUrl\":\"http:\/\/www1.fca.pucminas.br\/ccm\/wp-content\/uploads\/2016\/09\/seminario-12.png\",\"datePublished\":\"2016-09-16T17:22:36+00:00\",\"breadcrumb\":{\"@id\":\"https:\/\/blogfca.pucminas.br\/ccm\/seminario-mediacoes-criticas\/#breadcrumb\"},\"inLanguage\":\"pt-BR\",\"potentialAction\":[{\"@type\":\"ReadAction\",\"target\":[\"https:\/\/blogfca.pucminas.br\/ccm\/seminario-mediacoes-criticas\/\"]}]},{\"@type\":\"ImageObject\",\"inLanguage\":\"pt-BR\",\"@id\":\"https:\/\/blogfca.pucminas.br\/ccm\/seminario-mediacoes-criticas\/#primaryimage\",\"url\":\"http:\/\/www1.fca.pucminas.br\/ccm\/wp-content\/uploads\/2016\/09\/seminario-12.png\",\"contentUrl\":\"http:\/\/www1.fca.pucminas.br\/ccm\/wp-content\/uploads\/2016\/09\/seminario-12.png\"},{\"@type\":\"BreadcrumbList\",\"@id\":\"https:\/\/blogfca.pucminas.br\/ccm\/seminario-mediacoes-criticas\/#breadcrumb\",\"itemListElement\":[{\"@type\":\"ListItem\",\"position\":1,\"name\":\"Home\",\"item\":\"https:\/\/blogfca.pucminas.br\/ccm\/\"},{\"@type\":\"ListItem\",\"position\":2,\"name\":\"Semin\u00e1rio Media\u00e7\u00f5es Cr\u00edticas\"}]},{\"@type\":\"WebSite\",\"@id\":\"https:\/\/blogfca.pucminas.br\/ccm\/#website\",\"url\":\"https:\/\/blogfca.pucminas.br\/ccm\/\",\"name\":\"Centro de Cr\u00edtica da M\u00eddia\",\"description\":\"\",\"publisher\":{\"@id\":\"https:\/\/blogfca.pucminas.br\/ccm\/#organization\"},\"potentialAction\":[{\"@type\":\"SearchAction\",\"target\":{\"@type\":\"EntryPoint\",\"urlTemplate\":\"https:\/\/blogfca.pucminas.br\/ccm\/?s={search_term_string}\"},\"query-input\":{\"@type\":\"PropertyValueSpecification\",\"valueRequired\":true,\"valueName\":\"search_term_string\"}}],\"inLanguage\":\"pt-BR\"},{\"@type\":\"Organization\",\"@id\":\"https:\/\/blogfca.pucminas.br\/ccm\/#organization\",\"name\":\"Centro de Cirtica da M\u00eddia\",\"url\":\"https:\/\/blogfca.pucminas.br\/ccm\/\",\"logo\":{\"@type\":\"ImageObject\",\"inLanguage\":\"pt-BR\",\"@id\":\"https:\/\/blogfca.pucminas.br\/ccm\/#\/schema\/logo\/image\/\",\"url\":\"https:\/\/blogfca.pucminas.br\/ccm\/wp-content\/uploads\/2016\/11\/logo-ccm-preto.png\",\"contentUrl\":\"https:\/\/blogfca.pucminas.br\/ccm\/wp-content\/uploads\/2016\/11\/logo-ccm-preto.png\",\"width\":1191,\"height\":842,\"caption\":\"Centro de Cirtica da M\u00eddia\"},\"image\":{\"@id\":\"https:\/\/blogfca.pucminas.br\/ccm\/#\/schema\/logo\/image\/\"},\"sameAs\":[\"https:\/\/www.facebook.com\/ccmpucminas\/?ref=settings\",\"https:\/\/x.com\/ccmpucminas\",\"https:\/\/www.instagram.com\/ccmpucminas\/?hl=pt-br\",\"https:\/\/www.youtube.com\/channel\/UCpKbhzfoQXgXVhkWlxSuW2w\"]}]}<\/script>\n<!-- \/ Yoast SEO plugin. -->","yoast_head_json":{"title":"Semin\u00e1rio Media\u00e7\u00f5es Cr\u00edticas - Centro de Cr\u00edtica Da M\u00eddia","robots":{"index":"index","follow":"follow","max-snippet":"max-snippet:-1","max-image-preview":"max-image-preview:large","max-video-preview":"max-video-preview:-1"},"canonical":"https:\/\/blogfca.pucminas.br\/ccm\/seminario-mediacoes-criticas\/","og_locale":"pt_BR","og_type":"article","og_title":"Semin\u00e1rio Media\u00e7\u00f5es Cr\u00edticas - Centro de Cr\u00edtica Da M\u00eddia","og_description":"O grupo de pesquisa M\u00eddia e Narrativa realiza nos dias 27, 28 e 29 de setembro o seu V Semin\u00e1rio,\u00a0em parceira com o grupo MidiAto (USP). As inscri\u00e7\u00f5es\u00a0podem ser feitas no \u00a0site: www.midiaenarrativa.wordpress.com O semin\u00e1rio acontecer\u00e1 na PUC Minas Cora\u00e7\u00e3o Eucar\u00edstico, na sala multimeios do pr\u00e9dio 13. PROGRAMA\u00c7\u00c3O 27\/09 \u2013 TER\u00c7A-FEIRA \u00a0 ABERTURA: 18h30 MESA&hellip;","og_url":"https:\/\/blogfca.pucminas.br\/ccm\/seminario-mediacoes-criticas\/","og_site_name":"Centro de Cr\u00edtica Da M\u00eddia","article_publisher":"https:\/\/www.facebook.com\/ccmpucminas\/?ref=settings","og_image":[{"url":"http:\/\/www1.fca.pucminas.br\/ccm\/wp-content\/uploads\/2016\/09\/seminario-12.png","type":"","width":"","height":""}],"twitter_card":"summary_large_image","twitter_site":"@ccmpucminas","twitter_misc":{"Est. tempo de leitura":"3 minutos"},"schema":{"@context":"https:\/\/schema.org","@graph":[{"@type":"WebPage","@id":"https:\/\/blogfca.pucminas.br\/ccm\/seminario-mediacoes-criticas\/","url":"https:\/\/blogfca.pucminas.br\/ccm\/seminario-mediacoes-criticas\/","name":"Semin\u00e1rio Media\u00e7\u00f5es Cr\u00edticas - Centro de Cr\u00edtica Da M\u00eddia","isPartOf":{"@id":"https:\/\/blogfca.pucminas.br\/ccm\/#website"},"primaryImageOfPage":{"@id":"https:\/\/blogfca.pucminas.br\/ccm\/seminario-mediacoes-criticas\/#primaryimage"},"image":{"@id":"https:\/\/blogfca.pucminas.br\/ccm\/seminario-mediacoes-criticas\/#primaryimage"},"thumbnailUrl":"http:\/\/www1.fca.pucminas.br\/ccm\/wp-content\/uploads\/2016\/09\/seminario-12.png","datePublished":"2016-09-16T17:22:36+00:00","breadcrumb":{"@id":"https:\/\/blogfca.pucminas.br\/ccm\/seminario-mediacoes-criticas\/#breadcrumb"},"inLanguage":"pt-BR","potentialAction":[{"@type":"ReadAction","target":["https:\/\/blogfca.pucminas.br\/ccm\/seminario-mediacoes-criticas\/"]}]},{"@type":"ImageObject","inLanguage":"pt-BR","@id":"https:\/\/blogfca.pucminas.br\/ccm\/seminario-mediacoes-criticas\/#primaryimage","url":"http:\/\/www1.fca.pucminas.br\/ccm\/wp-content\/uploads\/2016\/09\/seminario-12.png","contentUrl":"http:\/\/www1.fca.pucminas.br\/ccm\/wp-content\/uploads\/2016\/09\/seminario-12.png"},{"@type":"BreadcrumbList","@id":"https:\/\/blogfca.pucminas.br\/ccm\/seminario-mediacoes-criticas\/#breadcrumb","itemListElement":[{"@type":"ListItem","position":1,"name":"Home","item":"https:\/\/blogfca.pucminas.br\/ccm\/"},{"@type":"ListItem","position":2,"name":"Semin\u00e1rio Media\u00e7\u00f5es Cr\u00edticas"}]},{"@type":"WebSite","@id":"https:\/\/blogfca.pucminas.br\/ccm\/#website","url":"https:\/\/blogfca.pucminas.br\/ccm\/","name":"Centro de Cr\u00edtica da M\u00eddia","description":"","publisher":{"@id":"https:\/\/blogfca.pucminas.br\/ccm\/#organization"},"potentialAction":[{"@type":"SearchAction","target":{"@type":"EntryPoint","urlTemplate":"https:\/\/blogfca.pucminas.br\/ccm\/?s={search_term_string}"},"query-input":{"@type":"PropertyValueSpecification","valueRequired":true,"valueName":"search_term_string"}}],"inLanguage":"pt-BR"},{"@type":"Organization","@id":"https:\/\/blogfca.pucminas.br\/ccm\/#organization","name":"Centro de Cirtica da M\u00eddia","url":"https:\/\/blogfca.pucminas.br\/ccm\/","logo":{"@type":"ImageObject","inLanguage":"pt-BR","@id":"https:\/\/blogfca.pucminas.br\/ccm\/#\/schema\/logo\/image\/","url":"https:\/\/blogfca.pucminas.br\/ccm\/wp-content\/uploads\/2016\/11\/logo-ccm-preto.png","contentUrl":"https:\/\/blogfca.pucminas.br\/ccm\/wp-content\/uploads\/2016\/11\/logo-ccm-preto.png","width":1191,"height":842,"caption":"Centro de Cirtica da M\u00eddia"},"image":{"@id":"https:\/\/blogfca.pucminas.br\/ccm\/#\/schema\/logo\/image\/"},"sameAs":["https:\/\/www.facebook.com\/ccmpucminas\/?ref=settings","https:\/\/x.com\/ccmpucminas","https:\/\/www.instagram.com\/ccmpucminas\/?hl=pt-br","https:\/\/www.youtube.com\/channel\/UCpKbhzfoQXgXVhkWlxSuW2w"]}]}},"_links":{"self":[{"href":"https:\/\/blogfca.pucminas.br\/ccm\/wp-json\/wp\/v2\/pages\/655","targetHints":{"allow":["GET"]}}],"collection":[{"href":"https:\/\/blogfca.pucminas.br\/ccm\/wp-json\/wp\/v2\/pages"}],"about":[{"href":"https:\/\/blogfca.pucminas.br\/ccm\/wp-json\/wp\/v2\/types\/page"}],"author":[{"embeddable":true,"href":"https:\/\/blogfca.pucminas.br\/ccm\/wp-json\/wp\/v2\/users\/16"}],"replies":[{"embeddable":true,"href":"https:\/\/blogfca.pucminas.br\/ccm\/wp-json\/wp\/v2\/comments?post=655"}],"version-history":[{"count":0,"href":"https:\/\/blogfca.pucminas.br\/ccm\/wp-json\/wp\/v2\/pages\/655\/revisions"}],"wp:attachment":[{"href":"https:\/\/blogfca.pucminas.br\/ccm\/wp-json\/wp\/v2\/media?parent=655"}],"curies":[{"name":"wp","href":"https:\/\/api.w.org\/{rel}","templated":true}]}}