{"id":639,"date":"2016-09-11T23:43:48","date_gmt":"2016-09-11T23:43:48","guid":{"rendered":"http:\/\/ccmpucminas.com\/?page_id=639"},"modified":"2016-09-11T23:43:48","modified_gmt":"2016-09-11T23:43:48","slug":"filosofia-da-consciencia-ou-teoria-do-transe-a-atualidade-do-pensamento-sobre-o-brasil-no-cinema-de-glauber-rocha","status":"publish","type":"page","link":"https:\/\/blogfca.pucminas.br\/ccm\/filosofia-da-consciencia-ou-teoria-do-transe-a-atualidade-do-pensamento-sobre-o-brasil-no-cinema-de-glauber-rocha\/","title":{"rendered":"Filosofia da Consci\u00eancia ou teoria do transe &#8211; A atualidade do pensamento sobre o Brasil no cinema de Glauber Rocha."},"content":{"rendered":"<p style=\"text-align:justify;\"><strong>Com Regina Mota. Dia 14 de setembro, quarta-feira, 13h30, na Multimeios do Pr\u00e9dio 13. Aberto ao p\u00fablico.<\/strong><\/p>\n<p style=\"text-align:justify;\"><img loading=\"lazy\" decoding=\"async\" class=\"  wp-image-633 alignright\" src=\"http:\/\/www1.fca.pucminas.br\/ccm\/wp-content\/uploads\/2016\/09\/terra_em_transe_cartaz_medio.jpg\" alt=\"terra_em_transe_cartaz_medio\" width=\"192\" height=\"266\" srcset=\"https:\/\/blogfca.pucminas.br\/ccm\/wp-content\/uploads\/2016\/09\/terra_em_transe_cartaz_medio.jpg 290w, https:\/\/blogfca.pucminas.br\/ccm\/wp-content\/uploads\/2016\/09\/terra_em_transe_cartaz_medio-217x300.jpg 217w\" sizes=\"auto, (max-width: 192px) 100vw, 192px\" \/><\/p>\n<p style=\"text-align:justify;\">Foi com\u00a0<em>Terra em Transe<\/em>\u00a0que Glauber Rocha tornou-se mundialmente conhecido, conquistando o Pr\u00eamio da Cr\u00edtica do\u00a0Festival de Cannes, em 1967. Em uma carreira encurtada pela morte aos 42 anos, em 1981, consolidou-se como um dos principais expoentes do Cinema Novo. Lutava, antes de tudo, por uma revis\u00e3o cr\u00edtica da dura realidade a partir da qual produziu sua arte esteticamente inovadora.<\/p>\n<p style=\"text-align:justify;\">&#8220;Consci\u00eancia\u201d \u00e9 conceito central da obra do cineasta, o que o antrop\u00f3logo Darcy Ribeiro chama de \u201ca dif\u00edcil tomada de consci\u00eancia de si\u201d. Nesse encontro, a pesquisadora Regina Mota prop\u00f5e uma reflex\u00e3o acerca da rela\u00e7\u00e3o que se estabelece entre a obra e o espectador e que resultarem deslocamento, em uma mudan\u00e7a de estado. A pesquisadora pretende elucidar mecanismos que expressam e promovem o transe, constru\u00eddos pioneiramente, assim como met\u00e1foras, alegorias e par\u00e1bolas inscritas nos filmes desse importante cineasta.<\/p>\n","protected":false},"excerpt":{"rendered":"<p>Com Regina Mota. Dia 14 de setembro, quarta-feira, 13h30, na Multimeios do Pr\u00e9dio 13. Aberto ao p\u00fablico. Foi com\u00a0Terra em Transe\u00a0que Glauber Rocha tornou-se mundialmente conhecido, conquistando o Pr\u00eamio da Cr\u00edtica do\u00a0Festival de Cannes, em 1967. Em uma carreira encurtada pela morte aos 42 anos, em 1981, consolidou-se como um dos principais expoentes do Cinema&hellip;<\/p>\n","protected":false},"author":16,"featured_media":0,"parent":0,"menu_order":0,"comment_status":"closed","ping_status":"closed","template":"","meta":{"footnotes":""},"class_list":["post-639","page","type-page","status-publish","hentry"],"yoast_head":"<!-- This site is optimized with the Yoast SEO plugin v27.2 - https:\/\/yoast.com\/product\/yoast-seo-wordpress\/ -->\n<title>Filosofia da Consci\u00eancia ou teoria do transe - A atualidade do pensamento sobre o Brasil no cinema de Glauber Rocha. - Centro de Cr\u00edtica Da M\u00eddia<\/title>\n<meta name=\"robots\" content=\"index, follow, max-snippet:-1, max-image-preview:large, max-video-preview:-1\" \/>\n<link rel=\"canonical\" href=\"https:\/\/blogfca.pucminas.br\/ccm\/filosofia-da-consciencia-ou-teoria-do-transe-a-atualidade-do-pensamento-sobre-o-brasil-no-cinema-de-glauber-rocha\/\" \/>\n<meta property=\"og:locale\" content=\"pt_BR\" \/>\n<meta property=\"og:type\" content=\"article\" \/>\n<meta property=\"og:title\" content=\"Filosofia da Consci\u00eancia ou teoria do transe - A atualidade do pensamento sobre o Brasil no cinema de Glauber Rocha. - Centro de Cr\u00edtica Da M\u00eddia\" \/>\n<meta property=\"og:description\" content=\"Com Regina Mota. Dia 14 de setembro, quarta-feira, 13h30, na Multimeios do Pr\u00e9dio 13. Aberto ao p\u00fablico. Foi com\u00a0Terra em Transe\u00a0que Glauber Rocha tornou-se mundialmente conhecido, conquistando o Pr\u00eamio da Cr\u00edtica do\u00a0Festival de Cannes, em 1967. Em uma carreira encurtada pela morte aos 42 anos, em 1981, consolidou-se como um dos principais expoentes do Cinema&hellip;\" \/>\n<meta property=\"og:url\" content=\"https:\/\/blogfca.pucminas.br\/ccm\/filosofia-da-consciencia-ou-teoria-do-transe-a-atualidade-do-pensamento-sobre-o-brasil-no-cinema-de-glauber-rocha\/\" \/>\n<meta property=\"og:site_name\" content=\"Centro de Cr\u00edtica Da M\u00eddia\" \/>\n<meta property=\"article:publisher\" content=\"https:\/\/www.facebook.com\/ccmpucminas\/?ref=settings\" \/>\n<meta property=\"og:image\" content=\"http:\/\/www1.fca.pucminas.br\/ccm\/wp-content\/uploads\/2016\/09\/terra_em_transe_cartaz_medio.jpg\" \/>\n<meta name=\"twitter:card\" content=\"summary_large_image\" \/>\n<meta name=\"twitter:site\" content=\"@ccmpucminas\" \/>\n<meta name=\"twitter:label1\" content=\"Est. tempo de leitura\" \/>\n\t<meta name=\"twitter:data1\" content=\"1 minuto\" \/>\n<script type=\"application\/ld+json\" class=\"yoast-schema-graph\">{\"@context\":\"https:\/\/schema.org\",\"@graph\":[{\"@type\":\"WebPage\",\"@id\":\"https:\/\/blogfca.pucminas.br\/ccm\/filosofia-da-consciencia-ou-teoria-do-transe-a-atualidade-do-pensamento-sobre-o-brasil-no-cinema-de-glauber-rocha\/\",\"url\":\"https:\/\/blogfca.pucminas.br\/ccm\/filosofia-da-consciencia-ou-teoria-do-transe-a-atualidade-do-pensamento-sobre-o-brasil-no-cinema-de-glauber-rocha\/\",\"name\":\"Filosofia da Consci\u00eancia ou teoria do transe - A atualidade do pensamento sobre o Brasil no cinema de Glauber Rocha. - Centro de Cr\u00edtica Da M\u00eddia\",\"isPartOf\":{\"@id\":\"https:\/\/blogfca.pucminas.br\/ccm\/#website\"},\"primaryImageOfPage\":{\"@id\":\"https:\/\/blogfca.pucminas.br\/ccm\/filosofia-da-consciencia-ou-teoria-do-transe-a-atualidade-do-pensamento-sobre-o-brasil-no-cinema-de-glauber-rocha\/#primaryimage\"},\"image\":{\"@id\":\"https:\/\/blogfca.pucminas.br\/ccm\/filosofia-da-consciencia-ou-teoria-do-transe-a-atualidade-do-pensamento-sobre-o-brasil-no-cinema-de-glauber-rocha\/#primaryimage\"},\"thumbnailUrl\":\"http:\/\/www1.fca.pucminas.br\/ccm\/wp-content\/uploads\/2016\/09\/terra_em_transe_cartaz_medio.jpg\",\"datePublished\":\"2016-09-11T23:43:48+00:00\",\"breadcrumb\":{\"@id\":\"https:\/\/blogfca.pucminas.br\/ccm\/filosofia-da-consciencia-ou-teoria-do-transe-a-atualidade-do-pensamento-sobre-o-brasil-no-cinema-de-glauber-rocha\/#breadcrumb\"},\"inLanguage\":\"pt-BR\",\"potentialAction\":[{\"@type\":\"ReadAction\",\"target\":[\"https:\/\/blogfca.pucminas.br\/ccm\/filosofia-da-consciencia-ou-teoria-do-transe-a-atualidade-do-pensamento-sobre-o-brasil-no-cinema-de-glauber-rocha\/\"]}]},{\"@type\":\"ImageObject\",\"inLanguage\":\"pt-BR\",\"@id\":\"https:\/\/blogfca.pucminas.br\/ccm\/filosofia-da-consciencia-ou-teoria-do-transe-a-atualidade-do-pensamento-sobre-o-brasil-no-cinema-de-glauber-rocha\/#primaryimage\",\"url\":\"http:\/\/www1.fca.pucminas.br\/ccm\/wp-content\/uploads\/2016\/09\/terra_em_transe_cartaz_medio.jpg\",\"contentUrl\":\"http:\/\/www1.fca.pucminas.br\/ccm\/wp-content\/uploads\/2016\/09\/terra_em_transe_cartaz_medio.jpg\"},{\"@type\":\"BreadcrumbList\",\"@id\":\"https:\/\/blogfca.pucminas.br\/ccm\/filosofia-da-consciencia-ou-teoria-do-transe-a-atualidade-do-pensamento-sobre-o-brasil-no-cinema-de-glauber-rocha\/#breadcrumb\",\"itemListElement\":[{\"@type\":\"ListItem\",\"position\":1,\"name\":\"Home\",\"item\":\"https:\/\/blogfca.pucminas.br\/ccm\/\"},{\"@type\":\"ListItem\",\"position\":2,\"name\":\"Filosofia da Consci\u00eancia ou teoria do transe &#8211; A atualidade do pensamento sobre o Brasil no cinema de Glauber Rocha.\"}]},{\"@type\":\"WebSite\",\"@id\":\"https:\/\/blogfca.pucminas.br\/ccm\/#website\",\"url\":\"https:\/\/blogfca.pucminas.br\/ccm\/\",\"name\":\"Centro de Cr\u00edtica da M\u00eddia\",\"description\":\"\",\"publisher\":{\"@id\":\"https:\/\/blogfca.pucminas.br\/ccm\/#organization\"},\"potentialAction\":[{\"@type\":\"SearchAction\",\"target\":{\"@type\":\"EntryPoint\",\"urlTemplate\":\"https:\/\/blogfca.pucminas.br\/ccm\/?s={search_term_string}\"},\"query-input\":{\"@type\":\"PropertyValueSpecification\",\"valueRequired\":true,\"valueName\":\"search_term_string\"}}],\"inLanguage\":\"pt-BR\"},{\"@type\":\"Organization\",\"@id\":\"https:\/\/blogfca.pucminas.br\/ccm\/#organization\",\"name\":\"Centro de Cirtica da M\u00eddia\",\"url\":\"https:\/\/blogfca.pucminas.br\/ccm\/\",\"logo\":{\"@type\":\"ImageObject\",\"inLanguage\":\"pt-BR\",\"@id\":\"https:\/\/blogfca.pucminas.br\/ccm\/#\/schema\/logo\/image\/\",\"url\":\"https:\/\/blogfca.pucminas.br\/ccm\/wp-content\/uploads\/2016\/11\/logo-ccm-preto.png\",\"contentUrl\":\"https:\/\/blogfca.pucminas.br\/ccm\/wp-content\/uploads\/2016\/11\/logo-ccm-preto.png\",\"width\":1191,\"height\":842,\"caption\":\"Centro de Cirtica da M\u00eddia\"},\"image\":{\"@id\":\"https:\/\/blogfca.pucminas.br\/ccm\/#\/schema\/logo\/image\/\"},\"sameAs\":[\"https:\/\/www.facebook.com\/ccmpucminas\/?ref=settings\",\"https:\/\/x.com\/ccmpucminas\",\"https:\/\/www.instagram.com\/ccmpucminas\/?hl=pt-br\",\"https:\/\/www.youtube.com\/channel\/UCpKbhzfoQXgXVhkWlxSuW2w\"]}]}<\/script>\n<!-- \/ Yoast SEO plugin. -->","yoast_head_json":{"title":"Filosofia da Consci\u00eancia ou teoria do transe - A atualidade do pensamento sobre o Brasil no cinema de Glauber Rocha. - Centro de Cr\u00edtica Da M\u00eddia","robots":{"index":"index","follow":"follow","max-snippet":"max-snippet:-1","max-image-preview":"max-image-preview:large","max-video-preview":"max-video-preview:-1"},"canonical":"https:\/\/blogfca.pucminas.br\/ccm\/filosofia-da-consciencia-ou-teoria-do-transe-a-atualidade-do-pensamento-sobre-o-brasil-no-cinema-de-glauber-rocha\/","og_locale":"pt_BR","og_type":"article","og_title":"Filosofia da Consci\u00eancia ou teoria do transe - A atualidade do pensamento sobre o Brasil no cinema de Glauber Rocha. - Centro de Cr\u00edtica Da M\u00eddia","og_description":"Com Regina Mota. Dia 14 de setembro, quarta-feira, 13h30, na Multimeios do Pr\u00e9dio 13. Aberto ao p\u00fablico. Foi com\u00a0Terra em Transe\u00a0que Glauber Rocha tornou-se mundialmente conhecido, conquistando o Pr\u00eamio da Cr\u00edtica do\u00a0Festival de Cannes, em 1967. Em uma carreira encurtada pela morte aos 42 anos, em 1981, consolidou-se como um dos principais expoentes do Cinema&hellip;","og_url":"https:\/\/blogfca.pucminas.br\/ccm\/filosofia-da-consciencia-ou-teoria-do-transe-a-atualidade-do-pensamento-sobre-o-brasil-no-cinema-de-glauber-rocha\/","og_site_name":"Centro de Cr\u00edtica Da M\u00eddia","article_publisher":"https:\/\/www.facebook.com\/ccmpucminas\/?ref=settings","og_image":[{"url":"http:\/\/www1.fca.pucminas.br\/ccm\/wp-content\/uploads\/2016\/09\/terra_em_transe_cartaz_medio.jpg","type":"","width":"","height":""}],"twitter_card":"summary_large_image","twitter_site":"@ccmpucminas","twitter_misc":{"Est. tempo de leitura":"1 minuto"},"schema":{"@context":"https:\/\/schema.org","@graph":[{"@type":"WebPage","@id":"https:\/\/blogfca.pucminas.br\/ccm\/filosofia-da-consciencia-ou-teoria-do-transe-a-atualidade-do-pensamento-sobre-o-brasil-no-cinema-de-glauber-rocha\/","url":"https:\/\/blogfca.pucminas.br\/ccm\/filosofia-da-consciencia-ou-teoria-do-transe-a-atualidade-do-pensamento-sobre-o-brasil-no-cinema-de-glauber-rocha\/","name":"Filosofia da Consci\u00eancia ou teoria do transe - A atualidade do pensamento sobre o Brasil no cinema de Glauber Rocha. - Centro de Cr\u00edtica Da M\u00eddia","isPartOf":{"@id":"https:\/\/blogfca.pucminas.br\/ccm\/#website"},"primaryImageOfPage":{"@id":"https:\/\/blogfca.pucminas.br\/ccm\/filosofia-da-consciencia-ou-teoria-do-transe-a-atualidade-do-pensamento-sobre-o-brasil-no-cinema-de-glauber-rocha\/#primaryimage"},"image":{"@id":"https:\/\/blogfca.pucminas.br\/ccm\/filosofia-da-consciencia-ou-teoria-do-transe-a-atualidade-do-pensamento-sobre-o-brasil-no-cinema-de-glauber-rocha\/#primaryimage"},"thumbnailUrl":"http:\/\/www1.fca.pucminas.br\/ccm\/wp-content\/uploads\/2016\/09\/terra_em_transe_cartaz_medio.jpg","datePublished":"2016-09-11T23:43:48+00:00","breadcrumb":{"@id":"https:\/\/blogfca.pucminas.br\/ccm\/filosofia-da-consciencia-ou-teoria-do-transe-a-atualidade-do-pensamento-sobre-o-brasil-no-cinema-de-glauber-rocha\/#breadcrumb"},"inLanguage":"pt-BR","potentialAction":[{"@type":"ReadAction","target":["https:\/\/blogfca.pucminas.br\/ccm\/filosofia-da-consciencia-ou-teoria-do-transe-a-atualidade-do-pensamento-sobre-o-brasil-no-cinema-de-glauber-rocha\/"]}]},{"@type":"ImageObject","inLanguage":"pt-BR","@id":"https:\/\/blogfca.pucminas.br\/ccm\/filosofia-da-consciencia-ou-teoria-do-transe-a-atualidade-do-pensamento-sobre-o-brasil-no-cinema-de-glauber-rocha\/#primaryimage","url":"http:\/\/www1.fca.pucminas.br\/ccm\/wp-content\/uploads\/2016\/09\/terra_em_transe_cartaz_medio.jpg","contentUrl":"http:\/\/www1.fca.pucminas.br\/ccm\/wp-content\/uploads\/2016\/09\/terra_em_transe_cartaz_medio.jpg"},{"@type":"BreadcrumbList","@id":"https:\/\/blogfca.pucminas.br\/ccm\/filosofia-da-consciencia-ou-teoria-do-transe-a-atualidade-do-pensamento-sobre-o-brasil-no-cinema-de-glauber-rocha\/#breadcrumb","itemListElement":[{"@type":"ListItem","position":1,"name":"Home","item":"https:\/\/blogfca.pucminas.br\/ccm\/"},{"@type":"ListItem","position":2,"name":"Filosofia da Consci\u00eancia ou teoria do transe &#8211; A atualidade do pensamento sobre o Brasil no cinema de Glauber Rocha."}]},{"@type":"WebSite","@id":"https:\/\/blogfca.pucminas.br\/ccm\/#website","url":"https:\/\/blogfca.pucminas.br\/ccm\/","name":"Centro de Cr\u00edtica da M\u00eddia","description":"","publisher":{"@id":"https:\/\/blogfca.pucminas.br\/ccm\/#organization"},"potentialAction":[{"@type":"SearchAction","target":{"@type":"EntryPoint","urlTemplate":"https:\/\/blogfca.pucminas.br\/ccm\/?s={search_term_string}"},"query-input":{"@type":"PropertyValueSpecification","valueRequired":true,"valueName":"search_term_string"}}],"inLanguage":"pt-BR"},{"@type":"Organization","@id":"https:\/\/blogfca.pucminas.br\/ccm\/#organization","name":"Centro de Cirtica da M\u00eddia","url":"https:\/\/blogfca.pucminas.br\/ccm\/","logo":{"@type":"ImageObject","inLanguage":"pt-BR","@id":"https:\/\/blogfca.pucminas.br\/ccm\/#\/schema\/logo\/image\/","url":"https:\/\/blogfca.pucminas.br\/ccm\/wp-content\/uploads\/2016\/11\/logo-ccm-preto.png","contentUrl":"https:\/\/blogfca.pucminas.br\/ccm\/wp-content\/uploads\/2016\/11\/logo-ccm-preto.png","width":1191,"height":842,"caption":"Centro de Cirtica da M\u00eddia"},"image":{"@id":"https:\/\/blogfca.pucminas.br\/ccm\/#\/schema\/logo\/image\/"},"sameAs":["https:\/\/www.facebook.com\/ccmpucminas\/?ref=settings","https:\/\/x.com\/ccmpucminas","https:\/\/www.instagram.com\/ccmpucminas\/?hl=pt-br","https:\/\/www.youtube.com\/channel\/UCpKbhzfoQXgXVhkWlxSuW2w"]}]}},"_links":{"self":[{"href":"https:\/\/blogfca.pucminas.br\/ccm\/wp-json\/wp\/v2\/pages\/639","targetHints":{"allow":["GET"]}}],"collection":[{"href":"https:\/\/blogfca.pucminas.br\/ccm\/wp-json\/wp\/v2\/pages"}],"about":[{"href":"https:\/\/blogfca.pucminas.br\/ccm\/wp-json\/wp\/v2\/types\/page"}],"author":[{"embeddable":true,"href":"https:\/\/blogfca.pucminas.br\/ccm\/wp-json\/wp\/v2\/users\/16"}],"replies":[{"embeddable":true,"href":"https:\/\/blogfca.pucminas.br\/ccm\/wp-json\/wp\/v2\/comments?post=639"}],"version-history":[{"count":0,"href":"https:\/\/blogfca.pucminas.br\/ccm\/wp-json\/wp\/v2\/pages\/639\/revisions"}],"wp:attachment":[{"href":"https:\/\/blogfca.pucminas.br\/ccm\/wp-json\/wp\/v2\/media?parent=639"}],"curies":[{"name":"wp","href":"https:\/\/api.w.org\/{rel}","templated":true}]}}