{"id":609,"date":"2016-09-02T20:34:51","date_gmt":"2016-09-02T20:34:51","guid":{"rendered":"http:\/\/ccmpucminas.com\/?page_id=609"},"modified":"2016-09-02T20:34:51","modified_gmt":"2016-09-02T20:34:51","slug":"ele-o-manipulado-a-midia-e-o-fenomeno-da-nova-direita","status":"publish","type":"page","link":"https:\/\/blogfca.pucminas.br\/ccm\/ele-o-manipulado-a-midia-e-o-fenomeno-da-nova-direita\/","title":{"rendered":"Ele, o manipulado: a m\u00eddia e o fen\u00f4meno da nova direita"},"content":{"rendered":"<p style=\"text-align:justify;\">A soci\u00f3loga S\u00edlvia Viana, professora da FGV (SP), \u00e9 uma estudiosa dos recentes movimentos sociais urbanos no Brasil. Uma das autoras do livro <em>Cidades Rebeldes<\/em>, escreveu tamb\u00e9m <em>Rituais de Sofrimento<\/em>, em que analisa os <em>reality shows<\/em> como espa\u00e7os privilegiados de reprodu\u00e7\u00e3o do mundo do trabalho sob a l\u00f3gica neoliberal. Nesta entrevista, concedida logo ap\u00f3s sua palestra no lan\u00e7amento do CCM, ela questiona a tese de manipula\u00e7\u00e3o midi\u00e1tica, que muitos adotam como explica\u00e7\u00e3o para a emerg\u00eancia da nova direita no Brasil e seus atos agressivos que tomaram ruas e redes do Pa\u00eds pedindo o afastamento da, hoje, ex-presidenta Dilma. De fato, se, pelo menos desde meados do s\u00e9culo passado, estudos em comunica\u00e7\u00e3o refutam a ideia de manipula\u00e7\u00e3o, demonstrando o car\u00e1ter ativo dos p\u00fablicos, e pesquisas atuais indicam que grande parte da popula\u00e7\u00e3o desconfia da m\u00eddia, por que esse argumento persiste? Por que o manipulado \u00e9 sempre o outro? Se a m\u00eddia n\u00e3o manipula, qual a contribui\u00e7\u00e3o e o envolvimento dela na forma\u00e7\u00e3o dessa nova direita?<\/p>\n<p><iframe loading=\"lazy\" width=\"700\" height=\"394\" src=\"https:\/\/www.youtube.com\/embed\/N97_D_rPjoo?feature=oembed\" frameborder=\"0\" allowfullscreen><\/iframe><\/p>\n<p style=\"text-align:justify;\">\n","protected":false},"excerpt":{"rendered":"<p>A soci\u00f3loga S\u00edlvia Viana, professora da FGV (SP), \u00e9 uma estudiosa dos recentes movimentos sociais urbanos no Brasil. Uma das autoras do livro Cidades Rebeldes, escreveu tamb\u00e9m Rituais de Sofrimento, em que analisa os reality shows como espa\u00e7os privilegiados de reprodu\u00e7\u00e3o do mundo do trabalho sob a l\u00f3gica neoliberal. Nesta entrevista, concedida logo ap\u00f3s sua&hellip;<\/p>\n","protected":false},"author":16,"featured_media":0,"parent":0,"menu_order":0,"comment_status":"closed","ping_status":"closed","template":"","meta":{"footnotes":""},"class_list":["post-609","page","type-page","status-publish","hentry"],"yoast_head":"<!-- This site is optimized with the Yoast SEO plugin v27.2 - https:\/\/yoast.com\/product\/yoast-seo-wordpress\/ -->\n<title>Ele, o manipulado: a m\u00eddia e o fen\u00f4meno da nova direita - Centro de Cr\u00edtica Da M\u00eddia<\/title>\n<meta name=\"robots\" content=\"index, follow, max-snippet:-1, max-image-preview:large, max-video-preview:-1\" \/>\n<link rel=\"canonical\" href=\"https:\/\/blogfca.pucminas.br\/ccm\/ele-o-manipulado-a-midia-e-o-fenomeno-da-nova-direita\/\" \/>\n<meta property=\"og:locale\" content=\"pt_BR\" \/>\n<meta property=\"og:type\" content=\"article\" \/>\n<meta property=\"og:title\" content=\"Ele, o manipulado: a m\u00eddia e o fen\u00f4meno da nova direita - Centro de Cr\u00edtica Da M\u00eddia\" \/>\n<meta property=\"og:description\" content=\"A soci\u00f3loga S\u00edlvia Viana, professora da FGV (SP), \u00e9 uma estudiosa dos recentes movimentos sociais urbanos no Brasil. Uma das autoras do livro Cidades Rebeldes, escreveu tamb\u00e9m Rituais de Sofrimento, em que analisa os reality shows como espa\u00e7os privilegiados de reprodu\u00e7\u00e3o do mundo do trabalho sob a l\u00f3gica neoliberal. Nesta entrevista, concedida logo ap\u00f3s sua&hellip;\" \/>\n<meta property=\"og:url\" content=\"https:\/\/blogfca.pucminas.br\/ccm\/ele-o-manipulado-a-midia-e-o-fenomeno-da-nova-direita\/\" \/>\n<meta property=\"og:site_name\" content=\"Centro de Cr\u00edtica Da M\u00eddia\" \/>\n<meta property=\"article:publisher\" content=\"https:\/\/www.facebook.com\/ccmpucminas\/?ref=settings\" \/>\n<meta name=\"twitter:card\" content=\"summary_large_image\" \/>\n<meta name=\"twitter:site\" content=\"@ccmpucminas\" \/>\n<meta name=\"twitter:label1\" content=\"Est. tempo de leitura\" \/>\n\t<meta name=\"twitter:data1\" content=\"1 minuto\" \/>\n<script type=\"application\/ld+json\" class=\"yoast-schema-graph\">{\"@context\":\"https:\/\/schema.org\",\"@graph\":[{\"@type\":\"WebPage\",\"@id\":\"https:\/\/blogfca.pucminas.br\/ccm\/ele-o-manipulado-a-midia-e-o-fenomeno-da-nova-direita\/\",\"url\":\"https:\/\/blogfca.pucminas.br\/ccm\/ele-o-manipulado-a-midia-e-o-fenomeno-da-nova-direita\/\",\"name\":\"Ele, o manipulado: a m\u00eddia e o fen\u00f4meno da nova direita - Centro de Cr\u00edtica Da M\u00eddia\",\"isPartOf\":{\"@id\":\"https:\/\/blogfca.pucminas.br\/ccm\/#website\"},\"datePublished\":\"2016-09-02T20:34:51+00:00\",\"breadcrumb\":{\"@id\":\"https:\/\/blogfca.pucminas.br\/ccm\/ele-o-manipulado-a-midia-e-o-fenomeno-da-nova-direita\/#breadcrumb\"},\"inLanguage\":\"pt-BR\",\"potentialAction\":[{\"@type\":\"ReadAction\",\"target\":[\"https:\/\/blogfca.pucminas.br\/ccm\/ele-o-manipulado-a-midia-e-o-fenomeno-da-nova-direita\/\"]}]},{\"@type\":\"BreadcrumbList\",\"@id\":\"https:\/\/blogfca.pucminas.br\/ccm\/ele-o-manipulado-a-midia-e-o-fenomeno-da-nova-direita\/#breadcrumb\",\"itemListElement\":[{\"@type\":\"ListItem\",\"position\":1,\"name\":\"Home\",\"item\":\"https:\/\/blogfca.pucminas.br\/ccm\/\"},{\"@type\":\"ListItem\",\"position\":2,\"name\":\"Ele, o manipulado: a m\u00eddia e o fen\u00f4meno da nova direita\"}]},{\"@type\":\"WebSite\",\"@id\":\"https:\/\/blogfca.pucminas.br\/ccm\/#website\",\"url\":\"https:\/\/blogfca.pucminas.br\/ccm\/\",\"name\":\"Centro de Cr\u00edtica da M\u00eddia\",\"description\":\"\",\"publisher\":{\"@id\":\"https:\/\/blogfca.pucminas.br\/ccm\/#organization\"},\"potentialAction\":[{\"@type\":\"SearchAction\",\"target\":{\"@type\":\"EntryPoint\",\"urlTemplate\":\"https:\/\/blogfca.pucminas.br\/ccm\/?s={search_term_string}\"},\"query-input\":{\"@type\":\"PropertyValueSpecification\",\"valueRequired\":true,\"valueName\":\"search_term_string\"}}],\"inLanguage\":\"pt-BR\"},{\"@type\":\"Organization\",\"@id\":\"https:\/\/blogfca.pucminas.br\/ccm\/#organization\",\"name\":\"Centro de Cirtica da M\u00eddia\",\"url\":\"https:\/\/blogfca.pucminas.br\/ccm\/\",\"logo\":{\"@type\":\"ImageObject\",\"inLanguage\":\"pt-BR\",\"@id\":\"https:\/\/blogfca.pucminas.br\/ccm\/#\/schema\/logo\/image\/\",\"url\":\"https:\/\/blogfca.pucminas.br\/ccm\/wp-content\/uploads\/2016\/11\/logo-ccm-preto.png\",\"contentUrl\":\"https:\/\/blogfca.pucminas.br\/ccm\/wp-content\/uploads\/2016\/11\/logo-ccm-preto.png\",\"width\":1191,\"height\":842,\"caption\":\"Centro de Cirtica da M\u00eddia\"},\"image\":{\"@id\":\"https:\/\/blogfca.pucminas.br\/ccm\/#\/schema\/logo\/image\/\"},\"sameAs\":[\"https:\/\/www.facebook.com\/ccmpucminas\/?ref=settings\",\"https:\/\/x.com\/ccmpucminas\",\"https:\/\/www.instagram.com\/ccmpucminas\/?hl=pt-br\",\"https:\/\/www.youtube.com\/channel\/UCpKbhzfoQXgXVhkWlxSuW2w\"]}]}<\/script>\n<!-- \/ Yoast SEO plugin. -->","yoast_head_json":{"title":"Ele, o manipulado: a m\u00eddia e o fen\u00f4meno da nova direita - Centro de Cr\u00edtica Da M\u00eddia","robots":{"index":"index","follow":"follow","max-snippet":"max-snippet:-1","max-image-preview":"max-image-preview:large","max-video-preview":"max-video-preview:-1"},"canonical":"https:\/\/blogfca.pucminas.br\/ccm\/ele-o-manipulado-a-midia-e-o-fenomeno-da-nova-direita\/","og_locale":"pt_BR","og_type":"article","og_title":"Ele, o manipulado: a m\u00eddia e o fen\u00f4meno da nova direita - Centro de Cr\u00edtica Da M\u00eddia","og_description":"A soci\u00f3loga S\u00edlvia Viana, professora da FGV (SP), \u00e9 uma estudiosa dos recentes movimentos sociais urbanos no Brasil. Uma das autoras do livro Cidades Rebeldes, escreveu tamb\u00e9m Rituais de Sofrimento, em que analisa os reality shows como espa\u00e7os privilegiados de reprodu\u00e7\u00e3o do mundo do trabalho sob a l\u00f3gica neoliberal. Nesta entrevista, concedida logo ap\u00f3s sua&hellip;","og_url":"https:\/\/blogfca.pucminas.br\/ccm\/ele-o-manipulado-a-midia-e-o-fenomeno-da-nova-direita\/","og_site_name":"Centro de Cr\u00edtica Da M\u00eddia","article_publisher":"https:\/\/www.facebook.com\/ccmpucminas\/?ref=settings","twitter_card":"summary_large_image","twitter_site":"@ccmpucminas","twitter_misc":{"Est. tempo de leitura":"1 minuto"},"schema":{"@context":"https:\/\/schema.org","@graph":[{"@type":"WebPage","@id":"https:\/\/blogfca.pucminas.br\/ccm\/ele-o-manipulado-a-midia-e-o-fenomeno-da-nova-direita\/","url":"https:\/\/blogfca.pucminas.br\/ccm\/ele-o-manipulado-a-midia-e-o-fenomeno-da-nova-direita\/","name":"Ele, o manipulado: a m\u00eddia e o fen\u00f4meno da nova direita - Centro de Cr\u00edtica Da M\u00eddia","isPartOf":{"@id":"https:\/\/blogfca.pucminas.br\/ccm\/#website"},"datePublished":"2016-09-02T20:34:51+00:00","breadcrumb":{"@id":"https:\/\/blogfca.pucminas.br\/ccm\/ele-o-manipulado-a-midia-e-o-fenomeno-da-nova-direita\/#breadcrumb"},"inLanguage":"pt-BR","potentialAction":[{"@type":"ReadAction","target":["https:\/\/blogfca.pucminas.br\/ccm\/ele-o-manipulado-a-midia-e-o-fenomeno-da-nova-direita\/"]}]},{"@type":"BreadcrumbList","@id":"https:\/\/blogfca.pucminas.br\/ccm\/ele-o-manipulado-a-midia-e-o-fenomeno-da-nova-direita\/#breadcrumb","itemListElement":[{"@type":"ListItem","position":1,"name":"Home","item":"https:\/\/blogfca.pucminas.br\/ccm\/"},{"@type":"ListItem","position":2,"name":"Ele, o manipulado: a m\u00eddia e o fen\u00f4meno da nova direita"}]},{"@type":"WebSite","@id":"https:\/\/blogfca.pucminas.br\/ccm\/#website","url":"https:\/\/blogfca.pucminas.br\/ccm\/","name":"Centro de Cr\u00edtica da M\u00eddia","description":"","publisher":{"@id":"https:\/\/blogfca.pucminas.br\/ccm\/#organization"},"potentialAction":[{"@type":"SearchAction","target":{"@type":"EntryPoint","urlTemplate":"https:\/\/blogfca.pucminas.br\/ccm\/?s={search_term_string}"},"query-input":{"@type":"PropertyValueSpecification","valueRequired":true,"valueName":"search_term_string"}}],"inLanguage":"pt-BR"},{"@type":"Organization","@id":"https:\/\/blogfca.pucminas.br\/ccm\/#organization","name":"Centro de Cirtica da M\u00eddia","url":"https:\/\/blogfca.pucminas.br\/ccm\/","logo":{"@type":"ImageObject","inLanguage":"pt-BR","@id":"https:\/\/blogfca.pucminas.br\/ccm\/#\/schema\/logo\/image\/","url":"https:\/\/blogfca.pucminas.br\/ccm\/wp-content\/uploads\/2016\/11\/logo-ccm-preto.png","contentUrl":"https:\/\/blogfca.pucminas.br\/ccm\/wp-content\/uploads\/2016\/11\/logo-ccm-preto.png","width":1191,"height":842,"caption":"Centro de Cirtica da M\u00eddia"},"image":{"@id":"https:\/\/blogfca.pucminas.br\/ccm\/#\/schema\/logo\/image\/"},"sameAs":["https:\/\/www.facebook.com\/ccmpucminas\/?ref=settings","https:\/\/x.com\/ccmpucminas","https:\/\/www.instagram.com\/ccmpucminas\/?hl=pt-br","https:\/\/www.youtube.com\/channel\/UCpKbhzfoQXgXVhkWlxSuW2w"]}]}},"_links":{"self":[{"href":"https:\/\/blogfca.pucminas.br\/ccm\/wp-json\/wp\/v2\/pages\/609","targetHints":{"allow":["GET"]}}],"collection":[{"href":"https:\/\/blogfca.pucminas.br\/ccm\/wp-json\/wp\/v2\/pages"}],"about":[{"href":"https:\/\/blogfca.pucminas.br\/ccm\/wp-json\/wp\/v2\/types\/page"}],"author":[{"embeddable":true,"href":"https:\/\/blogfca.pucminas.br\/ccm\/wp-json\/wp\/v2\/users\/16"}],"replies":[{"embeddable":true,"href":"https:\/\/blogfca.pucminas.br\/ccm\/wp-json\/wp\/v2\/comments?post=609"}],"version-history":[{"count":0,"href":"https:\/\/blogfca.pucminas.br\/ccm\/wp-json\/wp\/v2\/pages\/609\/revisions"}],"wp:attachment":[{"href":"https:\/\/blogfca.pucminas.br\/ccm\/wp-json\/wp\/v2\/media?parent=609"}],"curies":[{"name":"wp","href":"https:\/\/api.w.org\/{rel}","templated":true}]}}