{"id":5166,"date":"2023-04-04T18:12:15","date_gmt":"2023-04-04T21:12:15","guid":{"rendered":"https:\/\/blogfca.pucminas.br\/ccm\/?page_id=5166"},"modified":"2023-04-04T18:12:15","modified_gmt":"2023-04-04T21:12:15","slug":"ccm_recomenda","status":"publish","type":"page","link":"https:\/\/blogfca.pucminas.br\/ccm\/ccm_recomenda\/","title":{"rendered":"Recomenda\u00e7\u00f5es"},"content":{"rendered":"<p style=\"text-align: left;\"><strong>CCM RECOMENDA<\/strong><a href=\"https:\/\/blogfca.pucminas.br\/ccm\/ccm-recomenda-materia-da-brasil-de-fato-sobre-o-filme-memoria-sufocada\/\"><br \/>\n<img loading=\"lazy\" decoding=\"async\" class=\"aligncenter size-full wp-image-5147\" src=\"https:\/\/blogfca.pucminas.br\/ccm\/wp-content\/uploads\/2023\/03\/doi.jpeg\" alt=\"\" width=\"800\" height=\"458\" srcset=\"https:\/\/blogfca.pucminas.br\/ccm\/wp-content\/uploads\/2023\/03\/doi.jpeg 800w, https:\/\/blogfca.pucminas.br\/ccm\/wp-content\/uploads\/2023\/03\/doi-300x172.jpeg 300w, https:\/\/blogfca.pucminas.br\/ccm\/wp-content\/uploads\/2023\/03\/doi-768x440.jpeg 768w, https:\/\/blogfca.pucminas.br\/ccm\/wp-content\/uploads\/2023\/03\/doi-220x126.jpeg 220w\" sizes=\"auto, (max-width: 800px) 100vw, 800px\" \/><\/a><a class=\"row-title\" href=\"https:\/\/blogfca.pucminas.br\/ccm\/ccm-recomenda-materia-da-brasil-de-fato-sobre-o-filme-memoria-sufocada\/\" aria-label=\"\u201cCCM Recomenda: Mat\u00e9ria da Brasil de Fato sobre o filme \u2018Mem\u00f3ria Sufocada\u2019\u201d (Editar)\">CCM Recomenda: Mat\u00e9ria da Brasil de Fato sobre o filme \u2018Mem\u00f3ria Sufocada\u2019<\/a><\/p>\n<p>&nbsp;<\/p>\n<div id=\"attachment_5100\" style=\"width: 810px\" class=\"wp-caption aligncenter\"><a href=\"https:\/\/blogfca.pucminas.br\/ccm\/ccm-recomenda-o-algoritmo-gosta-do-discurso-de-odio-diz-duvivier-a-informacao-pertence-as-corporacoes\/\"><img loading=\"lazy\" decoding=\"async\" aria-describedby=\"caption-attachment-5100\" class=\"size-full wp-image-5100\" src=\"https:\/\/blogfca.pucminas.br\/ccm\/wp-content\/uploads\/2023\/03\/Duvivier.jpg\" alt=\"\" width=\"800\" height=\"533\" srcset=\"https:\/\/blogfca.pucminas.br\/ccm\/wp-content\/uploads\/2023\/03\/Duvivier.jpg 800w, https:\/\/blogfca.pucminas.br\/ccm\/wp-content\/uploads\/2023\/03\/Duvivier-300x200.jpg 300w, https:\/\/blogfca.pucminas.br\/ccm\/wp-content\/uploads\/2023\/03\/Duvivier-768x512.jpg 768w\" sizes=\"auto, (max-width: 800px) 100vw, 800px\" \/><\/a><p id=\"caption-attachment-5100\" class=\"wp-caption-text\">Greg\u00f3rio Duvivier compartilha seu pensamento sobre os algoritmos no ambiente digital. Foto: M\u00eddia Ninja<\/p><\/div>\n<p style=\"text-align: center;\"><a class=\"row-title\" href=\"https:\/\/blogfca.pucminas.br\/ccm\/ccm-recomenda-o-algoritmo-gosta-do-discurso-de-odio-diz-duvivier-a-informacao-pertence-as-corporacoes\/\" aria-label=\"\u201cCCM Recomenda: O algoritmo gosta do discurso de \u00f3dio, diz Duvivier: \u2018A informa\u00e7\u00e3o pertence as corpora\u00e7\u00f5es\u2019\u201d (Editar)\">CCM Recomenda: O algoritmo gosta do discurso de \u00f3dio, diz Duvivier: \u2018A informa\u00e7\u00e3o pertence as corpora\u00e7\u00f5es\u2019<\/a><\/p>\n<p>&nbsp;<\/p>\n<p style=\"text-align: center;\"><a href=\"https:\/\/blogfca.pucminas.br\/ccm\/ccm-recomenda-analise-critica-da-midia-ninja-sobre-os-documentarios-que-concorreram-ao-oscar-2023\/\"><img loading=\"lazy\" decoding=\"async\" class=\"aligncenter size-large wp-image-5073\" src=\"https:\/\/blogfca.pucminas.br\/ccm\/wp-content\/uploads\/2023\/03\/All-that-breathes-1-1024x539.jpg\" alt=\"\" width=\"700\" height=\"368\" srcset=\"https:\/\/blogfca.pucminas.br\/ccm\/wp-content\/uploads\/2023\/03\/All-that-breathes-1-1024x539.jpg 1024w, https:\/\/blogfca.pucminas.br\/ccm\/wp-content\/uploads\/2023\/03\/All-that-breathes-1-300x158.jpg 300w, https:\/\/blogfca.pucminas.br\/ccm\/wp-content\/uploads\/2023\/03\/All-that-breathes-1-768x404.jpg 768w, https:\/\/blogfca.pucminas.br\/ccm\/wp-content\/uploads\/2023\/03\/All-that-breathes-1-1536x808.jpg 1536w, https:\/\/blogfca.pucminas.br\/ccm\/wp-content\/uploads\/2023\/03\/All-that-breathes-1.jpg 1873w\" sizes=\"auto, (max-width: 700px) 100vw, 700px\" \/><\/a><\/p>\n<p style=\"text-align: center;\"><a class=\"row-title\" href=\"https:\/\/blogfca.pucminas.br\/ccm\/ccm-recomenda-analise-critica-da-midia-ninja-sobre-os-documentarios-que-concorreram-ao-oscar-2023\/\" aria-label=\"\u201cCCM Recomenda: Analise cr\u00edtica da Midia Ninja sobre os document\u00e1rios que concorreram ao Oscar 2023\u201d (Editar)\">CCM Recomenda: Analise cr\u00edtica da Midia Ninja sobre os document\u00e1rios que concorreram ao Oscar 2023<\/a><\/p>\n<p>&nbsp;<\/p>\n<p style=\"text-align: center;\"><a href=\"https:\/\/blogfca.pucminas.br\/ccm\/ccm-recomenda-os-brasis-quase-impossiveis-no-festival-de-cinema-de-berlim-por-juliana-gusman\/\"><img loading=\"lazy\" decoding=\"async\" class=\"aligncenter size-full wp-image-5064\" src=\"https:\/\/blogfca.pucminas.br\/ccm\/wp-content\/uploads\/2023\/03\/Texto.jpeg\" alt=\"\" width=\"1024\" height=\"576\" srcset=\"https:\/\/blogfca.pucminas.br\/ccm\/wp-content\/uploads\/2023\/03\/Texto.jpeg 1024w, https:\/\/blogfca.pucminas.br\/ccm\/wp-content\/uploads\/2023\/03\/Texto-300x169.jpeg 300w, https:\/\/blogfca.pucminas.br\/ccm\/wp-content\/uploads\/2023\/03\/Texto-768x432.jpeg 768w, https:\/\/blogfca.pucminas.br\/ccm\/wp-content\/uploads\/2023\/03\/Texto-460x260.jpeg 460w\" sizes=\"auto, (max-width: 1024px) 100vw, 1024px\" \/><\/a><\/p>\n<p style=\"text-align: center;\"><a class=\"row-title\" href=\"https:\/\/blogfca.pucminas.br\/ccm\/ccm-recomenda-os-brasis-quase-impossiveis-no-festival-de-cinema-de-berlim-por-juliana-gusman\/\" aria-label=\"\u201cCCM Recomenda: Os Brasis (quase) imposs\u00edveis no Festival de Cinema de Berlim, por Juliana Gusman\u201d (Editar)\">CCM Recomenda: Os Brasis (quase) imposs\u00edveis no Festival de Cinema de Berlim, por Juliana Gusman<\/a><\/p>\n<p>&nbsp;<\/p>\n<p style=\"text-align: center;\"><a href=\"https:\/\/blogfca.pucminas.br\/ccm\/ccm-recomenda-o-que-voce-considera-excepcional-e-lindo-pode-ser-so-branco\/\"><img loading=\"lazy\" decoding=\"async\" class=\"aligncenter size-full wp-image-4563\" src=\"https:\/\/blogfca.pucminas.br\/ccm\/wp-content\/uploads\/2022\/09\/image-11.png\" alt=\"\" width=\"400\" height=\"210\" srcset=\"https:\/\/blogfca.pucminas.br\/ccm\/wp-content\/uploads\/2022\/09\/image-11.png 400w, https:\/\/blogfca.pucminas.br\/ccm\/wp-content\/uploads\/2022\/09\/image-11-300x158.png 300w\" sizes=\"auto, (max-width: 400px) 100vw, 400px\" \/><\/a><\/p>\n<p style=\"text-align: center;\"><a class=\"row-title\" href=\"https:\/\/blogfca.pucminas.br\/ccm\/ccm-recomenda-o-que-voce-considera-excepcional-e-lindo-pode-ser-so-branco\/\" aria-label=\"\u201cCCM Recomenda: O que voc\u00ea considera excepcional e lindo, pode ser s\u00f3 branco\u201d (Editar)\">CCM Recomenda: O que voc\u00ea considera excepcional e lindo, pode ser s\u00f3 branco<\/a><\/p>\n<p>&nbsp;<\/p>\n<div id=\"attachment_4876\" style=\"width: 810px\" class=\"wp-caption aligncenter\"><a href=\"https:\/\/blogfca.pucminas.br\/ccm\/ccm-recomenda-opressao-de-genero-na-sociedade-capitalista\/\"><img loading=\"lazy\" decoding=\"async\" aria-describedby=\"caption-attachment-4876\" class=\"size-full wp-image-4876\" src=\"https:\/\/blogfca.pucminas.br\/ccm\/wp-content\/uploads\/2022\/11\/ejytxdgh.jpeg\" alt=\"Mulher, morena, faz acrobacia.\" width=\"800\" height=\"533\" srcset=\"https:\/\/blogfca.pucminas.br\/ccm\/wp-content\/uploads\/2022\/11\/ejytxdgh.jpeg 800w, https:\/\/blogfca.pucminas.br\/ccm\/wp-content\/uploads\/2022\/11\/ejytxdgh-300x200.jpeg 300w, https:\/\/blogfca.pucminas.br\/ccm\/wp-content\/uploads\/2022\/11\/ejytxdgh-768x512.jpeg 768w\" sizes=\"auto, (max-width: 800px) 100vw, 800px\" \/><\/a><p id=\"caption-attachment-4876\" class=\"wp-caption-text\">Espet\u00e1culo usa t\u00e9cnicas circenses para debater<br \/>diversidade. Foto: Rodrigo Menezes<\/p><\/div>\n<p style=\"text-align: center;\"><a class=\"row-title\" href=\"https:\/\/blogfca.pucminas.br\/ccm\/ccm-recomenda-opressao-de-genero-na-sociedade-capitalista\/\" aria-label=\"\u201cCCM Recomenda: Opress\u00e3o de g\u00eanero na sociedade capitalista\u201d (Editar)\">CCM Recomenda: Opress\u00e3o de g\u00eanero na sociedade capitalista<\/a><\/p>\n<p>&nbsp;<\/p>\n<div id=\"attachment_4926\" style=\"width: 810px\" class=\"wp-caption aligncenter\"><a href=\"https:\/\/blogfca.pucminas.br\/ccm\/ccm-recomenda\/\"><img loading=\"lazy\" decoding=\"async\" aria-describedby=\"caption-attachment-4926\" class=\"size-full wp-image-4926\" src=\"https:\/\/blogfca.pucminas.br\/ccm\/wp-content\/uploads\/2022\/12\/image_processing20221125-25360-4g08gh.jpeg\" alt=\"Mulheres do coletivo Aura das Lutas\" width=\"800\" height=\"533\" srcset=\"https:\/\/blogfca.pucminas.br\/ccm\/wp-content\/uploads\/2022\/12\/image_processing20221125-25360-4g08gh.jpeg 800w, https:\/\/blogfca.pucminas.br\/ccm\/wp-content\/uploads\/2022\/12\/image_processing20221125-25360-4g08gh-300x200.jpeg 300w, https:\/\/blogfca.pucminas.br\/ccm\/wp-content\/uploads\/2022\/12\/image_processing20221125-25360-4g08gh-768x512.jpeg 768w\" sizes=\"auto, (max-width: 800px) 100vw, 800px\" \/><\/a><p id=\"caption-attachment-4926\" class=\"wp-caption-text\">Coletivo \u00e9 integrado por mulheres do Dandara e mais quatro comunidades vizinhas. Foto: Iza Campos<\/p><\/div>\n<p style=\"text-align: center;\"><a class=\"row-title\" href=\"https:\/\/blogfca.pucminas.br\/ccm\/ccm-recomenda\/\" aria-label=\"\u201cCCM Recomenda: Como mulheres do Aura das Lutas, de BH, se fortalecem na luta contra a viol\u00eancia\u201d (Editar)\">CCM Recomenda: Como mulheres do Aura das Lutas, de BH, se fortalecem na luta contra a viol\u00eancia<\/a><\/p>\n<p>&nbsp;<\/p>\n<p style=\"text-align: center;\"><a href=\"https:\/\/blogfca.pucminas.br\/ccm\/ccm-recomenda-materia-sobre-filme-que-retrata-contribuicao-da-populacao-negra-de-origem-africana-na-formacao-do-rj\/\"><img loading=\"lazy\" decoding=\"async\" class=\"aligncenter size-full wp-image-5003\" src=\"https:\/\/blogfca.pucminas.br\/ccm\/wp-content\/uploads\/2023\/02\/bvblbguiobgjkl.jpeg\" alt=\"\" width=\"800\" height=\"533\" srcset=\"https:\/\/blogfca.pucminas.br\/ccm\/wp-content\/uploads\/2023\/02\/bvblbguiobgjkl.jpeg 800w, https:\/\/blogfca.pucminas.br\/ccm\/wp-content\/uploads\/2023\/02\/bvblbguiobgjkl-300x200.jpeg 300w, https:\/\/blogfca.pucminas.br\/ccm\/wp-content\/uploads\/2023\/02\/bvblbguiobgjkl-768x512.jpeg 768w\" sizes=\"auto, (max-width: 800px) 100vw, 800px\" \/><\/a><\/p>\n<p style=\"text-align: center;\"><a class=\"row-title\" href=\"https:\/\/blogfca.pucminas.br\/ccm\/ccm-recomenda-materia-sobre-filme-que-retrata-contribuicao-da-populacao-negra-de-origem-africana-na-formacao-do-rj\/\" aria-label=\"\u201cCCM Recomenda: Mat\u00e9ria sobre filme que retrata contribui\u00e7\u00e3o da popula\u00e7\u00e3o negra de origem africana na forma\u00e7\u00e3o do RJ\u201d (Editar)\">CCM Recomenda: Mat\u00e9ria sobre filme que retrata contribui\u00e7\u00e3o da popula\u00e7\u00e3o negra deorigem africana na forma\u00e7\u00e3o do RJ<\/a><\/p>\n<p>&nbsp;<\/p>\n<p style=\"text-align: center;\"><a href=\"https:\/\/blogfca.pucminas.br\/ccm\/ccm-recomenda-materia-jornalistica-sobre-a-pre-selecao-do-filme-marte-um-para-o-oscar\/\"><img loading=\"lazy\" decoding=\"async\" class=\"aligncenter size-large wp-image-4525\" src=\"https:\/\/blogfca.pucminas.br\/ccm\/wp-content\/uploads\/2022\/09\/image-1-1024x676.png\" alt=\"\" width=\"700\" height=\"462\" srcset=\"https:\/\/blogfca.pucminas.br\/ccm\/wp-content\/uploads\/2022\/09\/image-1-1024x676.png 1024w, https:\/\/blogfca.pucminas.br\/ccm\/wp-content\/uploads\/2022\/09\/image-1-300x198.png 300w, https:\/\/blogfca.pucminas.br\/ccm\/wp-content\/uploads\/2022\/09\/image-1-768x507.png 768w, https:\/\/blogfca.pucminas.br\/ccm\/wp-content\/uploads\/2022\/09\/image-1-1536x1015.png 1536w, https:\/\/blogfca.pucminas.br\/ccm\/wp-content\/uploads\/2022\/09\/image-1-2048x1353.png 2048w\" sizes=\"auto, (max-width: 700px) 100vw, 700px\" \/><\/a><\/p>\n<p style=\"text-align: center;\"><a class=\"row-title\" href=\"https:\/\/blogfca.pucminas.br\/ccm\/ccm-recomenda-materia-jornalistica-sobre-a-pre-selecao-do-filme-marte-um-para-o-oscar\/\" aria-label=\"\u201cCCM Recomenda: Mat\u00e9ria Jornalistica sobre a pr\u00e9-sele\u00e7\u00e3o do filme Marte Um para o Oscar\u201d (Editar)\">CCM Recomenda: Mat\u00e9ria Jornalistica sobre a pr\u00e9-sele\u00e7\u00e3o do filme Marte Um para o Oscar<\/a><\/p>\n","protected":false},"excerpt":{"rendered":"<p>CCM RECOMENDA CCM Recomenda: Mat\u00e9ria da Brasil de Fato sobre o filme \u2018Mem\u00f3ria Sufocada\u2019 &nbsp; CCM Recomenda: O algoritmo gosta do discurso de \u00f3dio, diz Duvivier: \u2018A informa\u00e7\u00e3o pertence as corpora\u00e7\u00f5es\u2019 &nbsp; CCM Recomenda: Analise cr\u00edtica da Midia Ninja sobre os document\u00e1rios que concorreram ao Oscar 2023 &nbsp; CCM Recomenda: Os Brasis (quase) imposs\u00edveis no&hellip;<\/p>\n","protected":false},"author":16,"featured_media":0,"parent":0,"menu_order":0,"comment_status":"closed","ping_status":"closed","template":"","meta":{"footnotes":""},"class_list":["post-5166","page","type-page","status-publish","hentry"],"yoast_head":"<!-- This site is optimized with the Yoast SEO plugin v27.2 - https:\/\/yoast.com\/product\/yoast-seo-wordpress\/ -->\n<title>Recomenda\u00e7\u00f5es - Centro de Cr\u00edtica Da M\u00eddia<\/title>\n<meta name=\"robots\" content=\"index, follow, max-snippet:-1, max-image-preview:large, max-video-preview:-1\" \/>\n<link rel=\"canonical\" href=\"https:\/\/blogfca.pucminas.br\/ccm\/ccm_recomenda\/\" \/>\n<meta property=\"og:locale\" content=\"pt_BR\" \/>\n<meta property=\"og:type\" content=\"article\" \/>\n<meta property=\"og:title\" content=\"Recomenda\u00e7\u00f5es - Centro de Cr\u00edtica Da M\u00eddia\" \/>\n<meta property=\"og:description\" content=\"CCM RECOMENDA CCM Recomenda: Mat\u00e9ria da Brasil de Fato sobre o filme \u2018Mem\u00f3ria Sufocada\u2019 &nbsp; CCM Recomenda: O algoritmo gosta do discurso de \u00f3dio, diz Duvivier: \u2018A informa\u00e7\u00e3o pertence as corpora\u00e7\u00f5es\u2019 &nbsp; CCM Recomenda: Analise cr\u00edtica da Midia Ninja sobre os document\u00e1rios que concorreram ao Oscar 2023 &nbsp; CCM Recomenda: Os Brasis (quase) imposs\u00edveis no&hellip;\" \/>\n<meta property=\"og:url\" content=\"https:\/\/blogfca.pucminas.br\/ccm\/ccm_recomenda\/\" \/>\n<meta property=\"og:site_name\" content=\"Centro de Cr\u00edtica Da M\u00eddia\" \/>\n<meta property=\"article:publisher\" content=\"https:\/\/www.facebook.com\/ccmpucminas\/?ref=settings\" \/>\n<meta property=\"og:image\" content=\"https:\/\/blogfca.pucminas.br\/ccm\/wp-content\/uploads\/2023\/03\/doi.jpeg\" \/>\n<meta name=\"twitter:card\" content=\"summary_large_image\" \/>\n<meta name=\"twitter:site\" content=\"@ccmpucminas\" \/>\n<meta name=\"twitter:label1\" content=\"Est. tempo de leitura\" \/>\n\t<meta name=\"twitter:data1\" content=\"3 minutos\" \/>\n<script type=\"application\/ld+json\" class=\"yoast-schema-graph\">{\"@context\":\"https:\/\/schema.org\",\"@graph\":[{\"@type\":\"WebPage\",\"@id\":\"https:\/\/blogfca.pucminas.br\/ccm\/ccm_recomenda\/\",\"url\":\"https:\/\/blogfca.pucminas.br\/ccm\/ccm_recomenda\/\",\"name\":\"Recomenda\u00e7\u00f5es - Centro de Cr\u00edtica Da M\u00eddia\",\"isPartOf\":{\"@id\":\"https:\/\/blogfca.pucminas.br\/ccm\/#website\"},\"primaryImageOfPage\":{\"@id\":\"https:\/\/blogfca.pucminas.br\/ccm\/ccm_recomenda\/#primaryimage\"},\"image\":{\"@id\":\"https:\/\/blogfca.pucminas.br\/ccm\/ccm_recomenda\/#primaryimage\"},\"thumbnailUrl\":\"https:\/\/blogfca.pucminas.br\/ccm\/wp-content\/uploads\/2023\/03\/doi.jpeg\",\"datePublished\":\"2023-04-04T21:12:15+00:00\",\"breadcrumb\":{\"@id\":\"https:\/\/blogfca.pucminas.br\/ccm\/ccm_recomenda\/#breadcrumb\"},\"inLanguage\":\"pt-BR\",\"potentialAction\":[{\"@type\":\"ReadAction\",\"target\":[\"https:\/\/blogfca.pucminas.br\/ccm\/ccm_recomenda\/\"]}]},{\"@type\":\"ImageObject\",\"inLanguage\":\"pt-BR\",\"@id\":\"https:\/\/blogfca.pucminas.br\/ccm\/ccm_recomenda\/#primaryimage\",\"url\":\"https:\/\/blogfca.pucminas.br\/ccm\/wp-content\/uploads\/2023\/03\/doi.jpeg\",\"contentUrl\":\"https:\/\/blogfca.pucminas.br\/ccm\/wp-content\/uploads\/2023\/03\/doi.jpeg\",\"width\":800,\"height\":458},{\"@type\":\"BreadcrumbList\",\"@id\":\"https:\/\/blogfca.pucminas.br\/ccm\/ccm_recomenda\/#breadcrumb\",\"itemListElement\":[{\"@type\":\"ListItem\",\"position\":1,\"name\":\"Home\",\"item\":\"https:\/\/blogfca.pucminas.br\/ccm\/\"},{\"@type\":\"ListItem\",\"position\":2,\"name\":\"Recomenda\u00e7\u00f5es\"}]},{\"@type\":\"WebSite\",\"@id\":\"https:\/\/blogfca.pucminas.br\/ccm\/#website\",\"url\":\"https:\/\/blogfca.pucminas.br\/ccm\/\",\"name\":\"Centro de Cr\u00edtica da M\u00eddia\",\"description\":\"\",\"publisher\":{\"@id\":\"https:\/\/blogfca.pucminas.br\/ccm\/#organization\"},\"potentialAction\":[{\"@type\":\"SearchAction\",\"target\":{\"@type\":\"EntryPoint\",\"urlTemplate\":\"https:\/\/blogfca.pucminas.br\/ccm\/?s={search_term_string}\"},\"query-input\":{\"@type\":\"PropertyValueSpecification\",\"valueRequired\":true,\"valueName\":\"search_term_string\"}}],\"inLanguage\":\"pt-BR\"},{\"@type\":\"Organization\",\"@id\":\"https:\/\/blogfca.pucminas.br\/ccm\/#organization\",\"name\":\"Centro de Cirtica da M\u00eddia\",\"url\":\"https:\/\/blogfca.pucminas.br\/ccm\/\",\"logo\":{\"@type\":\"ImageObject\",\"inLanguage\":\"pt-BR\",\"@id\":\"https:\/\/blogfca.pucminas.br\/ccm\/#\/schema\/logo\/image\/\",\"url\":\"https:\/\/blogfca.pucminas.br\/ccm\/wp-content\/uploads\/2016\/11\/logo-ccm-preto.png\",\"contentUrl\":\"https:\/\/blogfca.pucminas.br\/ccm\/wp-content\/uploads\/2016\/11\/logo-ccm-preto.png\",\"width\":1191,\"height\":842,\"caption\":\"Centro de Cirtica da M\u00eddia\"},\"image\":{\"@id\":\"https:\/\/blogfca.pucminas.br\/ccm\/#\/schema\/logo\/image\/\"},\"sameAs\":[\"https:\/\/www.facebook.com\/ccmpucminas\/?ref=settings\",\"https:\/\/x.com\/ccmpucminas\",\"https:\/\/www.instagram.com\/ccmpucminas\/?hl=pt-br\",\"https:\/\/www.youtube.com\/channel\/UCpKbhzfoQXgXVhkWlxSuW2w\"]}]}<\/script>\n<!-- \/ Yoast SEO plugin. -->","yoast_head_json":{"title":"Recomenda\u00e7\u00f5es - Centro de Cr\u00edtica Da M\u00eddia","robots":{"index":"index","follow":"follow","max-snippet":"max-snippet:-1","max-image-preview":"max-image-preview:large","max-video-preview":"max-video-preview:-1"},"canonical":"https:\/\/blogfca.pucminas.br\/ccm\/ccm_recomenda\/","og_locale":"pt_BR","og_type":"article","og_title":"Recomenda\u00e7\u00f5es - Centro de Cr\u00edtica Da M\u00eddia","og_description":"CCM RECOMENDA CCM Recomenda: Mat\u00e9ria da Brasil de Fato sobre o filme \u2018Mem\u00f3ria Sufocada\u2019 &nbsp; CCM Recomenda: O algoritmo gosta do discurso de \u00f3dio, diz Duvivier: \u2018A informa\u00e7\u00e3o pertence as corpora\u00e7\u00f5es\u2019 &nbsp; CCM Recomenda: Analise cr\u00edtica da Midia Ninja sobre os document\u00e1rios que concorreram ao Oscar 2023 &nbsp; CCM Recomenda: Os Brasis (quase) imposs\u00edveis no&hellip;","og_url":"https:\/\/blogfca.pucminas.br\/ccm\/ccm_recomenda\/","og_site_name":"Centro de Cr\u00edtica Da M\u00eddia","article_publisher":"https:\/\/www.facebook.com\/ccmpucminas\/?ref=settings","og_image":[{"url":"https:\/\/blogfca.pucminas.br\/ccm\/wp-content\/uploads\/2023\/03\/doi.jpeg","type":"","width":"","height":""}],"twitter_card":"summary_large_image","twitter_site":"@ccmpucminas","twitter_misc":{"Est. tempo de leitura":"3 minutos"},"schema":{"@context":"https:\/\/schema.org","@graph":[{"@type":"WebPage","@id":"https:\/\/blogfca.pucminas.br\/ccm\/ccm_recomenda\/","url":"https:\/\/blogfca.pucminas.br\/ccm\/ccm_recomenda\/","name":"Recomenda\u00e7\u00f5es - Centro de Cr\u00edtica Da M\u00eddia","isPartOf":{"@id":"https:\/\/blogfca.pucminas.br\/ccm\/#website"},"primaryImageOfPage":{"@id":"https:\/\/blogfca.pucminas.br\/ccm\/ccm_recomenda\/#primaryimage"},"image":{"@id":"https:\/\/blogfca.pucminas.br\/ccm\/ccm_recomenda\/#primaryimage"},"thumbnailUrl":"https:\/\/blogfca.pucminas.br\/ccm\/wp-content\/uploads\/2023\/03\/doi.jpeg","datePublished":"2023-04-04T21:12:15+00:00","breadcrumb":{"@id":"https:\/\/blogfca.pucminas.br\/ccm\/ccm_recomenda\/#breadcrumb"},"inLanguage":"pt-BR","potentialAction":[{"@type":"ReadAction","target":["https:\/\/blogfca.pucminas.br\/ccm\/ccm_recomenda\/"]}]},{"@type":"ImageObject","inLanguage":"pt-BR","@id":"https:\/\/blogfca.pucminas.br\/ccm\/ccm_recomenda\/#primaryimage","url":"https:\/\/blogfca.pucminas.br\/ccm\/wp-content\/uploads\/2023\/03\/doi.jpeg","contentUrl":"https:\/\/blogfca.pucminas.br\/ccm\/wp-content\/uploads\/2023\/03\/doi.jpeg","width":800,"height":458},{"@type":"BreadcrumbList","@id":"https:\/\/blogfca.pucminas.br\/ccm\/ccm_recomenda\/#breadcrumb","itemListElement":[{"@type":"ListItem","position":1,"name":"Home","item":"https:\/\/blogfca.pucminas.br\/ccm\/"},{"@type":"ListItem","position":2,"name":"Recomenda\u00e7\u00f5es"}]},{"@type":"WebSite","@id":"https:\/\/blogfca.pucminas.br\/ccm\/#website","url":"https:\/\/blogfca.pucminas.br\/ccm\/","name":"Centro de Cr\u00edtica da M\u00eddia","description":"","publisher":{"@id":"https:\/\/blogfca.pucminas.br\/ccm\/#organization"},"potentialAction":[{"@type":"SearchAction","target":{"@type":"EntryPoint","urlTemplate":"https:\/\/blogfca.pucminas.br\/ccm\/?s={search_term_string}"},"query-input":{"@type":"PropertyValueSpecification","valueRequired":true,"valueName":"search_term_string"}}],"inLanguage":"pt-BR"},{"@type":"Organization","@id":"https:\/\/blogfca.pucminas.br\/ccm\/#organization","name":"Centro de Cirtica da M\u00eddia","url":"https:\/\/blogfca.pucminas.br\/ccm\/","logo":{"@type":"ImageObject","inLanguage":"pt-BR","@id":"https:\/\/blogfca.pucminas.br\/ccm\/#\/schema\/logo\/image\/","url":"https:\/\/blogfca.pucminas.br\/ccm\/wp-content\/uploads\/2016\/11\/logo-ccm-preto.png","contentUrl":"https:\/\/blogfca.pucminas.br\/ccm\/wp-content\/uploads\/2016\/11\/logo-ccm-preto.png","width":1191,"height":842,"caption":"Centro de Cirtica da M\u00eddia"},"image":{"@id":"https:\/\/blogfca.pucminas.br\/ccm\/#\/schema\/logo\/image\/"},"sameAs":["https:\/\/www.facebook.com\/ccmpucminas\/?ref=settings","https:\/\/x.com\/ccmpucminas","https:\/\/www.instagram.com\/ccmpucminas\/?hl=pt-br","https:\/\/www.youtube.com\/channel\/UCpKbhzfoQXgXVhkWlxSuW2w"]}]}},"_links":{"self":[{"href":"https:\/\/blogfca.pucminas.br\/ccm\/wp-json\/wp\/v2\/pages\/5166","targetHints":{"allow":["GET"]}}],"collection":[{"href":"https:\/\/blogfca.pucminas.br\/ccm\/wp-json\/wp\/v2\/pages"}],"about":[{"href":"https:\/\/blogfca.pucminas.br\/ccm\/wp-json\/wp\/v2\/types\/page"}],"author":[{"embeddable":true,"href":"https:\/\/blogfca.pucminas.br\/ccm\/wp-json\/wp\/v2\/users\/16"}],"replies":[{"embeddable":true,"href":"https:\/\/blogfca.pucminas.br\/ccm\/wp-json\/wp\/v2\/comments?post=5166"}],"version-history":[{"count":2,"href":"https:\/\/blogfca.pucminas.br\/ccm\/wp-json\/wp\/v2\/pages\/5166\/revisions"}],"predecessor-version":[{"id":5170,"href":"https:\/\/blogfca.pucminas.br\/ccm\/wp-json\/wp\/v2\/pages\/5166\/revisions\/5170"}],"wp:attachment":[{"href":"https:\/\/blogfca.pucminas.br\/ccm\/wp-json\/wp\/v2\/media?parent=5166"}],"curies":[{"name":"wp","href":"https:\/\/api.w.org\/{rel}","templated":true}]}}