{"id":508,"date":"2016-08-20T21:56:47","date_gmt":"2016-08-20T21:56:47","guid":{"rendered":"http:\/\/www1.fca.pucminas.br\/ccm\/?page_id=508"},"modified":"2016-08-20T21:56:47","modified_gmt":"2016-08-20T21:56:47","slug":"blog-promove-leitura-critica-sobre-imagens-do-cotidiano","status":"publish","type":"page","link":"https:\/\/blogfca.pucminas.br\/ccm\/blog-promove-leitura-critica-sobre-imagens-do-cotidiano\/","title":{"rendered":"Lendo imagens:  fotojornalismo e  acontecimentos"},"content":{"rendered":"<header class=\"entry-header\">\n<p style=\"text-align:justify;\"><strong>Por Juliana Gusman.\u00a0<\/strong>O blog <em>Reading the Pictures\u00a0<\/em>prop\u00f5e uma reflex\u00e3o cr\u00edtica sobre imagens que circulam cotidianamente na m\u00eddia. Em uma sociedade cada vez mais visual, busca-se compreender n\u00edveis de significado, hist\u00f3rias que suscitam produ\u00e7\u00f5es imag\u00e9ticas e as media\u00e7\u00f5es que as costuram no tecido social. A plataforma tamb\u00e9m publica e analisa trabalhos de fotojornalismo originais.<\/p>\n<p style=\"text-align:justify;\"><em>Reading the Pictures<\/em>\u00a0 se destaca pelo foco \u00fanico na leitura social, cultural e politica de imagens individuais. O poder de influ\u00eancia e persuas\u00e3o de fotografias instiga o esfor\u00e7o anal\u00edtico. O blog visa proporcionar aos seus leitores compet\u00eancias que os permitam compreender e consumir imagens midi\u00e1ticas de forma mais consciente. Estuda-se, portanto, o conte\u00fado e o contexto da produ\u00e7\u00e3o para revelar narrativas, estere\u00f3tipos e personalidades.<\/p>\n<p style=\"text-align:justify;\">As perspectivas de an\u00e1lise s\u00e3o dividas em tr\u00eas eixos: na se\u00e7\u00e3o <em>Originals,\u00a0<\/em>volta-se para a publica\u00e7\u00e3o de trabalhos de fotojornalismo. Mesmo sendo focada em trabalhos finalizados, o processo de produ\u00e7\u00e3o do fot\u00f3grafo e a hist\u00f3ria que a fotografia relata s\u00e3o abordados. Em\u00a0<em>Salon, <\/em>promove-se\u00a0uma discuss\u00e3o online em um f\u00f3rum dedicado para compreender como a m\u00eddia visual enquadra acontecimentos sociais e pol\u00edticos centrais no cotidiano; \u00a0Em\u00a0<em>Notes, <\/em>o blog\u00a0dedica-se \u00e0 an\u00e1lise visual, pol\u00edtica e midi\u00e1tica de imagens veiculadas em diversas plataformas, articuladas a quest\u00f5es culturais.<\/p>\n<p style=\"text-align:justify;\">Os prop\u00f3sitos da an\u00e1lise s\u00e3o alcan\u00e7ados n\u00e3o apenas atrav\u00e9s de contribui\u00e7\u00f5es de profissionais do campo, mas da articula\u00e7\u00e3o entre sujeitos m\u00faltiplos, sejam eles fot\u00f3grafos profissionais, fotojornalistas, cidad\u00e3os, estudantes e acad\u00eamicos. Trata-se de um espa\u00e7o aberto para debates cont\u00ednuos.<\/p>\n<p style=\"text-align:justify;\">Para saber mais, acesse o blog em\u00a0<a href=\"http:\/\/www.readingthepictures.org\/\">http:\/\/www.readingthepictures.org\/\u00a0<\/a><\/p>\n<p style=\"text-align:justify;\"><img loading=\"lazy\" decoding=\"async\" class=\"alignnone size-full wp-image-505\" src=\"http:\/\/www1.fca.pucminas.br\/ccm\/wp-content\/uploads\/2016\/08\/sem-tc3adtulo1.png\" alt=\"Sem t\u00edtulo\" width=\"878\" height=\"491\" \/><\/p>\n<p style=\"text-align:justify;\">\n<\/header>\n<p style=\"text-align:justify;\"><strong>Juliana Gusman\u00a0<\/strong>\u00e9 graduanda do curso de jornalismo da PUC Minas. \u00c9 membro do grupo de pesquisa M\u00eddia e Narrativa e monitora do Centro de Cr\u00edtica da M\u00eddia.<\/p>\n","protected":false},"excerpt":{"rendered":"<p>Por Juliana Gusman.\u00a0O blog Reading the Pictures\u00a0prop\u00f5e uma reflex\u00e3o cr\u00edtica sobre imagens que circulam cotidianamente na m\u00eddia. Em uma sociedade cada vez mais visual, busca-se compreender n\u00edveis de significado, hist\u00f3rias que suscitam produ\u00e7\u00f5es imag\u00e9ticas e as media\u00e7\u00f5es que as costuram no tecido social. A plataforma tamb\u00e9m publica e analisa trabalhos de fotojornalismo originais. Reading the&hellip;<\/p>\n","protected":false},"author":16,"featured_media":0,"parent":0,"menu_order":0,"comment_status":"closed","ping_status":"closed","template":"","meta":{"footnotes":""},"class_list":["post-508","page","type-page","status-publish","hentry"],"yoast_head":"<!-- This site is optimized with the Yoast SEO plugin v27.2 - https:\/\/yoast.com\/product\/yoast-seo-wordpress\/ -->\n<title>Lendo imagens: fotojornalismo e acontecimentos - Centro de Cr\u00edtica Da M\u00eddia<\/title>\n<meta name=\"robots\" content=\"index, follow, max-snippet:-1, max-image-preview:large, max-video-preview:-1\" \/>\n<link rel=\"canonical\" href=\"https:\/\/blogfca.pucminas.br\/ccm\/blog-promove-leitura-critica-sobre-imagens-do-cotidiano\/\" \/>\n<meta property=\"og:locale\" content=\"pt_BR\" \/>\n<meta property=\"og:type\" content=\"article\" \/>\n<meta property=\"og:title\" content=\"Lendo imagens: fotojornalismo e acontecimentos - Centro de Cr\u00edtica Da M\u00eddia\" \/>\n<meta property=\"og:description\" content=\"Por Juliana Gusman.\u00a0O blog Reading the Pictures\u00a0prop\u00f5e uma reflex\u00e3o cr\u00edtica sobre imagens que circulam cotidianamente na m\u00eddia. Em uma sociedade cada vez mais visual, busca-se compreender n\u00edveis de significado, hist\u00f3rias que suscitam produ\u00e7\u00f5es imag\u00e9ticas e as media\u00e7\u00f5es que as costuram no tecido social. A plataforma tamb\u00e9m publica e analisa trabalhos de fotojornalismo originais. Reading the&hellip;\" \/>\n<meta property=\"og:url\" content=\"https:\/\/blogfca.pucminas.br\/ccm\/blog-promove-leitura-critica-sobre-imagens-do-cotidiano\/\" \/>\n<meta property=\"og:site_name\" content=\"Centro de Cr\u00edtica Da M\u00eddia\" \/>\n<meta property=\"article:publisher\" content=\"https:\/\/www.facebook.com\/ccmpucminas\/?ref=settings\" \/>\n<meta property=\"og:image\" content=\"http:\/\/www1.fca.pucminas.br\/ccm\/wp-content\/uploads\/2016\/08\/sem-tc3adtulo1.png\" \/>\n<meta name=\"twitter:card\" content=\"summary_large_image\" \/>\n<meta name=\"twitter:site\" content=\"@ccmpucminas\" \/>\n<meta name=\"twitter:label1\" content=\"Est. tempo de leitura\" \/>\n\t<meta name=\"twitter:data1\" content=\"2 minutos\" \/>\n<script type=\"application\/ld+json\" class=\"yoast-schema-graph\">{\"@context\":\"https:\/\/schema.org\",\"@graph\":[{\"@type\":\"WebPage\",\"@id\":\"https:\/\/blogfca.pucminas.br\/ccm\/blog-promove-leitura-critica-sobre-imagens-do-cotidiano\/\",\"url\":\"https:\/\/blogfca.pucminas.br\/ccm\/blog-promove-leitura-critica-sobre-imagens-do-cotidiano\/\",\"name\":\"Lendo imagens: fotojornalismo e acontecimentos - Centro de Cr\u00edtica Da M\u00eddia\",\"isPartOf\":{\"@id\":\"https:\/\/blogfca.pucminas.br\/ccm\/#website\"},\"primaryImageOfPage\":{\"@id\":\"https:\/\/blogfca.pucminas.br\/ccm\/blog-promove-leitura-critica-sobre-imagens-do-cotidiano\/#primaryimage\"},\"image\":{\"@id\":\"https:\/\/blogfca.pucminas.br\/ccm\/blog-promove-leitura-critica-sobre-imagens-do-cotidiano\/#primaryimage\"},\"thumbnailUrl\":\"http:\/\/www1.fca.pucminas.br\/ccm\/wp-content\/uploads\/2016\/08\/sem-tc3adtulo1.png\",\"datePublished\":\"2016-08-20T21:56:47+00:00\",\"breadcrumb\":{\"@id\":\"https:\/\/blogfca.pucminas.br\/ccm\/blog-promove-leitura-critica-sobre-imagens-do-cotidiano\/#breadcrumb\"},\"inLanguage\":\"pt-BR\",\"potentialAction\":[{\"@type\":\"ReadAction\",\"target\":[\"https:\/\/blogfca.pucminas.br\/ccm\/blog-promove-leitura-critica-sobre-imagens-do-cotidiano\/\"]}]},{\"@type\":\"ImageObject\",\"inLanguage\":\"pt-BR\",\"@id\":\"https:\/\/blogfca.pucminas.br\/ccm\/blog-promove-leitura-critica-sobre-imagens-do-cotidiano\/#primaryimage\",\"url\":\"http:\/\/www1.fca.pucminas.br\/ccm\/wp-content\/uploads\/2016\/08\/sem-tc3adtulo1.png\",\"contentUrl\":\"http:\/\/www1.fca.pucminas.br\/ccm\/wp-content\/uploads\/2016\/08\/sem-tc3adtulo1.png\"},{\"@type\":\"BreadcrumbList\",\"@id\":\"https:\/\/blogfca.pucminas.br\/ccm\/blog-promove-leitura-critica-sobre-imagens-do-cotidiano\/#breadcrumb\",\"itemListElement\":[{\"@type\":\"ListItem\",\"position\":1,\"name\":\"Home\",\"item\":\"https:\/\/blogfca.pucminas.br\/ccm\/\"},{\"@type\":\"ListItem\",\"position\":2,\"name\":\"Lendo imagens: fotojornalismo e acontecimentos\"}]},{\"@type\":\"WebSite\",\"@id\":\"https:\/\/blogfca.pucminas.br\/ccm\/#website\",\"url\":\"https:\/\/blogfca.pucminas.br\/ccm\/\",\"name\":\"Centro de Cr\u00edtica da M\u00eddia\",\"description\":\"\",\"publisher\":{\"@id\":\"https:\/\/blogfca.pucminas.br\/ccm\/#organization\"},\"potentialAction\":[{\"@type\":\"SearchAction\",\"target\":{\"@type\":\"EntryPoint\",\"urlTemplate\":\"https:\/\/blogfca.pucminas.br\/ccm\/?s={search_term_string}\"},\"query-input\":{\"@type\":\"PropertyValueSpecification\",\"valueRequired\":true,\"valueName\":\"search_term_string\"}}],\"inLanguage\":\"pt-BR\"},{\"@type\":\"Organization\",\"@id\":\"https:\/\/blogfca.pucminas.br\/ccm\/#organization\",\"name\":\"Centro de Cirtica da M\u00eddia\",\"url\":\"https:\/\/blogfca.pucminas.br\/ccm\/\",\"logo\":{\"@type\":\"ImageObject\",\"inLanguage\":\"pt-BR\",\"@id\":\"https:\/\/blogfca.pucminas.br\/ccm\/#\/schema\/logo\/image\/\",\"url\":\"https:\/\/blogfca.pucminas.br\/ccm\/wp-content\/uploads\/2016\/11\/logo-ccm-preto.png\",\"contentUrl\":\"https:\/\/blogfca.pucminas.br\/ccm\/wp-content\/uploads\/2016\/11\/logo-ccm-preto.png\",\"width\":1191,\"height\":842,\"caption\":\"Centro de Cirtica da M\u00eddia\"},\"image\":{\"@id\":\"https:\/\/blogfca.pucminas.br\/ccm\/#\/schema\/logo\/image\/\"},\"sameAs\":[\"https:\/\/www.facebook.com\/ccmpucminas\/?ref=settings\",\"https:\/\/x.com\/ccmpucminas\",\"https:\/\/www.instagram.com\/ccmpucminas\/?hl=pt-br\",\"https:\/\/www.youtube.com\/channel\/UCpKbhzfoQXgXVhkWlxSuW2w\"]}]}<\/script>\n<!-- \/ Yoast SEO plugin. -->","yoast_head_json":{"title":"Lendo imagens: fotojornalismo e acontecimentos - Centro de Cr\u00edtica Da M\u00eddia","robots":{"index":"index","follow":"follow","max-snippet":"max-snippet:-1","max-image-preview":"max-image-preview:large","max-video-preview":"max-video-preview:-1"},"canonical":"https:\/\/blogfca.pucminas.br\/ccm\/blog-promove-leitura-critica-sobre-imagens-do-cotidiano\/","og_locale":"pt_BR","og_type":"article","og_title":"Lendo imagens: fotojornalismo e acontecimentos - Centro de Cr\u00edtica Da M\u00eddia","og_description":"Por Juliana Gusman.\u00a0O blog Reading the Pictures\u00a0prop\u00f5e uma reflex\u00e3o cr\u00edtica sobre imagens que circulam cotidianamente na m\u00eddia. Em uma sociedade cada vez mais visual, busca-se compreender n\u00edveis de significado, hist\u00f3rias que suscitam produ\u00e7\u00f5es imag\u00e9ticas e as media\u00e7\u00f5es que as costuram no tecido social. A plataforma tamb\u00e9m publica e analisa trabalhos de fotojornalismo originais. Reading the&hellip;","og_url":"https:\/\/blogfca.pucminas.br\/ccm\/blog-promove-leitura-critica-sobre-imagens-do-cotidiano\/","og_site_name":"Centro de Cr\u00edtica Da M\u00eddia","article_publisher":"https:\/\/www.facebook.com\/ccmpucminas\/?ref=settings","og_image":[{"url":"http:\/\/www1.fca.pucminas.br\/ccm\/wp-content\/uploads\/2016\/08\/sem-tc3adtulo1.png","type":"","width":"","height":""}],"twitter_card":"summary_large_image","twitter_site":"@ccmpucminas","twitter_misc":{"Est. tempo de leitura":"2 minutos"},"schema":{"@context":"https:\/\/schema.org","@graph":[{"@type":"WebPage","@id":"https:\/\/blogfca.pucminas.br\/ccm\/blog-promove-leitura-critica-sobre-imagens-do-cotidiano\/","url":"https:\/\/blogfca.pucminas.br\/ccm\/blog-promove-leitura-critica-sobre-imagens-do-cotidiano\/","name":"Lendo imagens: fotojornalismo e acontecimentos - Centro de Cr\u00edtica Da M\u00eddia","isPartOf":{"@id":"https:\/\/blogfca.pucminas.br\/ccm\/#website"},"primaryImageOfPage":{"@id":"https:\/\/blogfca.pucminas.br\/ccm\/blog-promove-leitura-critica-sobre-imagens-do-cotidiano\/#primaryimage"},"image":{"@id":"https:\/\/blogfca.pucminas.br\/ccm\/blog-promove-leitura-critica-sobre-imagens-do-cotidiano\/#primaryimage"},"thumbnailUrl":"http:\/\/www1.fca.pucminas.br\/ccm\/wp-content\/uploads\/2016\/08\/sem-tc3adtulo1.png","datePublished":"2016-08-20T21:56:47+00:00","breadcrumb":{"@id":"https:\/\/blogfca.pucminas.br\/ccm\/blog-promove-leitura-critica-sobre-imagens-do-cotidiano\/#breadcrumb"},"inLanguage":"pt-BR","potentialAction":[{"@type":"ReadAction","target":["https:\/\/blogfca.pucminas.br\/ccm\/blog-promove-leitura-critica-sobre-imagens-do-cotidiano\/"]}]},{"@type":"ImageObject","inLanguage":"pt-BR","@id":"https:\/\/blogfca.pucminas.br\/ccm\/blog-promove-leitura-critica-sobre-imagens-do-cotidiano\/#primaryimage","url":"http:\/\/www1.fca.pucminas.br\/ccm\/wp-content\/uploads\/2016\/08\/sem-tc3adtulo1.png","contentUrl":"http:\/\/www1.fca.pucminas.br\/ccm\/wp-content\/uploads\/2016\/08\/sem-tc3adtulo1.png"},{"@type":"BreadcrumbList","@id":"https:\/\/blogfca.pucminas.br\/ccm\/blog-promove-leitura-critica-sobre-imagens-do-cotidiano\/#breadcrumb","itemListElement":[{"@type":"ListItem","position":1,"name":"Home","item":"https:\/\/blogfca.pucminas.br\/ccm\/"},{"@type":"ListItem","position":2,"name":"Lendo imagens: fotojornalismo e acontecimentos"}]},{"@type":"WebSite","@id":"https:\/\/blogfca.pucminas.br\/ccm\/#website","url":"https:\/\/blogfca.pucminas.br\/ccm\/","name":"Centro de Cr\u00edtica da M\u00eddia","description":"","publisher":{"@id":"https:\/\/blogfca.pucminas.br\/ccm\/#organization"},"potentialAction":[{"@type":"SearchAction","target":{"@type":"EntryPoint","urlTemplate":"https:\/\/blogfca.pucminas.br\/ccm\/?s={search_term_string}"},"query-input":{"@type":"PropertyValueSpecification","valueRequired":true,"valueName":"search_term_string"}}],"inLanguage":"pt-BR"},{"@type":"Organization","@id":"https:\/\/blogfca.pucminas.br\/ccm\/#organization","name":"Centro de Cirtica da M\u00eddia","url":"https:\/\/blogfca.pucminas.br\/ccm\/","logo":{"@type":"ImageObject","inLanguage":"pt-BR","@id":"https:\/\/blogfca.pucminas.br\/ccm\/#\/schema\/logo\/image\/","url":"https:\/\/blogfca.pucminas.br\/ccm\/wp-content\/uploads\/2016\/11\/logo-ccm-preto.png","contentUrl":"https:\/\/blogfca.pucminas.br\/ccm\/wp-content\/uploads\/2016\/11\/logo-ccm-preto.png","width":1191,"height":842,"caption":"Centro de Cirtica da M\u00eddia"},"image":{"@id":"https:\/\/blogfca.pucminas.br\/ccm\/#\/schema\/logo\/image\/"},"sameAs":["https:\/\/www.facebook.com\/ccmpucminas\/?ref=settings","https:\/\/x.com\/ccmpucminas","https:\/\/www.instagram.com\/ccmpucminas\/?hl=pt-br","https:\/\/www.youtube.com\/channel\/UCpKbhzfoQXgXVhkWlxSuW2w"]}]}},"_links":{"self":[{"href":"https:\/\/blogfca.pucminas.br\/ccm\/wp-json\/wp\/v2\/pages\/508","targetHints":{"allow":["GET"]}}],"collection":[{"href":"https:\/\/blogfca.pucminas.br\/ccm\/wp-json\/wp\/v2\/pages"}],"about":[{"href":"https:\/\/blogfca.pucminas.br\/ccm\/wp-json\/wp\/v2\/types\/page"}],"author":[{"embeddable":true,"href":"https:\/\/blogfca.pucminas.br\/ccm\/wp-json\/wp\/v2\/users\/16"}],"replies":[{"embeddable":true,"href":"https:\/\/blogfca.pucminas.br\/ccm\/wp-json\/wp\/v2\/comments?post=508"}],"version-history":[{"count":0,"href":"https:\/\/blogfca.pucminas.br\/ccm\/wp-json\/wp\/v2\/pages\/508\/revisions"}],"wp:attachment":[{"href":"https:\/\/blogfca.pucminas.br\/ccm\/wp-json\/wp\/v2\/media?parent=508"}],"curies":[{"name":"wp","href":"https:\/\/api.w.org\/{rel}","templated":true}]}}