{"id":2565,"date":"2020-06-03T16:15:10","date_gmt":"2020-06-03T19:15:10","guid":{"rendered":"https:\/\/blogfca.pucminas.br\/ccm\/?page_id=2565"},"modified":"2022-03-14T21:27:22","modified_gmt":"2022-03-15T00:27:22","slug":"eventos","status":"publish","type":"page","link":"https:\/\/blogfca.pucminas.br\/ccm\/eventos\/","title":{"rendered":"Eventos"},"content":{"rendered":"\n<figure class=\"wp-block-embed is-type-wp-embed is-provider-midia-incorporada wp-block-embed-midia-incorporada\"><div class=\"wp-block-embed__wrapper\">\n<blockquote class=\"wp-embedded-content\" data-secret=\"7pTPOqTWrv\"><a href=\"https:\/\/blogfca.pucminas.br\/ccm\/mostra-ceis-inaugura-semestre-na-fca\/\">Mostra CEIS inaugura semestre na FCA<\/a><\/blockquote><iframe loading=\"lazy\" class=\"wp-embedded-content\" sandbox=\"allow-scripts\" security=\"restricted\" style=\"position: absolute; clip: rect(1px, 1px, 1px, 1px);\" title=\"&#8220;&lt;strong&gt;Mostra CEIS inaugura semestre na FCA&lt;\/strong&gt;&#8221; &#8212; \" src=\"https:\/\/blogfca.pucminas.br\/ccm\/mostra-ceis-inaugura-semestre-na-fca\/embed\/#?secret=Y2rhVFJ5pm#?secret=7pTPOqTWrv\" data-secret=\"7pTPOqTWrv\" width=\"600\" height=\"338\" frameborder=\"0\" marginwidth=\"0\" marginheight=\"0\" scrolling=\"no\"><\/iframe>\n<\/div><\/figure>\n\n\n\n<h2 class=\"wp-block-heading\"><strong>Faculdade de Comunica\u00e7\u00e3o e Artes realiza segunda edi\u00e7\u00e3o do 60.0 Festival do V\u00eddeo-Minuto<\/strong><\/h2>\n\n\n\n<p>Por Gustavo Fernandes.<\/p>\n\n\n\n<p class=\"has-text-align-justify\">Foi realizada na \u00faltima quarta-feira dia 06 de outubro a segunda edi\u00e7\u00e3o do 60.0&nbsp;Festival do V\u00eddeo-Minuto, promovido pela E-motion Audiovisual. Com o tema \u201cPorque um minuto basta\u201d, o festival foi estruturado em duas categorias: v\u00eddeos ficcionais e v\u00eddeos n\u00e3o ficcionais. Todas as obras foram realizadas por alunos da Faculdade de Comunica\u00e7\u00e3o e Artes da PUC Minas.&nbsp;<\/p>\n\n\n\n<p><a href=\"https:\/\/blogfca.pucminas.br\/ccm\/faculdade-de-comunicacao-e-artes-realiza-segunda-edicao-do-60-0-festival-do-video-minuto\/\" class=\"ek-link\">CONTINUE LENDO<\/a><\/p>\n\n\n\n<figure class=\"wp-block-embed is-type-video is-provider-youtube wp-block-embed-youtube wp-embed-aspect-16-9 wp-has-aspect-ratio\"><div class=\"wp-block-embed__wrapper\">\n<iframe loading=\"lazy\" title=\"2\u00aa edi\u00e7\u00e3o do \u201c60.0 Festival do V\u00eddeo-Minuto&quot;\" width=\"700\" height=\"394\" src=\"https:\/\/www.youtube.com\/embed\/fQ2GCOxmh4k?feature=oembed\" frameborder=\"0\" allow=\"accelerometer; autoplay; clipboard-write; encrypted-media; gyroscope; picture-in-picture\" allowfullscreen><\/iframe>\n<\/div><\/figure>\n\n\n\n<h2 class=\"wp-block-heading\"><strong>Bate-papo com Eduardo Damasceno<\/strong><\/h2>\n\n\n\n<p>Por J\u00falia Horta.<\/p>\n\n\n\n<p class=\"has-text-align-justify\">O Centro de Cr\u00edtica de M\u00eddia (CCM), recebeu nesta ter\u00e7a-feira (28), no canal da FCA no<em>&nbsp;Youtube<\/em>,&nbsp; o ilustrador e quadrinista, Eduardo Damasceno, para um bate-papo sobre sua trajet\u00f3ria nas hist\u00f3rias em quadrinho, at\u00e9 chegar no est\u00fadio&nbsp; de anima\u00e7\u00e3o,&nbsp;<em>Cartoon Saloon<\/em>, local em que ele trabalha como supervisor de cen\u00e1rios. A conversa foi mediada pelo professor da PUC Minas, Marcelo La Carretta e iniciada pelo coordenador do CCM, Ercio Sena, que agradeceu a presen\u00e7a dos convidados e a equipe do centro pela organiza\u00e7\u00e3o do evento.&nbsp;&nbsp;&nbsp;<\/p>\n\n\n\n<p><a href=\"https:\/\/blogfca.pucminas.br\/ccm\/bate-papo-com-eduardo-damasceno\/\" class=\"ek-link\">CONTINUE LENDO<\/a><\/p>\n\n\n\n<figure class=\"wp-block-image size-large\"><img loading=\"lazy\" decoding=\"async\" width=\"1024\" height=\"1024\" src=\"https:\/\/blogfca.pucminas.br\/ccm\/wp-content\/uploads\/2021\/09\/WhatsApp-Image-2021-09-29-at-11.54.39-1024x1024.jpeg\" alt=\"\" class=\"wp-image-3979\" srcset=\"https:\/\/blogfca.pucminas.br\/ccm\/wp-content\/uploads\/2021\/09\/WhatsApp-Image-2021-09-29-at-11.54.39-1024x1024.jpeg 1024w, https:\/\/blogfca.pucminas.br\/ccm\/wp-content\/uploads\/2021\/09\/WhatsApp-Image-2021-09-29-at-11.54.39-300x300.jpeg 300w, https:\/\/blogfca.pucminas.br\/ccm\/wp-content\/uploads\/2021\/09\/WhatsApp-Image-2021-09-29-at-11.54.39-150x150.jpeg 150w, https:\/\/blogfca.pucminas.br\/ccm\/wp-content\/uploads\/2021\/09\/WhatsApp-Image-2021-09-29-at-11.54.39-768x768.jpeg 768w, https:\/\/blogfca.pucminas.br\/ccm\/wp-content\/uploads\/2021\/09\/WhatsApp-Image-2021-09-29-at-11.54.39-50x50.jpeg 50w, https:\/\/blogfca.pucminas.br\/ccm\/wp-content\/uploads\/2021\/09\/WhatsApp-Image-2021-09-29-at-11.54.39.jpeg 1080w\" sizes=\"auto, (max-width: 1024px) 100vw, 1024px\" \/><\/figure>\n\n\n\n<h2 class=\"wp-block-heading\"><strong>Mem\u00f3ria: preservar e celebrar<\/strong><\/h2>\n\n\n\n<p>Por Clara Pellegrini.<\/p>\n\n\n\n<p class=\"has-text-align-justify\">Em 2021, a Faculdade de Comunica\u00e7\u00e3o e Artes da PUC Minas completa 50 anos de exist\u00eancia. Fruto de um contexto hist\u00f3rico marcado por importantes mudan\u00e7as culturais, sociais, tecnol\u00f3gicas e pol\u00edticas, a FCA nasce como reflexo da consci\u00eancia da Universidade acerca da crescente presen\u00e7a e influ\u00eancia dos meios de comunica\u00e7\u00e3o de massa na sociedade e da import\u00e2ncia de se garantir uma prepara\u00e7\u00e3o qualificada para seus usos cr\u00edticos. Diante da ditadura militar instaurada em 1964 e do cerceamento das liberdades de express\u00e3o que marcou o per\u00edodo, essas necessidades tornam-se ainda mais urgentes. \u00c9 fundada, ent\u00e3o, em 1971, a&nbsp; Faculdade de Comunica\u00e7\u00e3o Social, reestruturada em 2001 como Faculdade de Comunica\u00e7\u00e3o e Artes \u2013 um espa\u00e7o pol\u00edtico-pedag\u00f3gico de forma\u00e7\u00e3o profissional e human\u00edstica, de exerc\u00edcio de cr\u00edtica e resist\u00eancia, consciente da fun\u00e7\u00e3o social da comunica\u00e7\u00e3o. Ao longo dessas cinco d\u00e9cadas, a FCA formou milhares de profissionais nas \u00e1reas de Jornalismo, Publicidade, Rela\u00e7\u00f5es P\u00fablicas e Cinema.<\/p>\n\n\n\n<p><a href=\"https:\/\/blogfca.pucminas.br\/ccm\/memoria-preservar-e-celebrar\/\" class=\"ek-link\">CONTINUE LENDO<\/a><\/p>\n\n\n\n<div class=\"wp-block-image\"><figure class=\"aligncenter size-large\"><img loading=\"lazy\" decoding=\"async\" width=\"900\" height=\"484\" src=\"https:\/\/blogfca.pucminas.br\/ccm\/wp-content\/uploads\/2021\/06\/Logo-Mostra.png\" alt=\"\" class=\"wp-image-3701\" srcset=\"https:\/\/blogfca.pucminas.br\/ccm\/wp-content\/uploads\/2021\/06\/Logo-Mostra.png 900w, https:\/\/blogfca.pucminas.br\/ccm\/wp-content\/uploads\/2021\/06\/Logo-Mostra-300x161.png 300w, https:\/\/blogfca.pucminas.br\/ccm\/wp-content\/uploads\/2021\/06\/Logo-Mostra-768x413.png 768w\" sizes=\"auto, (max-width: 900px) 100vw, 900px\" \/><\/figure><\/div>\n\n\n\n<h2 class=\"wp-block-heading\"><strong>Cat\u00e1logo Mostra Mem\u00f3ria: o cinema nos 50 anos da FCA<\/strong><\/h2>\n\n\n\n<p class=\"has-text-align-justify\">O Centro de Cr\u00edtica da M\u00eddia (CCM) e o Centro de Experimenta\u00e7\u00e3o de Imagem e Som (CEIS) da Faculdade de Comunica\u00e7\u00e3o e Artes, da PUC Minas realizam, entre os dias 18 e 28 de junho, a Mostra Mem\u00f3ria: O Cinema nos 50 Anos da FCA. O festival re\u00fane curtas-metragens produzidos por alunas e alunos dos cursos de Comunica\u00e7\u00e3o Social ao longo de meio s\u00e9culo de exist\u00eancia da Faculdade. Divididas em tr\u00eas atos, as 32 obras selecionadas para a mostra ficar\u00e3o dispon\u00edveis na Plataforma Cardume Curtas durante todo o per\u00edodo de realiza\u00e7\u00e3o do evento. Confira na \u00edntegra o cat\u00e1logo da mostra, com a descri\u00e7\u00e3o de cada ato e dos curtas participantes.<\/p>\n\n\n\n<p><a href=\"https:\/\/blogfca.pucminas.br\/ccm\/catalogo-mostra-memoria-o-cinema-nos-50-anos-da-fca\/\" class=\"ek-link\">CONTINUE LENDO<\/a><\/p>\n\n\n\n<div class=\"wp-block-image\"><figure class=\"aligncenter size-large\"><img loading=\"lazy\" decoding=\"async\" width=\"595\" height=\"510\" src=\"https:\/\/blogfca.pucminas.br\/ccm\/wp-content\/uploads\/2021\/06\/Capa-Catalogo.png\" alt=\"\" class=\"wp-image-3728\" srcset=\"https:\/\/blogfca.pucminas.br\/ccm\/wp-content\/uploads\/2021\/06\/Capa-Catalogo.png 595w, https:\/\/blogfca.pucminas.br\/ccm\/wp-content\/uploads\/2021\/06\/Capa-Catalogo-300x257.png 300w\" sizes=\"auto, (max-width: 595px) 100vw, 595px\" \/><\/figure><\/div>\n\n\n\n<h2 class=\"wp-block-heading\"><strong>Mostra Mem\u00f3ria: o cinema nos 50 anos da FCA \u2013 2021 <\/strong><\/h2>\n\n\n\n<p class=\"has-text-align-justify\">O Centro de Experimenta\u00e7\u00e3o de Imagem e Som (CEIS) e o Centro de Cr\u00edtica da M\u00eddia (CCM) da Faculdade de Comunica\u00e7\u00e3o e Artes, da PUC Minas \u2014 comunicam a realiza\u00e7\u00e3o da sele\u00e7\u00e3o de obras audiovisuais de curta-metragem para a exibi\u00e7\u00e3o na&nbsp;<strong>Mostra Mem\u00f3ria<\/strong>:&nbsp;<strong>O Cinema nos 50 Anos da FCA.<\/strong>O evento acontecer\u00e1 entre os dias&nbsp;<strong>18 e 28 de junho de 2021<\/strong>, atrav\u00e9s da&nbsp;<strong>Plataforma Cardume Curtas.<\/strong> O prazo de inscri\u00e7\u00f5es \u00e9 do dia <strong>12\/05 a 22\/05<\/strong>.<\/p>\n\n\n\n<p><a href=\"https:\/\/blogfca.pucminas.br\/ccm\/mostra-memoria-o-cinema-nos-50-anos-da-fca-2021\/\" class=\"ek-link\">CONFIRA O EDITAL NA \u00cdNTEGRA<\/a><\/p>\n\n\n\n<div class=\"wp-block-image\"><figure class=\"aligncenter size-large\"><img loading=\"lazy\" decoding=\"async\" width=\"1024\" height=\"1024\" src=\"https:\/\/blogfca.pucminas.br\/ccm\/wp-content\/uploads\/2021\/05\/image_6483441-1024x1024.jpg\" alt=\"\" class=\"wp-image-3504\" srcset=\"https:\/\/blogfca.pucminas.br\/ccm\/wp-content\/uploads\/2021\/05\/image_6483441-1024x1024.jpg 1024w, https:\/\/blogfca.pucminas.br\/ccm\/wp-content\/uploads\/2021\/05\/image_6483441-300x300.jpg 300w, https:\/\/blogfca.pucminas.br\/ccm\/wp-content\/uploads\/2021\/05\/image_6483441-150x150.jpg 150w, https:\/\/blogfca.pucminas.br\/ccm\/wp-content\/uploads\/2021\/05\/image_6483441-768x768.jpg 768w, https:\/\/blogfca.pucminas.br\/ccm\/wp-content\/uploads\/2021\/05\/image_6483441-50x50.jpg 50w, https:\/\/blogfca.pucminas.br\/ccm\/wp-content\/uploads\/2021\/05\/image_6483441.jpg 1080w\" sizes=\"auto, (max-width: 1024px) 100vw, 1024px\" \/><\/figure><\/div>\n\n\n\n<h2 class=\"wp-block-heading\"><strong>3\u00ba Simp\u00f3sio de Cr\u00edtica de M\u00eddia <\/strong><\/h2>\n\n\n\n<p class=\"has-text-align-justify\">O PPGCom da PUC Minas sediar\u00e1, nos dias&nbsp;<strong>16 e 17 de maio<\/strong>, o&nbsp;<strong>3\u00ba Simp\u00f3sio de Cr\u00edtica da M\u00eddia<\/strong>, promovido pela rede Metacr\u00edtica \u2013 Rede de Pesquisa em Cultura Midi\u00e1tica. A rede \u00e9 constitu\u00edda pelos grupos de pesquisa M\u00eddia e Narrativa (PUC Minas), MidiAto (USP) e Cr\u00edtica de M\u00eddia e Pr\u00e1ticas Culturais (UFSC).&nbsp;<\/p>\n\n\n\n<p><a href=\"https:\/\/blogfca.pucminas.br\/ccm\/3o-simposio-de-critica-da-midia\/\" class=\"ek-link\">CONTINUE LENDO<\/a><\/p>\n\n\n\n<figure class=\"wp-block-image\"><img loading=\"lazy\" decoding=\"async\" width=\"1024\" height=\"515\" src=\"https:\/\/blogfca.pucminas.br\/ccm\/wp-content\/uploads\/2019\/05\/simp-2-1-2-1024x515.jpg\" alt=\"\" class=\"wp-image-2090\" srcset=\"https:\/\/blogfca.pucminas.br\/ccm\/wp-content\/uploads\/2019\/05\/simp-2-1-2-1024x515.jpg 1024w, https:\/\/blogfca.pucminas.br\/ccm\/wp-content\/uploads\/2019\/05\/simp-2-1-2-300x151.jpg 300w, https:\/\/blogfca.pucminas.br\/ccm\/wp-content\/uploads\/2019\/05\/simp-2-1-2-768x386.jpg 768w\" sizes=\"auto, (max-width: 1024px) 100vw, 1024px\" \/><\/figure>\n","protected":false},"excerpt":{"rendered":"<p>Faculdade de Comunica\u00e7\u00e3o e Artes realiza segunda edi\u00e7\u00e3o do 60.0 Festival do V\u00eddeo-Minuto Por Gustavo Fernandes. Foi realizada na \u00faltima quarta-feira dia 06 de outubro a segunda edi\u00e7\u00e3o do 60.0&nbsp;Festival do V\u00eddeo-Minuto, promovido pela E-motion Audiovisual. Com o tema \u201cPorque um minuto basta\u201d, o festival foi estruturado em duas categorias: v\u00eddeos ficcionais e v\u00eddeos n\u00e3o&hellip;<\/p>\n","protected":false},"author":16,"featured_media":0,"parent":0,"menu_order":0,"comment_status":"closed","ping_status":"closed","template":"","meta":{"footnotes":""},"class_list":["post-2565","page","type-page","status-publish","hentry"],"yoast_head":"<!-- This site is optimized with the Yoast SEO plugin v27.2 - https:\/\/yoast.com\/product\/yoast-seo-wordpress\/ -->\n<title>Eventos - Centro de Cr\u00edtica Da M\u00eddia<\/title>\n<meta name=\"robots\" content=\"index, follow, max-snippet:-1, max-image-preview:large, max-video-preview:-1\" \/>\n<link rel=\"canonical\" href=\"https:\/\/blogfca.pucminas.br\/ccm\/eventos\/\" \/>\n<meta property=\"og:locale\" content=\"pt_BR\" \/>\n<meta property=\"og:type\" content=\"article\" \/>\n<meta property=\"og:title\" content=\"Eventos - Centro de Cr\u00edtica Da M\u00eddia\" \/>\n<meta property=\"og:description\" content=\"Faculdade de Comunica\u00e7\u00e3o e Artes realiza segunda edi\u00e7\u00e3o do 60.0 Festival do V\u00eddeo-Minuto Por Gustavo Fernandes. Foi realizada na \u00faltima quarta-feira dia 06 de outubro a segunda edi\u00e7\u00e3o do 60.0&nbsp;Festival do V\u00eddeo-Minuto, promovido pela E-motion Audiovisual. Com o tema \u201cPorque um minuto basta\u201d, o festival foi estruturado em duas categorias: v\u00eddeos ficcionais e v\u00eddeos n\u00e3o&hellip;\" \/>\n<meta property=\"og:url\" content=\"https:\/\/blogfca.pucminas.br\/ccm\/eventos\/\" \/>\n<meta property=\"og:site_name\" content=\"Centro de Cr\u00edtica Da M\u00eddia\" \/>\n<meta property=\"article:publisher\" content=\"https:\/\/www.facebook.com\/ccmpucminas\/?ref=settings\" \/>\n<meta property=\"article:modified_time\" content=\"2022-03-15T00:27:22+00:00\" \/>\n<meta property=\"og:image\" content=\"https:\/\/blogfca.pucminas.br\/ccm\/wp-content\/uploads\/2021\/09\/WhatsApp-Image-2021-09-29-at-11.54.39-1024x1024.jpeg\" \/>\n<meta name=\"twitter:card\" content=\"summary_large_image\" \/>\n<meta name=\"twitter:site\" content=\"@ccmpucminas\" \/>\n<meta name=\"twitter:label1\" content=\"Est. tempo de leitura\" \/>\n\t<meta name=\"twitter:data1\" content=\"5 minutos\" \/>\n<script type=\"application\/ld+json\" class=\"yoast-schema-graph\">{\"@context\":\"https:\/\/schema.org\",\"@graph\":[{\"@type\":\"WebPage\",\"@id\":\"https:\/\/blogfca.pucminas.br\/ccm\/eventos\/\",\"url\":\"https:\/\/blogfca.pucminas.br\/ccm\/eventos\/\",\"name\":\"Eventos - Centro de Cr\u00edtica Da M\u00eddia\",\"isPartOf\":{\"@id\":\"https:\/\/blogfca.pucminas.br\/ccm\/#website\"},\"primaryImageOfPage\":{\"@id\":\"https:\/\/blogfca.pucminas.br\/ccm\/eventos\/#primaryimage\"},\"image\":{\"@id\":\"https:\/\/blogfca.pucminas.br\/ccm\/eventos\/#primaryimage\"},\"thumbnailUrl\":\"https:\/\/blogfca.pucminas.br\/ccm\/wp-content\/uploads\/2021\/09\/WhatsApp-Image-2021-09-29-at-11.54.39-1024x1024.jpeg\",\"datePublished\":\"2020-06-03T19:15:10+00:00\",\"dateModified\":\"2022-03-15T00:27:22+00:00\",\"breadcrumb\":{\"@id\":\"https:\/\/blogfca.pucminas.br\/ccm\/eventos\/#breadcrumb\"},\"inLanguage\":\"pt-BR\",\"potentialAction\":[{\"@type\":\"ReadAction\",\"target\":[\"https:\/\/blogfca.pucminas.br\/ccm\/eventos\/\"]}]},{\"@type\":\"ImageObject\",\"inLanguage\":\"pt-BR\",\"@id\":\"https:\/\/blogfca.pucminas.br\/ccm\/eventos\/#primaryimage\",\"url\":\"https:\/\/blogfca.pucminas.br\/ccm\/wp-content\/uploads\/2021\/09\/WhatsApp-Image-2021-09-29-at-11.54.39.jpeg\",\"contentUrl\":\"https:\/\/blogfca.pucminas.br\/ccm\/wp-content\/uploads\/2021\/09\/WhatsApp-Image-2021-09-29-at-11.54.39.jpeg\",\"width\":1080,\"height\":1080},{\"@type\":\"BreadcrumbList\",\"@id\":\"https:\/\/blogfca.pucminas.br\/ccm\/eventos\/#breadcrumb\",\"itemListElement\":[{\"@type\":\"ListItem\",\"position\":1,\"name\":\"Home\",\"item\":\"https:\/\/blogfca.pucminas.br\/ccm\/\"},{\"@type\":\"ListItem\",\"position\":2,\"name\":\"Eventos\"}]},{\"@type\":\"WebSite\",\"@id\":\"https:\/\/blogfca.pucminas.br\/ccm\/#website\",\"url\":\"https:\/\/blogfca.pucminas.br\/ccm\/\",\"name\":\"Centro de Cr\u00edtica da M\u00eddia\",\"description\":\"\",\"publisher\":{\"@id\":\"https:\/\/blogfca.pucminas.br\/ccm\/#organization\"},\"potentialAction\":[{\"@type\":\"SearchAction\",\"target\":{\"@type\":\"EntryPoint\",\"urlTemplate\":\"https:\/\/blogfca.pucminas.br\/ccm\/?s={search_term_string}\"},\"query-input\":{\"@type\":\"PropertyValueSpecification\",\"valueRequired\":true,\"valueName\":\"search_term_string\"}}],\"inLanguage\":\"pt-BR\"},{\"@type\":\"Organization\",\"@id\":\"https:\/\/blogfca.pucminas.br\/ccm\/#organization\",\"name\":\"Centro de Cirtica da M\u00eddia\",\"url\":\"https:\/\/blogfca.pucminas.br\/ccm\/\",\"logo\":{\"@type\":\"ImageObject\",\"inLanguage\":\"pt-BR\",\"@id\":\"https:\/\/blogfca.pucminas.br\/ccm\/#\/schema\/logo\/image\/\",\"url\":\"https:\/\/blogfca.pucminas.br\/ccm\/wp-content\/uploads\/2016\/11\/logo-ccm-preto.png\",\"contentUrl\":\"https:\/\/blogfca.pucminas.br\/ccm\/wp-content\/uploads\/2016\/11\/logo-ccm-preto.png\",\"width\":1191,\"height\":842,\"caption\":\"Centro de Cirtica da M\u00eddia\"},\"image\":{\"@id\":\"https:\/\/blogfca.pucminas.br\/ccm\/#\/schema\/logo\/image\/\"},\"sameAs\":[\"https:\/\/www.facebook.com\/ccmpucminas\/?ref=settings\",\"https:\/\/x.com\/ccmpucminas\",\"https:\/\/www.instagram.com\/ccmpucminas\/?hl=pt-br\",\"https:\/\/www.youtube.com\/channel\/UCpKbhzfoQXgXVhkWlxSuW2w\"]}]}<\/script>\n<!-- \/ Yoast SEO plugin. -->","yoast_head_json":{"title":"Eventos - Centro de Cr\u00edtica Da M\u00eddia","robots":{"index":"index","follow":"follow","max-snippet":"max-snippet:-1","max-image-preview":"max-image-preview:large","max-video-preview":"max-video-preview:-1"},"canonical":"https:\/\/blogfca.pucminas.br\/ccm\/eventos\/","og_locale":"pt_BR","og_type":"article","og_title":"Eventos - Centro de Cr\u00edtica Da M\u00eddia","og_description":"Faculdade de Comunica\u00e7\u00e3o e Artes realiza segunda edi\u00e7\u00e3o do 60.0 Festival do V\u00eddeo-Minuto Por Gustavo Fernandes. Foi realizada na \u00faltima quarta-feira dia 06 de outubro a segunda edi\u00e7\u00e3o do 60.0&nbsp;Festival do V\u00eddeo-Minuto, promovido pela E-motion Audiovisual. Com o tema \u201cPorque um minuto basta\u201d, o festival foi estruturado em duas categorias: v\u00eddeos ficcionais e v\u00eddeos n\u00e3o&hellip;","og_url":"https:\/\/blogfca.pucminas.br\/ccm\/eventos\/","og_site_name":"Centro de Cr\u00edtica Da M\u00eddia","article_publisher":"https:\/\/www.facebook.com\/ccmpucminas\/?ref=settings","article_modified_time":"2022-03-15T00:27:22+00:00","og_image":[{"url":"https:\/\/blogfca.pucminas.br\/ccm\/wp-content\/uploads\/2021\/09\/WhatsApp-Image-2021-09-29-at-11.54.39-1024x1024.jpeg","type":"","width":"","height":""}],"twitter_card":"summary_large_image","twitter_site":"@ccmpucminas","twitter_misc":{"Est. tempo de leitura":"5 minutos"},"schema":{"@context":"https:\/\/schema.org","@graph":[{"@type":"WebPage","@id":"https:\/\/blogfca.pucminas.br\/ccm\/eventos\/","url":"https:\/\/blogfca.pucminas.br\/ccm\/eventos\/","name":"Eventos - Centro de Cr\u00edtica Da M\u00eddia","isPartOf":{"@id":"https:\/\/blogfca.pucminas.br\/ccm\/#website"},"primaryImageOfPage":{"@id":"https:\/\/blogfca.pucminas.br\/ccm\/eventos\/#primaryimage"},"image":{"@id":"https:\/\/blogfca.pucminas.br\/ccm\/eventos\/#primaryimage"},"thumbnailUrl":"https:\/\/blogfca.pucminas.br\/ccm\/wp-content\/uploads\/2021\/09\/WhatsApp-Image-2021-09-29-at-11.54.39-1024x1024.jpeg","datePublished":"2020-06-03T19:15:10+00:00","dateModified":"2022-03-15T00:27:22+00:00","breadcrumb":{"@id":"https:\/\/blogfca.pucminas.br\/ccm\/eventos\/#breadcrumb"},"inLanguage":"pt-BR","potentialAction":[{"@type":"ReadAction","target":["https:\/\/blogfca.pucminas.br\/ccm\/eventos\/"]}]},{"@type":"ImageObject","inLanguage":"pt-BR","@id":"https:\/\/blogfca.pucminas.br\/ccm\/eventos\/#primaryimage","url":"https:\/\/blogfca.pucminas.br\/ccm\/wp-content\/uploads\/2021\/09\/WhatsApp-Image-2021-09-29-at-11.54.39.jpeg","contentUrl":"https:\/\/blogfca.pucminas.br\/ccm\/wp-content\/uploads\/2021\/09\/WhatsApp-Image-2021-09-29-at-11.54.39.jpeg","width":1080,"height":1080},{"@type":"BreadcrumbList","@id":"https:\/\/blogfca.pucminas.br\/ccm\/eventos\/#breadcrumb","itemListElement":[{"@type":"ListItem","position":1,"name":"Home","item":"https:\/\/blogfca.pucminas.br\/ccm\/"},{"@type":"ListItem","position":2,"name":"Eventos"}]},{"@type":"WebSite","@id":"https:\/\/blogfca.pucminas.br\/ccm\/#website","url":"https:\/\/blogfca.pucminas.br\/ccm\/","name":"Centro de Cr\u00edtica da M\u00eddia","description":"","publisher":{"@id":"https:\/\/blogfca.pucminas.br\/ccm\/#organization"},"potentialAction":[{"@type":"SearchAction","target":{"@type":"EntryPoint","urlTemplate":"https:\/\/blogfca.pucminas.br\/ccm\/?s={search_term_string}"},"query-input":{"@type":"PropertyValueSpecification","valueRequired":true,"valueName":"search_term_string"}}],"inLanguage":"pt-BR"},{"@type":"Organization","@id":"https:\/\/blogfca.pucminas.br\/ccm\/#organization","name":"Centro de Cirtica da M\u00eddia","url":"https:\/\/blogfca.pucminas.br\/ccm\/","logo":{"@type":"ImageObject","inLanguage":"pt-BR","@id":"https:\/\/blogfca.pucminas.br\/ccm\/#\/schema\/logo\/image\/","url":"https:\/\/blogfca.pucminas.br\/ccm\/wp-content\/uploads\/2016\/11\/logo-ccm-preto.png","contentUrl":"https:\/\/blogfca.pucminas.br\/ccm\/wp-content\/uploads\/2016\/11\/logo-ccm-preto.png","width":1191,"height":842,"caption":"Centro de Cirtica da M\u00eddia"},"image":{"@id":"https:\/\/blogfca.pucminas.br\/ccm\/#\/schema\/logo\/image\/"},"sameAs":["https:\/\/www.facebook.com\/ccmpucminas\/?ref=settings","https:\/\/x.com\/ccmpucminas","https:\/\/www.instagram.com\/ccmpucminas\/?hl=pt-br","https:\/\/www.youtube.com\/channel\/UCpKbhzfoQXgXVhkWlxSuW2w"]}]}},"_links":{"self":[{"href":"https:\/\/blogfca.pucminas.br\/ccm\/wp-json\/wp\/v2\/pages\/2565","targetHints":{"allow":["GET"]}}],"collection":[{"href":"https:\/\/blogfca.pucminas.br\/ccm\/wp-json\/wp\/v2\/pages"}],"about":[{"href":"https:\/\/blogfca.pucminas.br\/ccm\/wp-json\/wp\/v2\/types\/page"}],"author":[{"embeddable":true,"href":"https:\/\/blogfca.pucminas.br\/ccm\/wp-json\/wp\/v2\/users\/16"}],"replies":[{"embeddable":true,"href":"https:\/\/blogfca.pucminas.br\/ccm\/wp-json\/wp\/v2\/comments?post=2565"}],"version-history":[{"count":11,"href":"https:\/\/blogfca.pucminas.br\/ccm\/wp-json\/wp\/v2\/pages\/2565\/revisions"}],"predecessor-version":[{"id":4223,"href":"https:\/\/blogfca.pucminas.br\/ccm\/wp-json\/wp\/v2\/pages\/2565\/revisions\/4223"}],"wp:attachment":[{"href":"https:\/\/blogfca.pucminas.br\/ccm\/wp-json\/wp\/v2\/media?parent=2565"}],"curies":[{"name":"wp","href":"https:\/\/api.w.org\/{rel}","templated":true}]}}