{"id":1958,"date":"2019-03-19T14:19:29","date_gmt":"2019-03-19T17:19:29","guid":{"rendered":"http:\/\/www1.fca.pucminas.br\/ccm\/?page_id=1958"},"modified":"2021-02-18T15:12:53","modified_gmt":"2021-02-18T18:12:53","slug":"colaboracoes","status":"publish","type":"page","link":"https:\/\/blogfca.pucminas.br\/ccm\/colaboracoes\/","title":{"rendered":"Colabora\u00e7\u00f5es"},"content":{"rendered":"<h3 class=\"entry-title\"><strong>Entenda como ser colaborador do Centro de Cr\u00edtica da M\u00eddia<\/strong><\/h3>\n<p style=\"text-align: justify;\">Bem vindo comunicador(a)! Neste documento\/post voc\u00ea entrar\u00e1 em contato com os padr\u00f5es estruturais para publica\u00e7\u00e3o no Blog do Centro de Cr\u00edtica da M\u00eddia (CCM). O nosso centro tem, entre seus principais eixos, a pretens\u00e3o de fomentar os esfor\u00e7os intelectuais comprometidos em entender e constituir movimentos que ultrapassem qualquer acomoda\u00e7\u00e3o na tentativa de apreender \u00a0complexas e variadas rela\u00e7\u00f5es entre os meios e a sociedade. Entendemos que o exerc\u00edcio cr\u00edtico da m\u00eddia desnaturaliza pontos de vista cristalizados, criando outras possibilidades de rela\u00e7\u00f5es com a cultura, a sociedade, a pol\u00edtica e a cidadania.<\/p>\n<p><a href=\"https:\/\/blogfca.pucminas.br\/ccm\/entenda-como-ser-colaborador-do-centro-de-critica-da-midia\/\">CONTINUE LENDO<\/a><\/p>\n<p><img loading=\"lazy\" decoding=\"async\" class=\"aligncenter size-large wp-image-1952\" src=\"http:\/\/www1.fca.pucminas.br\/ccm\/wp-content\/uploads\/2019\/03\/WhatsApp-Image-2019-03-15-at-10.15.49-1024x576.jpeg\" alt=\"\" width=\"700\" height=\"394\" srcset=\"https:\/\/blogfca.pucminas.br\/ccm\/wp-content\/uploads\/2019\/03\/WhatsApp-Image-2019-03-15-at-10.15.49-1024x576.jpeg 1024w, https:\/\/blogfca.pucminas.br\/ccm\/wp-content\/uploads\/2019\/03\/WhatsApp-Image-2019-03-15-at-10.15.49-300x169.jpeg 300w, https:\/\/blogfca.pucminas.br\/ccm\/wp-content\/uploads\/2019\/03\/WhatsApp-Image-2019-03-15-at-10.15.49-768x432.jpeg 768w, https:\/\/blogfca.pucminas.br\/ccm\/wp-content\/uploads\/2019\/03\/WhatsApp-Image-2019-03-15-at-10.15.49-460x260.jpeg 460w, https:\/\/blogfca.pucminas.br\/ccm\/wp-content\/uploads\/2019\/03\/WhatsApp-Image-2019-03-15-at-10.15.49.jpeg 1280w\" sizes=\"auto, (max-width: 700px) 100vw, 700px\" \/><\/p>\n","protected":false},"excerpt":{"rendered":"<p>Entenda como ser colaborador do Centro de Cr\u00edtica da M\u00eddia Bem vindo comunicador(a)! Neste documento\/post voc\u00ea entrar\u00e1 em contato com os padr\u00f5es estruturais para publica\u00e7\u00e3o no Blog do Centro de Cr\u00edtica da M\u00eddia (CCM). O nosso centro tem, entre seus principais eixos, a pretens\u00e3o de fomentar os esfor\u00e7os intelectuais comprometidos em entender e constituir movimentos&hellip;<\/p>\n","protected":false},"author":16,"featured_media":0,"parent":0,"menu_order":0,"comment_status":"closed","ping_status":"closed","template":"","meta":{"footnotes":""},"class_list":["post-1958","page","type-page","status-publish","hentry"],"yoast_head":"<!-- This site is optimized with the Yoast SEO plugin v27.2 - https:\/\/yoast.com\/product\/yoast-seo-wordpress\/ -->\n<title>Colabora\u00e7\u00f5es - Centro de Cr\u00edtica Da M\u00eddia<\/title>\n<meta name=\"robots\" content=\"index, follow, max-snippet:-1, max-image-preview:large, max-video-preview:-1\" \/>\n<link rel=\"canonical\" href=\"https:\/\/blogfca.pucminas.br\/ccm\/colaboracoes\/\" \/>\n<meta property=\"og:locale\" content=\"pt_BR\" \/>\n<meta property=\"og:type\" content=\"article\" \/>\n<meta property=\"og:title\" content=\"Colabora\u00e7\u00f5es - Centro de Cr\u00edtica Da M\u00eddia\" \/>\n<meta property=\"og:description\" content=\"Entenda como ser colaborador do Centro de Cr\u00edtica da M\u00eddia Bem vindo comunicador(a)! Neste documento\/post voc\u00ea entrar\u00e1 em contato com os padr\u00f5es estruturais para publica\u00e7\u00e3o no Blog do Centro de Cr\u00edtica da M\u00eddia (CCM). O nosso centro tem, entre seus principais eixos, a pretens\u00e3o de fomentar os esfor\u00e7os intelectuais comprometidos em entender e constituir movimentos&hellip;\" \/>\n<meta property=\"og:url\" content=\"https:\/\/blogfca.pucminas.br\/ccm\/colaboracoes\/\" \/>\n<meta property=\"og:site_name\" content=\"Centro de Cr\u00edtica Da M\u00eddia\" \/>\n<meta property=\"article:publisher\" content=\"https:\/\/www.facebook.com\/ccmpucminas\/?ref=settings\" \/>\n<meta property=\"article:modified_time\" content=\"2021-02-18T18:12:53+00:00\" \/>\n<meta property=\"og:image\" content=\"http:\/\/www1.fca.pucminas.br\/ccm\/wp-content\/uploads\/2019\/03\/WhatsApp-Image-2019-03-15-at-10.15.49-1024x576.jpeg\" \/>\n<meta name=\"twitter:card\" content=\"summary_large_image\" \/>\n<meta name=\"twitter:site\" content=\"@ccmpucminas\" \/>\n<meta name=\"twitter:label1\" content=\"Est. tempo de leitura\" \/>\n\t<meta name=\"twitter:data1\" content=\"1 minuto\" \/>\n<script type=\"application\/ld+json\" class=\"yoast-schema-graph\">{\"@context\":\"https:\/\/schema.org\",\"@graph\":[{\"@type\":\"WebPage\",\"@id\":\"https:\/\/blogfca.pucminas.br\/ccm\/colaboracoes\/\",\"url\":\"https:\/\/blogfca.pucminas.br\/ccm\/colaboracoes\/\",\"name\":\"Colabora\u00e7\u00f5es - Centro de Cr\u00edtica Da M\u00eddia\",\"isPartOf\":{\"@id\":\"https:\/\/blogfca.pucminas.br\/ccm\/#website\"},\"primaryImageOfPage\":{\"@id\":\"https:\/\/blogfca.pucminas.br\/ccm\/colaboracoes\/#primaryimage\"},\"image\":{\"@id\":\"https:\/\/blogfca.pucminas.br\/ccm\/colaboracoes\/#primaryimage\"},\"thumbnailUrl\":\"http:\/\/www1.fca.pucminas.br\/ccm\/wp-content\/uploads\/2019\/03\/WhatsApp-Image-2019-03-15-at-10.15.49-1024x576.jpeg\",\"datePublished\":\"2019-03-19T17:19:29+00:00\",\"dateModified\":\"2021-02-18T18:12:53+00:00\",\"breadcrumb\":{\"@id\":\"https:\/\/blogfca.pucminas.br\/ccm\/colaboracoes\/#breadcrumb\"},\"inLanguage\":\"pt-BR\",\"potentialAction\":[{\"@type\":\"ReadAction\",\"target\":[\"https:\/\/blogfca.pucminas.br\/ccm\/colaboracoes\/\"]}]},{\"@type\":\"ImageObject\",\"inLanguage\":\"pt-BR\",\"@id\":\"https:\/\/blogfca.pucminas.br\/ccm\/colaboracoes\/#primaryimage\",\"url\":\"http:\/\/www1.fca.pucminas.br\/ccm\/wp-content\/uploads\/2019\/03\/WhatsApp-Image-2019-03-15-at-10.15.49-1024x576.jpeg\",\"contentUrl\":\"http:\/\/www1.fca.pucminas.br\/ccm\/wp-content\/uploads\/2019\/03\/WhatsApp-Image-2019-03-15-at-10.15.49-1024x576.jpeg\"},{\"@type\":\"BreadcrumbList\",\"@id\":\"https:\/\/blogfca.pucminas.br\/ccm\/colaboracoes\/#breadcrumb\",\"itemListElement\":[{\"@type\":\"ListItem\",\"position\":1,\"name\":\"Home\",\"item\":\"https:\/\/blogfca.pucminas.br\/ccm\/\"},{\"@type\":\"ListItem\",\"position\":2,\"name\":\"Colabora\u00e7\u00f5es\"}]},{\"@type\":\"WebSite\",\"@id\":\"https:\/\/blogfca.pucminas.br\/ccm\/#website\",\"url\":\"https:\/\/blogfca.pucminas.br\/ccm\/\",\"name\":\"Centro de Cr\u00edtica da M\u00eddia\",\"description\":\"\",\"publisher\":{\"@id\":\"https:\/\/blogfca.pucminas.br\/ccm\/#organization\"},\"potentialAction\":[{\"@type\":\"SearchAction\",\"target\":{\"@type\":\"EntryPoint\",\"urlTemplate\":\"https:\/\/blogfca.pucminas.br\/ccm\/?s={search_term_string}\"},\"query-input\":{\"@type\":\"PropertyValueSpecification\",\"valueRequired\":true,\"valueName\":\"search_term_string\"}}],\"inLanguage\":\"pt-BR\"},{\"@type\":\"Organization\",\"@id\":\"https:\/\/blogfca.pucminas.br\/ccm\/#organization\",\"name\":\"Centro de Cirtica da M\u00eddia\",\"url\":\"https:\/\/blogfca.pucminas.br\/ccm\/\",\"logo\":{\"@type\":\"ImageObject\",\"inLanguage\":\"pt-BR\",\"@id\":\"https:\/\/blogfca.pucminas.br\/ccm\/#\/schema\/logo\/image\/\",\"url\":\"https:\/\/blogfca.pucminas.br\/ccm\/wp-content\/uploads\/2016\/11\/logo-ccm-preto.png\",\"contentUrl\":\"https:\/\/blogfca.pucminas.br\/ccm\/wp-content\/uploads\/2016\/11\/logo-ccm-preto.png\",\"width\":1191,\"height\":842,\"caption\":\"Centro de Cirtica da M\u00eddia\"},\"image\":{\"@id\":\"https:\/\/blogfca.pucminas.br\/ccm\/#\/schema\/logo\/image\/\"},\"sameAs\":[\"https:\/\/www.facebook.com\/ccmpucminas\/?ref=settings\",\"https:\/\/x.com\/ccmpucminas\",\"https:\/\/www.instagram.com\/ccmpucminas\/?hl=pt-br\",\"https:\/\/www.youtube.com\/channel\/UCpKbhzfoQXgXVhkWlxSuW2w\"]}]}<\/script>\n<!-- \/ Yoast SEO plugin. -->","yoast_head_json":{"title":"Colabora\u00e7\u00f5es - Centro de Cr\u00edtica Da M\u00eddia","robots":{"index":"index","follow":"follow","max-snippet":"max-snippet:-1","max-image-preview":"max-image-preview:large","max-video-preview":"max-video-preview:-1"},"canonical":"https:\/\/blogfca.pucminas.br\/ccm\/colaboracoes\/","og_locale":"pt_BR","og_type":"article","og_title":"Colabora\u00e7\u00f5es - Centro de Cr\u00edtica Da M\u00eddia","og_description":"Entenda como ser colaborador do Centro de Cr\u00edtica da M\u00eddia Bem vindo comunicador(a)! Neste documento\/post voc\u00ea entrar\u00e1 em contato com os padr\u00f5es estruturais para publica\u00e7\u00e3o no Blog do Centro de Cr\u00edtica da M\u00eddia (CCM). O nosso centro tem, entre seus principais eixos, a pretens\u00e3o de fomentar os esfor\u00e7os intelectuais comprometidos em entender e constituir movimentos&hellip;","og_url":"https:\/\/blogfca.pucminas.br\/ccm\/colaboracoes\/","og_site_name":"Centro de Cr\u00edtica Da M\u00eddia","article_publisher":"https:\/\/www.facebook.com\/ccmpucminas\/?ref=settings","article_modified_time":"2021-02-18T18:12:53+00:00","og_image":[{"url":"http:\/\/www1.fca.pucminas.br\/ccm\/wp-content\/uploads\/2019\/03\/WhatsApp-Image-2019-03-15-at-10.15.49-1024x576.jpeg","type":"","width":"","height":""}],"twitter_card":"summary_large_image","twitter_site":"@ccmpucminas","twitter_misc":{"Est. tempo de leitura":"1 minuto"},"schema":{"@context":"https:\/\/schema.org","@graph":[{"@type":"WebPage","@id":"https:\/\/blogfca.pucminas.br\/ccm\/colaboracoes\/","url":"https:\/\/blogfca.pucminas.br\/ccm\/colaboracoes\/","name":"Colabora\u00e7\u00f5es - Centro de Cr\u00edtica Da M\u00eddia","isPartOf":{"@id":"https:\/\/blogfca.pucminas.br\/ccm\/#website"},"primaryImageOfPage":{"@id":"https:\/\/blogfca.pucminas.br\/ccm\/colaboracoes\/#primaryimage"},"image":{"@id":"https:\/\/blogfca.pucminas.br\/ccm\/colaboracoes\/#primaryimage"},"thumbnailUrl":"http:\/\/www1.fca.pucminas.br\/ccm\/wp-content\/uploads\/2019\/03\/WhatsApp-Image-2019-03-15-at-10.15.49-1024x576.jpeg","datePublished":"2019-03-19T17:19:29+00:00","dateModified":"2021-02-18T18:12:53+00:00","breadcrumb":{"@id":"https:\/\/blogfca.pucminas.br\/ccm\/colaboracoes\/#breadcrumb"},"inLanguage":"pt-BR","potentialAction":[{"@type":"ReadAction","target":["https:\/\/blogfca.pucminas.br\/ccm\/colaboracoes\/"]}]},{"@type":"ImageObject","inLanguage":"pt-BR","@id":"https:\/\/blogfca.pucminas.br\/ccm\/colaboracoes\/#primaryimage","url":"http:\/\/www1.fca.pucminas.br\/ccm\/wp-content\/uploads\/2019\/03\/WhatsApp-Image-2019-03-15-at-10.15.49-1024x576.jpeg","contentUrl":"http:\/\/www1.fca.pucminas.br\/ccm\/wp-content\/uploads\/2019\/03\/WhatsApp-Image-2019-03-15-at-10.15.49-1024x576.jpeg"},{"@type":"BreadcrumbList","@id":"https:\/\/blogfca.pucminas.br\/ccm\/colaboracoes\/#breadcrumb","itemListElement":[{"@type":"ListItem","position":1,"name":"Home","item":"https:\/\/blogfca.pucminas.br\/ccm\/"},{"@type":"ListItem","position":2,"name":"Colabora\u00e7\u00f5es"}]},{"@type":"WebSite","@id":"https:\/\/blogfca.pucminas.br\/ccm\/#website","url":"https:\/\/blogfca.pucminas.br\/ccm\/","name":"Centro de Cr\u00edtica da M\u00eddia","description":"","publisher":{"@id":"https:\/\/blogfca.pucminas.br\/ccm\/#organization"},"potentialAction":[{"@type":"SearchAction","target":{"@type":"EntryPoint","urlTemplate":"https:\/\/blogfca.pucminas.br\/ccm\/?s={search_term_string}"},"query-input":{"@type":"PropertyValueSpecification","valueRequired":true,"valueName":"search_term_string"}}],"inLanguage":"pt-BR"},{"@type":"Organization","@id":"https:\/\/blogfca.pucminas.br\/ccm\/#organization","name":"Centro de Cirtica da M\u00eddia","url":"https:\/\/blogfca.pucminas.br\/ccm\/","logo":{"@type":"ImageObject","inLanguage":"pt-BR","@id":"https:\/\/blogfca.pucminas.br\/ccm\/#\/schema\/logo\/image\/","url":"https:\/\/blogfca.pucminas.br\/ccm\/wp-content\/uploads\/2016\/11\/logo-ccm-preto.png","contentUrl":"https:\/\/blogfca.pucminas.br\/ccm\/wp-content\/uploads\/2016\/11\/logo-ccm-preto.png","width":1191,"height":842,"caption":"Centro de Cirtica da M\u00eddia"},"image":{"@id":"https:\/\/blogfca.pucminas.br\/ccm\/#\/schema\/logo\/image\/"},"sameAs":["https:\/\/www.facebook.com\/ccmpucminas\/?ref=settings","https:\/\/x.com\/ccmpucminas","https:\/\/www.instagram.com\/ccmpucminas\/?hl=pt-br","https:\/\/www.youtube.com\/channel\/UCpKbhzfoQXgXVhkWlxSuW2w"]}]}},"_links":{"self":[{"href":"https:\/\/blogfca.pucminas.br\/ccm\/wp-json\/wp\/v2\/pages\/1958","targetHints":{"allow":["GET"]}}],"collection":[{"href":"https:\/\/blogfca.pucminas.br\/ccm\/wp-json\/wp\/v2\/pages"}],"about":[{"href":"https:\/\/blogfca.pucminas.br\/ccm\/wp-json\/wp\/v2\/types\/page"}],"author":[{"embeddable":true,"href":"https:\/\/blogfca.pucminas.br\/ccm\/wp-json\/wp\/v2\/users\/16"}],"replies":[{"embeddable":true,"href":"https:\/\/blogfca.pucminas.br\/ccm\/wp-json\/wp\/v2\/comments?post=1958"}],"version-history":[{"count":3,"href":"https:\/\/blogfca.pucminas.br\/ccm\/wp-json\/wp\/v2\/pages\/1958\/revisions"}],"predecessor-version":[{"id":3271,"href":"https:\/\/blogfca.pucminas.br\/ccm\/wp-json\/wp\/v2\/pages\/1958\/revisions\/3271"}],"wp:attachment":[{"href":"https:\/\/blogfca.pucminas.br\/ccm\/wp-json\/wp\/v2\/media?parent=1958"}],"curies":[{"name":"wp","href":"https:\/\/api.w.org\/{rel}","templated":true}]}}