{"id":17,"date":"2016-04-24T21:29:32","date_gmt":"2016-04-24T21:29:32","guid":{"rendered":"http:\/\/www1.fca.pucminas.br\/ccm\/centro-de-critica-da-midia\/"},"modified":"2024-10-30T13:30:41","modified_gmt":"2024-10-30T16:30:41","slug":"centro-de-critica-da-midia","status":"publish","type":"page","link":"https:\/\/blogfca.pucminas.br\/ccm\/centro-de-critica-da-midia\/","title":{"rendered":"Centro de Cr\u00edtica da M\u00eddia"},"content":{"rendered":"<p style=\"text-align: justify;\">O Centro de Cr\u00edtica da M\u00eddia (CCM) atua no \u00e2mbito dos cursos de Comunica\u00e7\u00e3o Social da PUC Minas, Cora\u00e7\u00e3o Eucar\u00edstico, promovendo a reflex\u00e3o acerca das tecnologias e institui\u00e7\u00f5es midi\u00e1ticas, pr\u00e1ticas e produtos circulantes nessa cultura, formas de media\u00e7\u00e3o e intera\u00e7\u00e3o das audi\u00eancias e sobre outras inst\u00e2ncias cr\u00edticas j\u00e1 existentes e atuantes. O CCM possui tr\u00eas eixos de a\u00e7\u00e3o: a) a produ\u00e7\u00e3o deste blog, que \u00e9 um espa\u00e7o para produ\u00e7\u00e3o e veicula\u00e7\u00e3o multim\u00eddia da cr\u00edtica midi\u00e1tica (por meio de textos, fotografias, v\u00eddeos, podcasts etc.), com a participa\u00e7\u00e3o de pesquisadores, alunos e profissionais vinculados \u00e0 cultura midi\u00e1tica; b) a realiza\u00e7\u00e3o de eventos (semin\u00e1rios, cursos, oficinas, encontros e debates) de cr\u00edtica midi\u00e1tica, tendo como objeto quest\u00f5es do cinema e audiovisual, jornalismo, publicidade e rela\u00e7\u00f5es p\u00fablicas; c) o fomento \u00e0 pesquisa no pr\u00f3prio centro (elabora\u00e7\u00e3o de projetos, com envolvimento dos monitores-pesquisadores), no n\u00edvel de inicia\u00e7\u00e3o cient\u00edfica (aux\u00edlio na elabora\u00e7\u00e3o de projetos de cr\u00edtica midi\u00e1tica) e entre professores da gradua\u00e7\u00e3o (incentivo \u00e0 articula\u00e7\u00e3o de e entre grupos de pesquisa).<\/p>\n<p style=\"text-align: justify;\">O\u00a0Centro de Cr\u00edtica da M\u00eddia foi criado a\u00a0partir da aprova\u00e7\u00e3o dos novos projetos pedag\u00f3gicos dos cursos de Comunica\u00e7\u00e3o Social da PUC Minas, em dezembro de 2016. A medida tem como inspira\u00e7\u00e3o criar formas de contato e reflex\u00f5es dispon\u00edveis, visando a forma\u00e7\u00e3o cr\u00edtica para aprecia\u00e7\u00e3o dos meios e produtos midi\u00e1ticos. Entendemos que o exerc\u00edcio cr\u00edtico da m\u00eddia desnaturaliza pontos de vista cristalizados, criando outras possibilidades de rela\u00e7\u00f5es com a cultura, a sociedade, a pol\u00edtica e a cidadania. O papel dos meios de comunica\u00e7\u00e3o como formas privilegiadas de media\u00e7\u00e3o\u00a0 para conceituar o mundo comum nos desafia a perceber melhor essas rela\u00e7\u00f5es. Para isso, importa-nos no trabalho do Centro afirmar uma atitude rigorosa na aprecia\u00e7\u00e3o dessa complexidade. N\u00e3o pretendemos instituir uma vis\u00e3o totalizante e acabada de um fen\u00f4meno t\u00e3o abrangente, mas apostar em esfor\u00e7os intelectuais comprometidos em entender e constituir movimentos que ultrapassem qualquer acomoda\u00e7\u00e3o na tentativa de apreender \u00a0complexas e variadas rela\u00e7\u00f5es entre os meios e a sociedade. O dinamismo dessas rela\u00e7\u00f5es nos prop\u00f5e tamb\u00e9m um dinamismo de escutas e de olhares atentos aos fundamentos das intera\u00e7\u00f5es em conson\u00e2ncia com as quest\u00f5es referentes \u00e0 cultura, pol\u00edtica, organiza\u00e7\u00e3o do tempo e do espa\u00e7o, \u00e0s rela\u00e7\u00f5es com o outro e com a sociedade.<\/p>\n<p>Nos acompanhe tamb\u00e9m nas redes:<\/p>\n<ul>\n<li><a href=\"https:\/\/www.instagram.com\/ccmpucminas\/\">Instagram<\/a><\/li>\n<li><a href=\"https:\/\/www.facebook.com\/ccmpucminas\">Facebook<\/a><\/li>\n<\/ul>\n<p><strong>Coordenada\u00e7\u00e3o<\/strong>: Ercio Sena<\/p>\n<p><strong>Monitores:<\/strong><\/p>\n<p>Andr\u00e9 Perazio Givisiez Fonseca<\/p>\n<p>Isabela Fran\u00e7a Prates<\/p>\n<p><span style=\"font-weight: 400;\">Jo\u00e3o Gabriel Fernandes<\/span><\/p>\n<p>Larissa Gino Cocenza<\/p>\n<p>Maria Luiza Sant\u2019Ana Guidugli<\/p>\n<p><strong>Colaborador<\/strong>:<\/p>\n<p>Caio Santos Scovino<\/p>\n<p>Maria Paula Resende Morais<\/p>\n<p><strong>Contato<\/strong>:<\/p>\n<ul>\n<li><a href=\"mailto:ccmpucminas@gmail.com\">ccmpucminas@gmail.com<\/a><\/li>\n<li><a href=\"mailto:ccm@pucminas.br\">ccm@pucminas.br<\/a><\/li>\n<\/ul>\n","protected":false},"excerpt":{"rendered":"<p>O Centro de Cr\u00edtica da M\u00eddia (CCM) atua no \u00e2mbito dos cursos de Comunica\u00e7\u00e3o Social da PUC Minas, Cora\u00e7\u00e3o Eucar\u00edstico, promovendo a reflex\u00e3o acerca das tecnologias e institui\u00e7\u00f5es midi\u00e1ticas, pr\u00e1ticas e produtos circulantes nessa cultura, formas de media\u00e7\u00e3o e intera\u00e7\u00e3o das audi\u00eancias e sobre outras inst\u00e2ncias cr\u00edticas j\u00e1 existentes e atuantes. O CCM possui tr\u00eas&hellip;<\/p>\n","protected":false},"author":16,"featured_media":155,"parent":0,"menu_order":0,"comment_status":"closed","ping_status":"closed","template":"","meta":{"footnotes":""},"class_list":["post-17","page","type-page","status-publish","has-post-thumbnail","hentry"],"yoast_head":"<!-- This site is optimized with the Yoast SEO plugin v27.2 - https:\/\/yoast.com\/product\/yoast-seo-wordpress\/ -->\n<title>Centro de Cr\u00edtica da M\u00eddia - Centro de Cr\u00edtica Da M\u00eddia<\/title>\n<meta name=\"robots\" content=\"index, follow, max-snippet:-1, max-image-preview:large, max-video-preview:-1\" \/>\n<link rel=\"canonical\" href=\"https:\/\/blogfca.pucminas.br\/ccm\/centro-de-critica-da-midia\/\" \/>\n<meta property=\"og:locale\" content=\"pt_BR\" \/>\n<meta property=\"og:type\" content=\"article\" \/>\n<meta property=\"og:title\" content=\"Centro de Cr\u00edtica da M\u00eddia - Centro de Cr\u00edtica Da M\u00eddia\" \/>\n<meta property=\"og:description\" content=\"O Centro de Cr\u00edtica da M\u00eddia (CCM) atua no \u00e2mbito dos cursos de Comunica\u00e7\u00e3o Social da PUC Minas, Cora\u00e7\u00e3o Eucar\u00edstico, promovendo a reflex\u00e3o acerca das tecnologias e institui\u00e7\u00f5es midi\u00e1ticas, pr\u00e1ticas e produtos circulantes nessa cultura, formas de media\u00e7\u00e3o e intera\u00e7\u00e3o das audi\u00eancias e sobre outras inst\u00e2ncias cr\u00edticas j\u00e1 existentes e atuantes. O CCM possui tr\u00eas&hellip;\" \/>\n<meta property=\"og:url\" content=\"https:\/\/blogfca.pucminas.br\/ccm\/centro-de-critica-da-midia\/\" \/>\n<meta property=\"og:site_name\" content=\"Centro de Cr\u00edtica Da M\u00eddia\" \/>\n<meta property=\"article:publisher\" content=\"https:\/\/www.facebook.com\/ccmpucminas\/?ref=settings\" \/>\n<meta property=\"article:modified_time\" content=\"2024-10-30T16:30:41+00:00\" \/>\n<meta property=\"og:image\" content=\"https:\/\/blogfca.pucminas.br\/ccm\/wp-content\/uploads\/2016\/07\/logo-ccm-preto1.png\" \/>\n\t<meta property=\"og:image:width\" content=\"1191\" \/>\n\t<meta property=\"og:image:height\" content=\"842\" \/>\n\t<meta property=\"og:image:type\" content=\"image\/png\" \/>\n<meta name=\"twitter:card\" content=\"summary_large_image\" \/>\n<meta name=\"twitter:site\" content=\"@ccmpucminas\" \/>\n<meta name=\"twitter:label1\" content=\"Est. tempo de leitura\" \/>\n\t<meta name=\"twitter:data1\" content=\"3 minutos\" \/>\n<script type=\"application\/ld+json\" class=\"yoast-schema-graph\">{\"@context\":\"https:\/\/schema.org\",\"@graph\":[{\"@type\":\"WebPage\",\"@id\":\"https:\/\/blogfca.pucminas.br\/ccm\/centro-de-critica-da-midia\/\",\"url\":\"https:\/\/blogfca.pucminas.br\/ccm\/centro-de-critica-da-midia\/\",\"name\":\"Centro de Cr\u00edtica da M\u00eddia - Centro de Cr\u00edtica Da M\u00eddia\",\"isPartOf\":{\"@id\":\"https:\/\/blogfca.pucminas.br\/ccm\/#website\"},\"primaryImageOfPage\":{\"@id\":\"https:\/\/blogfca.pucminas.br\/ccm\/centro-de-critica-da-midia\/#primaryimage\"},\"image\":{\"@id\":\"https:\/\/blogfca.pucminas.br\/ccm\/centro-de-critica-da-midia\/#primaryimage\"},\"thumbnailUrl\":\"https:\/\/blogfca.pucminas.br\/ccm\/wp-content\/uploads\/2016\/07\/logo-ccm-preto1.png\",\"datePublished\":\"2016-04-24T21:29:32+00:00\",\"dateModified\":\"2024-10-30T16:30:41+00:00\",\"breadcrumb\":{\"@id\":\"https:\/\/blogfca.pucminas.br\/ccm\/centro-de-critica-da-midia\/#breadcrumb\"},\"inLanguage\":\"pt-BR\",\"potentialAction\":[{\"@type\":\"ReadAction\",\"target\":[\"https:\/\/blogfca.pucminas.br\/ccm\/centro-de-critica-da-midia\/\"]}]},{\"@type\":\"ImageObject\",\"inLanguage\":\"pt-BR\",\"@id\":\"https:\/\/blogfca.pucminas.br\/ccm\/centro-de-critica-da-midia\/#primaryimage\",\"url\":\"https:\/\/blogfca.pucminas.br\/ccm\/wp-content\/uploads\/2016\/07\/logo-ccm-preto1.png\",\"contentUrl\":\"https:\/\/blogfca.pucminas.br\/ccm\/wp-content\/uploads\/2016\/07\/logo-ccm-preto1.png\",\"width\":1191,\"height\":842},{\"@type\":\"BreadcrumbList\",\"@id\":\"https:\/\/blogfca.pucminas.br\/ccm\/centro-de-critica-da-midia\/#breadcrumb\",\"itemListElement\":[{\"@type\":\"ListItem\",\"position\":1,\"name\":\"Home\",\"item\":\"https:\/\/blogfca.pucminas.br\/ccm\/\"},{\"@type\":\"ListItem\",\"position\":2,\"name\":\"Centro de Cr\u00edtica da M\u00eddia\"}]},{\"@type\":\"WebSite\",\"@id\":\"https:\/\/blogfca.pucminas.br\/ccm\/#website\",\"url\":\"https:\/\/blogfca.pucminas.br\/ccm\/\",\"name\":\"Centro de Cr\u00edtica da M\u00eddia\",\"description\":\"\",\"publisher\":{\"@id\":\"https:\/\/blogfca.pucminas.br\/ccm\/#organization\"},\"potentialAction\":[{\"@type\":\"SearchAction\",\"target\":{\"@type\":\"EntryPoint\",\"urlTemplate\":\"https:\/\/blogfca.pucminas.br\/ccm\/?s={search_term_string}\"},\"query-input\":{\"@type\":\"PropertyValueSpecification\",\"valueRequired\":true,\"valueName\":\"search_term_string\"}}],\"inLanguage\":\"pt-BR\"},{\"@type\":\"Organization\",\"@id\":\"https:\/\/blogfca.pucminas.br\/ccm\/#organization\",\"name\":\"Centro de Cirtica da M\u00eddia\",\"url\":\"https:\/\/blogfca.pucminas.br\/ccm\/\",\"logo\":{\"@type\":\"ImageObject\",\"inLanguage\":\"pt-BR\",\"@id\":\"https:\/\/blogfca.pucminas.br\/ccm\/#\/schema\/logo\/image\/\",\"url\":\"https:\/\/blogfca.pucminas.br\/ccm\/wp-content\/uploads\/2016\/11\/logo-ccm-preto.png\",\"contentUrl\":\"https:\/\/blogfca.pucminas.br\/ccm\/wp-content\/uploads\/2016\/11\/logo-ccm-preto.png\",\"width\":1191,\"height\":842,\"caption\":\"Centro de Cirtica da M\u00eddia\"},\"image\":{\"@id\":\"https:\/\/blogfca.pucminas.br\/ccm\/#\/schema\/logo\/image\/\"},\"sameAs\":[\"https:\/\/www.facebook.com\/ccmpucminas\/?ref=settings\",\"https:\/\/x.com\/ccmpucminas\",\"https:\/\/www.instagram.com\/ccmpucminas\/?hl=pt-br\",\"https:\/\/www.youtube.com\/channel\/UCpKbhzfoQXgXVhkWlxSuW2w\"]}]}<\/script>\n<!-- \/ Yoast SEO plugin. -->","yoast_head_json":{"title":"Centro de Cr\u00edtica da M\u00eddia - Centro de Cr\u00edtica Da M\u00eddia","robots":{"index":"index","follow":"follow","max-snippet":"max-snippet:-1","max-image-preview":"max-image-preview:large","max-video-preview":"max-video-preview:-1"},"canonical":"https:\/\/blogfca.pucminas.br\/ccm\/centro-de-critica-da-midia\/","og_locale":"pt_BR","og_type":"article","og_title":"Centro de Cr\u00edtica da M\u00eddia - Centro de Cr\u00edtica Da M\u00eddia","og_description":"O Centro de Cr\u00edtica da M\u00eddia (CCM) atua no \u00e2mbito dos cursos de Comunica\u00e7\u00e3o Social da PUC Minas, Cora\u00e7\u00e3o Eucar\u00edstico, promovendo a reflex\u00e3o acerca das tecnologias e institui\u00e7\u00f5es midi\u00e1ticas, pr\u00e1ticas e produtos circulantes nessa cultura, formas de media\u00e7\u00e3o e intera\u00e7\u00e3o das audi\u00eancias e sobre outras inst\u00e2ncias cr\u00edticas j\u00e1 existentes e atuantes. O CCM possui tr\u00eas&hellip;","og_url":"https:\/\/blogfca.pucminas.br\/ccm\/centro-de-critica-da-midia\/","og_site_name":"Centro de Cr\u00edtica Da M\u00eddia","article_publisher":"https:\/\/www.facebook.com\/ccmpucminas\/?ref=settings","article_modified_time":"2024-10-30T16:30:41+00:00","og_image":[{"width":1191,"height":842,"url":"https:\/\/blogfca.pucminas.br\/ccm\/wp-content\/uploads\/2016\/07\/logo-ccm-preto1.png","type":"image\/png"}],"twitter_card":"summary_large_image","twitter_site":"@ccmpucminas","twitter_misc":{"Est. tempo de leitura":"3 minutos"},"schema":{"@context":"https:\/\/schema.org","@graph":[{"@type":"WebPage","@id":"https:\/\/blogfca.pucminas.br\/ccm\/centro-de-critica-da-midia\/","url":"https:\/\/blogfca.pucminas.br\/ccm\/centro-de-critica-da-midia\/","name":"Centro de Cr\u00edtica da M\u00eddia - Centro de Cr\u00edtica Da M\u00eddia","isPartOf":{"@id":"https:\/\/blogfca.pucminas.br\/ccm\/#website"},"primaryImageOfPage":{"@id":"https:\/\/blogfca.pucminas.br\/ccm\/centro-de-critica-da-midia\/#primaryimage"},"image":{"@id":"https:\/\/blogfca.pucminas.br\/ccm\/centro-de-critica-da-midia\/#primaryimage"},"thumbnailUrl":"https:\/\/blogfca.pucminas.br\/ccm\/wp-content\/uploads\/2016\/07\/logo-ccm-preto1.png","datePublished":"2016-04-24T21:29:32+00:00","dateModified":"2024-10-30T16:30:41+00:00","breadcrumb":{"@id":"https:\/\/blogfca.pucminas.br\/ccm\/centro-de-critica-da-midia\/#breadcrumb"},"inLanguage":"pt-BR","potentialAction":[{"@type":"ReadAction","target":["https:\/\/blogfca.pucminas.br\/ccm\/centro-de-critica-da-midia\/"]}]},{"@type":"ImageObject","inLanguage":"pt-BR","@id":"https:\/\/blogfca.pucminas.br\/ccm\/centro-de-critica-da-midia\/#primaryimage","url":"https:\/\/blogfca.pucminas.br\/ccm\/wp-content\/uploads\/2016\/07\/logo-ccm-preto1.png","contentUrl":"https:\/\/blogfca.pucminas.br\/ccm\/wp-content\/uploads\/2016\/07\/logo-ccm-preto1.png","width":1191,"height":842},{"@type":"BreadcrumbList","@id":"https:\/\/blogfca.pucminas.br\/ccm\/centro-de-critica-da-midia\/#breadcrumb","itemListElement":[{"@type":"ListItem","position":1,"name":"Home","item":"https:\/\/blogfca.pucminas.br\/ccm\/"},{"@type":"ListItem","position":2,"name":"Centro de Cr\u00edtica da M\u00eddia"}]},{"@type":"WebSite","@id":"https:\/\/blogfca.pucminas.br\/ccm\/#website","url":"https:\/\/blogfca.pucminas.br\/ccm\/","name":"Centro de Cr\u00edtica da M\u00eddia","description":"","publisher":{"@id":"https:\/\/blogfca.pucminas.br\/ccm\/#organization"},"potentialAction":[{"@type":"SearchAction","target":{"@type":"EntryPoint","urlTemplate":"https:\/\/blogfca.pucminas.br\/ccm\/?s={search_term_string}"},"query-input":{"@type":"PropertyValueSpecification","valueRequired":true,"valueName":"search_term_string"}}],"inLanguage":"pt-BR"},{"@type":"Organization","@id":"https:\/\/blogfca.pucminas.br\/ccm\/#organization","name":"Centro de Cirtica da M\u00eddia","url":"https:\/\/blogfca.pucminas.br\/ccm\/","logo":{"@type":"ImageObject","inLanguage":"pt-BR","@id":"https:\/\/blogfca.pucminas.br\/ccm\/#\/schema\/logo\/image\/","url":"https:\/\/blogfca.pucminas.br\/ccm\/wp-content\/uploads\/2016\/11\/logo-ccm-preto.png","contentUrl":"https:\/\/blogfca.pucminas.br\/ccm\/wp-content\/uploads\/2016\/11\/logo-ccm-preto.png","width":1191,"height":842,"caption":"Centro de Cirtica da M\u00eddia"},"image":{"@id":"https:\/\/blogfca.pucminas.br\/ccm\/#\/schema\/logo\/image\/"},"sameAs":["https:\/\/www.facebook.com\/ccmpucminas\/?ref=settings","https:\/\/x.com\/ccmpucminas","https:\/\/www.instagram.com\/ccmpucminas\/?hl=pt-br","https:\/\/www.youtube.com\/channel\/UCpKbhzfoQXgXVhkWlxSuW2w"]}]}},"_links":{"self":[{"href":"https:\/\/blogfca.pucminas.br\/ccm\/wp-json\/wp\/v2\/pages\/17","targetHints":{"allow":["GET"]}}],"collection":[{"href":"https:\/\/blogfca.pucminas.br\/ccm\/wp-json\/wp\/v2\/pages"}],"about":[{"href":"https:\/\/blogfca.pucminas.br\/ccm\/wp-json\/wp\/v2\/types\/page"}],"author":[{"embeddable":true,"href":"https:\/\/blogfca.pucminas.br\/ccm\/wp-json\/wp\/v2\/users\/16"}],"replies":[{"embeddable":true,"href":"https:\/\/blogfca.pucminas.br\/ccm\/wp-json\/wp\/v2\/comments?post=17"}],"version-history":[{"count":23,"href":"https:\/\/blogfca.pucminas.br\/ccm\/wp-json\/wp\/v2\/pages\/17\/revisions"}],"predecessor-version":[{"id":5958,"href":"https:\/\/blogfca.pucminas.br\/ccm\/wp-json\/wp\/v2\/pages\/17\/revisions\/5958"}],"wp:featuredmedia":[{"embeddable":true,"href":"https:\/\/blogfca.pucminas.br\/ccm\/wp-json\/wp\/v2\/media\/155"}],"wp:attachment":[{"href":"https:\/\/blogfca.pucminas.br\/ccm\/wp-json\/wp\/v2\/media?parent=17"}],"curies":[{"name":"wp","href":"https:\/\/api.w.org\/{rel}","templated":true}]}}