{"id":143,"date":"2016-06-16T23:31:53","date_gmt":"2016-06-16T23:31:53","guid":{"rendered":"http:\/\/www1.fca.pucminas.br\/ccm\/?page_id=143"},"modified":"2020-10-02T20:07:45","modified_gmt":"2020-10-02T23:07:45","slug":"precisamos-falar-sobre-tv-abertamente","status":"publish","type":"page","link":"https:\/\/blogfca.pucminas.br\/ccm\/precisamos-falar-sobre-tv-abertamente\/","title":{"rendered":"A sobreviv\u00eancia da TV aberta"},"content":{"rendered":"<p style=\"text-align: justify;\">Convivendo e se articulando com as redes digitais e outras formas de distribui\u00e7\u00e3o audiovisual, a televis\u00e3o aberta permanece, no Brasil, em grande parte, um sistema majorit\u00e1rio de comunica\u00e7\u00e3o, de import\u00e2ncia cultural, social, pol\u00edtica e econ\u00f4mica. Por meio da an\u00e1lise de programas ou de visada mais ampla acerca do enredamento da televis\u00e3o na sociedade brasileira, este dossi\u00ea oferece uma contribui\u00e7\u00e3o para se pensar esse meio, hoje \u2014 suas propostas est\u00e9ticas, a demanda por formas de regula\u00e7\u00e3o e por uma TV verdadeiramente p\u00fablica, o humor e o cinismo em suas narrativas. Textos de Felipe Muanis, Paula Sim\u00f5es e G\u00e1udio Bassoli, Carla Doyle, J\u00falia Lery.<\/p>\n<h4><strong>A sobreviv\u00eancia do broadcast: TV aberta, democracia \u00a0e cultura no Brasil<\/strong><\/h4>\n<p>Por Felipe Muanis<\/p>\n<blockquote class=\"wp-embedded-content\" data-secret=\"wEXI6OaROT\"><p><a href=\"https:\/\/blogfca.pucminas.br\/ccm\/a-sobrevivencia-do-broadcast-tv-aberta-democracia-e-cultura-no-brasil\/\">A sobreviv\u00eancia do broadcast: TV aberta, democracia  e cultura no Brasil<\/a><\/p><\/blockquote>\n<p><iframe loading=\"lazy\" class=\"wp-embedded-content\" sandbox=\"allow-scripts\" security=\"restricted\" style=\"position: absolute; clip: rect(1px, 1px, 1px, 1px);\" title=\"&#8220;A sobreviv\u00eancia do broadcast: TV aberta, democracia  e cultura no Brasil&#8221; &#8212; \" src=\"https:\/\/blogfca.pucminas.br\/ccm\/a-sobrevivencia-do-broadcast-tv-aberta-democracia-e-cultura-no-brasil\/embed\/#?secret=wEXI6OaROT\" data-secret=\"wEXI6OaROT\" width=\"600\" height=\"338\" frameborder=\"0\" marginwidth=\"0\" marginheight=\"0\" scrolling=\"no\"><\/iframe><\/p>\n<h4><strong>O humor par\u00f3dico na \u201cTV em transi\u00e7\u00e3o\u201d: de <em>TV Pirata <\/em>a <em>T\u00e1 no ar<\/em><\/strong><\/h4>\n<p>Por Paula Sim\u00f5es e G\u00e1udio Bassoli<\/p>\n<blockquote class=\"wp-embedded-content\" data-secret=\"IEnFZ2zluk\"><p><a href=\"https:\/\/blogfca.pucminas.br\/ccm\/o-humor-parodico-na-tv-em-transicao-de-tv-pirata-a-ta-no-ar\/\">O humor par\u00f3dico na \u201cTV em transi\u00e7\u00e3o\u201d: de TV Pirata a T\u00e1 no ar<\/a><\/p><\/blockquote>\n<p><iframe loading=\"lazy\" class=\"wp-embedded-content\" sandbox=\"allow-scripts\" security=\"restricted\" style=\"position: absolute; clip: rect(1px, 1px, 1px, 1px);\" title=\"&#8220;O humor par\u00f3dico na \u201cTV em transi\u00e7\u00e3o\u201d: de TV Pirata a T\u00e1 no ar&#8221; &#8212; \" src=\"https:\/\/blogfca.pucminas.br\/ccm\/o-humor-parodico-na-tv-em-transicao-de-tv-pirata-a-ta-no-ar\/embed\/#?secret=IEnFZ2zluk\" data-secret=\"IEnFZ2zluk\" width=\"600\" height=\"338\" frameborder=\"0\" marginwidth=\"0\" marginheight=\"0\" scrolling=\"no\"><\/iframe><\/p>\n<p><img loading=\"lazy\" decoding=\"async\" class=\"alignnone size-full wp-image-256\" src=\"http:\/\/www1.fca.pucminas.br\/ccm\/wp-content\/uploads\/2016\/07\/texto-paula-e-gc3a1udio.png\" alt=\"texto paula e g\u00e1udio\" width=\"650\" height=\"500\" srcset=\"https:\/\/blogfca.pucminas.br\/ccm\/wp-content\/uploads\/2016\/07\/texto-paula-e-gc3a1udio.png 650w, https:\/\/blogfca.pucminas.br\/ccm\/wp-content\/uploads\/2016\/07\/texto-paula-e-gc3a1udio-300x231.png 300w\" sizes=\"auto, (max-width: 650px) 100vw, 650px\" \/><\/p>\n<h4><strong>N\u00e3o \u00e9 s\u00f3 uma piada \u2013\u00a0<em>talk show\u00a0<\/em>e cinismo na TV aberta<\/strong><\/h4>\n<p>Por J\u00falia Lery<\/p>\n<blockquote class=\"wp-embedded-content\" data-secret=\"qroDR9faT6\"><p><a href=\"https:\/\/blogfca.pucminas.br\/ccm\/nao-e-so-uma-piada-talk-show-e-o-cinismo-na-tv-aberta\/\">N\u00e3o \u00e9 s\u00f3 uma piada: talk show e o cinismo na TV aberta<\/a><\/p><\/blockquote>\n<p><iframe loading=\"lazy\" class=\"wp-embedded-content\" sandbox=\"allow-scripts\" security=\"restricted\" style=\"position: absolute; clip: rect(1px, 1px, 1px, 1px);\" title=\"&#8220;N\u00e3o \u00e9 s\u00f3 uma piada: talk show e o cinismo na TV aberta&#8221; &#8212; \" src=\"https:\/\/blogfca.pucminas.br\/ccm\/nao-e-so-uma-piada-talk-show-e-o-cinismo-na-tv-aberta\/embed\/#?secret=qroDR9faT6\" data-secret=\"qroDR9faT6\" width=\"600\" height=\"338\" frameborder=\"0\" marginwidth=\"0\" marginheight=\"0\" scrolling=\"no\"><\/iframe><\/p>\n<p><img loading=\"lazy\" decoding=\"async\" class=\"alignnone wp-image-300\" src=\"http:\/\/www1.fca.pucminas.br\/ccm\/wp-content\/uploads\/2016\/08\/the-noite.png?w=300\" alt=\"the-noite\" width=\"643\" height=\"362\" srcset=\"https:\/\/blogfca.pucminas.br\/ccm\/wp-content\/uploads\/2016\/08\/the-noite.png 1280w, https:\/\/blogfca.pucminas.br\/ccm\/wp-content\/uploads\/2016\/08\/the-noite-300x169.png 300w, https:\/\/blogfca.pucminas.br\/ccm\/wp-content\/uploads\/2016\/08\/the-noite-768x432.png 768w, https:\/\/blogfca.pucminas.br\/ccm\/wp-content\/uploads\/2016\/08\/the-noite-1024x576.png 1024w\" sizes=\"auto, (max-width: 643px) 100vw, 643px\" \/><\/p>\n<h4><strong>METATEV\u00ca: bases te\u00f3rico-conceituais para o estudo da reflexividade televisiva<\/strong><\/h4>\n<p>Por Carla Doyle<\/p>\n<blockquote class=\"wp-embedded-content\" data-secret=\"6ubcCrZumR\"><p><a href=\"https:\/\/blogfca.pucminas.br\/ccm\/metateve-bases-teorico-conceituais-para-o-estudo-da-reflexividade-televisiva\/\">METATEV\u00ca: bases te\u00f3rico-conceituais para o estudo da reflexividade televisiva<\/a><\/p><\/blockquote>\n<p><iframe loading=\"lazy\" class=\"wp-embedded-content\" sandbox=\"allow-scripts\" security=\"restricted\" style=\"position: absolute; clip: rect(1px, 1px, 1px, 1px);\" title=\"&#8220;METATEV\u00ca: bases te\u00f3rico-conceituais para o estudo da reflexividade televisiva&#8221; &#8212; \" src=\"https:\/\/blogfca.pucminas.br\/ccm\/metateve-bases-teorico-conceituais-para-o-estudo-da-reflexividade-televisiva\/embed\/#?secret=6ubcCrZumR\" data-secret=\"6ubcCrZumR\" width=\"600\" height=\"338\" frameborder=\"0\" marginwidth=\"0\" marginheight=\"0\" scrolling=\"no\"><\/iframe><\/p>\n<p><img loading=\"lazy\" decoding=\"async\" class=\"alignnone wp-image-324\" src=\"http:\/\/www1.fca.pucminas.br\/ccm\/wp-content\/uploads\/2016\/08\/profissao_reporter1.jpg\" alt=\"profissao_reporter1\" width=\"644\" height=\"362\" srcset=\"https:\/\/blogfca.pucminas.br\/ccm\/wp-content\/uploads\/2016\/08\/profissao_reporter1.jpg 844w, https:\/\/blogfca.pucminas.br\/ccm\/wp-content\/uploads\/2016\/08\/profissao_reporter1-300x168.jpg 300w, https:\/\/blogfca.pucminas.br\/ccm\/wp-content\/uploads\/2016\/08\/profissao_reporter1-768x431.jpg 768w\" sizes=\"auto, (max-width: 644px) 100vw, 644px\" \/><\/p>\n","protected":false},"excerpt":{"rendered":"<p>Convivendo e se articulando com as redes digitais e outras formas de distribui\u00e7\u00e3o audiovisual, a televis\u00e3o aberta permanece, no Brasil, em grande parte, um sistema majorit\u00e1rio de comunica\u00e7\u00e3o, de import\u00e2ncia cultural, social, pol\u00edtica e econ\u00f4mica. Por meio da an\u00e1lise de programas ou de visada mais ampla acerca do enredamento da televis\u00e3o na sociedade brasileira, este&hellip;<\/p>\n","protected":false},"author":16,"featured_media":0,"parent":0,"menu_order":0,"comment_status":"closed","ping_status":"closed","template":"","meta":{"footnotes":""},"class_list":["post-143","page","type-page","status-publish","hentry"],"yoast_head":"<!-- This site is optimized with the Yoast SEO plugin v27.2 - https:\/\/yoast.com\/product\/yoast-seo-wordpress\/ -->\n<title>A sobreviv\u00eancia da TV aberta - Centro de Cr\u00edtica Da M\u00eddia<\/title>\n<meta name=\"robots\" content=\"index, follow, max-snippet:-1, max-image-preview:large, max-video-preview:-1\" \/>\n<link rel=\"canonical\" href=\"https:\/\/blogfca.pucminas.br\/ccm\/precisamos-falar-sobre-tv-abertamente\/\" \/>\n<meta property=\"og:locale\" content=\"pt_BR\" \/>\n<meta property=\"og:type\" content=\"article\" \/>\n<meta property=\"og:title\" content=\"A sobreviv\u00eancia da TV aberta - Centro de Cr\u00edtica Da M\u00eddia\" \/>\n<meta property=\"og:description\" content=\"Convivendo e se articulando com as redes digitais e outras formas de distribui\u00e7\u00e3o audiovisual, a televis\u00e3o aberta permanece, no Brasil, em grande parte, um sistema majorit\u00e1rio de comunica\u00e7\u00e3o, de import\u00e2ncia cultural, social, pol\u00edtica e econ\u00f4mica. Por meio da an\u00e1lise de programas ou de visada mais ampla acerca do enredamento da televis\u00e3o na sociedade brasileira, este&hellip;\" \/>\n<meta property=\"og:url\" content=\"https:\/\/blogfca.pucminas.br\/ccm\/precisamos-falar-sobre-tv-abertamente\/\" \/>\n<meta property=\"og:site_name\" content=\"Centro de Cr\u00edtica Da M\u00eddia\" \/>\n<meta property=\"article:publisher\" content=\"https:\/\/www.facebook.com\/ccmpucminas\/?ref=settings\" \/>\n<meta property=\"article:modified_time\" content=\"2020-10-02T23:07:45+00:00\" \/>\n<meta property=\"og:image\" content=\"http:\/\/www1.fca.pucminas.br\/ccm\/wp-content\/uploads\/2016\/07\/texto-paula-e-gc3a1udio.png\" \/>\n<meta name=\"twitter:card\" content=\"summary_large_image\" \/>\n<meta name=\"twitter:site\" content=\"@ccmpucminas\" \/>\n<meta name=\"twitter:label1\" content=\"Est. tempo de leitura\" \/>\n\t<meta name=\"twitter:data1\" content=\"1 minuto\" \/>\n<script type=\"application\/ld+json\" class=\"yoast-schema-graph\">{\"@context\":\"https:\/\/schema.org\",\"@graph\":[{\"@type\":\"WebPage\",\"@id\":\"https:\/\/blogfca.pucminas.br\/ccm\/precisamos-falar-sobre-tv-abertamente\/\",\"url\":\"https:\/\/blogfca.pucminas.br\/ccm\/precisamos-falar-sobre-tv-abertamente\/\",\"name\":\"A sobreviv\u00eancia da TV aberta - Centro de Cr\u00edtica Da M\u00eddia\",\"isPartOf\":{\"@id\":\"https:\/\/blogfca.pucminas.br\/ccm\/#website\"},\"primaryImageOfPage\":{\"@id\":\"https:\/\/blogfca.pucminas.br\/ccm\/precisamos-falar-sobre-tv-abertamente\/#primaryimage\"},\"image\":{\"@id\":\"https:\/\/blogfca.pucminas.br\/ccm\/precisamos-falar-sobre-tv-abertamente\/#primaryimage\"},\"thumbnailUrl\":\"http:\/\/www1.fca.pucminas.br\/ccm\/wp-content\/uploads\/2016\/07\/texto-paula-e-gc3a1udio.png\",\"datePublished\":\"2016-06-16T23:31:53+00:00\",\"dateModified\":\"2020-10-02T23:07:45+00:00\",\"breadcrumb\":{\"@id\":\"https:\/\/blogfca.pucminas.br\/ccm\/precisamos-falar-sobre-tv-abertamente\/#breadcrumb\"},\"inLanguage\":\"pt-BR\",\"potentialAction\":[{\"@type\":\"ReadAction\",\"target\":[\"https:\/\/blogfca.pucminas.br\/ccm\/precisamos-falar-sobre-tv-abertamente\/\"]}]},{\"@type\":\"ImageObject\",\"inLanguage\":\"pt-BR\",\"@id\":\"https:\/\/blogfca.pucminas.br\/ccm\/precisamos-falar-sobre-tv-abertamente\/#primaryimage\",\"url\":\"http:\/\/www1.fca.pucminas.br\/ccm\/wp-content\/uploads\/2016\/07\/texto-paula-e-gc3a1udio.png\",\"contentUrl\":\"http:\/\/www1.fca.pucminas.br\/ccm\/wp-content\/uploads\/2016\/07\/texto-paula-e-gc3a1udio.png\"},{\"@type\":\"BreadcrumbList\",\"@id\":\"https:\/\/blogfca.pucminas.br\/ccm\/precisamos-falar-sobre-tv-abertamente\/#breadcrumb\",\"itemListElement\":[{\"@type\":\"ListItem\",\"position\":1,\"name\":\"Home\",\"item\":\"https:\/\/blogfca.pucminas.br\/ccm\/\"},{\"@type\":\"ListItem\",\"position\":2,\"name\":\"A sobreviv\u00eancia da TV aberta\"}]},{\"@type\":\"WebSite\",\"@id\":\"https:\/\/blogfca.pucminas.br\/ccm\/#website\",\"url\":\"https:\/\/blogfca.pucminas.br\/ccm\/\",\"name\":\"Centro de Cr\u00edtica da M\u00eddia\",\"description\":\"\",\"publisher\":{\"@id\":\"https:\/\/blogfca.pucminas.br\/ccm\/#organization\"},\"potentialAction\":[{\"@type\":\"SearchAction\",\"target\":{\"@type\":\"EntryPoint\",\"urlTemplate\":\"https:\/\/blogfca.pucminas.br\/ccm\/?s={search_term_string}\"},\"query-input\":{\"@type\":\"PropertyValueSpecification\",\"valueRequired\":true,\"valueName\":\"search_term_string\"}}],\"inLanguage\":\"pt-BR\"},{\"@type\":\"Organization\",\"@id\":\"https:\/\/blogfca.pucminas.br\/ccm\/#organization\",\"name\":\"Centro de Cirtica da M\u00eddia\",\"url\":\"https:\/\/blogfca.pucminas.br\/ccm\/\",\"logo\":{\"@type\":\"ImageObject\",\"inLanguage\":\"pt-BR\",\"@id\":\"https:\/\/blogfca.pucminas.br\/ccm\/#\/schema\/logo\/image\/\",\"url\":\"https:\/\/blogfca.pucminas.br\/ccm\/wp-content\/uploads\/2016\/11\/logo-ccm-preto.png\",\"contentUrl\":\"https:\/\/blogfca.pucminas.br\/ccm\/wp-content\/uploads\/2016\/11\/logo-ccm-preto.png\",\"width\":1191,\"height\":842,\"caption\":\"Centro de Cirtica da M\u00eddia\"},\"image\":{\"@id\":\"https:\/\/blogfca.pucminas.br\/ccm\/#\/schema\/logo\/image\/\"},\"sameAs\":[\"https:\/\/www.facebook.com\/ccmpucminas\/?ref=settings\",\"https:\/\/x.com\/ccmpucminas\",\"https:\/\/www.instagram.com\/ccmpucminas\/?hl=pt-br\",\"https:\/\/www.youtube.com\/channel\/UCpKbhzfoQXgXVhkWlxSuW2w\"]}]}<\/script>\n<!-- \/ Yoast SEO plugin. -->","yoast_head_json":{"title":"A sobreviv\u00eancia da TV aberta - Centro de Cr\u00edtica Da M\u00eddia","robots":{"index":"index","follow":"follow","max-snippet":"max-snippet:-1","max-image-preview":"max-image-preview:large","max-video-preview":"max-video-preview:-1"},"canonical":"https:\/\/blogfca.pucminas.br\/ccm\/precisamos-falar-sobre-tv-abertamente\/","og_locale":"pt_BR","og_type":"article","og_title":"A sobreviv\u00eancia da TV aberta - Centro de Cr\u00edtica Da M\u00eddia","og_description":"Convivendo e se articulando com as redes digitais e outras formas de distribui\u00e7\u00e3o audiovisual, a televis\u00e3o aberta permanece, no Brasil, em grande parte, um sistema majorit\u00e1rio de comunica\u00e7\u00e3o, de import\u00e2ncia cultural, social, pol\u00edtica e econ\u00f4mica. Por meio da an\u00e1lise de programas ou de visada mais ampla acerca do enredamento da televis\u00e3o na sociedade brasileira, este&hellip;","og_url":"https:\/\/blogfca.pucminas.br\/ccm\/precisamos-falar-sobre-tv-abertamente\/","og_site_name":"Centro de Cr\u00edtica Da M\u00eddia","article_publisher":"https:\/\/www.facebook.com\/ccmpucminas\/?ref=settings","article_modified_time":"2020-10-02T23:07:45+00:00","og_image":[{"url":"http:\/\/www1.fca.pucminas.br\/ccm\/wp-content\/uploads\/2016\/07\/texto-paula-e-gc3a1udio.png","type":"","width":"","height":""}],"twitter_card":"summary_large_image","twitter_site":"@ccmpucminas","twitter_misc":{"Est. tempo de leitura":"1 minuto"},"schema":{"@context":"https:\/\/schema.org","@graph":[{"@type":"WebPage","@id":"https:\/\/blogfca.pucminas.br\/ccm\/precisamos-falar-sobre-tv-abertamente\/","url":"https:\/\/blogfca.pucminas.br\/ccm\/precisamos-falar-sobre-tv-abertamente\/","name":"A sobreviv\u00eancia da TV aberta - Centro de Cr\u00edtica Da M\u00eddia","isPartOf":{"@id":"https:\/\/blogfca.pucminas.br\/ccm\/#website"},"primaryImageOfPage":{"@id":"https:\/\/blogfca.pucminas.br\/ccm\/precisamos-falar-sobre-tv-abertamente\/#primaryimage"},"image":{"@id":"https:\/\/blogfca.pucminas.br\/ccm\/precisamos-falar-sobre-tv-abertamente\/#primaryimage"},"thumbnailUrl":"http:\/\/www1.fca.pucminas.br\/ccm\/wp-content\/uploads\/2016\/07\/texto-paula-e-gc3a1udio.png","datePublished":"2016-06-16T23:31:53+00:00","dateModified":"2020-10-02T23:07:45+00:00","breadcrumb":{"@id":"https:\/\/blogfca.pucminas.br\/ccm\/precisamos-falar-sobre-tv-abertamente\/#breadcrumb"},"inLanguage":"pt-BR","potentialAction":[{"@type":"ReadAction","target":["https:\/\/blogfca.pucminas.br\/ccm\/precisamos-falar-sobre-tv-abertamente\/"]}]},{"@type":"ImageObject","inLanguage":"pt-BR","@id":"https:\/\/blogfca.pucminas.br\/ccm\/precisamos-falar-sobre-tv-abertamente\/#primaryimage","url":"http:\/\/www1.fca.pucminas.br\/ccm\/wp-content\/uploads\/2016\/07\/texto-paula-e-gc3a1udio.png","contentUrl":"http:\/\/www1.fca.pucminas.br\/ccm\/wp-content\/uploads\/2016\/07\/texto-paula-e-gc3a1udio.png"},{"@type":"BreadcrumbList","@id":"https:\/\/blogfca.pucminas.br\/ccm\/precisamos-falar-sobre-tv-abertamente\/#breadcrumb","itemListElement":[{"@type":"ListItem","position":1,"name":"Home","item":"https:\/\/blogfca.pucminas.br\/ccm\/"},{"@type":"ListItem","position":2,"name":"A sobreviv\u00eancia da TV aberta"}]},{"@type":"WebSite","@id":"https:\/\/blogfca.pucminas.br\/ccm\/#website","url":"https:\/\/blogfca.pucminas.br\/ccm\/","name":"Centro de Cr\u00edtica da M\u00eddia","description":"","publisher":{"@id":"https:\/\/blogfca.pucminas.br\/ccm\/#organization"},"potentialAction":[{"@type":"SearchAction","target":{"@type":"EntryPoint","urlTemplate":"https:\/\/blogfca.pucminas.br\/ccm\/?s={search_term_string}"},"query-input":{"@type":"PropertyValueSpecification","valueRequired":true,"valueName":"search_term_string"}}],"inLanguage":"pt-BR"},{"@type":"Organization","@id":"https:\/\/blogfca.pucminas.br\/ccm\/#organization","name":"Centro de Cirtica da M\u00eddia","url":"https:\/\/blogfca.pucminas.br\/ccm\/","logo":{"@type":"ImageObject","inLanguage":"pt-BR","@id":"https:\/\/blogfca.pucminas.br\/ccm\/#\/schema\/logo\/image\/","url":"https:\/\/blogfca.pucminas.br\/ccm\/wp-content\/uploads\/2016\/11\/logo-ccm-preto.png","contentUrl":"https:\/\/blogfca.pucminas.br\/ccm\/wp-content\/uploads\/2016\/11\/logo-ccm-preto.png","width":1191,"height":842,"caption":"Centro de Cirtica da M\u00eddia"},"image":{"@id":"https:\/\/blogfca.pucminas.br\/ccm\/#\/schema\/logo\/image\/"},"sameAs":["https:\/\/www.facebook.com\/ccmpucminas\/?ref=settings","https:\/\/x.com\/ccmpucminas","https:\/\/www.instagram.com\/ccmpucminas\/?hl=pt-br","https:\/\/www.youtube.com\/channel\/UCpKbhzfoQXgXVhkWlxSuW2w"]}]}},"_links":{"self":[{"href":"https:\/\/blogfca.pucminas.br\/ccm\/wp-json\/wp\/v2\/pages\/143","targetHints":{"allow":["GET"]}}],"collection":[{"href":"https:\/\/blogfca.pucminas.br\/ccm\/wp-json\/wp\/v2\/pages"}],"about":[{"href":"https:\/\/blogfca.pucminas.br\/ccm\/wp-json\/wp\/v2\/types\/page"}],"author":[{"embeddable":true,"href":"https:\/\/blogfca.pucminas.br\/ccm\/wp-json\/wp\/v2\/users\/16"}],"replies":[{"embeddable":true,"href":"https:\/\/blogfca.pucminas.br\/ccm\/wp-json\/wp\/v2\/comments?post=143"}],"version-history":[{"count":7,"href":"https:\/\/blogfca.pucminas.br\/ccm\/wp-json\/wp\/v2\/pages\/143\/revisions"}],"predecessor-version":[{"id":3027,"href":"https:\/\/blogfca.pucminas.br\/ccm\/wp-json\/wp\/v2\/pages\/143\/revisions\/3027"}],"wp:attachment":[{"href":"https:\/\/blogfca.pucminas.br\/ccm\/wp-json\/wp\/v2\/media?parent=143"}],"curies":[{"name":"wp","href":"https:\/\/api.w.org\/{rel}","templated":true}]}}