{"id":1331,"date":"2017-10-04T14:02:34","date_gmt":"2017-10-04T17:02:34","guid":{"rendered":"http:\/\/www1.fca.pucminas.br\/ccm\/?page_id=1331"},"modified":"2017-10-20T10:26:34","modified_gmt":"2017-10-20T12:26:34","slug":"o-dialogo-sobre-o-outro-e-sua-subjetividade-na-reportagem","status":"publish","type":"page","link":"https:\/\/blogfca.pucminas.br\/ccm\/o-dialogo-sobre-o-outro-e-sua-subjetividade-na-reportagem\/","title":{"rendered":"O di\u00e1logo sobre o outro e sua subjetividade na reportagem"},"content":{"rendered":"<p align=\"justify\"><strong>Por Roberto Barcelos.<\/strong> A sensibilidade aliada \u00e0 \u00e9tica \u00e9 um ponto de embate importante para a jornalista Fabiana Moraes, vencedora do Pr\u00eamio Esso de Reportagem em 2011 com o trabalho <b>\u201cO Nascimento de Joicy\u201d<\/b>. Durante cinco meses de acompanhamento da rep\u00f3rter com a cabeleireira Joicy, nascida no agreste de Pernambuco, que, aos 51 anos, decidiu realizar a cirurgia de redesigna\u00e7\u00e3o sexual por meio do Sistema \u00danico de Sa\u00fade (SUS). O tema da reportagem cria di\u00e1logos com a situa\u00e7\u00e3o complicada da cirurgia, principalmente quando projetamos nossas compreens\u00f5es sobre a transexualidade h\u00e1 mais de cinco anos atr\u00e1s; quando as informa\u00e7\u00f5es eram ainda mais escassas.<\/p>\n<p align=\"justify\">Para refletir mais sobre esse tema, Fabiana Moraes veio \u00e0 Jornada das Utopias (evento realizado pela Faculdade de Comunica\u00e7\u00e3o e Arte da Puc Minas entre os dias 2 \u00e0 6 de outubro) para participar da confer\u00eancia \u201cM\u00eddia, vulnerabilidade e subjetividade\u201d. Suas pr\u00e1ticas jornal\u00edsticas s\u00e3o mat\u00e9rias-primas para o texto <b>\u201cPerto da data de vencimento\u201d<\/b>, em que pensa sobre a capacidade de observa\u00e7\u00e3o do outro.<\/p>\n<p align=\"justify\">Para saber mais sobre os trabalhos da Fabiana Morais, acesse o texto <a href=\"https:\/\/medium.com\/@fabi2moraes\/perto-da-data-de-vencimento-8692ae0e96f0\">\u201cPerto da data de vencimento\u201d<\/a>.<\/p>\n<p align=\"justify\"><img loading=\"lazy\" decoding=\"async\" class=\"wp-image-1335 aligncenter\" src=\"http:\/\/www1.fca.pucminas.br\/ccm\/wp-content\/uploads\/2017\/10\/nascimento_joicy.jpg\" alt=\"\" width=\"532\" height=\"297\" srcset=\"https:\/\/blogfca.pucminas.br\/ccm\/wp-content\/uploads\/2017\/10\/nascimento_joicy.jpg 848w, https:\/\/blogfca.pucminas.br\/ccm\/wp-content\/uploads\/2017\/10\/nascimento_joicy-300x168.jpg 300w, https:\/\/blogfca.pucminas.br\/ccm\/wp-content\/uploads\/2017\/10\/nascimento_joicy-768x429.jpg 768w\" sizes=\"auto, (max-width: 532px) 100vw, 532px\" \/><\/p>\n<p align=\"justify\"><b>Roberto Barcelos <\/b>\u00e9 graduando do curso de jornalismo da PUC Minas. \u00c9 membro do grupo de pesquisa M\u00eddia e Narrativa e monitor do Centro de Cr\u00edtica da M\u00eddia.<\/p>\n","protected":false},"excerpt":{"rendered":"<p>Por Roberto Barcelos. A sensibilidade aliada \u00e0 \u00e9tica \u00e9 um ponto de embate importante para a jornalista Fabiana Moraes, vencedora do Pr\u00eamio Esso de Reportagem em 2011 com o trabalho \u201cO Nascimento de Joicy\u201d. Durante cinco meses de acompanhamento da rep\u00f3rter com a cabeleireira Joicy, nascida no agreste de Pernambuco, que, aos 51 anos, decidiu&hellip;<\/p>\n","protected":false},"author":16,"featured_media":1335,"parent":0,"menu_order":0,"comment_status":"closed","ping_status":"closed","template":"","meta":{"footnotes":""},"class_list":["post-1331","page","type-page","status-publish","has-post-thumbnail","hentry"],"yoast_head":"<!-- This site is optimized with the Yoast SEO plugin v27.2 - https:\/\/yoast.com\/product\/yoast-seo-wordpress\/ -->\n<title>O di\u00e1logo sobre o outro e sua subjetividade na reportagem - Centro de Cr\u00edtica Da M\u00eddia<\/title>\n<meta name=\"robots\" content=\"index, follow, max-snippet:-1, max-image-preview:large, max-video-preview:-1\" \/>\n<link rel=\"canonical\" href=\"https:\/\/blogfca.pucminas.br\/ccm\/o-dialogo-sobre-o-outro-e-sua-subjetividade-na-reportagem\/\" \/>\n<meta property=\"og:locale\" content=\"pt_BR\" \/>\n<meta property=\"og:type\" content=\"article\" \/>\n<meta property=\"og:title\" content=\"O di\u00e1logo sobre o outro e sua subjetividade na reportagem - Centro de Cr\u00edtica Da M\u00eddia\" \/>\n<meta property=\"og:description\" content=\"Por Roberto Barcelos. A sensibilidade aliada \u00e0 \u00e9tica \u00e9 um ponto de embate importante para a jornalista Fabiana Moraes, vencedora do Pr\u00eamio Esso de Reportagem em 2011 com o trabalho \u201cO Nascimento de Joicy\u201d. Durante cinco meses de acompanhamento da rep\u00f3rter com a cabeleireira Joicy, nascida no agreste de Pernambuco, que, aos 51 anos, decidiu&hellip;\" \/>\n<meta property=\"og:url\" content=\"https:\/\/blogfca.pucminas.br\/ccm\/o-dialogo-sobre-o-outro-e-sua-subjetividade-na-reportagem\/\" \/>\n<meta property=\"og:site_name\" content=\"Centro de Cr\u00edtica Da M\u00eddia\" \/>\n<meta property=\"article:publisher\" content=\"https:\/\/www.facebook.com\/ccmpucminas\/?ref=settings\" \/>\n<meta property=\"article:modified_time\" content=\"2017-10-20T12:26:34+00:00\" \/>\n<meta property=\"og:image\" content=\"https:\/\/blogfca.pucminas.br\/ccm\/wp-content\/uploads\/2017\/10\/nascimento_joicy.jpg\" \/>\n\t<meta property=\"og:image:width\" content=\"848\" \/>\n\t<meta property=\"og:image:height\" content=\"474\" \/>\n\t<meta property=\"og:image:type\" content=\"image\/jpeg\" \/>\n<meta name=\"twitter:card\" content=\"summary_large_image\" \/>\n<meta name=\"twitter:site\" content=\"@ccmpucminas\" \/>\n<meta name=\"twitter:label1\" content=\"Est. tempo de leitura\" \/>\n\t<meta name=\"twitter:data1\" content=\"1 minuto\" \/>\n<script type=\"application\/ld+json\" class=\"yoast-schema-graph\">{\"@context\":\"https:\/\/schema.org\",\"@graph\":[{\"@type\":\"WebPage\",\"@id\":\"https:\/\/blogfca.pucminas.br\/ccm\/o-dialogo-sobre-o-outro-e-sua-subjetividade-na-reportagem\/\",\"url\":\"https:\/\/blogfca.pucminas.br\/ccm\/o-dialogo-sobre-o-outro-e-sua-subjetividade-na-reportagem\/\",\"name\":\"O di\u00e1logo sobre o outro e sua subjetividade na reportagem - Centro de Cr\u00edtica Da M\u00eddia\",\"isPartOf\":{\"@id\":\"https:\/\/blogfca.pucminas.br\/ccm\/#website\"},\"primaryImageOfPage\":{\"@id\":\"https:\/\/blogfca.pucminas.br\/ccm\/o-dialogo-sobre-o-outro-e-sua-subjetividade-na-reportagem\/#primaryimage\"},\"image\":{\"@id\":\"https:\/\/blogfca.pucminas.br\/ccm\/o-dialogo-sobre-o-outro-e-sua-subjetividade-na-reportagem\/#primaryimage\"},\"thumbnailUrl\":\"https:\/\/blogfca.pucminas.br\/ccm\/wp-content\/uploads\/2017\/10\/nascimento_joicy.jpg\",\"datePublished\":\"2017-10-04T17:02:34+00:00\",\"dateModified\":\"2017-10-20T12:26:34+00:00\",\"breadcrumb\":{\"@id\":\"https:\/\/blogfca.pucminas.br\/ccm\/o-dialogo-sobre-o-outro-e-sua-subjetividade-na-reportagem\/#breadcrumb\"},\"inLanguage\":\"pt-BR\",\"potentialAction\":[{\"@type\":\"ReadAction\",\"target\":[\"https:\/\/blogfca.pucminas.br\/ccm\/o-dialogo-sobre-o-outro-e-sua-subjetividade-na-reportagem\/\"]}]},{\"@type\":\"ImageObject\",\"inLanguage\":\"pt-BR\",\"@id\":\"https:\/\/blogfca.pucminas.br\/ccm\/o-dialogo-sobre-o-outro-e-sua-subjetividade-na-reportagem\/#primaryimage\",\"url\":\"https:\/\/blogfca.pucminas.br\/ccm\/wp-content\/uploads\/2017\/10\/nascimento_joicy.jpg\",\"contentUrl\":\"https:\/\/blogfca.pucminas.br\/ccm\/wp-content\/uploads\/2017\/10\/nascimento_joicy.jpg\",\"width\":848,\"height\":474},{\"@type\":\"BreadcrumbList\",\"@id\":\"https:\/\/blogfca.pucminas.br\/ccm\/o-dialogo-sobre-o-outro-e-sua-subjetividade-na-reportagem\/#breadcrumb\",\"itemListElement\":[{\"@type\":\"ListItem\",\"position\":1,\"name\":\"Home\",\"item\":\"https:\/\/blogfca.pucminas.br\/ccm\/\"},{\"@type\":\"ListItem\",\"position\":2,\"name\":\"O di\u00e1logo sobre o outro e sua subjetividade na reportagem\"}]},{\"@type\":\"WebSite\",\"@id\":\"https:\/\/blogfca.pucminas.br\/ccm\/#website\",\"url\":\"https:\/\/blogfca.pucminas.br\/ccm\/\",\"name\":\"Centro de Cr\u00edtica da M\u00eddia\",\"description\":\"\",\"publisher\":{\"@id\":\"https:\/\/blogfca.pucminas.br\/ccm\/#organization\"},\"potentialAction\":[{\"@type\":\"SearchAction\",\"target\":{\"@type\":\"EntryPoint\",\"urlTemplate\":\"https:\/\/blogfca.pucminas.br\/ccm\/?s={search_term_string}\"},\"query-input\":{\"@type\":\"PropertyValueSpecification\",\"valueRequired\":true,\"valueName\":\"search_term_string\"}}],\"inLanguage\":\"pt-BR\"},{\"@type\":\"Organization\",\"@id\":\"https:\/\/blogfca.pucminas.br\/ccm\/#organization\",\"name\":\"Centro de Cirtica da M\u00eddia\",\"url\":\"https:\/\/blogfca.pucminas.br\/ccm\/\",\"logo\":{\"@type\":\"ImageObject\",\"inLanguage\":\"pt-BR\",\"@id\":\"https:\/\/blogfca.pucminas.br\/ccm\/#\/schema\/logo\/image\/\",\"url\":\"https:\/\/blogfca.pucminas.br\/ccm\/wp-content\/uploads\/2016\/11\/logo-ccm-preto.png\",\"contentUrl\":\"https:\/\/blogfca.pucminas.br\/ccm\/wp-content\/uploads\/2016\/11\/logo-ccm-preto.png\",\"width\":1191,\"height\":842,\"caption\":\"Centro de Cirtica da M\u00eddia\"},\"image\":{\"@id\":\"https:\/\/blogfca.pucminas.br\/ccm\/#\/schema\/logo\/image\/\"},\"sameAs\":[\"https:\/\/www.facebook.com\/ccmpucminas\/?ref=settings\",\"https:\/\/x.com\/ccmpucminas\",\"https:\/\/www.instagram.com\/ccmpucminas\/?hl=pt-br\",\"https:\/\/www.youtube.com\/channel\/UCpKbhzfoQXgXVhkWlxSuW2w\"]}]}<\/script>\n<!-- \/ Yoast SEO plugin. -->","yoast_head_json":{"title":"O di\u00e1logo sobre o outro e sua subjetividade na reportagem - Centro de Cr\u00edtica Da M\u00eddia","robots":{"index":"index","follow":"follow","max-snippet":"max-snippet:-1","max-image-preview":"max-image-preview:large","max-video-preview":"max-video-preview:-1"},"canonical":"https:\/\/blogfca.pucminas.br\/ccm\/o-dialogo-sobre-o-outro-e-sua-subjetividade-na-reportagem\/","og_locale":"pt_BR","og_type":"article","og_title":"O di\u00e1logo sobre o outro e sua subjetividade na reportagem - Centro de Cr\u00edtica Da M\u00eddia","og_description":"Por Roberto Barcelos. A sensibilidade aliada \u00e0 \u00e9tica \u00e9 um ponto de embate importante para a jornalista Fabiana Moraes, vencedora do Pr\u00eamio Esso de Reportagem em 2011 com o trabalho \u201cO Nascimento de Joicy\u201d. Durante cinco meses de acompanhamento da rep\u00f3rter com a cabeleireira Joicy, nascida no agreste de Pernambuco, que, aos 51 anos, decidiu&hellip;","og_url":"https:\/\/blogfca.pucminas.br\/ccm\/o-dialogo-sobre-o-outro-e-sua-subjetividade-na-reportagem\/","og_site_name":"Centro de Cr\u00edtica Da M\u00eddia","article_publisher":"https:\/\/www.facebook.com\/ccmpucminas\/?ref=settings","article_modified_time":"2017-10-20T12:26:34+00:00","og_image":[{"width":848,"height":474,"url":"https:\/\/blogfca.pucminas.br\/ccm\/wp-content\/uploads\/2017\/10\/nascimento_joicy.jpg","type":"image\/jpeg"}],"twitter_card":"summary_large_image","twitter_site":"@ccmpucminas","twitter_misc":{"Est. tempo de leitura":"1 minuto"},"schema":{"@context":"https:\/\/schema.org","@graph":[{"@type":"WebPage","@id":"https:\/\/blogfca.pucminas.br\/ccm\/o-dialogo-sobre-o-outro-e-sua-subjetividade-na-reportagem\/","url":"https:\/\/blogfca.pucminas.br\/ccm\/o-dialogo-sobre-o-outro-e-sua-subjetividade-na-reportagem\/","name":"O di\u00e1logo sobre o outro e sua subjetividade na reportagem - Centro de Cr\u00edtica Da M\u00eddia","isPartOf":{"@id":"https:\/\/blogfca.pucminas.br\/ccm\/#website"},"primaryImageOfPage":{"@id":"https:\/\/blogfca.pucminas.br\/ccm\/o-dialogo-sobre-o-outro-e-sua-subjetividade-na-reportagem\/#primaryimage"},"image":{"@id":"https:\/\/blogfca.pucminas.br\/ccm\/o-dialogo-sobre-o-outro-e-sua-subjetividade-na-reportagem\/#primaryimage"},"thumbnailUrl":"https:\/\/blogfca.pucminas.br\/ccm\/wp-content\/uploads\/2017\/10\/nascimento_joicy.jpg","datePublished":"2017-10-04T17:02:34+00:00","dateModified":"2017-10-20T12:26:34+00:00","breadcrumb":{"@id":"https:\/\/blogfca.pucminas.br\/ccm\/o-dialogo-sobre-o-outro-e-sua-subjetividade-na-reportagem\/#breadcrumb"},"inLanguage":"pt-BR","potentialAction":[{"@type":"ReadAction","target":["https:\/\/blogfca.pucminas.br\/ccm\/o-dialogo-sobre-o-outro-e-sua-subjetividade-na-reportagem\/"]}]},{"@type":"ImageObject","inLanguage":"pt-BR","@id":"https:\/\/blogfca.pucminas.br\/ccm\/o-dialogo-sobre-o-outro-e-sua-subjetividade-na-reportagem\/#primaryimage","url":"https:\/\/blogfca.pucminas.br\/ccm\/wp-content\/uploads\/2017\/10\/nascimento_joicy.jpg","contentUrl":"https:\/\/blogfca.pucminas.br\/ccm\/wp-content\/uploads\/2017\/10\/nascimento_joicy.jpg","width":848,"height":474},{"@type":"BreadcrumbList","@id":"https:\/\/blogfca.pucminas.br\/ccm\/o-dialogo-sobre-o-outro-e-sua-subjetividade-na-reportagem\/#breadcrumb","itemListElement":[{"@type":"ListItem","position":1,"name":"Home","item":"https:\/\/blogfca.pucminas.br\/ccm\/"},{"@type":"ListItem","position":2,"name":"O di\u00e1logo sobre o outro e sua subjetividade na reportagem"}]},{"@type":"WebSite","@id":"https:\/\/blogfca.pucminas.br\/ccm\/#website","url":"https:\/\/blogfca.pucminas.br\/ccm\/","name":"Centro de Cr\u00edtica da M\u00eddia","description":"","publisher":{"@id":"https:\/\/blogfca.pucminas.br\/ccm\/#organization"},"potentialAction":[{"@type":"SearchAction","target":{"@type":"EntryPoint","urlTemplate":"https:\/\/blogfca.pucminas.br\/ccm\/?s={search_term_string}"},"query-input":{"@type":"PropertyValueSpecification","valueRequired":true,"valueName":"search_term_string"}}],"inLanguage":"pt-BR"},{"@type":"Organization","@id":"https:\/\/blogfca.pucminas.br\/ccm\/#organization","name":"Centro de Cirtica da M\u00eddia","url":"https:\/\/blogfca.pucminas.br\/ccm\/","logo":{"@type":"ImageObject","inLanguage":"pt-BR","@id":"https:\/\/blogfca.pucminas.br\/ccm\/#\/schema\/logo\/image\/","url":"https:\/\/blogfca.pucminas.br\/ccm\/wp-content\/uploads\/2016\/11\/logo-ccm-preto.png","contentUrl":"https:\/\/blogfca.pucminas.br\/ccm\/wp-content\/uploads\/2016\/11\/logo-ccm-preto.png","width":1191,"height":842,"caption":"Centro de Cirtica da M\u00eddia"},"image":{"@id":"https:\/\/blogfca.pucminas.br\/ccm\/#\/schema\/logo\/image\/"},"sameAs":["https:\/\/www.facebook.com\/ccmpucminas\/?ref=settings","https:\/\/x.com\/ccmpucminas","https:\/\/www.instagram.com\/ccmpucminas\/?hl=pt-br","https:\/\/www.youtube.com\/channel\/UCpKbhzfoQXgXVhkWlxSuW2w"]}]}},"_links":{"self":[{"href":"https:\/\/blogfca.pucminas.br\/ccm\/wp-json\/wp\/v2\/pages\/1331","targetHints":{"allow":["GET"]}}],"collection":[{"href":"https:\/\/blogfca.pucminas.br\/ccm\/wp-json\/wp\/v2\/pages"}],"about":[{"href":"https:\/\/blogfca.pucminas.br\/ccm\/wp-json\/wp\/v2\/types\/page"}],"author":[{"embeddable":true,"href":"https:\/\/blogfca.pucminas.br\/ccm\/wp-json\/wp\/v2\/users\/16"}],"replies":[{"embeddable":true,"href":"https:\/\/blogfca.pucminas.br\/ccm\/wp-json\/wp\/v2\/comments?post=1331"}],"version-history":[{"count":4,"href":"https:\/\/blogfca.pucminas.br\/ccm\/wp-json\/wp\/v2\/pages\/1331\/revisions"}],"predecessor-version":[{"id":1341,"href":"https:\/\/blogfca.pucminas.br\/ccm\/wp-json\/wp\/v2\/pages\/1331\/revisions\/1341"}],"wp:featuredmedia":[{"embeddable":true,"href":"https:\/\/blogfca.pucminas.br\/ccm\/wp-json\/wp\/v2\/media\/1335"}],"wp:attachment":[{"href":"https:\/\/blogfca.pucminas.br\/ccm\/wp-json\/wp\/v2\/media?parent=1331"}],"curies":[{"name":"wp","href":"https:\/\/api.w.org\/{rel}","templated":true}]}}