{"id":1299,"date":"2017-09-08T10:56:48","date_gmt":"2017-09-08T13:56:48","guid":{"rendered":"http:\/\/www1.fca.pucminas.br\/ccm\/?page_id=1299"},"modified":"2017-09-08T10:56:48","modified_gmt":"2017-09-08T13:56:48","slug":"cenario-contemporaneo-de-consumo-de-midias-mostra-nova-realidade","status":"publish","type":"page","link":"https:\/\/blogfca.pucminas.br\/ccm\/cenario-contemporaneo-de-consumo-de-midias-mostra-nova-realidade\/","title":{"rendered":"Cen\u00e1rio contempor\u00e2neo de consumo de m\u00eddias mostra nova realidade"},"content":{"rendered":"<p align=\"justify\"><strong>Por Roberto Barcelos<\/strong>. Apesar da centralidade da televis\u00e3o no cotidiano da sociedade brasileira, a Internet vem crescendo e ganhando cada vez mais espa\u00e7o, especialmente entre as camadas mais jovens da popula\u00e7\u00e3o, os chamados \u201cmillenials\u201d e a \u201cgera\u00e7\u00e3o Z\u201d. De acordo com o Relat\u00f3rio Final de Pesquisa Brasileira de M\u00eddia de 2016, realizado pelo Governo Federal, o n\u00famero de pessoas que acessam a Internet durante todos os dias da semana praticamente dobrou desde 2014. O consumo de televis\u00e3o tamb\u00e9m apresentou crescimento nesse meio tempo, embora mais t\u00edmido. De fato, a TV e outros meios massivos come\u00e7am a disputar hegemonia com smartphones e as novas tecnologias de streaming, como \u00e9 apontado pela jornalista Mar\u00eda Mart\u00edn em sua mat\u00e9ria \u201cA gera\u00e7\u00e3o que n\u00e3o assiste mais TV e corre atr\u00e1s dos &#8216;youtubers&#8217;\u201d, publicada no El Pa\u00eds.<\/p>\n<p align=\"justify\">Para saber mais, leia a mat\u00e9ria <a href=\"https:\/\/brasil.elpais.com\/brasil\/2017\/08\/13\/tecnologia\/1502578288_835104.html\">publicada<\/a> no El Pa\u00eds.<\/p>\n<div id=\"attachment_1296\" style=\"width: 524px\" class=\"wp-caption aligncenter\"><img loading=\"lazy\" decoding=\"async\" aria-describedby=\"caption-attachment-1296\" class=\"wp-image-1296 \" src=\"http:\/\/www1.fca.pucminas.br\/ccm\/wp-content\/uploads\/2017\/09\/1502578288_835104_1502750167_noticia_normal_recorte1.jpg\" alt=\"\" width=\"518\" height=\"302\" \/><p id=\"caption-attachment-1296\" class=\"wp-caption-text\">A &#8216;youtuber&#8217; Nah Cardoso em evento no Rio. Foto de divulga\u00e7\u00e3o.<\/p><\/div>\n","protected":false},"excerpt":{"rendered":"<p>Por Roberto Barcelos. Apesar da centralidade da televis\u00e3o no cotidiano da sociedade brasileira, a Internet vem crescendo e ganhando cada vez mais espa\u00e7o, especialmente entre as camadas mais jovens da popula\u00e7\u00e3o, os chamados \u201cmillenials\u201d e a \u201cgera\u00e7\u00e3o Z\u201d. De acordo com o Relat\u00f3rio Final de Pesquisa Brasileira de M\u00eddia de 2016, realizado pelo Governo Federal,&hellip;<\/p>\n","protected":false},"author":16,"featured_media":0,"parent":0,"menu_order":0,"comment_status":"closed","ping_status":"closed","template":"","meta":{"footnotes":""},"class_list":["post-1299","page","type-page","status-publish","hentry"],"yoast_head":"<!-- This site is optimized with the Yoast SEO plugin v26.9 - https:\/\/yoast.com\/product\/yoast-seo-wordpress\/ -->\n<title>Cen\u00e1rio contempor\u00e2neo de consumo de m\u00eddias mostra nova realidade - Centro de Cr\u00edtica Da M\u00eddia<\/title>\n<meta name=\"robots\" content=\"index, follow, max-snippet:-1, max-image-preview:large, max-video-preview:-1\" \/>\n<link rel=\"canonical\" href=\"https:\/\/blogfca.pucminas.br\/ccm\/cenario-contemporaneo-de-consumo-de-midias-mostra-nova-realidade\/\" \/>\n<meta property=\"og:locale\" content=\"pt_BR\" \/>\n<meta property=\"og:type\" content=\"article\" \/>\n<meta property=\"og:title\" content=\"Cen\u00e1rio contempor\u00e2neo de consumo de m\u00eddias mostra nova realidade - Centro de Cr\u00edtica Da M\u00eddia\" \/>\n<meta property=\"og:description\" content=\"Por Roberto Barcelos. Apesar da centralidade da televis\u00e3o no cotidiano da sociedade brasileira, a Internet vem crescendo e ganhando cada vez mais espa\u00e7o, especialmente entre as camadas mais jovens da popula\u00e7\u00e3o, os chamados \u201cmillenials\u201d e a \u201cgera\u00e7\u00e3o Z\u201d. De acordo com o Relat\u00f3rio Final de Pesquisa Brasileira de M\u00eddia de 2016, realizado pelo Governo Federal,&hellip;\" \/>\n<meta property=\"og:url\" content=\"https:\/\/blogfca.pucminas.br\/ccm\/cenario-contemporaneo-de-consumo-de-midias-mostra-nova-realidade\/\" \/>\n<meta property=\"og:site_name\" content=\"Centro de Cr\u00edtica Da M\u00eddia\" \/>\n<meta property=\"article:publisher\" content=\"https:\/\/www.facebook.com\/ccmpucminas\/?ref=settings\" \/>\n<meta property=\"og:image\" content=\"http:\/\/www1.fca.pucminas.br\/ccm\/wp-content\/uploads\/2017\/09\/1502578288_835104_1502750167_noticia_normal_recorte1.jpg\" \/>\n<meta name=\"twitter:card\" content=\"summary_large_image\" \/>\n<meta name=\"twitter:site\" content=\"@ccmpucminas\" \/>\n<meta name=\"twitter:label1\" content=\"Est. tempo de leitura\" \/>\n\t<meta name=\"twitter:data1\" content=\"1 minuto\" \/>\n<script type=\"application\/ld+json\" class=\"yoast-schema-graph\">{\"@context\":\"https:\/\/schema.org\",\"@graph\":[{\"@type\":\"WebPage\",\"@id\":\"https:\/\/blogfca.pucminas.br\/ccm\/cenario-contemporaneo-de-consumo-de-midias-mostra-nova-realidade\/\",\"url\":\"https:\/\/blogfca.pucminas.br\/ccm\/cenario-contemporaneo-de-consumo-de-midias-mostra-nova-realidade\/\",\"name\":\"Cen\u00e1rio contempor\u00e2neo de consumo de m\u00eddias mostra nova realidade - Centro de Cr\u00edtica Da M\u00eddia\",\"isPartOf\":{\"@id\":\"https:\/\/blogfca.pucminas.br\/ccm\/#website\"},\"primaryImageOfPage\":{\"@id\":\"https:\/\/blogfca.pucminas.br\/ccm\/cenario-contemporaneo-de-consumo-de-midias-mostra-nova-realidade\/#primaryimage\"},\"image\":{\"@id\":\"https:\/\/blogfca.pucminas.br\/ccm\/cenario-contemporaneo-de-consumo-de-midias-mostra-nova-realidade\/#primaryimage\"},\"thumbnailUrl\":\"http:\/\/www1.fca.pucminas.br\/ccm\/wp-content\/uploads\/2017\/09\/1502578288_835104_1502750167_noticia_normal_recorte1.jpg\",\"datePublished\":\"2017-09-08T13:56:48+00:00\",\"breadcrumb\":{\"@id\":\"https:\/\/blogfca.pucminas.br\/ccm\/cenario-contemporaneo-de-consumo-de-midias-mostra-nova-realidade\/#breadcrumb\"},\"inLanguage\":\"pt-BR\",\"potentialAction\":[{\"@type\":\"ReadAction\",\"target\":[\"https:\/\/blogfca.pucminas.br\/ccm\/cenario-contemporaneo-de-consumo-de-midias-mostra-nova-realidade\/\"]}]},{\"@type\":\"ImageObject\",\"inLanguage\":\"pt-BR\",\"@id\":\"https:\/\/blogfca.pucminas.br\/ccm\/cenario-contemporaneo-de-consumo-de-midias-mostra-nova-realidade\/#primaryimage\",\"url\":\"http:\/\/www1.fca.pucminas.br\/ccm\/wp-content\/uploads\/2017\/09\/1502578288_835104_1502750167_noticia_normal_recorte1.jpg\",\"contentUrl\":\"http:\/\/www1.fca.pucminas.br\/ccm\/wp-content\/uploads\/2017\/09\/1502578288_835104_1502750167_noticia_normal_recorte1.jpg\"},{\"@type\":\"BreadcrumbList\",\"@id\":\"https:\/\/blogfca.pucminas.br\/ccm\/cenario-contemporaneo-de-consumo-de-midias-mostra-nova-realidade\/#breadcrumb\",\"itemListElement\":[{\"@type\":\"ListItem\",\"position\":1,\"name\":\"Home\",\"item\":\"https:\/\/blogfca.pucminas.br\/ccm\/\"},{\"@type\":\"ListItem\",\"position\":2,\"name\":\"Cen\u00e1rio contempor\u00e2neo de consumo de m\u00eddias mostra nova realidade\"}]},{\"@type\":\"WebSite\",\"@id\":\"https:\/\/blogfca.pucminas.br\/ccm\/#website\",\"url\":\"https:\/\/blogfca.pucminas.br\/ccm\/\",\"name\":\"Centro de Cr\u00edtica da M\u00eddia\",\"description\":\"\",\"publisher\":{\"@id\":\"https:\/\/blogfca.pucminas.br\/ccm\/#organization\"},\"potentialAction\":[{\"@type\":\"SearchAction\",\"target\":{\"@type\":\"EntryPoint\",\"urlTemplate\":\"https:\/\/blogfca.pucminas.br\/ccm\/?s={search_term_string}\"},\"query-input\":{\"@type\":\"PropertyValueSpecification\",\"valueRequired\":true,\"valueName\":\"search_term_string\"}}],\"inLanguage\":\"pt-BR\"},{\"@type\":\"Organization\",\"@id\":\"https:\/\/blogfca.pucminas.br\/ccm\/#organization\",\"name\":\"Centro de Cirtica da M\u00eddia\",\"url\":\"https:\/\/blogfca.pucminas.br\/ccm\/\",\"logo\":{\"@type\":\"ImageObject\",\"inLanguage\":\"pt-BR\",\"@id\":\"https:\/\/blogfca.pucminas.br\/ccm\/#\/schema\/logo\/image\/\",\"url\":\"https:\/\/blogfca.pucminas.br\/ccm\/wp-content\/uploads\/2016\/11\/logo-ccm-preto.png\",\"contentUrl\":\"https:\/\/blogfca.pucminas.br\/ccm\/wp-content\/uploads\/2016\/11\/logo-ccm-preto.png\",\"width\":1191,\"height\":842,\"caption\":\"Centro de Cirtica da M\u00eddia\"},\"image\":{\"@id\":\"https:\/\/blogfca.pucminas.br\/ccm\/#\/schema\/logo\/image\/\"},\"sameAs\":[\"https:\/\/www.facebook.com\/ccmpucminas\/?ref=settings\",\"https:\/\/x.com\/ccmpucminas\",\"https:\/\/www.instagram.com\/ccmpucminas\/?hl=pt-br\",\"https:\/\/www.youtube.com\/channel\/UCpKbhzfoQXgXVhkWlxSuW2w\"]}]}<\/script>\n<!-- \/ Yoast SEO plugin. -->","yoast_head_json":{"title":"Cen\u00e1rio contempor\u00e2neo de consumo de m\u00eddias mostra nova realidade - Centro de Cr\u00edtica Da M\u00eddia","robots":{"index":"index","follow":"follow","max-snippet":"max-snippet:-1","max-image-preview":"max-image-preview:large","max-video-preview":"max-video-preview:-1"},"canonical":"https:\/\/blogfca.pucminas.br\/ccm\/cenario-contemporaneo-de-consumo-de-midias-mostra-nova-realidade\/","og_locale":"pt_BR","og_type":"article","og_title":"Cen\u00e1rio contempor\u00e2neo de consumo de m\u00eddias mostra nova realidade - Centro de Cr\u00edtica Da M\u00eddia","og_description":"Por Roberto Barcelos. Apesar da centralidade da televis\u00e3o no cotidiano da sociedade brasileira, a Internet vem crescendo e ganhando cada vez mais espa\u00e7o, especialmente entre as camadas mais jovens da popula\u00e7\u00e3o, os chamados \u201cmillenials\u201d e a \u201cgera\u00e7\u00e3o Z\u201d. De acordo com o Relat\u00f3rio Final de Pesquisa Brasileira de M\u00eddia de 2016, realizado pelo Governo Federal,&hellip;","og_url":"https:\/\/blogfca.pucminas.br\/ccm\/cenario-contemporaneo-de-consumo-de-midias-mostra-nova-realidade\/","og_site_name":"Centro de Cr\u00edtica Da M\u00eddia","article_publisher":"https:\/\/www.facebook.com\/ccmpucminas\/?ref=settings","og_image":[{"url":"http:\/\/www1.fca.pucminas.br\/ccm\/wp-content\/uploads\/2017\/09\/1502578288_835104_1502750167_noticia_normal_recorte1.jpg","type":"","width":"","height":""}],"twitter_card":"summary_large_image","twitter_site":"@ccmpucminas","twitter_misc":{"Est. tempo de leitura":"1 minuto"},"schema":{"@context":"https:\/\/schema.org","@graph":[{"@type":"WebPage","@id":"https:\/\/blogfca.pucminas.br\/ccm\/cenario-contemporaneo-de-consumo-de-midias-mostra-nova-realidade\/","url":"https:\/\/blogfca.pucminas.br\/ccm\/cenario-contemporaneo-de-consumo-de-midias-mostra-nova-realidade\/","name":"Cen\u00e1rio contempor\u00e2neo de consumo de m\u00eddias mostra nova realidade - Centro de Cr\u00edtica Da M\u00eddia","isPartOf":{"@id":"https:\/\/blogfca.pucminas.br\/ccm\/#website"},"primaryImageOfPage":{"@id":"https:\/\/blogfca.pucminas.br\/ccm\/cenario-contemporaneo-de-consumo-de-midias-mostra-nova-realidade\/#primaryimage"},"image":{"@id":"https:\/\/blogfca.pucminas.br\/ccm\/cenario-contemporaneo-de-consumo-de-midias-mostra-nova-realidade\/#primaryimage"},"thumbnailUrl":"http:\/\/www1.fca.pucminas.br\/ccm\/wp-content\/uploads\/2017\/09\/1502578288_835104_1502750167_noticia_normal_recorte1.jpg","datePublished":"2017-09-08T13:56:48+00:00","breadcrumb":{"@id":"https:\/\/blogfca.pucminas.br\/ccm\/cenario-contemporaneo-de-consumo-de-midias-mostra-nova-realidade\/#breadcrumb"},"inLanguage":"pt-BR","potentialAction":[{"@type":"ReadAction","target":["https:\/\/blogfca.pucminas.br\/ccm\/cenario-contemporaneo-de-consumo-de-midias-mostra-nova-realidade\/"]}]},{"@type":"ImageObject","inLanguage":"pt-BR","@id":"https:\/\/blogfca.pucminas.br\/ccm\/cenario-contemporaneo-de-consumo-de-midias-mostra-nova-realidade\/#primaryimage","url":"http:\/\/www1.fca.pucminas.br\/ccm\/wp-content\/uploads\/2017\/09\/1502578288_835104_1502750167_noticia_normal_recorte1.jpg","contentUrl":"http:\/\/www1.fca.pucminas.br\/ccm\/wp-content\/uploads\/2017\/09\/1502578288_835104_1502750167_noticia_normal_recorte1.jpg"},{"@type":"BreadcrumbList","@id":"https:\/\/blogfca.pucminas.br\/ccm\/cenario-contemporaneo-de-consumo-de-midias-mostra-nova-realidade\/#breadcrumb","itemListElement":[{"@type":"ListItem","position":1,"name":"Home","item":"https:\/\/blogfca.pucminas.br\/ccm\/"},{"@type":"ListItem","position":2,"name":"Cen\u00e1rio contempor\u00e2neo de consumo de m\u00eddias mostra nova realidade"}]},{"@type":"WebSite","@id":"https:\/\/blogfca.pucminas.br\/ccm\/#website","url":"https:\/\/blogfca.pucminas.br\/ccm\/","name":"Centro de Cr\u00edtica da M\u00eddia","description":"","publisher":{"@id":"https:\/\/blogfca.pucminas.br\/ccm\/#organization"},"potentialAction":[{"@type":"SearchAction","target":{"@type":"EntryPoint","urlTemplate":"https:\/\/blogfca.pucminas.br\/ccm\/?s={search_term_string}"},"query-input":{"@type":"PropertyValueSpecification","valueRequired":true,"valueName":"search_term_string"}}],"inLanguage":"pt-BR"},{"@type":"Organization","@id":"https:\/\/blogfca.pucminas.br\/ccm\/#organization","name":"Centro de Cirtica da M\u00eddia","url":"https:\/\/blogfca.pucminas.br\/ccm\/","logo":{"@type":"ImageObject","inLanguage":"pt-BR","@id":"https:\/\/blogfca.pucminas.br\/ccm\/#\/schema\/logo\/image\/","url":"https:\/\/blogfca.pucminas.br\/ccm\/wp-content\/uploads\/2016\/11\/logo-ccm-preto.png","contentUrl":"https:\/\/blogfca.pucminas.br\/ccm\/wp-content\/uploads\/2016\/11\/logo-ccm-preto.png","width":1191,"height":842,"caption":"Centro de Cirtica da M\u00eddia"},"image":{"@id":"https:\/\/blogfca.pucminas.br\/ccm\/#\/schema\/logo\/image\/"},"sameAs":["https:\/\/www.facebook.com\/ccmpucminas\/?ref=settings","https:\/\/x.com\/ccmpucminas","https:\/\/www.instagram.com\/ccmpucminas\/?hl=pt-br","https:\/\/www.youtube.com\/channel\/UCpKbhzfoQXgXVhkWlxSuW2w"]}]}},"_links":{"self":[{"href":"https:\/\/blogfca.pucminas.br\/ccm\/wp-json\/wp\/v2\/pages\/1299","targetHints":{"allow":["GET"]}}],"collection":[{"href":"https:\/\/blogfca.pucminas.br\/ccm\/wp-json\/wp\/v2\/pages"}],"about":[{"href":"https:\/\/blogfca.pucminas.br\/ccm\/wp-json\/wp\/v2\/types\/page"}],"author":[{"embeddable":true,"href":"https:\/\/blogfca.pucminas.br\/ccm\/wp-json\/wp\/v2\/users\/16"}],"replies":[{"embeddable":true,"href":"https:\/\/blogfca.pucminas.br\/ccm\/wp-json\/wp\/v2\/comments?post=1299"}],"version-history":[{"count":1,"href":"https:\/\/blogfca.pucminas.br\/ccm\/wp-json\/wp\/v2\/pages\/1299\/revisions"}],"predecessor-version":[{"id":1300,"href":"https:\/\/blogfca.pucminas.br\/ccm\/wp-json\/wp\/v2\/pages\/1299\/revisions\/1300"}],"wp:attachment":[{"href":"https:\/\/blogfca.pucminas.br\/ccm\/wp-json\/wp\/v2\/media?parent=1299"}],"curies":[{"name":"wp","href":"https:\/\/api.w.org\/{rel}","templated":true}]}}