{"id":1196,"date":"2016-06-16T23:25:54","date_gmt":"2016-06-16T23:25:54","guid":{"rendered":"http:\/\/www1.fca.pucminas.br\/ccm\/?page_id=134"},"modified":"2021-03-15T17:37:31","modified_gmt":"2021-03-15T20:37:31","slug":"faculdade-de-comunicacao-e-artes","status":"publish","type":"page","link":"https:\/\/blogfca.pucminas.br\/ccm\/faculdade-de-comunicacao-e-artes\/","title":{"rendered":"FCA"},"content":{"rendered":"<h3><strong>Faculdade de Comunica\u00e7\u00e3o e Artes PUC Minas<br \/>\n<\/strong><\/h3>\n<p style=\"text-align: justify;\">A Faculdade de Comunica\u00e7\u00e3o e Artes da PUC Minas oferece cursos de gradua\u00e7\u00e3o de excel\u00eancia em diversos campos de atua\u00e7\u00e3o da comunica\u00e7\u00e3o, como Jornalismo, Publicidade e Propaganda, Cinema e Audiovisual e Rela\u00e7\u00f5es P\u00fablicas. A gradua\u00e7\u00e3o \u00e9 o primeiro passo na forma\u00e7\u00e3o de grandes profissionais e por isso \u00e9 o principal foco da FCA. O ensino incentiva a reflex\u00e3o sobre as pr\u00e1ticas da comunica\u00e7\u00e3o e a cont\u00ednua renova\u00e7\u00e3o, em conson\u00e2ncia com os anseios da sociedade. A FCA oferece cursos de gradua\u00e7\u00e3o em comunica\u00e7\u00e3o nos <em>campi<\/em> Cora\u00e7\u00e3o Eucar\u00edstico e Po\u00e7os de Caldas e na Unidade S\u00e3o Gabriel.<\/p>\n<p>Para saber mais, acesse\u00a0<a href=\"http:\/\/www.fca.pucminas.br\/\">o site da faculdade\u00a0<\/a>.<\/p>\n<p><img loading=\"lazy\" decoding=\"async\" class=\"aligncenter size-large wp-image-3350\" src=\"https:\/\/blogfca.pucminas.br\/ccm\/wp-content\/uploads\/2021\/03\/selo_50anos_fca_brasao_COR_2021-1024x369.jpg\" alt=\"\" width=\"700\" height=\"252\" srcset=\"https:\/\/blogfca.pucminas.br\/ccm\/wp-content\/uploads\/2021\/03\/selo_50anos_fca_brasao_COR_2021-1024x369.jpg 1024w, https:\/\/blogfca.pucminas.br\/ccm\/wp-content\/uploads\/2021\/03\/selo_50anos_fca_brasao_COR_2021-300x108.jpg 300w, https:\/\/blogfca.pucminas.br\/ccm\/wp-content\/uploads\/2021\/03\/selo_50anos_fca_brasao_COR_2021-768x277.jpg 768w, https:\/\/blogfca.pucminas.br\/ccm\/wp-content\/uploads\/2021\/03\/selo_50anos_fca_brasao_COR_2021.jpg 1772w\" sizes=\"auto, (max-width: 700px) 100vw, 700px\" \/><\/p>\n","protected":false},"excerpt":{"rendered":"<p>Faculdade de Comunica\u00e7\u00e3o e Artes PUC Minas A Faculdade de Comunica\u00e7\u00e3o e Artes da PUC Minas oferece cursos de gradua\u00e7\u00e3o de excel\u00eancia em diversos campos de atua\u00e7\u00e3o da comunica\u00e7\u00e3o, como Jornalismo, Publicidade e Propaganda, Cinema e Audiovisual e Rela\u00e7\u00f5es P\u00fablicas. A gradua\u00e7\u00e3o \u00e9 o primeiro passo na forma\u00e7\u00e3o de grandes profissionais e por isso \u00e9&hellip;<\/p>\n","protected":false},"author":16,"featured_media":3350,"parent":0,"menu_order":0,"comment_status":"closed","ping_status":"closed","template":"","meta":{"footnotes":""},"class_list":["post-1196","page","type-page","status-publish","has-post-thumbnail","hentry"],"yoast_head":"<!-- This site is optimized with the Yoast SEO plugin v27.2 - https:\/\/yoast.com\/product\/yoast-seo-wordpress\/ -->\n<title>FCA - Centro de Cr\u00edtica Da M\u00eddia<\/title>\n<meta name=\"robots\" content=\"index, follow, max-snippet:-1, max-image-preview:large, max-video-preview:-1\" \/>\n<link rel=\"canonical\" href=\"https:\/\/blogfca.pucminas.br\/ccm\/faculdade-de-comunicacao-e-artes\/\" \/>\n<meta property=\"og:locale\" content=\"pt_BR\" \/>\n<meta property=\"og:type\" content=\"article\" \/>\n<meta property=\"og:title\" content=\"FCA - Centro de Cr\u00edtica Da M\u00eddia\" \/>\n<meta property=\"og:description\" content=\"Faculdade de Comunica\u00e7\u00e3o e Artes PUC Minas A Faculdade de Comunica\u00e7\u00e3o e Artes da PUC Minas oferece cursos de gradua\u00e7\u00e3o de excel\u00eancia em diversos campos de atua\u00e7\u00e3o da comunica\u00e7\u00e3o, como Jornalismo, Publicidade e Propaganda, Cinema e Audiovisual e Rela\u00e7\u00f5es P\u00fablicas. A gradua\u00e7\u00e3o \u00e9 o primeiro passo na forma\u00e7\u00e3o de grandes profissionais e por isso \u00e9&hellip;\" \/>\n<meta property=\"og:url\" content=\"https:\/\/blogfca.pucminas.br\/ccm\/faculdade-de-comunicacao-e-artes\/\" \/>\n<meta property=\"og:site_name\" content=\"Centro de Cr\u00edtica Da M\u00eddia\" \/>\n<meta property=\"article:publisher\" content=\"https:\/\/www.facebook.com\/ccmpucminas\/?ref=settings\" \/>\n<meta property=\"article:modified_time\" content=\"2021-03-15T20:37:31+00:00\" \/>\n<meta property=\"og:image\" content=\"https:\/\/blogfca.pucminas.br\/ccm\/wp-content\/uploads\/2021\/03\/selo_50anos_fca_brasao_COR_2021.jpg\" \/>\n\t<meta property=\"og:image:width\" content=\"1772\" \/>\n\t<meta property=\"og:image:height\" content=\"639\" \/>\n\t<meta property=\"og:image:type\" content=\"image\/jpeg\" \/>\n<meta name=\"twitter:card\" content=\"summary_large_image\" \/>\n<meta name=\"twitter:site\" content=\"@ccmpucminas\" \/>\n<meta name=\"twitter:label1\" content=\"Est. tempo de leitura\" \/>\n\t<meta name=\"twitter:data1\" content=\"1 minuto\" \/>\n<script type=\"application\/ld+json\" class=\"yoast-schema-graph\">{\"@context\":\"https:\/\/schema.org\",\"@graph\":[{\"@type\":\"WebPage\",\"@id\":\"https:\/\/blogfca.pucminas.br\/ccm\/faculdade-de-comunicacao-e-artes\/\",\"url\":\"https:\/\/blogfca.pucminas.br\/ccm\/faculdade-de-comunicacao-e-artes\/\",\"name\":\"FCA - Centro de Cr\u00edtica Da M\u00eddia\",\"isPartOf\":{\"@id\":\"https:\/\/blogfca.pucminas.br\/ccm\/#website\"},\"primaryImageOfPage\":{\"@id\":\"https:\/\/blogfca.pucminas.br\/ccm\/faculdade-de-comunicacao-e-artes\/#primaryimage\"},\"image\":{\"@id\":\"https:\/\/blogfca.pucminas.br\/ccm\/faculdade-de-comunicacao-e-artes\/#primaryimage\"},\"thumbnailUrl\":\"https:\/\/blogfca.pucminas.br\/ccm\/wp-content\/uploads\/2021\/03\/selo_50anos_fca_brasao_COR_2021.jpg\",\"datePublished\":\"2016-06-16T23:25:54+00:00\",\"dateModified\":\"2021-03-15T20:37:31+00:00\",\"breadcrumb\":{\"@id\":\"https:\/\/blogfca.pucminas.br\/ccm\/faculdade-de-comunicacao-e-artes\/#breadcrumb\"},\"inLanguage\":\"pt-BR\",\"potentialAction\":[{\"@type\":\"ReadAction\",\"target\":[\"https:\/\/blogfca.pucminas.br\/ccm\/faculdade-de-comunicacao-e-artes\/\"]}]},{\"@type\":\"ImageObject\",\"inLanguage\":\"pt-BR\",\"@id\":\"https:\/\/blogfca.pucminas.br\/ccm\/faculdade-de-comunicacao-e-artes\/#primaryimage\",\"url\":\"https:\/\/blogfca.pucminas.br\/ccm\/wp-content\/uploads\/2021\/03\/selo_50anos_fca_brasao_COR_2021.jpg\",\"contentUrl\":\"https:\/\/blogfca.pucminas.br\/ccm\/wp-content\/uploads\/2021\/03\/selo_50anos_fca_brasao_COR_2021.jpg\",\"width\":1772,\"height\":639},{\"@type\":\"BreadcrumbList\",\"@id\":\"https:\/\/blogfca.pucminas.br\/ccm\/faculdade-de-comunicacao-e-artes\/#breadcrumb\",\"itemListElement\":[{\"@type\":\"ListItem\",\"position\":1,\"name\":\"Home\",\"item\":\"https:\/\/blogfca.pucminas.br\/ccm\/\"},{\"@type\":\"ListItem\",\"position\":2,\"name\":\"FCA\"}]},{\"@type\":\"WebSite\",\"@id\":\"https:\/\/blogfca.pucminas.br\/ccm\/#website\",\"url\":\"https:\/\/blogfca.pucminas.br\/ccm\/\",\"name\":\"Centro de Cr\u00edtica da M\u00eddia\",\"description\":\"\",\"publisher\":{\"@id\":\"https:\/\/blogfca.pucminas.br\/ccm\/#organization\"},\"potentialAction\":[{\"@type\":\"SearchAction\",\"target\":{\"@type\":\"EntryPoint\",\"urlTemplate\":\"https:\/\/blogfca.pucminas.br\/ccm\/?s={search_term_string}\"},\"query-input\":{\"@type\":\"PropertyValueSpecification\",\"valueRequired\":true,\"valueName\":\"search_term_string\"}}],\"inLanguage\":\"pt-BR\"},{\"@type\":\"Organization\",\"@id\":\"https:\/\/blogfca.pucminas.br\/ccm\/#organization\",\"name\":\"Centro de Cirtica da M\u00eddia\",\"url\":\"https:\/\/blogfca.pucminas.br\/ccm\/\",\"logo\":{\"@type\":\"ImageObject\",\"inLanguage\":\"pt-BR\",\"@id\":\"https:\/\/blogfca.pucminas.br\/ccm\/#\/schema\/logo\/image\/\",\"url\":\"https:\/\/blogfca.pucminas.br\/ccm\/wp-content\/uploads\/2016\/11\/logo-ccm-preto.png\",\"contentUrl\":\"https:\/\/blogfca.pucminas.br\/ccm\/wp-content\/uploads\/2016\/11\/logo-ccm-preto.png\",\"width\":1191,\"height\":842,\"caption\":\"Centro de Cirtica da M\u00eddia\"},\"image\":{\"@id\":\"https:\/\/blogfca.pucminas.br\/ccm\/#\/schema\/logo\/image\/\"},\"sameAs\":[\"https:\/\/www.facebook.com\/ccmpucminas\/?ref=settings\",\"https:\/\/x.com\/ccmpucminas\",\"https:\/\/www.instagram.com\/ccmpucminas\/?hl=pt-br\",\"https:\/\/www.youtube.com\/channel\/UCpKbhzfoQXgXVhkWlxSuW2w\"]}]}<\/script>\n<!-- \/ Yoast SEO plugin. -->","yoast_head_json":{"title":"FCA - Centro de Cr\u00edtica Da M\u00eddia","robots":{"index":"index","follow":"follow","max-snippet":"max-snippet:-1","max-image-preview":"max-image-preview:large","max-video-preview":"max-video-preview:-1"},"canonical":"https:\/\/blogfca.pucminas.br\/ccm\/faculdade-de-comunicacao-e-artes\/","og_locale":"pt_BR","og_type":"article","og_title":"FCA - Centro de Cr\u00edtica Da M\u00eddia","og_description":"Faculdade de Comunica\u00e7\u00e3o e Artes PUC Minas A Faculdade de Comunica\u00e7\u00e3o e Artes da PUC Minas oferece cursos de gradua\u00e7\u00e3o de excel\u00eancia em diversos campos de atua\u00e7\u00e3o da comunica\u00e7\u00e3o, como Jornalismo, Publicidade e Propaganda, Cinema e Audiovisual e Rela\u00e7\u00f5es P\u00fablicas. A gradua\u00e7\u00e3o \u00e9 o primeiro passo na forma\u00e7\u00e3o de grandes profissionais e por isso \u00e9&hellip;","og_url":"https:\/\/blogfca.pucminas.br\/ccm\/faculdade-de-comunicacao-e-artes\/","og_site_name":"Centro de Cr\u00edtica Da M\u00eddia","article_publisher":"https:\/\/www.facebook.com\/ccmpucminas\/?ref=settings","article_modified_time":"2021-03-15T20:37:31+00:00","og_image":[{"width":1772,"height":639,"url":"https:\/\/blogfca.pucminas.br\/ccm\/wp-content\/uploads\/2021\/03\/selo_50anos_fca_brasao_COR_2021.jpg","type":"image\/jpeg"}],"twitter_card":"summary_large_image","twitter_site":"@ccmpucminas","twitter_misc":{"Est. tempo de leitura":"1 minuto"},"schema":{"@context":"https:\/\/schema.org","@graph":[{"@type":"WebPage","@id":"https:\/\/blogfca.pucminas.br\/ccm\/faculdade-de-comunicacao-e-artes\/","url":"https:\/\/blogfca.pucminas.br\/ccm\/faculdade-de-comunicacao-e-artes\/","name":"FCA - Centro de Cr\u00edtica Da M\u00eddia","isPartOf":{"@id":"https:\/\/blogfca.pucminas.br\/ccm\/#website"},"primaryImageOfPage":{"@id":"https:\/\/blogfca.pucminas.br\/ccm\/faculdade-de-comunicacao-e-artes\/#primaryimage"},"image":{"@id":"https:\/\/blogfca.pucminas.br\/ccm\/faculdade-de-comunicacao-e-artes\/#primaryimage"},"thumbnailUrl":"https:\/\/blogfca.pucminas.br\/ccm\/wp-content\/uploads\/2021\/03\/selo_50anos_fca_brasao_COR_2021.jpg","datePublished":"2016-06-16T23:25:54+00:00","dateModified":"2021-03-15T20:37:31+00:00","breadcrumb":{"@id":"https:\/\/blogfca.pucminas.br\/ccm\/faculdade-de-comunicacao-e-artes\/#breadcrumb"},"inLanguage":"pt-BR","potentialAction":[{"@type":"ReadAction","target":["https:\/\/blogfca.pucminas.br\/ccm\/faculdade-de-comunicacao-e-artes\/"]}]},{"@type":"ImageObject","inLanguage":"pt-BR","@id":"https:\/\/blogfca.pucminas.br\/ccm\/faculdade-de-comunicacao-e-artes\/#primaryimage","url":"https:\/\/blogfca.pucminas.br\/ccm\/wp-content\/uploads\/2021\/03\/selo_50anos_fca_brasao_COR_2021.jpg","contentUrl":"https:\/\/blogfca.pucminas.br\/ccm\/wp-content\/uploads\/2021\/03\/selo_50anos_fca_brasao_COR_2021.jpg","width":1772,"height":639},{"@type":"BreadcrumbList","@id":"https:\/\/blogfca.pucminas.br\/ccm\/faculdade-de-comunicacao-e-artes\/#breadcrumb","itemListElement":[{"@type":"ListItem","position":1,"name":"Home","item":"https:\/\/blogfca.pucminas.br\/ccm\/"},{"@type":"ListItem","position":2,"name":"FCA"}]},{"@type":"WebSite","@id":"https:\/\/blogfca.pucminas.br\/ccm\/#website","url":"https:\/\/blogfca.pucminas.br\/ccm\/","name":"Centro de Cr\u00edtica da M\u00eddia","description":"","publisher":{"@id":"https:\/\/blogfca.pucminas.br\/ccm\/#organization"},"potentialAction":[{"@type":"SearchAction","target":{"@type":"EntryPoint","urlTemplate":"https:\/\/blogfca.pucminas.br\/ccm\/?s={search_term_string}"},"query-input":{"@type":"PropertyValueSpecification","valueRequired":true,"valueName":"search_term_string"}}],"inLanguage":"pt-BR"},{"@type":"Organization","@id":"https:\/\/blogfca.pucminas.br\/ccm\/#organization","name":"Centro de Cirtica da M\u00eddia","url":"https:\/\/blogfca.pucminas.br\/ccm\/","logo":{"@type":"ImageObject","inLanguage":"pt-BR","@id":"https:\/\/blogfca.pucminas.br\/ccm\/#\/schema\/logo\/image\/","url":"https:\/\/blogfca.pucminas.br\/ccm\/wp-content\/uploads\/2016\/11\/logo-ccm-preto.png","contentUrl":"https:\/\/blogfca.pucminas.br\/ccm\/wp-content\/uploads\/2016\/11\/logo-ccm-preto.png","width":1191,"height":842,"caption":"Centro de Cirtica da M\u00eddia"},"image":{"@id":"https:\/\/blogfca.pucminas.br\/ccm\/#\/schema\/logo\/image\/"},"sameAs":["https:\/\/www.facebook.com\/ccmpucminas\/?ref=settings","https:\/\/x.com\/ccmpucminas","https:\/\/www.instagram.com\/ccmpucminas\/?hl=pt-br","https:\/\/www.youtube.com\/channel\/UCpKbhzfoQXgXVhkWlxSuW2w"]}]}},"_links":{"self":[{"href":"https:\/\/blogfca.pucminas.br\/ccm\/wp-json\/wp\/v2\/pages\/1196","targetHints":{"allow":["GET"]}}],"collection":[{"href":"https:\/\/blogfca.pucminas.br\/ccm\/wp-json\/wp\/v2\/pages"}],"about":[{"href":"https:\/\/blogfca.pucminas.br\/ccm\/wp-json\/wp\/v2\/types\/page"}],"author":[{"embeddable":true,"href":"https:\/\/blogfca.pucminas.br\/ccm\/wp-json\/wp\/v2\/users\/16"}],"replies":[{"embeddable":true,"href":"https:\/\/blogfca.pucminas.br\/ccm\/wp-json\/wp\/v2\/comments?post=1196"}],"version-history":[{"count":4,"href":"https:\/\/blogfca.pucminas.br\/ccm\/wp-json\/wp\/v2\/pages\/1196\/revisions"}],"predecessor-version":[{"id":3352,"href":"https:\/\/blogfca.pucminas.br\/ccm\/wp-json\/wp\/v2\/pages\/1196\/revisions\/3352"}],"wp:featuredmedia":[{"embeddable":true,"href":"https:\/\/blogfca.pucminas.br\/ccm\/wp-json\/wp\/v2\/media\/3350"}],"wp:attachment":[{"href":"https:\/\/blogfca.pucminas.br\/ccm\/wp-json\/wp\/v2\/media?parent=1196"}],"curies":[{"name":"wp","href":"https:\/\/api.w.org\/{rel}","templated":true}]}}