{"id":1098,"date":"2017-05-19T09:22:17","date_gmt":"2017-05-19T12:22:17","guid":{"rendered":"http:\/\/ccmpucminas.com\/?page_id=1098"},"modified":"2017-05-19T09:22:17","modified_gmt":"2017-05-19T12:22:17","slug":"critica-de-midia-e-arte-urbana-manifestacoes-culturais-e-visibilidades-perifericas-2","status":"publish","type":"page","link":"https:\/\/blogfca.pucminas.br\/ccm\/critica-de-midia-e-arte-urbana-manifestacoes-culturais-e-visibilidades-perifericas-2\/","title":{"rendered":"Cr\u00edtica de M\u00eddia e Arte Urbana: manifesta\u00e7\u00f5es culturais e visibilidades perif\u00e9ricas"},"content":{"rendered":"<p style=\"text-align:justify;\"><strong>Por Rosana de Lima Soares.<\/strong> Na oficina \u201cCr\u00edtica de M\u00eddia e Arte Urbana\u201d, buscamos apontar a presen\u00e7a da arte urbana na cidade de S\u00e3o Paulo (SP) e as diferentes narrativas presentes nas m\u00eddias a respeito dessa quest\u00e3o, tendo como objetivo analis\u00e1-las em perspectiva cr\u00edtica a partir de aportes dos estudos de discurso e dos estudos culturais. Os objetivos foram: a) compreender a fun\u00e7\u00e3o da cr\u00edtica de m\u00eddia; b) observar diversas narrativas midi\u00e1ticas em torno de uma mesma quest\u00e3o, enfatizando os estigmas, estere\u00f3tipos e preconceitos nelas presentes; c) realizar a an\u00e1lise cr\u00edtica de narrativas midi\u00e1ticas sobre a quest\u00e3o do grafite na cidade de S\u00e3o Paulo.<\/p>\n<p style=\"text-align:justify;\">A an\u00e1lise de narrativas midi\u00e1ticas sobre o grafite na cidade de S\u00e3o Paulo visa, portanto, descrever, analisar e interpretar seus m\u00faltiplos discursos; compreender e desconstruir os sentidos nelas presentes; propor novos modos de cria\u00e7\u00e3o e circula\u00e7\u00e3o dessas narrativas a fim de produzir outros significados sobre o tema, interferindo em suas apropria\u00e7\u00f5es sociais e para a desconstru\u00e7\u00e3o de estigmas e preconceitos. Trataremos dos sistemas de produ\u00e7\u00e3o (circula\u00e7\u00e3o), recep\u00e7\u00e3o (apropria\u00e7\u00e3o) e cria\u00e7\u00e3o (obras), concebendo-os como interdependentes em rela\u00e7\u00e3o \u00e0s manifesta\u00e7\u00f5es culturais urbanas e seus modos de interven\u00e7\u00e3o social, por meio de conceitos relacionados \u00e0 cr\u00edtica de m\u00eddia, \u00e0 an\u00e1lise de discurso, aos modos de constru\u00e7\u00e3o da representa\u00e7\u00e3o de alteridades nas m\u00eddias e aos estigmas sociais.<\/p>\n<p style=\"text-align:justify;\">Dois eventos recentes motivaram nossas escolhas: o apagamento, por iniciativa da prefeitura, de diversos grafites criados por artistas reconhecidos em lugares destacados da cidade de S\u00e3o Paulo, que foram recobertos com tinta cinza em nome do \u201cembelezamento\u201d e \u201chigieniza\u00e7\u00e3o\u201d da cidade; e a iniciativa de um morador de um bairro tur\u00edstico de S\u00e3o Paulo (conhecido por ter espa\u00e7os de grafite em suas ruas) de pintar de cinza um grafite presente no muro de sua casa a fim de chamar a aten\u00e7\u00e3o do poder p\u00fablico para quest\u00f5es locais. Os dois eventos foram amplamente noticiados nas m\u00eddias, em diversos formatos, dos quais escolhemos os seguintes conte\u00fados: imagens fotogr\u00e1ficas de grafites na cidade de S\u00e3o Paulo; reportagens de telejornais tradicionais e de programas jornal\u00edsticos televisivos; v\u00eddeos na internet sobre os epis\u00f3dios.<\/p>\n<p style=\"text-align:justify;\">O protocolo para an\u00e1lise cr\u00edtica dessas produ\u00e7\u00f5es foi estabelecido a partir de quatro pontos. O primeiro ponto \u00e9 a quest\u00e3o da pr\u00f3pria cr\u00edtica, para que pensemos o que \u00e9 a cr\u00edtica da m\u00eddia, quem pode faz\u00ea-la, quais os crit\u00e9rios para realiz\u00e1-la, sua finalidade e fun\u00e7\u00e3o social. O segundo \u00e9 quest\u00e3o dos estigmas sociais nas m\u00eddias, que nos serve de recorte para um universo bastante vasto, j\u00e1 que essa \u00e9 uma tem\u00e1tica recorrente e importante pois trata das quest\u00f5es de identidade, visibilidade e reconhecimento social, e dos embates entre os diversos grupos sociais. O terceiro diz respeito \u00e0 an\u00e1lise do discurso cr\u00edtica, que apresenta uma metodologia para realizar a cr\u00edtica da m\u00eddia em torno da tem\u00e1tica dos estigmas sociais. E o quarto ponto \u00e9 o pr\u00f3prio material emp\u00edrico escolhido para as an\u00e1lises, tamb\u00e9m contando com crit\u00e9rios definidos a partir de uma ampla pesquisa para sele\u00e7\u00e3o e organiza\u00e7\u00e3o pr\u00e9via do material coletado. Assim, a tem\u00e1tica dos grafites na cidade de S\u00e3o Paulo n\u00e3o ser\u00e1 tratada como um tema gen\u00e9rico, art\u00edstico ou atemporal, mas a partir de epis\u00f3dios concretos desde que o prefeito, Jo\u00e3o D\u00f3ria, resolveu cobrir os grafites em v\u00e1rios pontos da cidade. Essa decis\u00e3o se mostrou muito midi\u00e1tica e foi largamente midiatizada, pois se trata uma decis\u00e3o pol\u00eamica, com posi\u00e7\u00f5es favor\u00e1veis, opini\u00f5es contr\u00e1rias, manifesta\u00e7\u00f5es de rua, protestos, falas de organiza\u00e7\u00f5es n\u00e3o governamentais, artistas, movimentos sociais, autoridades p\u00fablicas, moradores. Temos a\u00ed uma grande variedade de discursos e uma polifonia narrativa em torno desse tema tanto na televis\u00e3o como em jornais, revistas e internet, especialmente muitas produ\u00e7\u00f5es audiovisuais que nos auxiliam a refletir sobre a quest\u00e3o da arte de rua na cidade de S\u00e3o Paulo.<\/p>\n<p style=\"text-align:justify;\"><img loading=\"lazy\" decoding=\"async\" class=\"  wp-image-1094 aligncenter\" src=\"http:\/\/www1.fca.pucminas.br\/ccm\/wp-content\/uploads\/2017\/05\/grafite-1.jpg\" alt=\"grafite 1\" width=\"558\" height=\"275\" srcset=\"https:\/\/blogfca.pucminas.br\/ccm\/wp-content\/uploads\/2017\/05\/grafite-1.jpg 1098w, https:\/\/blogfca.pucminas.br\/ccm\/wp-content\/uploads\/2017\/05\/grafite-1-300x148.jpg 300w, https:\/\/blogfca.pucminas.br\/ccm\/wp-content\/uploads\/2017\/05\/grafite-1-768x378.jpg 768w, https:\/\/blogfca.pucminas.br\/ccm\/wp-content\/uploads\/2017\/05\/grafite-1-1024x505.jpg 1024w\" sizes=\"auto, (max-width: 558px) 100vw, 558px\" \/><\/p>\n<p style=\"text-align:justify;\"><strong>Rosana de Lima Soares<\/strong> \u00e9 professora livre-docente no Departamento de Jornalismo e Editora\u00e7\u00e3o e no Programa de P\u00f3s-Gradua\u00e7\u00e3o em Meios e Processos Audiovisuais da Escola de Comunica\u00e7\u00f5es e Artes da Universidade de S\u00e3o Paulo (ECA-USP). \u00c9 coordenadora do Grupo de Estudos de Linguagem: Pr\u00e1ticas e Midi\u00e1ticas (MidiAto) e bolsista de Produtividade em Pesquisa (CNPq)<em>.<\/em><\/p>\n","protected":false},"excerpt":{"rendered":"<p>Por Rosana de Lima Soares. Na oficina \u201cCr\u00edtica de M\u00eddia e Arte Urbana\u201d, buscamos apontar a presen\u00e7a da arte urbana na cidade de S\u00e3o Paulo (SP) e as diferentes narrativas presentes nas m\u00eddias a respeito dessa quest\u00e3o, tendo como objetivo analis\u00e1-las em perspectiva cr\u00edtica a partir de aportes dos estudos de discurso e dos estudos&hellip;<\/p>\n","protected":false},"author":16,"featured_media":0,"parent":0,"menu_order":0,"comment_status":"closed","ping_status":"closed","template":"","meta":{"footnotes":""},"class_list":["post-1098","page","type-page","status-publish","hentry"],"yoast_head":"<!-- This site is optimized with the Yoast SEO plugin v27.2 - https:\/\/yoast.com\/product\/yoast-seo-wordpress\/ -->\n<title>Cr\u00edtica de M\u00eddia e Arte Urbana: manifesta\u00e7\u00f5es culturais e visibilidades perif\u00e9ricas - Centro de Cr\u00edtica Da M\u00eddia<\/title>\n<meta name=\"robots\" content=\"index, follow, max-snippet:-1, max-image-preview:large, max-video-preview:-1\" \/>\n<link rel=\"canonical\" href=\"https:\/\/blogfca.pucminas.br\/ccm\/critica-de-midia-e-arte-urbana-manifestacoes-culturais-e-visibilidades-perifericas-2\/\" \/>\n<meta property=\"og:locale\" content=\"pt_BR\" \/>\n<meta property=\"og:type\" content=\"article\" \/>\n<meta property=\"og:title\" content=\"Cr\u00edtica de M\u00eddia e Arte Urbana: manifesta\u00e7\u00f5es culturais e visibilidades perif\u00e9ricas - Centro de Cr\u00edtica Da M\u00eddia\" \/>\n<meta property=\"og:description\" content=\"Por Rosana de Lima Soares. Na oficina \u201cCr\u00edtica de M\u00eddia e Arte Urbana\u201d, buscamos apontar a presen\u00e7a da arte urbana na cidade de S\u00e3o Paulo (SP) e as diferentes narrativas presentes nas m\u00eddias a respeito dessa quest\u00e3o, tendo como objetivo analis\u00e1-las em perspectiva cr\u00edtica a partir de aportes dos estudos de discurso e dos estudos&hellip;\" \/>\n<meta property=\"og:url\" content=\"https:\/\/blogfca.pucminas.br\/ccm\/critica-de-midia-e-arte-urbana-manifestacoes-culturais-e-visibilidades-perifericas-2\/\" \/>\n<meta property=\"og:site_name\" content=\"Centro de Cr\u00edtica Da M\u00eddia\" \/>\n<meta property=\"article:publisher\" content=\"https:\/\/www.facebook.com\/ccmpucminas\/?ref=settings\" \/>\n<meta property=\"og:image\" content=\"http:\/\/www1.fca.pucminas.br\/ccm\/wp-content\/uploads\/2017\/05\/grafite-1.jpg\" \/>\n<meta name=\"twitter:card\" content=\"summary_large_image\" \/>\n<meta name=\"twitter:site\" content=\"@ccmpucminas\" \/>\n<meta name=\"twitter:label1\" content=\"Est. tempo de leitura\" \/>\n\t<meta name=\"twitter:data1\" content=\"4 minutos\" \/>\n<script type=\"application\/ld+json\" class=\"yoast-schema-graph\">{\"@context\":\"https:\/\/schema.org\",\"@graph\":[{\"@type\":\"WebPage\",\"@id\":\"https:\/\/blogfca.pucminas.br\/ccm\/critica-de-midia-e-arte-urbana-manifestacoes-culturais-e-visibilidades-perifericas-2\/\",\"url\":\"https:\/\/blogfca.pucminas.br\/ccm\/critica-de-midia-e-arte-urbana-manifestacoes-culturais-e-visibilidades-perifericas-2\/\",\"name\":\"Cr\u00edtica de M\u00eddia e Arte Urbana: manifesta\u00e7\u00f5es culturais e visibilidades perif\u00e9ricas - Centro de Cr\u00edtica Da M\u00eddia\",\"isPartOf\":{\"@id\":\"https:\/\/blogfca.pucminas.br\/ccm\/#website\"},\"primaryImageOfPage\":{\"@id\":\"https:\/\/blogfca.pucminas.br\/ccm\/critica-de-midia-e-arte-urbana-manifestacoes-culturais-e-visibilidades-perifericas-2\/#primaryimage\"},\"image\":{\"@id\":\"https:\/\/blogfca.pucminas.br\/ccm\/critica-de-midia-e-arte-urbana-manifestacoes-culturais-e-visibilidades-perifericas-2\/#primaryimage\"},\"thumbnailUrl\":\"http:\/\/www1.fca.pucminas.br\/ccm\/wp-content\/uploads\/2017\/05\/grafite-1.jpg\",\"datePublished\":\"2017-05-19T12:22:17+00:00\",\"breadcrumb\":{\"@id\":\"https:\/\/blogfca.pucminas.br\/ccm\/critica-de-midia-e-arte-urbana-manifestacoes-culturais-e-visibilidades-perifericas-2\/#breadcrumb\"},\"inLanguage\":\"pt-BR\",\"potentialAction\":[{\"@type\":\"ReadAction\",\"target\":[\"https:\/\/blogfca.pucminas.br\/ccm\/critica-de-midia-e-arte-urbana-manifestacoes-culturais-e-visibilidades-perifericas-2\/\"]}]},{\"@type\":\"ImageObject\",\"inLanguage\":\"pt-BR\",\"@id\":\"https:\/\/blogfca.pucminas.br\/ccm\/critica-de-midia-e-arte-urbana-manifestacoes-culturais-e-visibilidades-perifericas-2\/#primaryimage\",\"url\":\"http:\/\/www1.fca.pucminas.br\/ccm\/wp-content\/uploads\/2017\/05\/grafite-1.jpg\",\"contentUrl\":\"http:\/\/www1.fca.pucminas.br\/ccm\/wp-content\/uploads\/2017\/05\/grafite-1.jpg\"},{\"@type\":\"BreadcrumbList\",\"@id\":\"https:\/\/blogfca.pucminas.br\/ccm\/critica-de-midia-e-arte-urbana-manifestacoes-culturais-e-visibilidades-perifericas-2\/#breadcrumb\",\"itemListElement\":[{\"@type\":\"ListItem\",\"position\":1,\"name\":\"Home\",\"item\":\"https:\/\/blogfca.pucminas.br\/ccm\/\"},{\"@type\":\"ListItem\",\"position\":2,\"name\":\"Cr\u00edtica de M\u00eddia e Arte Urbana: manifesta\u00e7\u00f5es culturais e visibilidades perif\u00e9ricas\"}]},{\"@type\":\"WebSite\",\"@id\":\"https:\/\/blogfca.pucminas.br\/ccm\/#website\",\"url\":\"https:\/\/blogfca.pucminas.br\/ccm\/\",\"name\":\"Centro de Cr\u00edtica da M\u00eddia\",\"description\":\"\",\"publisher\":{\"@id\":\"https:\/\/blogfca.pucminas.br\/ccm\/#organization\"},\"potentialAction\":[{\"@type\":\"SearchAction\",\"target\":{\"@type\":\"EntryPoint\",\"urlTemplate\":\"https:\/\/blogfca.pucminas.br\/ccm\/?s={search_term_string}\"},\"query-input\":{\"@type\":\"PropertyValueSpecification\",\"valueRequired\":true,\"valueName\":\"search_term_string\"}}],\"inLanguage\":\"pt-BR\"},{\"@type\":\"Organization\",\"@id\":\"https:\/\/blogfca.pucminas.br\/ccm\/#organization\",\"name\":\"Centro de Cirtica da M\u00eddia\",\"url\":\"https:\/\/blogfca.pucminas.br\/ccm\/\",\"logo\":{\"@type\":\"ImageObject\",\"inLanguage\":\"pt-BR\",\"@id\":\"https:\/\/blogfca.pucminas.br\/ccm\/#\/schema\/logo\/image\/\",\"url\":\"https:\/\/blogfca.pucminas.br\/ccm\/wp-content\/uploads\/2016\/11\/logo-ccm-preto.png\",\"contentUrl\":\"https:\/\/blogfca.pucminas.br\/ccm\/wp-content\/uploads\/2016\/11\/logo-ccm-preto.png\",\"width\":1191,\"height\":842,\"caption\":\"Centro de Cirtica da M\u00eddia\"},\"image\":{\"@id\":\"https:\/\/blogfca.pucminas.br\/ccm\/#\/schema\/logo\/image\/\"},\"sameAs\":[\"https:\/\/www.facebook.com\/ccmpucminas\/?ref=settings\",\"https:\/\/x.com\/ccmpucminas\",\"https:\/\/www.instagram.com\/ccmpucminas\/?hl=pt-br\",\"https:\/\/www.youtube.com\/channel\/UCpKbhzfoQXgXVhkWlxSuW2w\"]}]}<\/script>\n<!-- \/ Yoast SEO plugin. -->","yoast_head_json":{"title":"Cr\u00edtica de M\u00eddia e Arte Urbana: manifesta\u00e7\u00f5es culturais e visibilidades perif\u00e9ricas - Centro de Cr\u00edtica Da M\u00eddia","robots":{"index":"index","follow":"follow","max-snippet":"max-snippet:-1","max-image-preview":"max-image-preview:large","max-video-preview":"max-video-preview:-1"},"canonical":"https:\/\/blogfca.pucminas.br\/ccm\/critica-de-midia-e-arte-urbana-manifestacoes-culturais-e-visibilidades-perifericas-2\/","og_locale":"pt_BR","og_type":"article","og_title":"Cr\u00edtica de M\u00eddia e Arte Urbana: manifesta\u00e7\u00f5es culturais e visibilidades perif\u00e9ricas - Centro de Cr\u00edtica Da M\u00eddia","og_description":"Por Rosana de Lima Soares. Na oficina \u201cCr\u00edtica de M\u00eddia e Arte Urbana\u201d, buscamos apontar a presen\u00e7a da arte urbana na cidade de S\u00e3o Paulo (SP) e as diferentes narrativas presentes nas m\u00eddias a respeito dessa quest\u00e3o, tendo como objetivo analis\u00e1-las em perspectiva cr\u00edtica a partir de aportes dos estudos de discurso e dos estudos&hellip;","og_url":"https:\/\/blogfca.pucminas.br\/ccm\/critica-de-midia-e-arte-urbana-manifestacoes-culturais-e-visibilidades-perifericas-2\/","og_site_name":"Centro de Cr\u00edtica Da M\u00eddia","article_publisher":"https:\/\/www.facebook.com\/ccmpucminas\/?ref=settings","og_image":[{"url":"http:\/\/www1.fca.pucminas.br\/ccm\/wp-content\/uploads\/2017\/05\/grafite-1.jpg","type":"","width":"","height":""}],"twitter_card":"summary_large_image","twitter_site":"@ccmpucminas","twitter_misc":{"Est. tempo de leitura":"4 minutos"},"schema":{"@context":"https:\/\/schema.org","@graph":[{"@type":"WebPage","@id":"https:\/\/blogfca.pucminas.br\/ccm\/critica-de-midia-e-arte-urbana-manifestacoes-culturais-e-visibilidades-perifericas-2\/","url":"https:\/\/blogfca.pucminas.br\/ccm\/critica-de-midia-e-arte-urbana-manifestacoes-culturais-e-visibilidades-perifericas-2\/","name":"Cr\u00edtica de M\u00eddia e Arte Urbana: manifesta\u00e7\u00f5es culturais e visibilidades perif\u00e9ricas - Centro de Cr\u00edtica Da M\u00eddia","isPartOf":{"@id":"https:\/\/blogfca.pucminas.br\/ccm\/#website"},"primaryImageOfPage":{"@id":"https:\/\/blogfca.pucminas.br\/ccm\/critica-de-midia-e-arte-urbana-manifestacoes-culturais-e-visibilidades-perifericas-2\/#primaryimage"},"image":{"@id":"https:\/\/blogfca.pucminas.br\/ccm\/critica-de-midia-e-arte-urbana-manifestacoes-culturais-e-visibilidades-perifericas-2\/#primaryimage"},"thumbnailUrl":"http:\/\/www1.fca.pucminas.br\/ccm\/wp-content\/uploads\/2017\/05\/grafite-1.jpg","datePublished":"2017-05-19T12:22:17+00:00","breadcrumb":{"@id":"https:\/\/blogfca.pucminas.br\/ccm\/critica-de-midia-e-arte-urbana-manifestacoes-culturais-e-visibilidades-perifericas-2\/#breadcrumb"},"inLanguage":"pt-BR","potentialAction":[{"@type":"ReadAction","target":["https:\/\/blogfca.pucminas.br\/ccm\/critica-de-midia-e-arte-urbana-manifestacoes-culturais-e-visibilidades-perifericas-2\/"]}]},{"@type":"ImageObject","inLanguage":"pt-BR","@id":"https:\/\/blogfca.pucminas.br\/ccm\/critica-de-midia-e-arte-urbana-manifestacoes-culturais-e-visibilidades-perifericas-2\/#primaryimage","url":"http:\/\/www1.fca.pucminas.br\/ccm\/wp-content\/uploads\/2017\/05\/grafite-1.jpg","contentUrl":"http:\/\/www1.fca.pucminas.br\/ccm\/wp-content\/uploads\/2017\/05\/grafite-1.jpg"},{"@type":"BreadcrumbList","@id":"https:\/\/blogfca.pucminas.br\/ccm\/critica-de-midia-e-arte-urbana-manifestacoes-culturais-e-visibilidades-perifericas-2\/#breadcrumb","itemListElement":[{"@type":"ListItem","position":1,"name":"Home","item":"https:\/\/blogfca.pucminas.br\/ccm\/"},{"@type":"ListItem","position":2,"name":"Cr\u00edtica de M\u00eddia e Arte Urbana: manifesta\u00e7\u00f5es culturais e visibilidades perif\u00e9ricas"}]},{"@type":"WebSite","@id":"https:\/\/blogfca.pucminas.br\/ccm\/#website","url":"https:\/\/blogfca.pucminas.br\/ccm\/","name":"Centro de Cr\u00edtica da M\u00eddia","description":"","publisher":{"@id":"https:\/\/blogfca.pucminas.br\/ccm\/#organization"},"potentialAction":[{"@type":"SearchAction","target":{"@type":"EntryPoint","urlTemplate":"https:\/\/blogfca.pucminas.br\/ccm\/?s={search_term_string}"},"query-input":{"@type":"PropertyValueSpecification","valueRequired":true,"valueName":"search_term_string"}}],"inLanguage":"pt-BR"},{"@type":"Organization","@id":"https:\/\/blogfca.pucminas.br\/ccm\/#organization","name":"Centro de Cirtica da M\u00eddia","url":"https:\/\/blogfca.pucminas.br\/ccm\/","logo":{"@type":"ImageObject","inLanguage":"pt-BR","@id":"https:\/\/blogfca.pucminas.br\/ccm\/#\/schema\/logo\/image\/","url":"https:\/\/blogfca.pucminas.br\/ccm\/wp-content\/uploads\/2016\/11\/logo-ccm-preto.png","contentUrl":"https:\/\/blogfca.pucminas.br\/ccm\/wp-content\/uploads\/2016\/11\/logo-ccm-preto.png","width":1191,"height":842,"caption":"Centro de Cirtica da M\u00eddia"},"image":{"@id":"https:\/\/blogfca.pucminas.br\/ccm\/#\/schema\/logo\/image\/"},"sameAs":["https:\/\/www.facebook.com\/ccmpucminas\/?ref=settings","https:\/\/x.com\/ccmpucminas","https:\/\/www.instagram.com\/ccmpucminas\/?hl=pt-br","https:\/\/www.youtube.com\/channel\/UCpKbhzfoQXgXVhkWlxSuW2w"]}]}},"_links":{"self":[{"href":"https:\/\/blogfca.pucminas.br\/ccm\/wp-json\/wp\/v2\/pages\/1098","targetHints":{"allow":["GET"]}}],"collection":[{"href":"https:\/\/blogfca.pucminas.br\/ccm\/wp-json\/wp\/v2\/pages"}],"about":[{"href":"https:\/\/blogfca.pucminas.br\/ccm\/wp-json\/wp\/v2\/types\/page"}],"author":[{"embeddable":true,"href":"https:\/\/blogfca.pucminas.br\/ccm\/wp-json\/wp\/v2\/users\/16"}],"replies":[{"embeddable":true,"href":"https:\/\/blogfca.pucminas.br\/ccm\/wp-json\/wp\/v2\/comments?post=1098"}],"version-history":[{"count":0,"href":"https:\/\/blogfca.pucminas.br\/ccm\/wp-json\/wp\/v2\/pages\/1098\/revisions"}],"wp:attachment":[{"href":"https:\/\/blogfca.pucminas.br\/ccm\/wp-json\/wp\/v2\/media?parent=1098"}],"curies":[{"name":"wp","href":"https:\/\/api.w.org\/{rel}","templated":true}]}}