{"id":1020,"date":"2017-04-17T19:15:22","date_gmt":"2017-04-17T22:15:22","guid":{"rendered":"http:\/\/ccmpucminas.com\/?page_id=1020"},"modified":"2017-04-17T19:15:22","modified_gmt":"2017-04-17T22:15:22","slug":"feminino-de-peitos","status":"publish","type":"page","link":"https:\/\/blogfca.pucminas.br\/ccm\/feminino-de-peitos\/","title":{"rendered":"Feminino de peitos"},"content":{"rendered":"<p style=\"text-align:left;\"><em>\u201cJessica Rabbit is the perfect woman. So is Betty Boop<\/em>\u201d<a href=\"#_ftn1\" name=\"_ftnref1\">[1]<\/a><\/p>\n<p style=\"text-align:justify;\"><strong>Por Juliana Gusman<\/strong>. L\u00e9vi-Strauss, citado por Rodrigues (1979), prop\u00f5e abordar a sociedade a partir da perspectiva de que o comportamento humano e as rela\u00e7\u00f5es sociais constituem uma linguagem. Para o autor, o esp\u00edrito humano opera em uma estrutura\u00e7\u00e3o inconsciente que ordena rela\u00e7\u00f5es entre sujeitos e o mundo. Organizar, para L\u00e9vi-Strauss, significa atribuir e reconhecer sentidos dispon\u00edveis no cotidiano. Tratam-se de normas que estipulam, instituem e convencionam valores e significa\u00e7\u00f5es que possibilitam a comunica\u00e7\u00e3o entre sujeitos e grupos. A sociedade \u00e9 encarada como uma constru\u00e7\u00e3o de pensamentos individuais, coletivos e compartilhados. A cultura seria, portanto, uma esp\u00e9cie de mapa que orienta comportamentos na vida social.<\/p>\n<p style=\"text-align:justify;\">Meema Spadola prop\u00f5e abordar peitos a partir da perspectiva de mulheres. O document\u00e1rio <a href=\"http:\/\/www.documentary.org\/feature\/meema-spadola-and-breasts\"><em>Seios<\/em><\/a> (1996) seria, portanto, uma esp\u00e9cie de obst\u00e1culo que desorienta caminhos do mapa cultural que aponta apenas para estradas intelig\u00edveis. \u00c9 um rasgo em atalhos de compreens\u00e3o. \u00c9 uma rota alternativa:<\/p>\n<p style=\"text-align:justify;\">O que os peitos significam na sociedade que os cerca?<\/p>\n<p style=\"text-align:justify;\">Rodrigues afirma que conceitos como \u201cmasculinidade\u201d e \u201cfeminilidade\u201d s\u00e3o cren\u00e7as fundamentais na inteligibilidade da cultura. No contexto de uma sociedade masculinista regida por um modelo de heterossexualidade compuls\u00f3ria, a mulher \u00e9 percebida em rela\u00e7\u00f5es de oposi\u00e7\u00e3o bin\u00e1ria ao homem. A dicotomia configura g\u00eaneros compreens\u00edveis, que instituem e mant\u00e9m rela\u00e7\u00f5es de coer\u00eancia e continuidade entre sexo, g\u00eanero, pr\u00e1tica e desejo sexual. Nesse cen\u00e1rio socialmente naturalizado, as rela\u00e7\u00f5es entre homem e mulher s\u00e3o permeadas por disputas de poder marcadamente desiguais. Segundo Saffioti, citada por Santos e Izumino (2005), a domina\u00e7\u00e3o masculina est\u00e1 vinculada ao sistema capitalista patriarcal, configurando um cen\u00e1rio de explora\u00e7\u00e3o e domina\u00e7\u00e3o econ\u00f4mica, pol\u00edtica e ideol\u00f3gica. O sistema, de acordo com a autora, socializa o homem para dominar a mulher, que \u00e9 impelida a se submeter. Para Boaventura de Sousa Santos (2016) as rela\u00e7\u00f5es econ\u00f4micas e sociais capitalistas n\u00e3o se\/ abst\u00e9m de agir sobre todas as rela\u00e7\u00f5es existentes da sociedade que condena. O patriarcado faz parte da mesma l\u00f3gica de explora\u00e7\u00e3o que subjuga as classes populares: as mulheres s\u00e3o o ponto baixo da verticalidade social que configura rela\u00e7\u00f5es bin\u00e1rias, e fixas, de g\u00eanero.<\/p>\n<p style=\"text-align:justify;\">O corpo da mulher faz parte dessa disputa e as estrat\u00e9gias de domina\u00e7\u00e3o s\u00e3o m\u00faltiplas e transitam espacialmente, entre o p\u00fablico e o privado, perpetuando-se e reconfigurando-se em diferentes contextos sociais.\u00a0 A viol\u00eancia \u00e9 simb\u00f3lica, f\u00edsica, econ\u00f4mica, pol\u00edtica. E \u00e9 cultural. Os peitos tornam-se, nesse contexto, objetos e s\u00edmbolos de domina\u00e7\u00e3o e embate entre g\u00eaneros.<\/p>\n<p style=\"text-align:justify;\">\u00a0Ao longo da hist\u00f3ria, o corpo permaneceu na esfera negativa da dicotomia definidora do homem. Era antagonista do pensamento, da raz\u00e3o, do esp\u00edrito. O empenho do pensamento filos\u00f3fico Ocidental, fortalecido principalmente no contexto do Iluminismo, era de descrever os homens como criaturas unicamente racionais. O corpo da mulher era colocado como representa\u00e7\u00e3o da materialidade que miravam condenar. O feminino, em oposi\u00e7\u00e3o a racionalidade masculina, representava o sentimentalismo, o impuro, o pecaminoso. Talvez o s\u00edmbolo corporal mais forte da feminilidade, os seios tornaram-se tabu, a obscenidade impura desejada e condenada dentro da l\u00f3gica bin\u00e1ria de g\u00eaneros e sexualidades.<\/p>\n<p style=\"text-align:justify;\">\u00a0E o tamanho importa. Se muito pequenos, n\u00e3o s\u00e3o vistos como femininos, embora garantam a suposta liberdade masculina para se usar o que quiser, ou n\u00e3o. Aboli\u00e7\u00e3o do suti\u00e3: a roupa n\u00e3o revela volumes. Se grandes, s\u00e3o motivos de constrangimento na puberdade ou de orgulho pelo corpo precocemente maduro. Provocam os homens. E eles os usam. De fato, nas rela\u00e7\u00f5es bin\u00e1rias e heterossexuais o tamanho pouco importa. Mas em todas elas, os peitos femininos se colocam \u00e0 disposi\u00e7\u00e3o da sexualidade e do desejo masculino. E s\u00e3o apenas nelas que os seios deixam de ser obscenos para se tornar desejo.<\/p>\n<p style=\"text-align:justify;\">As pr\u00f3prias mulheres est\u00e3o confinadas nessa l\u00f3gica. Conforme Wolf (1992), a partir dos anos 1980, as mulheres conseguiram abrir brechas na r\u00edgida estrutura do poder. N\u00fameros cada vez mais expressivos de mulheres t\u00eam acesso a capital econ\u00f4mico e pol\u00edtico, embora a desigualdade de g\u00eanero end\u00eamica nessas esferas de mantenha expressiva. Por\u00e9m, cresceram aceleradamente dist\u00farbios relacionados \u00e0 alimenta\u00e7\u00e3o e os \u00edndices de procedimentos est\u00e9ticos, como a cirurgia pl\u00e1stica. Nos consult\u00f3rios, multiplicam-se as demandas por seios maiores. Inclusive, a pedido dos maridos das pr\u00f3prias pacientes<a href=\"#_ftn2\" name=\"_ftnref2\">[2]<\/a>. O seio, por vezes, \u00e9 propriedade conjugal.<\/p>\n<p style=\"text-align:justify;\">As despesas com o consumo se multiplicam. A pornografia se tornou o g\u00eanero de grande express\u00e3o. As narrativas midi\u00e1ticas, certamente, contribuem para perpetua\u00e7\u00e3o desse cen\u00e1rio de domina\u00e7\u00e3o est\u00e9tica. Os tratamentos de imagem, atrav\u00e9s de programas como o <em>photoshop<\/em>, colaboram para a constru\u00e7\u00e3o de um corpo feminino irreal, por\u00e9m almejado. O belo tem se reconfigurado midiaticamente em terrenos de impossibilidade.<\/p>\n<p style=\"text-align:justify;\">Visando a libera\u00e7\u00e3o feminina, \u00e9 certa a necessidade de reinventar o pr\u00f3prio corpo, e os pr\u00f3prios seios, simbolicamente. Isso n\u00e3o significa priv\u00e1-los de sexualidade. Significa expandi-los e ressignifica-los \u00e0 sexualidade das mulheres, e n\u00e3o apenas restringi-los aos objetivos sexuais masculinos. O document\u00e1rio <em>Seios<\/em> se coloca como um esfor\u00e7o contra-hegem\u00f4nico de domina\u00e7\u00e3o corporal. Confere o poder de significa\u00e7\u00e3o do corpo feminino \u00e0s mulheres. E a palavra lhes confere exist\u00eancia legitimada. Mesmo se caracterizando como um produto midi\u00e1tico que usa de ferramentas hegem\u00f4nicas para constru\u00e7\u00e3o de sentidos, e que reproduz certas falas hegem\u00f4nicas, o document\u00e1rio age na media\u00e7\u00e3o.<\/p>\n<p style=\"text-align:justify;\">Ele revela que n\u00f3s, mulheres, n\u00e3o falamos sobre nosso corpo. N\u00e3o exploramos nosso pr\u00f3prio corpo. N\u00e3o o vemos midiaticamente representado, a n\u00e3o ser em narrativas er\u00f3ticas ou pornogr\u00e1ficas. N\u00e3o conhecemos a diversidade de corpos femininos existentes porque eles s\u00e3o escondidos, silenciados e revelados apenas se objetificados. N\u00e3o sabemos que a cultura age sobre eles de forma interseccional: os corpos pobres, os corpos negros, os corpos ind\u00edgenas, os corpos trabalhadores e os corpos que n\u00e3o se encaixam em categorias bin\u00e1rias de g\u00eanero e sexualidade n\u00e3o s\u00e3o talhados da mesma forma. Com alguns corpos, a cultura \u00e9 mais bruta. Alguns corpos inexistem no mapa cultural.<\/p>\n<p style=\"text-align:justify;\">\u00a0O corpo pode ser sexualizado. Os seios podem ser sexualizados. Mas s\u00e3o devem ser apenas sexualizados. N\u00e3o devem ser sexualizados apenas por homens. \u00c9 sobre o material bruto do corpo que a cultura exerce sua for\u00e7a na constitui\u00e7\u00e3o de subjetividades. Mesmo em tentativas dicot\u00f4micas e essencialistas de se compreender o sujeito, os esfor\u00e7os que visam \u00e0 subvers\u00e3o de identidades redutoras s\u00e3o poss\u00edveis.\u00a0 E as for\u00e7as femininas sempre estiveram na vanguarda dessas tentativas ut\u00f3picas. <em>Seios<\/em> avan\u00e7a na luta pela pluralidade de sentidos que nossos corpos e nossas subjetividades podem, e devem, ter.<\/p>\n<p>Ano: 1996<br \/>\nDire\u00e7\u00e3o: Meema Spadola<br \/>\nDura\u00e7\u00e3o: 50 min<br \/>\nG\u00eanero: Document\u00e1rio<br \/>\nPa\u00eds: Estados Unidos<\/p>\n<p style=\"text-align:justify;\">Para saber mais, leia o <a href=\"http:\/\/azmina.com.br\/2016\/11\/documentario-para-alem-dos-seios-discute-tabu-em-torno-das-mamas\/\">texto<\/a> publicado no blogue AzMina.<\/p>\n<p style=\"text-align:justify;\"><img loading=\"lazy\" decoding=\"async\" class=\" size-full wp-image-1014 aligncenter\" src=\"http:\/\/www1.fca.pucminas.br\/ccm\/wp-content\/uploads\/2017\/04\/breasts_june1997.jpg\" alt=\"Breasts_June1997\" width=\"570\" height=\"372\" srcset=\"https:\/\/blogfca.pucminas.br\/ccm\/wp-content\/uploads\/2017\/04\/breasts_june1997.jpg 570w, https:\/\/blogfca.pucminas.br\/ccm\/wp-content\/uploads\/2017\/04\/breasts_june1997-300x196.jpg 300w\" sizes=\"auto, (max-width: 570px) 100vw, 570px\" \/><\/p>\n<p style=\"text-align:justify;\"><strong>Juliana Gusman<\/strong> \u00e9 mestranda do Programa de P\u00f3s-Gradua\u00e7\u00e3o em Comunica\u00e7\u00e3o Social da PUC Minas (Bolsista Capes) e graduada em Jornalismo pela mesma institui\u00e7\u00e3o. \u00c9 membro do grupo de pesquisa M\u00eddia e Narrativa.<\/p>\n<p style=\"text-align:justify;\"><strong>Refer\u00eancias <\/strong><\/p>\n<p style=\"text-align:justify;\">IZUMINO, W\u00e2nia. SANTOS, Cec\u00edlia. Viol\u00eancia contra as Mulheres e Viol\u00eancia de G\u00eanero: Notas sobre Estudos Feministas no Brasil. <strong>Estudios Interdisciplinarios de Am\u00e9rica Latina y El Caribe<\/strong><em>. <\/em>Tel Aviv, v.16, n.1 ,1996<strong>. <\/strong>Dispon\u00edvel em: &lt;https:\/\/dialnet.unirioja.es\/revista\/16169\/V\/16&gt;<\/p>\n<p style=\"text-align:justify;\">RODRIGUES, Jos\u00e9 Carlos. <strong>O tabu do corpo. <\/strong>Rio de Janeiro: Achiam\u00e9, 1979.<\/p>\n<p style=\"text-align:justify;\">SANTOS, Boaventura Sousa. <strong>A dif\u00edcil democracia: reinventar as esquerdas. <\/strong>S\u00e3o Paulo: Boitempo, 2016.<\/p>\n<p style=\"text-align:justify;\">WOLF, Naomi. <strong>O mito da beleza: como as imagens de beleza s\u00e3o usadas contra as mulheres. <\/strong>Rio de Janeiro: Rocco, 1992.<\/p>\n<p style=\"text-align:justify;\"><a href=\"#_ftnref1\" name=\"_ftn1\">[1]<\/a> Bella, em \u201cSeios\u201d, de Meema Spadola.<\/p>\n<p style=\"text-align:justify;\"><a href=\"#_ftnref2\" name=\"_ftn2\">[2]<\/a> Informa\u00e7\u00e3o obtida atrav\u00e9s de conversas com cirurgi\u00e3o pl\u00e1stico.<\/p>\n","protected":false},"excerpt":{"rendered":"<p>\u201cJessica Rabbit is the perfect woman. So is Betty Boop\u201d[1] Por Juliana Gusman. L\u00e9vi-Strauss, citado por Rodrigues (1979), prop\u00f5e abordar a sociedade a partir da perspectiva de que o comportamento humano e as rela\u00e7\u00f5es sociais constituem uma linguagem. Para o autor, o esp\u00edrito humano opera em uma estrutura\u00e7\u00e3o inconsciente que ordena rela\u00e7\u00f5es entre sujeitos e&hellip;<\/p>\n","protected":false},"author":16,"featured_media":0,"parent":0,"menu_order":0,"comment_status":"closed","ping_status":"closed","template":"","meta":{"footnotes":""},"class_list":["post-1020","page","type-page","status-publish","hentry"],"yoast_head":"<!-- This site is optimized with the Yoast SEO plugin v27.2 - https:\/\/yoast.com\/product\/yoast-seo-wordpress\/ -->\n<title>Feminino de peitos - Centro de Cr\u00edtica Da M\u00eddia<\/title>\n<meta name=\"robots\" content=\"index, follow, max-snippet:-1, max-image-preview:large, max-video-preview:-1\" \/>\n<link rel=\"canonical\" href=\"https:\/\/blogfca.pucminas.br\/ccm\/feminino-de-peitos\/\" \/>\n<meta property=\"og:locale\" content=\"pt_BR\" \/>\n<meta property=\"og:type\" content=\"article\" \/>\n<meta property=\"og:title\" content=\"Feminino de peitos - Centro de Cr\u00edtica Da M\u00eddia\" \/>\n<meta property=\"og:description\" content=\"\u201cJessica Rabbit is the perfect woman. So is Betty Boop\u201d[1] Por Juliana Gusman. L\u00e9vi-Strauss, citado por Rodrigues (1979), prop\u00f5e abordar a sociedade a partir da perspectiva de que o comportamento humano e as rela\u00e7\u00f5es sociais constituem uma linguagem. Para o autor, o esp\u00edrito humano opera em uma estrutura\u00e7\u00e3o inconsciente que ordena rela\u00e7\u00f5es entre sujeitos e&hellip;\" \/>\n<meta property=\"og:url\" content=\"https:\/\/blogfca.pucminas.br\/ccm\/feminino-de-peitos\/\" \/>\n<meta property=\"og:site_name\" content=\"Centro de Cr\u00edtica Da M\u00eddia\" \/>\n<meta property=\"article:publisher\" content=\"https:\/\/www.facebook.com\/ccmpucminas\/?ref=settings\" \/>\n<meta property=\"og:image\" content=\"http:\/\/www1.fca.pucminas.br\/ccm\/wp-content\/uploads\/2017\/04\/breasts_june1997.jpg\" \/>\n<meta name=\"twitter:card\" content=\"summary_large_image\" \/>\n<meta name=\"twitter:site\" content=\"@ccmpucminas\" \/>\n<meta name=\"twitter:label1\" content=\"Est. tempo de leitura\" \/>\n\t<meta name=\"twitter:data1\" content=\"7 minutos\" \/>\n<script type=\"application\/ld+json\" class=\"yoast-schema-graph\">{\"@context\":\"https:\/\/schema.org\",\"@graph\":[{\"@type\":\"WebPage\",\"@id\":\"https:\/\/blogfca.pucminas.br\/ccm\/feminino-de-peitos\/\",\"url\":\"https:\/\/blogfca.pucminas.br\/ccm\/feminino-de-peitos\/\",\"name\":\"Feminino de peitos - Centro de Cr\u00edtica Da M\u00eddia\",\"isPartOf\":{\"@id\":\"https:\/\/blogfca.pucminas.br\/ccm\/#website\"},\"primaryImageOfPage\":{\"@id\":\"https:\/\/blogfca.pucminas.br\/ccm\/feminino-de-peitos\/#primaryimage\"},\"image\":{\"@id\":\"https:\/\/blogfca.pucminas.br\/ccm\/feminino-de-peitos\/#primaryimage\"},\"thumbnailUrl\":\"http:\/\/www1.fca.pucminas.br\/ccm\/wp-content\/uploads\/2017\/04\/breasts_june1997.jpg\",\"datePublished\":\"2017-04-17T22:15:22+00:00\",\"breadcrumb\":{\"@id\":\"https:\/\/blogfca.pucminas.br\/ccm\/feminino-de-peitos\/#breadcrumb\"},\"inLanguage\":\"pt-BR\",\"potentialAction\":[{\"@type\":\"ReadAction\",\"target\":[\"https:\/\/blogfca.pucminas.br\/ccm\/feminino-de-peitos\/\"]}]},{\"@type\":\"ImageObject\",\"inLanguage\":\"pt-BR\",\"@id\":\"https:\/\/blogfca.pucminas.br\/ccm\/feminino-de-peitos\/#primaryimage\",\"url\":\"http:\/\/www1.fca.pucminas.br\/ccm\/wp-content\/uploads\/2017\/04\/breasts_june1997.jpg\",\"contentUrl\":\"http:\/\/www1.fca.pucminas.br\/ccm\/wp-content\/uploads\/2017\/04\/breasts_june1997.jpg\"},{\"@type\":\"BreadcrumbList\",\"@id\":\"https:\/\/blogfca.pucminas.br\/ccm\/feminino-de-peitos\/#breadcrumb\",\"itemListElement\":[{\"@type\":\"ListItem\",\"position\":1,\"name\":\"Home\",\"item\":\"https:\/\/blogfca.pucminas.br\/ccm\/\"},{\"@type\":\"ListItem\",\"position\":2,\"name\":\"Feminino de peitos\"}]},{\"@type\":\"WebSite\",\"@id\":\"https:\/\/blogfca.pucminas.br\/ccm\/#website\",\"url\":\"https:\/\/blogfca.pucminas.br\/ccm\/\",\"name\":\"Centro de Cr\u00edtica da M\u00eddia\",\"description\":\"\",\"publisher\":{\"@id\":\"https:\/\/blogfca.pucminas.br\/ccm\/#organization\"},\"potentialAction\":[{\"@type\":\"SearchAction\",\"target\":{\"@type\":\"EntryPoint\",\"urlTemplate\":\"https:\/\/blogfca.pucminas.br\/ccm\/?s={search_term_string}\"},\"query-input\":{\"@type\":\"PropertyValueSpecification\",\"valueRequired\":true,\"valueName\":\"search_term_string\"}}],\"inLanguage\":\"pt-BR\"},{\"@type\":\"Organization\",\"@id\":\"https:\/\/blogfca.pucminas.br\/ccm\/#organization\",\"name\":\"Centro de Cirtica da M\u00eddia\",\"url\":\"https:\/\/blogfca.pucminas.br\/ccm\/\",\"logo\":{\"@type\":\"ImageObject\",\"inLanguage\":\"pt-BR\",\"@id\":\"https:\/\/blogfca.pucminas.br\/ccm\/#\/schema\/logo\/image\/\",\"url\":\"https:\/\/blogfca.pucminas.br\/ccm\/wp-content\/uploads\/2016\/11\/logo-ccm-preto.png\",\"contentUrl\":\"https:\/\/blogfca.pucminas.br\/ccm\/wp-content\/uploads\/2016\/11\/logo-ccm-preto.png\",\"width\":1191,\"height\":842,\"caption\":\"Centro de Cirtica da M\u00eddia\"},\"image\":{\"@id\":\"https:\/\/blogfca.pucminas.br\/ccm\/#\/schema\/logo\/image\/\"},\"sameAs\":[\"https:\/\/www.facebook.com\/ccmpucminas\/?ref=settings\",\"https:\/\/x.com\/ccmpucminas\",\"https:\/\/www.instagram.com\/ccmpucminas\/?hl=pt-br\",\"https:\/\/www.youtube.com\/channel\/UCpKbhzfoQXgXVhkWlxSuW2w\"]}]}<\/script>\n<!-- \/ Yoast SEO plugin. -->","yoast_head_json":{"title":"Feminino de peitos - Centro de Cr\u00edtica Da M\u00eddia","robots":{"index":"index","follow":"follow","max-snippet":"max-snippet:-1","max-image-preview":"max-image-preview:large","max-video-preview":"max-video-preview:-1"},"canonical":"https:\/\/blogfca.pucminas.br\/ccm\/feminino-de-peitos\/","og_locale":"pt_BR","og_type":"article","og_title":"Feminino de peitos - Centro de Cr\u00edtica Da M\u00eddia","og_description":"\u201cJessica Rabbit is the perfect woman. So is Betty Boop\u201d[1] Por Juliana Gusman. L\u00e9vi-Strauss, citado por Rodrigues (1979), prop\u00f5e abordar a sociedade a partir da perspectiva de que o comportamento humano e as rela\u00e7\u00f5es sociais constituem uma linguagem. Para o autor, o esp\u00edrito humano opera em uma estrutura\u00e7\u00e3o inconsciente que ordena rela\u00e7\u00f5es entre sujeitos e&hellip;","og_url":"https:\/\/blogfca.pucminas.br\/ccm\/feminino-de-peitos\/","og_site_name":"Centro de Cr\u00edtica Da M\u00eddia","article_publisher":"https:\/\/www.facebook.com\/ccmpucminas\/?ref=settings","og_image":[{"url":"http:\/\/www1.fca.pucminas.br\/ccm\/wp-content\/uploads\/2017\/04\/breasts_june1997.jpg","type":"","width":"","height":""}],"twitter_card":"summary_large_image","twitter_site":"@ccmpucminas","twitter_misc":{"Est. tempo de leitura":"7 minutos"},"schema":{"@context":"https:\/\/schema.org","@graph":[{"@type":"WebPage","@id":"https:\/\/blogfca.pucminas.br\/ccm\/feminino-de-peitos\/","url":"https:\/\/blogfca.pucminas.br\/ccm\/feminino-de-peitos\/","name":"Feminino de peitos - Centro de Cr\u00edtica Da M\u00eddia","isPartOf":{"@id":"https:\/\/blogfca.pucminas.br\/ccm\/#website"},"primaryImageOfPage":{"@id":"https:\/\/blogfca.pucminas.br\/ccm\/feminino-de-peitos\/#primaryimage"},"image":{"@id":"https:\/\/blogfca.pucminas.br\/ccm\/feminino-de-peitos\/#primaryimage"},"thumbnailUrl":"http:\/\/www1.fca.pucminas.br\/ccm\/wp-content\/uploads\/2017\/04\/breasts_june1997.jpg","datePublished":"2017-04-17T22:15:22+00:00","breadcrumb":{"@id":"https:\/\/blogfca.pucminas.br\/ccm\/feminino-de-peitos\/#breadcrumb"},"inLanguage":"pt-BR","potentialAction":[{"@type":"ReadAction","target":["https:\/\/blogfca.pucminas.br\/ccm\/feminino-de-peitos\/"]}]},{"@type":"ImageObject","inLanguage":"pt-BR","@id":"https:\/\/blogfca.pucminas.br\/ccm\/feminino-de-peitos\/#primaryimage","url":"http:\/\/www1.fca.pucminas.br\/ccm\/wp-content\/uploads\/2017\/04\/breasts_june1997.jpg","contentUrl":"http:\/\/www1.fca.pucminas.br\/ccm\/wp-content\/uploads\/2017\/04\/breasts_june1997.jpg"},{"@type":"BreadcrumbList","@id":"https:\/\/blogfca.pucminas.br\/ccm\/feminino-de-peitos\/#breadcrumb","itemListElement":[{"@type":"ListItem","position":1,"name":"Home","item":"https:\/\/blogfca.pucminas.br\/ccm\/"},{"@type":"ListItem","position":2,"name":"Feminino de peitos"}]},{"@type":"WebSite","@id":"https:\/\/blogfca.pucminas.br\/ccm\/#website","url":"https:\/\/blogfca.pucminas.br\/ccm\/","name":"Centro de Cr\u00edtica da M\u00eddia","description":"","publisher":{"@id":"https:\/\/blogfca.pucminas.br\/ccm\/#organization"},"potentialAction":[{"@type":"SearchAction","target":{"@type":"EntryPoint","urlTemplate":"https:\/\/blogfca.pucminas.br\/ccm\/?s={search_term_string}"},"query-input":{"@type":"PropertyValueSpecification","valueRequired":true,"valueName":"search_term_string"}}],"inLanguage":"pt-BR"},{"@type":"Organization","@id":"https:\/\/blogfca.pucminas.br\/ccm\/#organization","name":"Centro de Cirtica da M\u00eddia","url":"https:\/\/blogfca.pucminas.br\/ccm\/","logo":{"@type":"ImageObject","inLanguage":"pt-BR","@id":"https:\/\/blogfca.pucminas.br\/ccm\/#\/schema\/logo\/image\/","url":"https:\/\/blogfca.pucminas.br\/ccm\/wp-content\/uploads\/2016\/11\/logo-ccm-preto.png","contentUrl":"https:\/\/blogfca.pucminas.br\/ccm\/wp-content\/uploads\/2016\/11\/logo-ccm-preto.png","width":1191,"height":842,"caption":"Centro de Cirtica da M\u00eddia"},"image":{"@id":"https:\/\/blogfca.pucminas.br\/ccm\/#\/schema\/logo\/image\/"},"sameAs":["https:\/\/www.facebook.com\/ccmpucminas\/?ref=settings","https:\/\/x.com\/ccmpucminas","https:\/\/www.instagram.com\/ccmpucminas\/?hl=pt-br","https:\/\/www.youtube.com\/channel\/UCpKbhzfoQXgXVhkWlxSuW2w"]}]}},"_links":{"self":[{"href":"https:\/\/blogfca.pucminas.br\/ccm\/wp-json\/wp\/v2\/pages\/1020","targetHints":{"allow":["GET"]}}],"collection":[{"href":"https:\/\/blogfca.pucminas.br\/ccm\/wp-json\/wp\/v2\/pages"}],"about":[{"href":"https:\/\/blogfca.pucminas.br\/ccm\/wp-json\/wp\/v2\/types\/page"}],"author":[{"embeddable":true,"href":"https:\/\/blogfca.pucminas.br\/ccm\/wp-json\/wp\/v2\/users\/16"}],"replies":[{"embeddable":true,"href":"https:\/\/blogfca.pucminas.br\/ccm\/wp-json\/wp\/v2\/comments?post=1020"}],"version-history":[{"count":0,"href":"https:\/\/blogfca.pucminas.br\/ccm\/wp-json\/wp\/v2\/pages\/1020\/revisions"}],"wp:attachment":[{"href":"https:\/\/blogfca.pucminas.br\/ccm\/wp-json\/wp\/v2\/media?parent=1020"}],"curies":[{"name":"wp","href":"https:\/\/api.w.org\/{rel}","templated":true}]}}